{"id":12731,"date":"2020-06-11T10:29:29","date_gmt":"2020-06-11T08:29:29","guid":{"rendered":"http:\/\/www.medulinriviera.info\/activities\/cycling\/"},"modified":"2020-06-12T13:15:29","modified_gmt":"2020-06-12T11:15:29","slug":"cycling","status":"publish","type":"page","link":"https:\/\/www.medulinriviera.info\/fr\/activities\/cycling\/","title":{"rendered":"Cyclisme"},"content":{"rendered":"\n<p>The Medulin Riviera is a real challenge for cyclists. You just hop on your bike and start riding and the landscape around you will rotate as on a film reel: picturesque villages, groves, hilltops with breathtaking views, narrow winding paths between the coastline of Kamenjak and the thick macchia that fills the air with the aromatic scents of Mediterranean vegetation.<\/p>\n\n\n\n<!--more-->\n\n\n\n<p>Le programme unique <strong>Itin\u00e9raires \u00e0 v\u00e9lo<\/strong>, offre la possibilit\u00e9 de d\u00e9couvrir les sites les plus int\u00e9ressants du sud de l&rsquo;Istrie \u00e0 v\u00e9lo. Vous pouvez faire le tour de chacun des cinq parcours ou simplement aller d&rsquo;un site int\u00e9ressant \u00e0 l&rsquo;autre, quel que soit l\u2019itin\u00e9raire auquel il appartient sans crainte de vous perdre. Pour cela, il vous suffit d\u2019un appareil de navigation et de notre carte que vous pouvez t\u00e9l\u00e9charger gratuitement sur la page www.medulinriviera.info. Les cartes ont \u00e9t\u00e9 cr\u00e9\u00e9es pour les marques GARMIN, NAVITEL et CITY GUIDE, et tout autre appareil GPS qui supporte les fichiers GPX. Pour ceux qui n\u2019utilisent pas d\u2019appareil de navigation, les cartes sont aussi disponibles en version imprim\u00e9e. Demandez-les \u00e0 votre h\u00f4te ou venez les chercher dans l\u2019un de nos bureaux d\u2019information.<\/p>\n\n\n\n<div class=\"wp-block-buttons is-layout-flex wp-block-buttons-is-layout-flex\">\n<div class=\"wp-block-button btn-routes-download\"><a class=\"wp-block-button__link\" href=\"https:\/\/www.medulinriviera.info\/activities\/cycling\/download\/\">Download navigation routes for your device<\/a><\/div>\n<\/div>\n","protected":false},"excerpt":{"rendered":"<p>The Medulin Riviera is a real challenge for cyclists. You just hop on your bike and start riding and the&#8230;<\/p>\n","protected":false},"author":1,"featured_media":17040,"parent":12668,"menu_order":4,"comment_status":"closed","ping_status":"closed","template":"tpl-activities.php","meta":{"_acf_changed":false,"footnotes":""},"classificator":[],"class_list":["post-12731","page","type-page","status-publish","has-post-thumbnail","hentry"],"acf":{"video":"","gallery":null},"yoast_head":"<!-- This site is optimized with the Yoast SEO plugin v27.6 - https:\/\/yoast.com\/product\/yoast-seo-wordpress\/ -->\n<title>Cyclisme - Medulin Riviera<\/title>\n<meta name=\"robots\" content=\"index, follow, max-snippet:-1, max-image-preview:large, max-video-preview:-1\" \/>\n<link rel=\"canonical\" href=\"https:\/\/www.medulinriviera.info\/fr\/activities\/cycling\/\" \/>\n<meta property=\"og:locale\" content=\"fr_FR\" \/>\n<meta property=\"og:type\" content=\"article\" \/>\n<meta property=\"og:title\" content=\"Cyclisme - Medulin Riviera\" \/>\n<meta property=\"og:description\" content=\"The Medulin Riviera is a real challenge for cyclists. You just hop on your bike and start riding and the...\" \/>\n<meta property=\"og:url\" content=\"https:\/\/www.medulinriviera.info\/fr\/activities\/cycling\/\" \/>\n<meta property=\"og:site_name\" content=\"Medulin Riviera\" \/>\n<meta property=\"article:publisher\" content=\"https:\/\/www.facebook.com\/medulinriviera\/\" \/>\n<meta property=\"article:modified_time\" content=\"2020-06-12T11:15:29+00:00\" \/>\n<meta property=\"og:image\" content=\"https:\/\/www.medulinriviera.info\/wp-content\/uploads\/2021\/02\/TZOMWEB-KamenjakOutdoor6-Studio11-scaled.jpg\" \/>\n\t<meta property=\"og:image:width\" content=\"2560\" \/>\n\t<meta property=\"og:image:height\" content=\"1706\" \/>\n\t<meta property=\"og:image:type\" content=\"image\/jpeg\" \/>\n<meta name=\"twitter:card\" content=\"summary_large_image\" \/>\n<meta name=\"twitter:label1\" content=\"Dur\u00e9e de lecture estim\u00e9e\" \/>\n\t<meta name=\"twitter:data1\" content=\"1 minute\" \/>\n<script type=\"application\/ld+json\" class=\"yoast-schema-graph\">{\"@context\":\"https:\\\/\\\/schema.org\",\"@graph\":[{\"@type\":\"WebPage\",\"@id\":\"https:\\\/\\\/www.medulinriviera.info\\\/fr\\\/activities\\\/cycling\\\/\",\"url\":\"https:\\\/\\\/www.medulinriviera.info\\\/fr\\\/activities\\\/cycling\\\/\",\"name\":\"Cyclisme - Medulin Riviera\",\"isPartOf\":{\"@id\":\"https:\\\/\\\/www.medulinriviera.info\\\/fr\\\/#website\"},\"primaryImageOfPage\":{\"@id\":\"https:\\\/\\\/www.medulinriviera.info\\\/fr\\\/activities\\\/cycling\\\/#primaryimage\"},\"image\":{\"@id\":\"https:\\\/\\\/www.medulinriviera.info\\\/fr\\\/activities\\\/cycling\\\/#primaryimage\"},\"thumbnailUrl\":\"https:\\\/\\\/www.medulinriviera.info\\\/wp-content\\\/uploads\\\/2021\\\/02\\\/TZOMWEB-KamenjakOutdoor6-Studio11-scaled.jpg\",\"datePublished\":\"2020-06-11T08:29:29+00:00\",\"dateModified\":\"2020-06-12T11:15:29+00:00\",\"breadcrumb\":{\"@id\":\"https:\\\/\\\/www.medulinriviera.info\\\/fr\\\/activities\\\/cycling\\\/#breadcrumb\"},\"inLanguage\":\"fr-FR\",\"potentialAction\":[{\"@type\":\"ReadAction\",\"target\":[\"https:\\\/\\\/www.medulinriviera.info\\\/fr\\\/activities\\\/cycling\\\/\"]}]},{\"@type\":\"ImageObject\",\"inLanguage\":\"fr-FR\",\"@id\":\"https:\\\/\\\/www.medulinriviera.info\\\/fr\\\/activities\\\/cycling\\\/#primaryimage\",\"url\":\"https:\\\/\\\/www.medulinriviera.info\\\/wp-content\\\/uploads\\\/2021\\\/02\\\/TZOMWEB-KamenjakOutdoor6-Studio11-scaled.jpg\",\"contentUrl\":\"https:\\\/\\\/www.medulinriviera.info\\\/wp-content\\\/uploads\\\/2021\\\/02\\\/TZOMWEB-KamenjakOutdoor6-Studio11-scaled.jpg\",\"width\":2560,\"height\":1706},{\"@type\":\"BreadcrumbList\",\"@id\":\"https:\\\/\\\/www.medulinriviera.info\\\/fr\\\/activities\\\/cycling\\\/#breadcrumb\",\"itemListElement\":[{\"@type\":\"ListItem\",\"position\":1,\"name\":\"Home\",\"item\":\"https:\\\/\\\/www.medulinriviera.info\\\/fr\\\/\"},{\"@type\":\"ListItem\",\"position\":2,\"name\":\"Activit\u00e9s\",\"item\":\"https:\\\/\\\/www.medulinriviera.info\\\/fr\\\/activities\\\/\"},{\"@type\":\"ListItem\",\"position\":3,\"name\":\"Cyclisme\"}]},{\"@type\":\"WebSite\",\"@id\":\"https:\\\/\\\/www.medulinriviera.info\\\/fr\\\/#website\",\"url\":\"https:\\\/\\\/www.medulinriviera.info\\\/fr\\\/\",\"name\":\"Medulin Riviera\",\"description\":\"La Plan\u00e8te bleue\",\"publisher\":{\"@id\":\"https:\\\/\\\/www.medulinriviera.info\\\/fr\\\/#organization\"},\"potentialAction\":[{\"@type\":\"SearchAction\",\"target\":{\"@type\":\"EntryPoint\",\"urlTemplate\":\"https:\\\/\\\/www.medulinriviera.info\\\/fr\\\/?s={search_term_string}\"},\"query-input\":{\"@type\":\"PropertyValueSpecification\",\"valueRequired\":true,\"valueName\":\"search_term_string\"}}],\"inLanguage\":\"fr-FR\"},{\"@type\":\"Organization\",\"@id\":\"https:\\\/\\\/www.medulinriviera.info\\\/fr\\\/#organization\",\"name\":\"Medulin Riviera\",\"url\":\"https:\\\/\\\/www.medulinriviera.info\\\/fr\\\/\",\"logo\":{\"@type\":\"ImageObject\",\"inLanguage\":\"fr-FR\",\"@id\":\"https:\\\/\\\/www.medulinriviera.info\\\/fr\\\/#\\\/schema\\\/logo\\\/image\\\/\",\"url\":\"https:\\\/\\\/www.medulinriviera.info\\\/wp-content\\\/uploads\\\/2020\\\/06\\\/logo-alt.png\",\"contentUrl\":\"https:\\\/\\\/www.medulinriviera.info\\\/wp-content\\\/uploads\\\/2020\\\/06\\\/logo-alt.png\",\"width\":264,\"height\":78,\"caption\":\"Medulin Riviera\"},\"image\":{\"@id\":\"https:\\\/\\\/www.medulinriviera.info\\\/fr\\\/#\\\/schema\\\/logo\\\/image\\\/\"},\"sameAs\":[\"https:\\\/\\\/www.facebook.com\\\/medulinriviera\\\/\",\"https:\\\/\\\/www.instagram.com\\\/medulinriviera\\\/\",\"https:\\\/\\\/www.youtube.com\\\/channel\\\/UCYdC8kYbK9OEmlmeZydpumQ\"]}]}<\/script>\n<!-- \/ Yoast SEO plugin. -->","yoast_head_json":{"title":"Cyclisme - Medulin Riviera","robots":{"index":"index","follow":"follow","max-snippet":"max-snippet:-1","max-image-preview":"max-image-preview:large","max-video-preview":"max-video-preview:-1"},"canonical":"https:\/\/www.medulinriviera.info\/fr\/activities\/cycling\/","og_locale":"fr_FR","og_type":"article","og_title":"Cyclisme - Medulin Riviera","og_description":"The Medulin Riviera is a real challenge for cyclists. You just hop on your bike and start riding and the...","og_url":"https:\/\/www.medulinriviera.info\/fr\/activities\/cycling\/","og_site_name":"Medulin Riviera","article_publisher":"https:\/\/www.facebook.com\/medulinriviera\/","article_modified_time":"2020-06-12T11:15:29+00:00","og_image":[{"width":2560,"height":1706,"url":"https:\/\/www.medulinriviera.info\/wp-content\/uploads\/2021\/02\/TZOMWEB-KamenjakOutdoor6-Studio11-scaled.jpg","type":"image\/jpeg"}],"twitter_card":"summary_large_image","twitter_misc":{"Dur\u00e9e de lecture estim\u00e9e":"1 minute"},"schema":{"@context":"https:\/\/schema.org","@graph":[{"@type":"WebPage","@id":"https:\/\/www.medulinriviera.info\/fr\/activities\/cycling\/","url":"https:\/\/www.medulinriviera.info\/fr\/activities\/cycling\/","name":"Cyclisme - Medulin Riviera","isPartOf":{"@id":"https:\/\/www.medulinriviera.info\/fr\/#website"},"primaryImageOfPage":{"@id":"https:\/\/www.medulinriviera.info\/fr\/activities\/cycling\/#primaryimage"},"image":{"@id":"https:\/\/www.medulinriviera.info\/fr\/activities\/cycling\/#primaryimage"},"thumbnailUrl":"https:\/\/www.medulinriviera.info\/wp-content\/uploads\/2021\/02\/TZOMWEB-KamenjakOutdoor6-Studio11-scaled.jpg","datePublished":"2020-06-11T08:29:29+00:00","dateModified":"2020-06-12T11:15:29+00:00","breadcrumb":{"@id":"https:\/\/www.medulinriviera.info\/fr\/activities\/cycling\/#breadcrumb"},"inLanguage":"fr-FR","potentialAction":[{"@type":"ReadAction","target":["https:\/\/www.medulinriviera.info\/fr\/activities\/cycling\/"]}]},{"@type":"ImageObject","inLanguage":"fr-FR","@id":"https:\/\/www.medulinriviera.info\/fr\/activities\/cycling\/#primaryimage","url":"https:\/\/www.medulinriviera.info\/wp-content\/uploads\/2021\/02\/TZOMWEB-KamenjakOutdoor6-Studio11-scaled.jpg","contentUrl":"https:\/\/www.medulinriviera.info\/wp-content\/uploads\/2021\/02\/TZOMWEB-KamenjakOutdoor6-Studio11-scaled.jpg","width":2560,"height":1706},{"@type":"BreadcrumbList","@id":"https:\/\/www.medulinriviera.info\/fr\/activities\/cycling\/#breadcrumb","itemListElement":[{"@type":"ListItem","position":1,"name":"Home","item":"https:\/\/www.medulinriviera.info\/fr\/"},{"@type":"ListItem","position":2,"name":"Activit\u00e9s","item":"https:\/\/www.medulinriviera.info\/fr\/activities\/"},{"@type":"ListItem","position":3,"name":"Cyclisme"}]},{"@type":"WebSite","@id":"https:\/\/www.medulinriviera.info\/fr\/#website","url":"https:\/\/www.medulinriviera.info\/fr\/","name":"Medulin Riviera","description":"La Plan\u00e8te bleue","publisher":{"@id":"https:\/\/www.medulinriviera.info\/fr\/#organization"},"potentialAction":[{"@type":"SearchAction","target":{"@type":"EntryPoint","urlTemplate":"https:\/\/www.medulinriviera.info\/fr\/?s={search_term_string}"},"query-input":{"@type":"PropertyValueSpecification","valueRequired":true,"valueName":"search_term_string"}}],"inLanguage":"fr-FR"},{"@type":"Organization","@id":"https:\/\/www.medulinriviera.info\/fr\/#organization","name":"Medulin Riviera","url":"https:\/\/www.medulinriviera.info\/fr\/","logo":{"@type":"ImageObject","inLanguage":"fr-FR","@id":"https:\/\/www.medulinriviera.info\/fr\/#\/schema\/logo\/image\/","url":"https:\/\/www.medulinriviera.info\/wp-content\/uploads\/2020\/06\/logo-alt.png","contentUrl":"https:\/\/www.medulinriviera.info\/wp-content\/uploads\/2020\/06\/logo-alt.png","width":264,"height":78,"caption":"Medulin Riviera"},"image":{"@id":"https:\/\/www.medulinriviera.info\/fr\/#\/schema\/logo\/image\/"},"sameAs":["https:\/\/www.facebook.com\/medulinriviera\/","https:\/\/www.instagram.com\/medulinriviera\/","https:\/\/www.youtube.com\/channel\/UCYdC8kYbK9OEmlmeZydpumQ"]}]}},"wpml_current_locale":"fr_FR","wpml_translations":[{"locale":"hr","id":12730,"post_title":"Biciklizam","href":"https:\/\/www.medulinriviera.info\/hr\/activities\/cycling\/"},{"locale":"en_US","id":12726,"post_title":"Cycling","href":"https:\/\/www.medulinriviera.info\/activities\/cycling\/"},{"locale":"de_DE","id":12732,"post_title":"Radfahren","href":"https:\/\/www.medulinriviera.info\/de\/activities\/cycling\/"},{"locale":"it_IT","id":12733,"post_title":"Ciclismo","href":"https:\/\/www.medulinriviera.info\/it\/activities\/cycling\/"},{"locale":"sl_SI","id":12734,"post_title":"Cycling","href":"https:\/\/www.medulinriviera.info\/sl\/activities\/cycling\/"}],"_links":{"self":[{"href":"https:\/\/www.medulinriviera.info\/fr\/wp-json\/wp\/v2\/pages\/12731","targetHints":{"allow":["GET"]}}],"collection":[{"href":"https:\/\/www.medulinriviera.info\/fr\/wp-json\/wp\/v2\/pages"}],"about":[{"href":"https:\/\/www.medulinriviera.info\/fr\/wp-json\/wp\/v2\/types\/page"}],"author":[{"embeddable":true,"href":"https:\/\/www.medulinriviera.info\/fr\/wp-json\/wp\/v2\/users\/1"}],"replies":[{"embeddable":true,"href":"https:\/\/www.medulinriviera.info\/fr\/wp-json\/wp\/v2\/comments?post=12731"}],"version-history":[{"count":0,"href":"https:\/\/www.medulinriviera.info\/fr\/wp-json\/wp\/v2\/pages\/12731\/revisions"}],"up":[{"embeddable":true,"href":"https:\/\/www.medulinriviera.info\/fr\/wp-json\/wp\/v2\/pages\/12668"}],"wp:featuredmedia":[{"embeddable":true,"href":"https:\/\/www.medulinriviera.info\/fr\/wp-json\/wp\/v2\/media\/17040"}],"wp:attachment":[{"href":"https:\/\/www.medulinriviera.info\/fr\/wp-json\/wp\/v2\/media?parent=12731"}],"wp:term":[{"taxonomy":"classificator","embeddable":true,"href":"https:\/\/www.medulinriviera.info\/fr\/wp-json\/wp\/v2\/classificator?post=12731"}],"curies":[{"name":"wp","href":"https:\/\/api.w.org\/{rel}","templated":true}]}}