{"id":12717,"date":"2020-06-11T10:02:46","date_gmt":"2020-06-11T08:02:46","guid":{"rendered":"http:\/\/www.medulinriviera.info\/activities\/athletics\/"},"modified":"2020-06-29T14:44:55","modified_gmt":"2020-06-29T12:44:55","slug":"athletics","status":"publish","type":"page","link":"https:\/\/www.medulinriviera.info\/fr\/activities\/athletics\/","title":{"rendered":"Athl\u00e9tisme"},"content":{"rendered":"\n<p><strong>Sandra Perkovi\u0107, Sandra Kolak, Darko Kralj, Primus Kozmus<\/strong>; m\u00e9daill\u00e9s olympiques et paralympiques, champions europ\u00e9ens et mondiaux, les f\u00e9d\u00e9rations sportives de Slov\u00e9nie, de R\u00e9publique tch\u00e8que, de Hongrie, de Serbie, de Bosnie-Herz\u00e9govine, d&rsquo;Autriche et de Croatie ont choisi Medulin comme lieu de pr\u00e9paration.<\/p>\n\n\n\n<!--more-->\n\n\n\n<p>Dans les environs imm\u00e9diats de <strong>l&rsquo;h\u00f4tel Park Plaza Belvedere <\/strong>se trouve <strong>une piste d&rsquo;athl\u00e9tisme en terre \u00e0 quatre couloirs <\/strong>et <strong>quatre terrains de lancer de poids, de disque et de marteau <\/strong>tandis que les coureurs peuvent utiliser les 14 kilom\u00e8tres des pistes de cross-country \u00e0 proximit\u00e9 imm\u00e9diate de la mer.<\/p>\n\n\n\n<p>En plus des installations du centre sportif de Medulin, le Park Plaza Belvedere propose des services suppl\u00e9mentaires pour l&rsquo;entra\u00eenement sportif. Les athl\u00e8tes peuvent s\u2019entra\u00eener au<strong> centre de remise en forme<\/strong> \u00e9quip\u00e9 d\u2019appareils Technogym ; la salle de sport moderne propose une plate-forme pour l\u2019halt\u00e9rophilie, des poids diff\u00e9rents et des barres olympiques, des bo\u00eetes pliom\u00e9triques, espalier, et divers bancs. Tous ont acc\u00e8s aux deux piscines d&rsquo;eau de mer chauff\u00e9e : la plus petite mesure 8&#215;13 m\u00e8tres et la plus grande 25&#215;13 m\u00e8tres.<\/p>\n\n\n\n<h2 class=\"wp-block-heading\">Courses d\u2019athl\u00e9tisme :<\/h2>\n\n\n\n<p>Au centre sportif Medulin, tout est adapt\u00e9 pour les sportifs, ce que peuvent confirmer de nombreux participants \u00e0 la traditionnelle course <strong>Road Race Medulin Riviera 10K<\/strong>. Le parcours de la course est effectu\u00e9 selon les normes et les propositions de l&rsquo;IAAF et l\u2019AIMS et passe par les sites les plus attractifs de Medulin pr\u00e8s de la c\u00f4te.<\/p>\n\n\n\n<p><strong><a href=\"http:\/\/klc.at\/\" target=\"_blank\" rel=\"noreferrer noopener\">Le KLC marathon<\/a><\/strong> est l&rsquo;un des \u00e9v\u00e9nements sportifs traditionnels qui ont lieu en avril \u00e0 Medulin. Il est organis\u00e9 pour ses membres par le club d&rsquo;athl\u00e9tisme de Klagenfurt en Autriche.<\/p>\n","protected":false},"excerpt":{"rendered":"<p>Sandra Perkovi\u0107, Sandra Kolak, Darko Kralj, Primus Kozmus; m\u00e9daill\u00e9s olympiques et paralympiques, champions europ\u00e9ens et mondiaux, les f\u00e9d\u00e9rations sportives de&#8230;<\/p>\n","protected":false},"author":1,"featured_media":16984,"parent":12668,"menu_order":3,"comment_status":"closed","ping_status":"closed","template":"tpl-activities.php","meta":{"_acf_changed":false,"footnotes":""},"classificator":[],"class_list":["post-12717","page","type-page","status-publish","has-post-thumbnail","hentry"],"acf":{"video":"","gallery":null},"yoast_head":"<!-- This site is optimized with the Yoast SEO plugin v27.5 - https:\/\/yoast.com\/product\/yoast-seo-wordpress\/ -->\n<title>Athl\u00e9tisme - Medulin Riviera<\/title>\n<meta name=\"robots\" content=\"index, follow, max-snippet:-1, max-image-preview:large, max-video-preview:-1\" \/>\n<link rel=\"canonical\" href=\"https:\/\/www.medulinriviera.info\/fr\/activities\/athletics\/\" \/>\n<meta property=\"og:locale\" content=\"fr_FR\" \/>\n<meta property=\"og:type\" content=\"article\" \/>\n<meta property=\"og:title\" content=\"Athl\u00e9tisme - Medulin Riviera\" \/>\n<meta property=\"og:description\" content=\"Sandra Perkovi\u0107, Sandra Kolak, Darko Kralj, Primus Kozmus; m\u00e9daill\u00e9s olympiques et paralympiques, champions europ\u00e9ens et mondiaux, les f\u00e9d\u00e9rations sportives de...\" \/>\n<meta property=\"og:url\" content=\"https:\/\/www.medulinriviera.info\/fr\/activities\/athletics\/\" \/>\n<meta property=\"og:site_name\" content=\"Medulin Riviera\" \/>\n<meta property=\"article:publisher\" content=\"https:\/\/www.facebook.com\/medulinriviera\/\" \/>\n<meta property=\"article:modified_time\" content=\"2020-06-29T12:44:55+00:00\" \/>\n<meta property=\"og:image\" content=\"https:\/\/www.medulinriviera.info\/wp-content\/uploads\/2021\/02\/Road-Race-2017-5-AHG-scaled.jpg\" \/>\n\t<meta property=\"og:image:width\" content=\"2560\" \/>\n\t<meta property=\"og:image:height\" content=\"1917\" \/>\n\t<meta property=\"og:image:type\" content=\"image\/jpeg\" \/>\n<meta name=\"twitter:card\" content=\"summary_large_image\" \/>\n<meta name=\"twitter:label1\" content=\"Dur\u00e9e de lecture estim\u00e9e\" \/>\n\t<meta name=\"twitter:data1\" content=\"1 minute\" \/>\n<script type=\"application\/ld+json\" class=\"yoast-schema-graph\">{\"@context\":\"https:\\\/\\\/schema.org\",\"@graph\":[{\"@type\":\"WebPage\",\"@id\":\"https:\\\/\\\/www.medulinriviera.info\\\/fr\\\/activities\\\/athletics\\\/\",\"url\":\"https:\\\/\\\/www.medulinriviera.info\\\/fr\\\/activities\\\/athletics\\\/\",\"name\":\"Athl\u00e9tisme - Medulin Riviera\",\"isPartOf\":{\"@id\":\"https:\\\/\\\/www.medulinriviera.info\\\/fr\\\/#website\"},\"primaryImageOfPage\":{\"@id\":\"https:\\\/\\\/www.medulinriviera.info\\\/fr\\\/activities\\\/athletics\\\/#primaryimage\"},\"image\":{\"@id\":\"https:\\\/\\\/www.medulinriviera.info\\\/fr\\\/activities\\\/athletics\\\/#primaryimage\"},\"thumbnailUrl\":\"https:\\\/\\\/www.medulinriviera.info\\\/wp-content\\\/uploads\\\/2021\\\/02\\\/Road-Race-2017-5-AHG-scaled.jpg\",\"datePublished\":\"2020-06-11T08:02:46+00:00\",\"dateModified\":\"2020-06-29T12:44:55+00:00\",\"breadcrumb\":{\"@id\":\"https:\\\/\\\/www.medulinriviera.info\\\/fr\\\/activities\\\/athletics\\\/#breadcrumb\"},\"inLanguage\":\"fr-FR\",\"potentialAction\":[{\"@type\":\"ReadAction\",\"target\":[\"https:\\\/\\\/www.medulinriviera.info\\\/fr\\\/activities\\\/athletics\\\/\"]}]},{\"@type\":\"ImageObject\",\"inLanguage\":\"fr-FR\",\"@id\":\"https:\\\/\\\/www.medulinriviera.info\\\/fr\\\/activities\\\/athletics\\\/#primaryimage\",\"url\":\"https:\\\/\\\/www.medulinriviera.info\\\/wp-content\\\/uploads\\\/2021\\\/02\\\/Road-Race-2017-5-AHG-scaled.jpg\",\"contentUrl\":\"https:\\\/\\\/www.medulinriviera.info\\\/wp-content\\\/uploads\\\/2021\\\/02\\\/Road-Race-2017-5-AHG-scaled.jpg\",\"width\":2560,\"height\":1917},{\"@type\":\"BreadcrumbList\",\"@id\":\"https:\\\/\\\/www.medulinriviera.info\\\/fr\\\/activities\\\/athletics\\\/#breadcrumb\",\"itemListElement\":[{\"@type\":\"ListItem\",\"position\":1,\"name\":\"Home\",\"item\":\"https:\\\/\\\/www.medulinriviera.info\\\/fr\\\/\"},{\"@type\":\"ListItem\",\"position\":2,\"name\":\"Activit\u00e9s\",\"item\":\"https:\\\/\\\/www.medulinriviera.info\\\/fr\\\/activities\\\/\"},{\"@type\":\"ListItem\",\"position\":3,\"name\":\"Athl\u00e9tisme\"}]},{\"@type\":\"WebSite\",\"@id\":\"https:\\\/\\\/www.medulinriviera.info\\\/fr\\\/#website\",\"url\":\"https:\\\/\\\/www.medulinriviera.info\\\/fr\\\/\",\"name\":\"Medulin Riviera\",\"description\":\"La Plan\u00e8te bleue\",\"publisher\":{\"@id\":\"https:\\\/\\\/www.medulinriviera.info\\\/fr\\\/#organization\"},\"potentialAction\":[{\"@type\":\"SearchAction\",\"target\":{\"@type\":\"EntryPoint\",\"urlTemplate\":\"https:\\\/\\\/www.medulinriviera.info\\\/fr\\\/?s={search_term_string}\"},\"query-input\":{\"@type\":\"PropertyValueSpecification\",\"valueRequired\":true,\"valueName\":\"search_term_string\"}}],\"inLanguage\":\"fr-FR\"},{\"@type\":\"Organization\",\"@id\":\"https:\\\/\\\/www.medulinriviera.info\\\/fr\\\/#organization\",\"name\":\"Medulin Riviera\",\"url\":\"https:\\\/\\\/www.medulinriviera.info\\\/fr\\\/\",\"logo\":{\"@type\":\"ImageObject\",\"inLanguage\":\"fr-FR\",\"@id\":\"https:\\\/\\\/www.medulinriviera.info\\\/fr\\\/#\\\/schema\\\/logo\\\/image\\\/\",\"url\":\"https:\\\/\\\/www.medulinriviera.info\\\/wp-content\\\/uploads\\\/2020\\\/06\\\/logo-alt.png\",\"contentUrl\":\"https:\\\/\\\/www.medulinriviera.info\\\/wp-content\\\/uploads\\\/2020\\\/06\\\/logo-alt.png\",\"width\":264,\"height\":78,\"caption\":\"Medulin Riviera\"},\"image\":{\"@id\":\"https:\\\/\\\/www.medulinriviera.info\\\/fr\\\/#\\\/schema\\\/logo\\\/image\\\/\"},\"sameAs\":[\"https:\\\/\\\/www.facebook.com\\\/medulinriviera\\\/\",\"https:\\\/\\\/www.instagram.com\\\/medulinriviera\\\/\",\"https:\\\/\\\/www.youtube.com\\\/channel\\\/UCYdC8kYbK9OEmlmeZydpumQ\"]}]}<\/script>\n<!-- \/ Yoast SEO plugin. -->","yoast_head_json":{"title":"Athl\u00e9tisme - Medulin Riviera","robots":{"index":"index","follow":"follow","max-snippet":"max-snippet:-1","max-image-preview":"max-image-preview:large","max-video-preview":"max-video-preview:-1"},"canonical":"https:\/\/www.medulinriviera.info\/fr\/activities\/athletics\/","og_locale":"fr_FR","og_type":"article","og_title":"Athl\u00e9tisme - Medulin Riviera","og_description":"Sandra Perkovi\u0107, Sandra Kolak, Darko Kralj, Primus Kozmus; m\u00e9daill\u00e9s olympiques et paralympiques, champions europ\u00e9ens et mondiaux, les f\u00e9d\u00e9rations sportives de...","og_url":"https:\/\/www.medulinriviera.info\/fr\/activities\/athletics\/","og_site_name":"Medulin Riviera","article_publisher":"https:\/\/www.facebook.com\/medulinriviera\/","article_modified_time":"2020-06-29T12:44:55+00:00","og_image":[{"width":2560,"height":1917,"url":"https:\/\/www.medulinriviera.info\/wp-content\/uploads\/2021\/02\/Road-Race-2017-5-AHG-scaled.jpg","type":"image\/jpeg"}],"twitter_card":"summary_large_image","twitter_misc":{"Dur\u00e9e de lecture estim\u00e9e":"1 minute"},"schema":{"@context":"https:\/\/schema.org","@graph":[{"@type":"WebPage","@id":"https:\/\/www.medulinriviera.info\/fr\/activities\/athletics\/","url":"https:\/\/www.medulinriviera.info\/fr\/activities\/athletics\/","name":"Athl\u00e9tisme - Medulin Riviera","isPartOf":{"@id":"https:\/\/www.medulinriviera.info\/fr\/#website"},"primaryImageOfPage":{"@id":"https:\/\/www.medulinriviera.info\/fr\/activities\/athletics\/#primaryimage"},"image":{"@id":"https:\/\/www.medulinriviera.info\/fr\/activities\/athletics\/#primaryimage"},"thumbnailUrl":"https:\/\/www.medulinriviera.info\/wp-content\/uploads\/2021\/02\/Road-Race-2017-5-AHG-scaled.jpg","datePublished":"2020-06-11T08:02:46+00:00","dateModified":"2020-06-29T12:44:55+00:00","breadcrumb":{"@id":"https:\/\/www.medulinriviera.info\/fr\/activities\/athletics\/#breadcrumb"},"inLanguage":"fr-FR","potentialAction":[{"@type":"ReadAction","target":["https:\/\/www.medulinriviera.info\/fr\/activities\/athletics\/"]}]},{"@type":"ImageObject","inLanguage":"fr-FR","@id":"https:\/\/www.medulinriviera.info\/fr\/activities\/athletics\/#primaryimage","url":"https:\/\/www.medulinriviera.info\/wp-content\/uploads\/2021\/02\/Road-Race-2017-5-AHG-scaled.jpg","contentUrl":"https:\/\/www.medulinriviera.info\/wp-content\/uploads\/2021\/02\/Road-Race-2017-5-AHG-scaled.jpg","width":2560,"height":1917},{"@type":"BreadcrumbList","@id":"https:\/\/www.medulinriviera.info\/fr\/activities\/athletics\/#breadcrumb","itemListElement":[{"@type":"ListItem","position":1,"name":"Home","item":"https:\/\/www.medulinriviera.info\/fr\/"},{"@type":"ListItem","position":2,"name":"Activit\u00e9s","item":"https:\/\/www.medulinriviera.info\/fr\/activities\/"},{"@type":"ListItem","position":3,"name":"Athl\u00e9tisme"}]},{"@type":"WebSite","@id":"https:\/\/www.medulinriviera.info\/fr\/#website","url":"https:\/\/www.medulinriviera.info\/fr\/","name":"Medulin Riviera","description":"La Plan\u00e8te bleue","publisher":{"@id":"https:\/\/www.medulinriviera.info\/fr\/#organization"},"potentialAction":[{"@type":"SearchAction","target":{"@type":"EntryPoint","urlTemplate":"https:\/\/www.medulinriviera.info\/fr\/?s={search_term_string}"},"query-input":{"@type":"PropertyValueSpecification","valueRequired":true,"valueName":"search_term_string"}}],"inLanguage":"fr-FR"},{"@type":"Organization","@id":"https:\/\/www.medulinriviera.info\/fr\/#organization","name":"Medulin Riviera","url":"https:\/\/www.medulinriviera.info\/fr\/","logo":{"@type":"ImageObject","inLanguage":"fr-FR","@id":"https:\/\/www.medulinriviera.info\/fr\/#\/schema\/logo\/image\/","url":"https:\/\/www.medulinriviera.info\/wp-content\/uploads\/2020\/06\/logo-alt.png","contentUrl":"https:\/\/www.medulinriviera.info\/wp-content\/uploads\/2020\/06\/logo-alt.png","width":264,"height":78,"caption":"Medulin Riviera"},"image":{"@id":"https:\/\/www.medulinriviera.info\/fr\/#\/schema\/logo\/image\/"},"sameAs":["https:\/\/www.facebook.com\/medulinriviera\/","https:\/\/www.instagram.com\/medulinriviera\/","https:\/\/www.youtube.com\/channel\/UCYdC8kYbK9OEmlmeZydpumQ"]}]}},"wpml_current_locale":"fr_FR","wpml_translations":[{"locale":"hr","id":12716,"post_title":"Atletika","href":"https:\/\/www.medulinriviera.info\/hr\/activities\/athletics\/"},{"locale":"en_US","id":12713,"post_title":"Athletics","href":"https:\/\/www.medulinriviera.info\/activities\/athletics\/"},{"locale":"de_DE","id":12718,"post_title":"Leichtathletik","href":"https:\/\/www.medulinriviera.info\/de\/activities\/athletics\/"},{"locale":"it_IT","id":12719,"post_title":"Atletica leggera","href":"https:\/\/www.medulinriviera.info\/it\/activities\/athletics\/"},{"locale":"sl_SI","id":12720,"post_title":"Athletics","href":"https:\/\/www.medulinriviera.info\/sl\/activities\/athletics\/"}],"_links":{"self":[{"href":"https:\/\/www.medulinriviera.info\/fr\/wp-json\/wp\/v2\/pages\/12717","targetHints":{"allow":["GET"]}}],"collection":[{"href":"https:\/\/www.medulinriviera.info\/fr\/wp-json\/wp\/v2\/pages"}],"about":[{"href":"https:\/\/www.medulinriviera.info\/fr\/wp-json\/wp\/v2\/types\/page"}],"author":[{"embeddable":true,"href":"https:\/\/www.medulinriviera.info\/fr\/wp-json\/wp\/v2\/users\/1"}],"replies":[{"embeddable":true,"href":"https:\/\/www.medulinriviera.info\/fr\/wp-json\/wp\/v2\/comments?post=12717"}],"version-history":[{"count":0,"href":"https:\/\/www.medulinriviera.info\/fr\/wp-json\/wp\/v2\/pages\/12717\/revisions"}],"up":[{"embeddable":true,"href":"https:\/\/www.medulinriviera.info\/fr\/wp-json\/wp\/v2\/pages\/12668"}],"wp:featuredmedia":[{"embeddable":true,"href":"https:\/\/www.medulinriviera.info\/fr\/wp-json\/wp\/v2\/media\/16984"}],"wp:attachment":[{"href":"https:\/\/www.medulinriviera.info\/fr\/wp-json\/wp\/v2\/media?parent=12717"}],"wp:term":[{"taxonomy":"classificator","embeddable":true,"href":"https:\/\/www.medulinriviera.info\/fr\/wp-json\/wp\/v2\/classificator?post=12717"}],"curies":[{"name":"wp","href":"https:\/\/api.w.org\/{rel}","templated":true}]}}