{"id":12700,"date":"2020-06-11T09:55:43","date_gmt":"2020-06-11T07:55:43","guid":{"rendered":"http:\/\/www.medulinriviera.info\/activities\/football\/"},"modified":"2024-10-30T09:41:15","modified_gmt":"2024-10-30T08:41:15","slug":"football","status":"publish","type":"page","link":"https:\/\/www.medulinriviera.info\/fr\/activities\/football\/","title":{"rendered":"Football"},"content":{"rendered":"\n<p>Depuis 1970, les<strong> terrains de football \u00e0 Medulin<\/strong> pr\u00e8s de <strong>l&rsquo;h\u00f4tel Park Plaza Belvedere <\/strong>attirent de nombreux clubs de football pour leur pr\u00e9paration dans ce centre sportif unique.<\/p>\n\n\n\n<!--more-->\n\n\n\n<p>Les athl\u00e8tes qui choisissent Medulin pour leurs pr\u00e9parations disposent de <strong>six terrains de football en herbe (taille FIFA)<\/strong> \u00e0 proximit\u00e9 de l&rsquo;h\u00f4tel Park Plaza Belvedere. Medulin dispose aussi <strong>de deux terrains avec gazon artificiel<\/strong>, portant \u00e0 huit le nombre total de terrains disponibles o\u00f9 les joueurs de football peuvent se pr\u00e9parer pour les comp\u00e9titions \u00e0 venir.<\/p>\n\n\n\n<p>Les terrains de football sont disponibles uniquement pour les \u00e9quipes qui viennent faire leur pr\u00e9paration \u00e0 Medulin. Pour que leur pr\u00e9paration soit optimale, l\u2019h\u00f4tel Park Plaza Belvedere fournit \u00e0 la disposition des athl\u00e8tes <strong>deux piscines d&rsquo;eau sal\u00e9e<\/strong> chauff\u00e9e int\u00e9rieure ainsi qu\u2019un <strong>centre de bien-\u00eatre<\/strong> qui s\u2019\u00e9tend sur plus de 1500 m\u00e8tres carr\u00e9s. Les athl\u00e8tes peuvent utiliser aussi <strong>le centre de remise en forme<\/strong>, et des menus sp\u00e9ciaux leurs sont adapt\u00e9s. Le centre de remise en forme est \u00e9quip\u00e9 d\u2019appareils Technogym, et dans la salle de sport moderne se trouvent des plateformes pour l&rsquo;halt\u00e9rophilie ainsi que diff\u00e9rents poids et barres olympiques, des bo\u00eetes pliom\u00e9triques, des espaliers et divers bancs.<\/p>\n\n\n\n<p>\u00c0 la demande des sportifs s\u00e9journant en pr\u00e9paratif \u00e0 Medulin, des matches peuvent \u00eatre organis\u00e9s contre d&rsquo;autres clubs qui s\u00e9journent aussi \u00e0 ce moment-l\u00e0 \u00e0 la Riviera Medulin<\/p>\n\n\n\n<h2 class=\"wp-block-heading\">Tournois:<\/h2>\n\n\n\n<p><strong><a href=\"https:\/\/www.facebook.com\/arenasports.eu\/\" target=\"_blank\" rel=\"noreferrer noopener\">L\u2019Arena Cup<\/a><\/strong>, qui est un tournoi international de football auquel participent des \u00e9quipes de premi\u00e8re division de l&rsquo;Europe et de la r\u00e9gion, se tient \u00e0 la fin de janvier. Les organisateurs du tournoi sont Arenaturist et l\u2019Office du Tourisme de Medulin.<\/p>\n\n\n\n<p><strong><a href=\"https:\/\/www.medulinriviera.info\/fr\/21eme-tournoi-de-football-zns-medulin-2022\/\" target=\"_blank\" rel=\"noreferrer noopener\">Football Family Picnic<\/a><\/strong>, est un \u00e9v\u00e9nement international traditionnel qui est organis\u00e9 en avril par l&rsquo;Association de football de Zagreb, depuis 2004. Au cours des derni\u00e8res ann\u00e9es environ deux mille gar\u00e7ons et filles se sont rencontr\u00e9s dans ce tournoi lors de matchs mutuels. Le tournoi a toujours impliqu\u00e9 les meilleures \u00e9coles de football des clubs croates tels que: GNK Dinamo, RNK Split, NK Istra, NK Zagreb, NK Rijeka &#8230;<\/p>\n\n\n\n<p><\/p>\n","protected":false},"excerpt":{"rendered":"<p>Depuis 1970, les terrains de football \u00e0 Medulin pr\u00e8s de l&rsquo;h\u00f4tel Park Plaza Belvedere attirent de nombreux clubs de football&#8230;<\/p>\n","protected":false},"author":1,"featured_media":16977,"parent":12668,"menu_order":1,"comment_status":"closed","ping_status":"closed","template":"tpl-activities.php","meta":{"_acf_changed":false,"footnotes":""},"classificator":[],"class_list":["post-12700","page","type-page","status-publish","has-post-thumbnail","hentry"],"acf":{"video":"","gallery":""},"yoast_head":"<!-- This site is optimized with the Yoast SEO plugin v27.6 - https:\/\/yoast.com\/product\/yoast-seo-wordpress\/ -->\n<title>Football - Medulin Riviera<\/title>\n<meta name=\"robots\" content=\"index, follow, max-snippet:-1, max-image-preview:large, max-video-preview:-1\" \/>\n<link rel=\"canonical\" href=\"https:\/\/www.medulinriviera.info\/fr\/activities\/football\/\" \/>\n<meta property=\"og:locale\" content=\"fr_FR\" \/>\n<meta property=\"og:type\" content=\"article\" \/>\n<meta property=\"og:title\" content=\"Football - Medulin Riviera\" \/>\n<meta property=\"og:description\" content=\"Depuis 1970, les terrains de football \u00e0 Medulin pr\u00e8s de l&rsquo;h\u00f4tel Park Plaza Belvedere attirent de nombreux clubs de football...\" \/>\n<meta property=\"og:url\" content=\"https:\/\/www.medulinriviera.info\/fr\/activities\/football\/\" \/>\n<meta property=\"og:site_name\" content=\"Medulin Riviera\" \/>\n<meta property=\"article:publisher\" content=\"https:\/\/www.facebook.com\/medulinriviera\/\" \/>\n<meta property=\"article:modified_time\" content=\"2024-10-30T08:41:15+00:00\" \/>\n<meta property=\"og:image\" content=\"https:\/\/www.medulinriviera.info\/wp-content\/uploads\/2021\/02\/PP_Belvedere_Sport-4-scaled.jpg\" \/>\n\t<meta property=\"og:image:width\" content=\"2560\" \/>\n\t<meta property=\"og:image:height\" content=\"1917\" \/>\n\t<meta property=\"og:image:type\" content=\"image\/jpeg\" \/>\n<meta name=\"twitter:card\" content=\"summary_large_image\" \/>\n<meta name=\"twitter:label1\" content=\"Dur\u00e9e de lecture estim\u00e9e\" \/>\n\t<meta name=\"twitter:data1\" content=\"2 minutes\" \/>\n<script type=\"application\/ld+json\" class=\"yoast-schema-graph\">{\"@context\":\"https:\\\/\\\/schema.org\",\"@graph\":[{\"@type\":\"WebPage\",\"@id\":\"https:\\\/\\\/www.medulinriviera.info\\\/fr\\\/activities\\\/football\\\/\",\"url\":\"https:\\\/\\\/www.medulinriviera.info\\\/fr\\\/activities\\\/football\\\/\",\"name\":\"Football - Medulin Riviera\",\"isPartOf\":{\"@id\":\"https:\\\/\\\/www.medulinriviera.info\\\/fr\\\/#website\"},\"primaryImageOfPage\":{\"@id\":\"https:\\\/\\\/www.medulinriviera.info\\\/fr\\\/activities\\\/football\\\/#primaryimage\"},\"image\":{\"@id\":\"https:\\\/\\\/www.medulinriviera.info\\\/fr\\\/activities\\\/football\\\/#primaryimage\"},\"thumbnailUrl\":\"https:\\\/\\\/www.medulinriviera.info\\\/wp-content\\\/uploads\\\/2021\\\/02\\\/PP_Belvedere_Sport-4-scaled.jpg\",\"datePublished\":\"2020-06-11T07:55:43+00:00\",\"dateModified\":\"2024-10-30T08:41:15+00:00\",\"breadcrumb\":{\"@id\":\"https:\\\/\\\/www.medulinriviera.info\\\/fr\\\/activities\\\/football\\\/#breadcrumb\"},\"inLanguage\":\"fr-FR\",\"potentialAction\":[{\"@type\":\"ReadAction\",\"target\":[\"https:\\\/\\\/www.medulinriviera.info\\\/fr\\\/activities\\\/football\\\/\"]}]},{\"@type\":\"ImageObject\",\"inLanguage\":\"fr-FR\",\"@id\":\"https:\\\/\\\/www.medulinriviera.info\\\/fr\\\/activities\\\/football\\\/#primaryimage\",\"url\":\"https:\\\/\\\/www.medulinriviera.info\\\/wp-content\\\/uploads\\\/2021\\\/02\\\/PP_Belvedere_Sport-4-scaled.jpg\",\"contentUrl\":\"https:\\\/\\\/www.medulinriviera.info\\\/wp-content\\\/uploads\\\/2021\\\/02\\\/PP_Belvedere_Sport-4-scaled.jpg\",\"width\":2560,\"height\":1917},{\"@type\":\"BreadcrumbList\",\"@id\":\"https:\\\/\\\/www.medulinriviera.info\\\/fr\\\/activities\\\/football\\\/#breadcrumb\",\"itemListElement\":[{\"@type\":\"ListItem\",\"position\":1,\"name\":\"Home\",\"item\":\"https:\\\/\\\/www.medulinriviera.info\\\/fr\\\/\"},{\"@type\":\"ListItem\",\"position\":2,\"name\":\"Activit\u00e9s\",\"item\":\"https:\\\/\\\/www.medulinriviera.info\\\/fr\\\/activities\\\/\"},{\"@type\":\"ListItem\",\"position\":3,\"name\":\"Football\"}]},{\"@type\":\"WebSite\",\"@id\":\"https:\\\/\\\/www.medulinriviera.info\\\/fr\\\/#website\",\"url\":\"https:\\\/\\\/www.medulinriviera.info\\\/fr\\\/\",\"name\":\"Medulin Riviera\",\"description\":\"La Plan\u00e8te bleue\",\"publisher\":{\"@id\":\"https:\\\/\\\/www.medulinriviera.info\\\/fr\\\/#organization\"},\"potentialAction\":[{\"@type\":\"SearchAction\",\"target\":{\"@type\":\"EntryPoint\",\"urlTemplate\":\"https:\\\/\\\/www.medulinriviera.info\\\/fr\\\/?s={search_term_string}\"},\"query-input\":{\"@type\":\"PropertyValueSpecification\",\"valueRequired\":true,\"valueName\":\"search_term_string\"}}],\"inLanguage\":\"fr-FR\"},{\"@type\":\"Organization\",\"@id\":\"https:\\\/\\\/www.medulinriviera.info\\\/fr\\\/#organization\",\"name\":\"Medulin Riviera\",\"url\":\"https:\\\/\\\/www.medulinriviera.info\\\/fr\\\/\",\"logo\":{\"@type\":\"ImageObject\",\"inLanguage\":\"fr-FR\",\"@id\":\"https:\\\/\\\/www.medulinriviera.info\\\/fr\\\/#\\\/schema\\\/logo\\\/image\\\/\",\"url\":\"https:\\\/\\\/www.medulinriviera.info\\\/wp-content\\\/uploads\\\/2020\\\/06\\\/logo-alt.png\",\"contentUrl\":\"https:\\\/\\\/www.medulinriviera.info\\\/wp-content\\\/uploads\\\/2020\\\/06\\\/logo-alt.png\",\"width\":264,\"height\":78,\"caption\":\"Medulin Riviera\"},\"image\":{\"@id\":\"https:\\\/\\\/www.medulinriviera.info\\\/fr\\\/#\\\/schema\\\/logo\\\/image\\\/\"},\"sameAs\":[\"https:\\\/\\\/www.facebook.com\\\/medulinriviera\\\/\",\"https:\\\/\\\/www.instagram.com\\\/medulinriviera\\\/\",\"https:\\\/\\\/www.youtube.com\\\/channel\\\/UCYdC8kYbK9OEmlmeZydpumQ\"]}]}<\/script>\n<!-- \/ Yoast SEO plugin. -->","yoast_head_json":{"title":"Football - Medulin Riviera","robots":{"index":"index","follow":"follow","max-snippet":"max-snippet:-1","max-image-preview":"max-image-preview:large","max-video-preview":"max-video-preview:-1"},"canonical":"https:\/\/www.medulinriviera.info\/fr\/activities\/football\/","og_locale":"fr_FR","og_type":"article","og_title":"Football - Medulin Riviera","og_description":"Depuis 1970, les terrains de football \u00e0 Medulin pr\u00e8s de l&rsquo;h\u00f4tel Park Plaza Belvedere attirent de nombreux clubs de football...","og_url":"https:\/\/www.medulinriviera.info\/fr\/activities\/football\/","og_site_name":"Medulin Riviera","article_publisher":"https:\/\/www.facebook.com\/medulinriviera\/","article_modified_time":"2024-10-30T08:41:15+00:00","og_image":[{"width":2560,"height":1917,"url":"https:\/\/www.medulinriviera.info\/wp-content\/uploads\/2021\/02\/PP_Belvedere_Sport-4-scaled.jpg","type":"image\/jpeg"}],"twitter_card":"summary_large_image","twitter_misc":{"Dur\u00e9e de lecture estim\u00e9e":"2 minutes"},"schema":{"@context":"https:\/\/schema.org","@graph":[{"@type":"WebPage","@id":"https:\/\/www.medulinriviera.info\/fr\/activities\/football\/","url":"https:\/\/www.medulinriviera.info\/fr\/activities\/football\/","name":"Football - Medulin Riviera","isPartOf":{"@id":"https:\/\/www.medulinriviera.info\/fr\/#website"},"primaryImageOfPage":{"@id":"https:\/\/www.medulinriviera.info\/fr\/activities\/football\/#primaryimage"},"image":{"@id":"https:\/\/www.medulinriviera.info\/fr\/activities\/football\/#primaryimage"},"thumbnailUrl":"https:\/\/www.medulinriviera.info\/wp-content\/uploads\/2021\/02\/PP_Belvedere_Sport-4-scaled.jpg","datePublished":"2020-06-11T07:55:43+00:00","dateModified":"2024-10-30T08:41:15+00:00","breadcrumb":{"@id":"https:\/\/www.medulinriviera.info\/fr\/activities\/football\/#breadcrumb"},"inLanguage":"fr-FR","potentialAction":[{"@type":"ReadAction","target":["https:\/\/www.medulinriviera.info\/fr\/activities\/football\/"]}]},{"@type":"ImageObject","inLanguage":"fr-FR","@id":"https:\/\/www.medulinriviera.info\/fr\/activities\/football\/#primaryimage","url":"https:\/\/www.medulinriviera.info\/wp-content\/uploads\/2021\/02\/PP_Belvedere_Sport-4-scaled.jpg","contentUrl":"https:\/\/www.medulinriviera.info\/wp-content\/uploads\/2021\/02\/PP_Belvedere_Sport-4-scaled.jpg","width":2560,"height":1917},{"@type":"BreadcrumbList","@id":"https:\/\/www.medulinriviera.info\/fr\/activities\/football\/#breadcrumb","itemListElement":[{"@type":"ListItem","position":1,"name":"Home","item":"https:\/\/www.medulinriviera.info\/fr\/"},{"@type":"ListItem","position":2,"name":"Activit\u00e9s","item":"https:\/\/www.medulinriviera.info\/fr\/activities\/"},{"@type":"ListItem","position":3,"name":"Football"}]},{"@type":"WebSite","@id":"https:\/\/www.medulinriviera.info\/fr\/#website","url":"https:\/\/www.medulinriviera.info\/fr\/","name":"Medulin Riviera","description":"La Plan\u00e8te bleue","publisher":{"@id":"https:\/\/www.medulinriviera.info\/fr\/#organization"},"potentialAction":[{"@type":"SearchAction","target":{"@type":"EntryPoint","urlTemplate":"https:\/\/www.medulinriviera.info\/fr\/?s={search_term_string}"},"query-input":{"@type":"PropertyValueSpecification","valueRequired":true,"valueName":"search_term_string"}}],"inLanguage":"fr-FR"},{"@type":"Organization","@id":"https:\/\/www.medulinriviera.info\/fr\/#organization","name":"Medulin Riviera","url":"https:\/\/www.medulinriviera.info\/fr\/","logo":{"@type":"ImageObject","inLanguage":"fr-FR","@id":"https:\/\/www.medulinriviera.info\/fr\/#\/schema\/logo\/image\/","url":"https:\/\/www.medulinriviera.info\/wp-content\/uploads\/2020\/06\/logo-alt.png","contentUrl":"https:\/\/www.medulinriviera.info\/wp-content\/uploads\/2020\/06\/logo-alt.png","width":264,"height":78,"caption":"Medulin Riviera"},"image":{"@id":"https:\/\/www.medulinriviera.info\/fr\/#\/schema\/logo\/image\/"},"sameAs":["https:\/\/www.facebook.com\/medulinriviera\/","https:\/\/www.instagram.com\/medulinriviera\/","https:\/\/www.youtube.com\/channel\/UCYdC8kYbK9OEmlmeZydpumQ"]}]}},"wpml_current_locale":"fr_FR","wpml_translations":[{"locale":"hr","id":12699,"post_title":"Nogomet","href":"https:\/\/www.medulinriviera.info\/hr\/activities\/football\/"},{"locale":"en_US","id":12695,"post_title":"Football","href":"https:\/\/www.medulinriviera.info\/activities\/football\/"},{"locale":"de_DE","id":12701,"post_title":"Fu\u00dfball","href":"https:\/\/www.medulinriviera.info\/de\/activities\/football\/"},{"locale":"it_IT","id":12702,"post_title":"Calcio","href":"https:\/\/www.medulinriviera.info\/it\/activities\/football\/"},{"locale":"sl_SI","id":12703,"post_title":"Football","href":"https:\/\/www.medulinriviera.info\/sl\/activities\/football\/"}],"_links":{"self":[{"href":"https:\/\/www.medulinriviera.info\/fr\/wp-json\/wp\/v2\/pages\/12700","targetHints":{"allow":["GET"]}}],"collection":[{"href":"https:\/\/www.medulinriviera.info\/fr\/wp-json\/wp\/v2\/pages"}],"about":[{"href":"https:\/\/www.medulinriviera.info\/fr\/wp-json\/wp\/v2\/types\/page"}],"author":[{"embeddable":true,"href":"https:\/\/www.medulinriviera.info\/fr\/wp-json\/wp\/v2\/users\/1"}],"replies":[{"embeddable":true,"href":"https:\/\/www.medulinriviera.info\/fr\/wp-json\/wp\/v2\/comments?post=12700"}],"version-history":[{"count":1,"href":"https:\/\/www.medulinriviera.info\/fr\/wp-json\/wp\/v2\/pages\/12700\/revisions"}],"predecessor-version":[{"id":34299,"href":"https:\/\/www.medulinriviera.info\/fr\/wp-json\/wp\/v2\/pages\/12700\/revisions\/34299"}],"up":[{"embeddable":true,"href":"https:\/\/www.medulinriviera.info\/fr\/wp-json\/wp\/v2\/pages\/12668"}],"wp:featuredmedia":[{"embeddable":true,"href":"https:\/\/www.medulinriviera.info\/fr\/wp-json\/wp\/v2\/media\/16977"}],"wp:attachment":[{"href":"https:\/\/www.medulinriviera.info\/fr\/wp-json\/wp\/v2\/media?parent=12700"}],"wp:term":[{"taxonomy":"classificator","embeddable":true,"href":"https:\/\/www.medulinriviera.info\/fr\/wp-json\/wp\/v2\/classificator?post=12700"}],"curies":[{"name":"wp","href":"https:\/\/api.w.org\/{rel}","templated":true}]}}