{"id":12684,"date":"2020-06-11T09:47:29","date_gmt":"2020-06-11T07:47:29","guid":{"rendered":"http:\/\/www.medulinriviera.info\/activities\/diving\/"},"modified":"2020-06-29T14:33:12","modified_gmt":"2020-06-29T12:33:12","slug":"diving","status":"publish","type":"page","link":"https:\/\/www.medulinriviera.info\/fr\/activities\/diving\/","title":{"rendered":"Plong\u00e9e sous-marine"},"content":{"rendered":"\n<p>Il existe de nombreux endroits dans le monde o\u00f9 l\u2019on peut plonger dans le grand bleu et oublier la r\u00e9alit\u00e9 pour un instant. Cependant, il y en a peu o\u00f9 les beaut\u00e9s naturelles et le patrimoine historique se compl\u00e8tent si parfaitement. En plus de sa flore et de sa faune exceptionnellement riche, l\u2019immensit\u00e9 bleue de la Riviera de Medulin cache un grand nombre de navires coul\u00e9s. Ces \u00e9paves sont un v\u00e9ritable r\u00e9gal pour les amateurs de plong\u00e9e. Choisissez l&rsquo;un des nombreux centres de plong\u00e9e qui vous m\u00e8nera dans cette aventure, ou vous proposera des cours de plong\u00e9e, si vous \u00eates d\u00e9butant.<\/p>\n\n\n\n<!--more-->\n\n\n\n<p>Remarque :<\/p>\n\n\n\n<p>Les personnes souhaitant participer \u00e0 des activit\u00e9s sous-marines ont l\u2019obligation<br>de se procurer un Permis de plonger dans l\u2019un des clubs mentionn\u00e9s ci-dessus.<\/p>\n\n\n\n<p>EN CAS D\u2019ACCIDENT DE PLONGEE<\/p>\n\n\n\n<p>Le plongeur bless\u00e9 doit imm\u00e9diatement \u00eatre amen\u00e9 aux urgences \u00e0 l\u2019H\u00f4pital<br>g\u00e9n\u00e9ral de Pula, Negrijeva 6, dans l\u2019ancien h\u00f4pital maritime de Pula. Les horaires<br>de la polyclinique pour les accidents de plong\u00e9e sont 7.30-15.30 h, t\u00e9l.\/fax 217<br>877, 215 663, 098 219 225, 098 255 945. En dehors des horaires, pour une intervention<br>urgente, service d\u2019urgence OB Pula t\u00e9l. 052 376 000.<\/p>\n\n\n\n<p><\/p>\n\n\n\n<p><\/p>\n\n\n\n<p><\/p>\n\n\n\n<p>Dans les centres subaquatiques ci-dessous, vous pouvez passer les examens de plong\u00e9e CMAS, DAN, SSI, IANTD, PADI, UDI, remplir vos bouteilles, louer des \u00e9quipements de plong\u00e9e et vous inscrire \u00e0 des excursions organis\u00e9es:<\/p>\n\n\n\n<p><\/p>\n","protected":false},"excerpt":{"rendered":"<p>Il existe de nombreux endroits dans le monde o\u00f9 l\u2019on peut plonger dans le grand bleu et oublier la r\u00e9alit\u00e9&#8230;<\/p>\n","protected":false},"author":1,"featured_media":3416,"parent":12668,"menu_order":0,"comment_status":"closed","ping_status":"closed","template":"tpl-activities.php","meta":{"_acf_changed":false,"footnotes":""},"classificator":[],"class_list":["post-12684","page","type-page","status-publish","has-post-thumbnail","hentry"],"acf":{"video":"","gallery":null},"yoast_head":"<!-- This site is optimized with the Yoast SEO plugin v27.6 - https:\/\/yoast.com\/product\/yoast-seo-wordpress\/ -->\n<title>Plong\u00e9e sous-marine - Medulin Riviera<\/title>\n<meta name=\"robots\" content=\"index, follow, max-snippet:-1, max-image-preview:large, max-video-preview:-1\" \/>\n<link rel=\"canonical\" href=\"https:\/\/www.medulinriviera.info\/fr\/activities\/diving\/\" \/>\n<meta property=\"og:locale\" content=\"fr_FR\" \/>\n<meta property=\"og:type\" content=\"article\" \/>\n<meta property=\"og:title\" content=\"Plong\u00e9e sous-marine - Medulin Riviera\" \/>\n<meta property=\"og:description\" content=\"Il existe de nombreux endroits dans le monde o\u00f9 l\u2019on peut plonger dans le grand bleu et oublier la r\u00e9alit\u00e9...\" \/>\n<meta property=\"og:url\" content=\"https:\/\/www.medulinriviera.info\/fr\/activities\/diving\/\" \/>\n<meta property=\"og:site_name\" content=\"Medulin Riviera\" \/>\n<meta property=\"article:publisher\" content=\"https:\/\/www.facebook.com\/medulinriviera\/\" \/>\n<meta property=\"article:modified_time\" content=\"2020-06-29T12:33:12+00:00\" \/>\n<meta property=\"og:image\" content=\"https:\/\/www.medulinriviera.info\/wp-content\/uploads\/2020\/05\/activities-1.jpg\" \/>\n\t<meta property=\"og:image:width\" content=\"1689\" \/>\n\t<meta property=\"og:image:height\" content=\"1267\" \/>\n\t<meta property=\"og:image:type\" content=\"image\/jpeg\" \/>\n<meta name=\"twitter:card\" content=\"summary_large_image\" \/>\n<meta name=\"twitter:label1\" content=\"Dur\u00e9e de lecture estim\u00e9e\" \/>\n\t<meta name=\"twitter:data1\" content=\"1 minute\" \/>\n<script type=\"application\/ld+json\" class=\"yoast-schema-graph\">{\"@context\":\"https:\\\/\\\/schema.org\",\"@graph\":[{\"@type\":\"WebPage\",\"@id\":\"https:\\\/\\\/www.medulinriviera.info\\\/fr\\\/activities\\\/diving\\\/\",\"url\":\"https:\\\/\\\/www.medulinriviera.info\\\/fr\\\/activities\\\/diving\\\/\",\"name\":\"Plong\u00e9e sous-marine - Medulin Riviera\",\"isPartOf\":{\"@id\":\"https:\\\/\\\/www.medulinriviera.info\\\/fr\\\/#website\"},\"primaryImageOfPage\":{\"@id\":\"https:\\\/\\\/www.medulinriviera.info\\\/fr\\\/activities\\\/diving\\\/#primaryimage\"},\"image\":{\"@id\":\"https:\\\/\\\/www.medulinriviera.info\\\/fr\\\/activities\\\/diving\\\/#primaryimage\"},\"thumbnailUrl\":\"https:\\\/\\\/www.medulinriviera.info\\\/wp-content\\\/uploads\\\/2020\\\/05\\\/activities-1.jpg\",\"datePublished\":\"2020-06-11T07:47:29+00:00\",\"dateModified\":\"2020-06-29T12:33:12+00:00\",\"breadcrumb\":{\"@id\":\"https:\\\/\\\/www.medulinriviera.info\\\/fr\\\/activities\\\/diving\\\/#breadcrumb\"},\"inLanguage\":\"fr-FR\",\"potentialAction\":[{\"@type\":\"ReadAction\",\"target\":[\"https:\\\/\\\/www.medulinriviera.info\\\/fr\\\/activities\\\/diving\\\/\"]}]},{\"@type\":\"ImageObject\",\"inLanguage\":\"fr-FR\",\"@id\":\"https:\\\/\\\/www.medulinriviera.info\\\/fr\\\/activities\\\/diving\\\/#primaryimage\",\"url\":\"https:\\\/\\\/www.medulinriviera.info\\\/wp-content\\\/uploads\\\/2020\\\/05\\\/activities-1.jpg\",\"contentUrl\":\"https:\\\/\\\/www.medulinriviera.info\\\/wp-content\\\/uploads\\\/2020\\\/05\\\/activities-1.jpg\",\"width\":1689,\"height\":1267},{\"@type\":\"BreadcrumbList\",\"@id\":\"https:\\\/\\\/www.medulinriviera.info\\\/fr\\\/activities\\\/diving\\\/#breadcrumb\",\"itemListElement\":[{\"@type\":\"ListItem\",\"position\":1,\"name\":\"Home\",\"item\":\"https:\\\/\\\/www.medulinriviera.info\\\/fr\\\/\"},{\"@type\":\"ListItem\",\"position\":2,\"name\":\"Activit\u00e9s\",\"item\":\"https:\\\/\\\/www.medulinriviera.info\\\/fr\\\/activities\\\/\"},{\"@type\":\"ListItem\",\"position\":3,\"name\":\"Plong\u00e9e sous-marine\"}]},{\"@type\":\"WebSite\",\"@id\":\"https:\\\/\\\/www.medulinriviera.info\\\/fr\\\/#website\",\"url\":\"https:\\\/\\\/www.medulinriviera.info\\\/fr\\\/\",\"name\":\"Medulin Riviera\",\"description\":\"La Plan\u00e8te bleue\",\"publisher\":{\"@id\":\"https:\\\/\\\/www.medulinriviera.info\\\/fr\\\/#organization\"},\"potentialAction\":[{\"@type\":\"SearchAction\",\"target\":{\"@type\":\"EntryPoint\",\"urlTemplate\":\"https:\\\/\\\/www.medulinriviera.info\\\/fr\\\/?s={search_term_string}\"},\"query-input\":{\"@type\":\"PropertyValueSpecification\",\"valueRequired\":true,\"valueName\":\"search_term_string\"}}],\"inLanguage\":\"fr-FR\"},{\"@type\":\"Organization\",\"@id\":\"https:\\\/\\\/www.medulinriviera.info\\\/fr\\\/#organization\",\"name\":\"Medulin Riviera\",\"url\":\"https:\\\/\\\/www.medulinriviera.info\\\/fr\\\/\",\"logo\":{\"@type\":\"ImageObject\",\"inLanguage\":\"fr-FR\",\"@id\":\"https:\\\/\\\/www.medulinriviera.info\\\/fr\\\/#\\\/schema\\\/logo\\\/image\\\/\",\"url\":\"https:\\\/\\\/www.medulinriviera.info\\\/wp-content\\\/uploads\\\/2020\\\/06\\\/logo-alt.png\",\"contentUrl\":\"https:\\\/\\\/www.medulinriviera.info\\\/wp-content\\\/uploads\\\/2020\\\/06\\\/logo-alt.png\",\"width\":264,\"height\":78,\"caption\":\"Medulin Riviera\"},\"image\":{\"@id\":\"https:\\\/\\\/www.medulinriviera.info\\\/fr\\\/#\\\/schema\\\/logo\\\/image\\\/\"},\"sameAs\":[\"https:\\\/\\\/www.facebook.com\\\/medulinriviera\\\/\",\"https:\\\/\\\/www.instagram.com\\\/medulinriviera\\\/\",\"https:\\\/\\\/www.youtube.com\\\/channel\\\/UCYdC8kYbK9OEmlmeZydpumQ\"]}]}<\/script>\n<!-- \/ Yoast SEO plugin. -->","yoast_head_json":{"title":"Plong\u00e9e sous-marine - Medulin Riviera","robots":{"index":"index","follow":"follow","max-snippet":"max-snippet:-1","max-image-preview":"max-image-preview:large","max-video-preview":"max-video-preview:-1"},"canonical":"https:\/\/www.medulinriviera.info\/fr\/activities\/diving\/","og_locale":"fr_FR","og_type":"article","og_title":"Plong\u00e9e sous-marine - Medulin Riviera","og_description":"Il existe de nombreux endroits dans le monde o\u00f9 l\u2019on peut plonger dans le grand bleu et oublier la r\u00e9alit\u00e9...","og_url":"https:\/\/www.medulinriviera.info\/fr\/activities\/diving\/","og_site_name":"Medulin Riviera","article_publisher":"https:\/\/www.facebook.com\/medulinriviera\/","article_modified_time":"2020-06-29T12:33:12+00:00","og_image":[{"width":1689,"height":1267,"url":"https:\/\/www.medulinriviera.info\/wp-content\/uploads\/2020\/05\/activities-1.jpg","type":"image\/jpeg"}],"twitter_card":"summary_large_image","twitter_misc":{"Dur\u00e9e de lecture estim\u00e9e":"1 minute"},"schema":{"@context":"https:\/\/schema.org","@graph":[{"@type":"WebPage","@id":"https:\/\/www.medulinriviera.info\/fr\/activities\/diving\/","url":"https:\/\/www.medulinriviera.info\/fr\/activities\/diving\/","name":"Plong\u00e9e sous-marine - Medulin Riviera","isPartOf":{"@id":"https:\/\/www.medulinriviera.info\/fr\/#website"},"primaryImageOfPage":{"@id":"https:\/\/www.medulinriviera.info\/fr\/activities\/diving\/#primaryimage"},"image":{"@id":"https:\/\/www.medulinriviera.info\/fr\/activities\/diving\/#primaryimage"},"thumbnailUrl":"https:\/\/www.medulinriviera.info\/wp-content\/uploads\/2020\/05\/activities-1.jpg","datePublished":"2020-06-11T07:47:29+00:00","dateModified":"2020-06-29T12:33:12+00:00","breadcrumb":{"@id":"https:\/\/www.medulinriviera.info\/fr\/activities\/diving\/#breadcrumb"},"inLanguage":"fr-FR","potentialAction":[{"@type":"ReadAction","target":["https:\/\/www.medulinriviera.info\/fr\/activities\/diving\/"]}]},{"@type":"ImageObject","inLanguage":"fr-FR","@id":"https:\/\/www.medulinriviera.info\/fr\/activities\/diving\/#primaryimage","url":"https:\/\/www.medulinriviera.info\/wp-content\/uploads\/2020\/05\/activities-1.jpg","contentUrl":"https:\/\/www.medulinriviera.info\/wp-content\/uploads\/2020\/05\/activities-1.jpg","width":1689,"height":1267},{"@type":"BreadcrumbList","@id":"https:\/\/www.medulinriviera.info\/fr\/activities\/diving\/#breadcrumb","itemListElement":[{"@type":"ListItem","position":1,"name":"Home","item":"https:\/\/www.medulinriviera.info\/fr\/"},{"@type":"ListItem","position":2,"name":"Activit\u00e9s","item":"https:\/\/www.medulinriviera.info\/fr\/activities\/"},{"@type":"ListItem","position":3,"name":"Plong\u00e9e sous-marine"}]},{"@type":"WebSite","@id":"https:\/\/www.medulinriviera.info\/fr\/#website","url":"https:\/\/www.medulinriviera.info\/fr\/","name":"Medulin Riviera","description":"La Plan\u00e8te bleue","publisher":{"@id":"https:\/\/www.medulinriviera.info\/fr\/#organization"},"potentialAction":[{"@type":"SearchAction","target":{"@type":"EntryPoint","urlTemplate":"https:\/\/www.medulinriviera.info\/fr\/?s={search_term_string}"},"query-input":{"@type":"PropertyValueSpecification","valueRequired":true,"valueName":"search_term_string"}}],"inLanguage":"fr-FR"},{"@type":"Organization","@id":"https:\/\/www.medulinriviera.info\/fr\/#organization","name":"Medulin Riviera","url":"https:\/\/www.medulinriviera.info\/fr\/","logo":{"@type":"ImageObject","inLanguage":"fr-FR","@id":"https:\/\/www.medulinriviera.info\/fr\/#\/schema\/logo\/image\/","url":"https:\/\/www.medulinriviera.info\/wp-content\/uploads\/2020\/06\/logo-alt.png","contentUrl":"https:\/\/www.medulinriviera.info\/wp-content\/uploads\/2020\/06\/logo-alt.png","width":264,"height":78,"caption":"Medulin Riviera"},"image":{"@id":"https:\/\/www.medulinriviera.info\/fr\/#\/schema\/logo\/image\/"},"sameAs":["https:\/\/www.facebook.com\/medulinriviera\/","https:\/\/www.instagram.com\/medulinriviera\/","https:\/\/www.youtube.com\/channel\/UCYdC8kYbK9OEmlmeZydpumQ"]}]}},"wpml_current_locale":"fr_FR","wpml_translations":[{"locale":"hr","id":12683,"post_title":"Ronjenje","href":"https:\/\/www.medulinriviera.info\/hr\/activities\/diving\/"},{"locale":"en_US","id":12677,"post_title":"Diving","href":"https:\/\/www.medulinriviera.info\/activities\/diving\/"},{"locale":"de_DE","id":12685,"post_title":"Tauchen","href":"https:\/\/www.medulinriviera.info\/de\/activities\/diving\/"},{"locale":"it_IT","id":12686,"post_title":"Attivita' subacquee","href":"https:\/\/www.medulinriviera.info\/it\/activities\/diving\/"},{"locale":"sl_SI","id":12687,"post_title":"Diving","href":"https:\/\/www.medulinriviera.info\/sl\/activities\/diving\/"}],"_links":{"self":[{"href":"https:\/\/www.medulinriviera.info\/fr\/wp-json\/wp\/v2\/pages\/12684","targetHints":{"allow":["GET"]}}],"collection":[{"href":"https:\/\/www.medulinriviera.info\/fr\/wp-json\/wp\/v2\/pages"}],"about":[{"href":"https:\/\/www.medulinriviera.info\/fr\/wp-json\/wp\/v2\/types\/page"}],"author":[{"embeddable":true,"href":"https:\/\/www.medulinriviera.info\/fr\/wp-json\/wp\/v2\/users\/1"}],"replies":[{"embeddable":true,"href":"https:\/\/www.medulinriviera.info\/fr\/wp-json\/wp\/v2\/comments?post=12684"}],"version-history":[{"count":0,"href":"https:\/\/www.medulinriviera.info\/fr\/wp-json\/wp\/v2\/pages\/12684\/revisions"}],"up":[{"embeddable":true,"href":"https:\/\/www.medulinriviera.info\/fr\/wp-json\/wp\/v2\/pages\/12668"}],"wp:featuredmedia":[{"embeddable":true,"href":"https:\/\/www.medulinriviera.info\/fr\/wp-json\/wp\/v2\/media\/3416"}],"wp:attachment":[{"href":"https:\/\/www.medulinriviera.info\/fr\/wp-json\/wp\/v2\/media?parent=12684"}],"wp:term":[{"taxonomy":"classificator","embeddable":true,"href":"https:\/\/www.medulinriviera.info\/fr\/wp-json\/wp\/v2\/classificator?post=12684"}],"curies":[{"name":"wp","href":"https:\/\/api.w.org\/{rel}","templated":true}]}}