{"id":11187,"date":"2020-06-04T09:49:58","date_gmt":"2020-06-04T07:49:58","guid":{"rendered":"http:\/\/www.medulinriviera.info\/archeological-park-vizula\/the-legend-of-crispus\/"},"modified":"2025-07-10T15:20:09","modified_gmt":"2025-07-10T13:20:09","slug":"the-legend-of-crispus","status":"publish","type":"page","link":"https:\/\/www.medulinriviera.info\/fr\/archeological-park-vizula\/the-legend-of-crispus\/","title":{"rendered":"La l\u00e9gende de Crispus"},"content":{"rendered":"<div class=\"wp-block-image\">\n<figure class=\"alignright size-large is-resized\"><img loading=\"lazy\" decoding=\"async\" width=\"1024\" height=\"683\" src=\"http:\/\/www.medulinriviera.info\/wp-content\/uploads\/2020\/06\/crispo_fausta-1024x683.jpg\" alt=\"\" class=\"wp-image-10986\" style=\"width:512px;height:342px\" srcset=\"https:\/\/www.medulinriviera.info\/wp-content\/uploads\/2020\/06\/crispo_fausta-1024x683.jpg 1024w, https:\/\/www.medulinriviera.info\/wp-content\/uploads\/2020\/06\/crispo_fausta-300x200.jpg 300w, https:\/\/www.medulinriviera.info\/wp-content\/uploads\/2020\/06\/crispo_fausta-768x512.jpg 768w, https:\/\/www.medulinriviera.info\/wp-content\/uploads\/2020\/06\/crispo_fausta.jpg 1200w\" sizes=\"auto, (max-width: 1024px) 100vw, 1024px\" \/><\/figure>\n<\/div>\n\n\n<p>L&rsquo;un des r\u00e9sidents les plus c\u00e9l\u00e8bres de la villa imp\u00e9riale de Vi\u017eula \u00e9tait C\u00e9sar Crispus (Flavius Julius Crispus), grand g\u00e9n\u00e9ral romain aim\u00e9 de son peuple et de ses soldats, et premier-n\u00e9 de Constantin le Grand. La date et le lieu de naissance r\u00e9els de Crispus n&rsquo;ont pas \u00e9t\u00e9 confirm\u00e9s, mais on pense qu&rsquo;il est n\u00e9 en 295, quelque part dans l&rsquo;Empire romain d&rsquo;Orient. Sa m\u00e8re, Minervina, \u00e9tait soit une concubine, soit la premi\u00e8re \u00e9pouse de l&#8217;empereur Constantin qui, au d\u00e9but du 4\u00e8me si\u00e8cle, finit par \u00e9pouser Fausta, la fille de l&#8217;empereur Maximilien.<\/p>\n\n\n\n<p>D\u2019apr\u00e8s les arch\u00e9ologues, il \u00e9tait fort probable que Crispus, apr\u00e8s que sa belle-m\u00e8re l&rsquo;ait accus\u00e9 de viol et de vouloir d\u00e9tr\u00f4ner son p\u00e8re, ait trouv\u00e9 refuge \u00e0 Vi\u017eula avant d&rsquo;\u00eatre tu\u00e9. Constantin le Grand, qui fit ex\u00e9cuter son fils a\u00een\u00e9 sur l&rsquo;ordre de sa femme, r\u00e9alisa malheureusement trop tard que Crispus \u00e9tait la victime d&rsquo;intrigues imp\u00e9riales. Lorsqu&rsquo;il a compris ce que sa femme avait fait, il l&rsquo;a fait asphyxier dans un bain surchauff\u00e9 apr\u00e8s la naissance de leur fille.<\/p>\n\n\n\n<p>Selon les notes d&rsquo;Ammianus, Crispus aurait \u00e9t\u00e9 jug\u00e9 devant le tribunal de Pula en 326 et ex\u00e9cut\u00e9 dans une villa imp\u00e9riale voisine, d\u00e9cor\u00e9e de mosa\u00efques g\u00e9om\u00e9triques de l&rsquo;\u00e9poque. Cependant, m\u00eame si tout indique que Crispus a \u00e9t\u00e9 tu\u00e9 dans la villa de Vi\u017eula, cela n\u2019a pas \u00e9t\u00e9 \u00e9tabli avec certitude.<\/p>\n\n\n\n<h3 class=\"wp-block-heading\">Repr\u00e9sentation th\u00e9\u00e2trale sur le site arch\u00e9ologique romain<\/h3>\n\n\n<div class=\"wp-block-image\">\n<figure class=\"alignleft size-large is-resized\"><img loading=\"lazy\" decoding=\"async\" width=\"800\" height=\"522\" src=\"http:\/\/www.medulinriviera.info\/wp-content\/uploads\/2020\/06\/ambijentalne.jpg\" alt=\"\" class=\"wp-image-10993\" style=\"width:400px;height:261px\" srcset=\"https:\/\/www.medulinriviera.info\/wp-content\/uploads\/2020\/06\/ambijentalne.jpg 800w, https:\/\/www.medulinriviera.info\/wp-content\/uploads\/2020\/06\/ambijentalne-300x196.jpg 300w, https:\/\/www.medulinriviera.info\/wp-content\/uploads\/2020\/06\/ambijentalne-768x501.jpg 768w\" sizes=\"auto, (max-width: 800px) 100vw, 800px\" \/><\/figure>\n<\/div>\n\n\n<p>Les visiteurs du parc arch\u00e9ologique de Vi\u017eula peuvent d\u00e9couvrir la l\u00e9gende de Crispus et de sa terrible mort au cours d&rsquo;une pi\u00e8ce de th\u00e9\u00e2tre jou\u00e9e ici sur le site arch\u00e9ologique en \u00e9t\u00e9. La pi\u00e8ce se compose de huit actes et ram\u00e8ne les visiteurs en 326 et \u00e0 l&rsquo;ex\u00e9cution du l\u00e9gendaire g\u00e9n\u00e9ral romain. \u00c0 travers des sc\u00e8nes pittoresques, ce r\u00e9cit l\u00e9gendaire raconte comment Fausta a tent\u00e9 de s\u00e9duire Crispus, comme Constantin l&rsquo;a abandonn\u00e9, et comment sa m\u00e8re, Helena, a d\u00e9couvert le complot et est partie pour J\u00e9rusalem \u00e0 la recherche de la tombe du Christ. <\/p>\n","protected":false},"excerpt":{"rendered":"<p>L&rsquo;un des r\u00e9sidents les plus c\u00e9l\u00e8bres de la villa imp\u00e9riale de Vi\u017eula \u00e9tait C\u00e9sar Crispus (Flavius Julius Crispus), grand g\u00e9n\u00e9ral&#8230;<\/p>\n","protected":false},"author":1,"featured_media":10797,"parent":10859,"menu_order":12,"comment_status":"closed","ping_status":"closed","template":"tpl-vizula.php","meta":{"_acf_changed":false,"footnotes":""},"classificator":[],"class_list":["post-11187","page","type-page","status-publish","has-post-thumbnail","hentry"],"acf":{"video":"","gallery":""},"yoast_head":"<!-- This site is optimized with the Yoast SEO plugin v27.6 - https:\/\/yoast.com\/product\/yoast-seo-wordpress\/ -->\n<title>La l\u00e9gende de Crispus - Medulin Riviera<\/title>\n<meta name=\"robots\" content=\"index, follow, max-snippet:-1, max-image-preview:large, max-video-preview:-1\" \/>\n<link rel=\"canonical\" href=\"https:\/\/www.medulinriviera.info\/fr\/archeological-park-vizula\/the-legend-of-crispus\/\" \/>\n<meta property=\"og:locale\" content=\"fr_FR\" \/>\n<meta property=\"og:type\" content=\"article\" \/>\n<meta property=\"og:title\" content=\"La l\u00e9gende de Crispus - Medulin Riviera\" \/>\n<meta property=\"og:description\" content=\"L&rsquo;un des r\u00e9sidents les plus c\u00e9l\u00e8bres de la villa imp\u00e9riale de Vi\u017eula \u00e9tait C\u00e9sar Crispus (Flavius Julius Crispus), grand g\u00e9n\u00e9ral...\" \/>\n<meta property=\"og:url\" content=\"https:\/\/www.medulinriviera.info\/fr\/archeological-park-vizula\/the-legend-of-crispus\/\" \/>\n<meta property=\"og:site_name\" content=\"Medulin Riviera\" \/>\n<meta property=\"article:publisher\" content=\"https:\/\/www.facebook.com\/medulinriviera\/\" \/>\n<meta property=\"article:modified_time\" content=\"2025-07-10T13:20:09+00:00\" \/>\n<meta property=\"og:image\" content=\"https:\/\/www.medulinriviera.info\/wp-content\/uploads\/2020\/06\/crispo-header.jpg\" \/>\n\t<meta property=\"og:image:width\" content=\"1494\" \/>\n\t<meta property=\"og:image:height\" content=\"885\" \/>\n\t<meta property=\"og:image:type\" content=\"image\/jpeg\" \/>\n<meta name=\"twitter:card\" content=\"summary_large_image\" \/>\n<meta name=\"twitter:label1\" content=\"Dur\u00e9e de lecture estim\u00e9e\" \/>\n\t<meta name=\"twitter:data1\" content=\"3 minutes\" \/>\n<script type=\"application\/ld+json\" class=\"yoast-schema-graph\">{\"@context\":\"https:\\\/\\\/schema.org\",\"@graph\":[{\"@type\":\"WebPage\",\"@id\":\"https:\\\/\\\/www.medulinriviera.info\\\/fr\\\/archeological-park-vizula\\\/the-legend-of-crispus\\\/\",\"url\":\"https:\\\/\\\/www.medulinriviera.info\\\/fr\\\/archeological-park-vizula\\\/the-legend-of-crispus\\\/\",\"name\":\"La l\u00e9gende de Crispus - Medulin Riviera\",\"isPartOf\":{\"@id\":\"https:\\\/\\\/www.medulinriviera.info\\\/fr\\\/#website\"},\"primaryImageOfPage\":{\"@id\":\"https:\\\/\\\/www.medulinriviera.info\\\/fr\\\/archeological-park-vizula\\\/the-legend-of-crispus\\\/#primaryimage\"},\"image\":{\"@id\":\"https:\\\/\\\/www.medulinriviera.info\\\/fr\\\/archeological-park-vizula\\\/the-legend-of-crispus\\\/#primaryimage\"},\"thumbnailUrl\":\"https:\\\/\\\/www.medulinriviera.info\\\/wp-content\\\/uploads\\\/2020\\\/06\\\/crispo-header.jpg\",\"datePublished\":\"2020-06-04T07:49:58+00:00\",\"dateModified\":\"2025-07-10T13:20:09+00:00\",\"breadcrumb\":{\"@id\":\"https:\\\/\\\/www.medulinriviera.info\\\/fr\\\/archeological-park-vizula\\\/the-legend-of-crispus\\\/#breadcrumb\"},\"inLanguage\":\"fr-FR\",\"potentialAction\":[{\"@type\":\"ReadAction\",\"target\":[\"https:\\\/\\\/www.medulinriviera.info\\\/fr\\\/archeological-park-vizula\\\/the-legend-of-crispus\\\/\"]}]},{\"@type\":\"ImageObject\",\"inLanguage\":\"fr-FR\",\"@id\":\"https:\\\/\\\/www.medulinriviera.info\\\/fr\\\/archeological-park-vizula\\\/the-legend-of-crispus\\\/#primaryimage\",\"url\":\"https:\\\/\\\/www.medulinriviera.info\\\/wp-content\\\/uploads\\\/2020\\\/06\\\/crispo-header.jpg\",\"contentUrl\":\"https:\\\/\\\/www.medulinriviera.info\\\/wp-content\\\/uploads\\\/2020\\\/06\\\/crispo-header.jpg\",\"width\":1494,\"height\":885},{\"@type\":\"BreadcrumbList\",\"@id\":\"https:\\\/\\\/www.medulinriviera.info\\\/fr\\\/archeological-park-vizula\\\/the-legend-of-crispus\\\/#breadcrumb\",\"itemListElement\":[{\"@type\":\"ListItem\",\"position\":1,\"name\":\"Home\",\"item\":\"https:\\\/\\\/www.medulinriviera.info\\\/fr\\\/\"},{\"@type\":\"ListItem\",\"position\":2,\"name\":\"Parc arch\u00e9ologique Vi\u017eula\",\"item\":\"https:\\\/\\\/www.medulinriviera.info\\\/fr\\\/archeological-park-vizula\\\/\"},{\"@type\":\"ListItem\",\"position\":3,\"name\":\"La l\u00e9gende de Crispus\"}]},{\"@type\":\"WebSite\",\"@id\":\"https:\\\/\\\/www.medulinriviera.info\\\/fr\\\/#website\",\"url\":\"https:\\\/\\\/www.medulinriviera.info\\\/fr\\\/\",\"name\":\"Medulin Riviera\",\"description\":\"La Plan\u00e8te bleue\",\"publisher\":{\"@id\":\"https:\\\/\\\/www.medulinriviera.info\\\/fr\\\/#organization\"},\"potentialAction\":[{\"@type\":\"SearchAction\",\"target\":{\"@type\":\"EntryPoint\",\"urlTemplate\":\"https:\\\/\\\/www.medulinriviera.info\\\/fr\\\/?s={search_term_string}\"},\"query-input\":{\"@type\":\"PropertyValueSpecification\",\"valueRequired\":true,\"valueName\":\"search_term_string\"}}],\"inLanguage\":\"fr-FR\"},{\"@type\":\"Organization\",\"@id\":\"https:\\\/\\\/www.medulinriviera.info\\\/fr\\\/#organization\",\"name\":\"Medulin Riviera\",\"url\":\"https:\\\/\\\/www.medulinriviera.info\\\/fr\\\/\",\"logo\":{\"@type\":\"ImageObject\",\"inLanguage\":\"fr-FR\",\"@id\":\"https:\\\/\\\/www.medulinriviera.info\\\/fr\\\/#\\\/schema\\\/logo\\\/image\\\/\",\"url\":\"https:\\\/\\\/www.medulinriviera.info\\\/wp-content\\\/uploads\\\/2020\\\/06\\\/logo-alt.png\",\"contentUrl\":\"https:\\\/\\\/www.medulinriviera.info\\\/wp-content\\\/uploads\\\/2020\\\/06\\\/logo-alt.png\",\"width\":264,\"height\":78,\"caption\":\"Medulin Riviera\"},\"image\":{\"@id\":\"https:\\\/\\\/www.medulinriviera.info\\\/fr\\\/#\\\/schema\\\/logo\\\/image\\\/\"},\"sameAs\":[\"https:\\\/\\\/www.facebook.com\\\/medulinriviera\\\/\",\"https:\\\/\\\/www.instagram.com\\\/medulinriviera\\\/\",\"https:\\\/\\\/www.youtube.com\\\/channel\\\/UCYdC8kYbK9OEmlmeZydpumQ\"]}]}<\/script>\n<!-- \/ Yoast SEO plugin. -->","yoast_head_json":{"title":"La l\u00e9gende de Crispus - Medulin Riviera","robots":{"index":"index","follow":"follow","max-snippet":"max-snippet:-1","max-image-preview":"max-image-preview:large","max-video-preview":"max-video-preview:-1"},"canonical":"https:\/\/www.medulinriviera.info\/fr\/archeological-park-vizula\/the-legend-of-crispus\/","og_locale":"fr_FR","og_type":"article","og_title":"La l\u00e9gende de Crispus - Medulin Riviera","og_description":"L&rsquo;un des r\u00e9sidents les plus c\u00e9l\u00e8bres de la villa imp\u00e9riale de Vi\u017eula \u00e9tait C\u00e9sar Crispus (Flavius Julius Crispus), grand g\u00e9n\u00e9ral...","og_url":"https:\/\/www.medulinriviera.info\/fr\/archeological-park-vizula\/the-legend-of-crispus\/","og_site_name":"Medulin Riviera","article_publisher":"https:\/\/www.facebook.com\/medulinriviera\/","article_modified_time":"2025-07-10T13:20:09+00:00","og_image":[{"width":1494,"height":885,"url":"https:\/\/www.medulinriviera.info\/wp-content\/uploads\/2020\/06\/crispo-header.jpg","type":"image\/jpeg"}],"twitter_card":"summary_large_image","twitter_misc":{"Dur\u00e9e de lecture estim\u00e9e":"3 minutes"},"schema":{"@context":"https:\/\/schema.org","@graph":[{"@type":"WebPage","@id":"https:\/\/www.medulinriviera.info\/fr\/archeological-park-vizula\/the-legend-of-crispus\/","url":"https:\/\/www.medulinriviera.info\/fr\/archeological-park-vizula\/the-legend-of-crispus\/","name":"La l\u00e9gende de Crispus - Medulin Riviera","isPartOf":{"@id":"https:\/\/www.medulinriviera.info\/fr\/#website"},"primaryImageOfPage":{"@id":"https:\/\/www.medulinriviera.info\/fr\/archeological-park-vizula\/the-legend-of-crispus\/#primaryimage"},"image":{"@id":"https:\/\/www.medulinriviera.info\/fr\/archeological-park-vizula\/the-legend-of-crispus\/#primaryimage"},"thumbnailUrl":"https:\/\/www.medulinriviera.info\/wp-content\/uploads\/2020\/06\/crispo-header.jpg","datePublished":"2020-06-04T07:49:58+00:00","dateModified":"2025-07-10T13:20:09+00:00","breadcrumb":{"@id":"https:\/\/www.medulinriviera.info\/fr\/archeological-park-vizula\/the-legend-of-crispus\/#breadcrumb"},"inLanguage":"fr-FR","potentialAction":[{"@type":"ReadAction","target":["https:\/\/www.medulinriviera.info\/fr\/archeological-park-vizula\/the-legend-of-crispus\/"]}]},{"@type":"ImageObject","inLanguage":"fr-FR","@id":"https:\/\/www.medulinriviera.info\/fr\/archeological-park-vizula\/the-legend-of-crispus\/#primaryimage","url":"https:\/\/www.medulinriviera.info\/wp-content\/uploads\/2020\/06\/crispo-header.jpg","contentUrl":"https:\/\/www.medulinriviera.info\/wp-content\/uploads\/2020\/06\/crispo-header.jpg","width":1494,"height":885},{"@type":"BreadcrumbList","@id":"https:\/\/www.medulinriviera.info\/fr\/archeological-park-vizula\/the-legend-of-crispus\/#breadcrumb","itemListElement":[{"@type":"ListItem","position":1,"name":"Home","item":"https:\/\/www.medulinriviera.info\/fr\/"},{"@type":"ListItem","position":2,"name":"Parc arch\u00e9ologique Vi\u017eula","item":"https:\/\/www.medulinriviera.info\/fr\/archeological-park-vizula\/"},{"@type":"ListItem","position":3,"name":"La l\u00e9gende de Crispus"}]},{"@type":"WebSite","@id":"https:\/\/www.medulinriviera.info\/fr\/#website","url":"https:\/\/www.medulinriviera.info\/fr\/","name":"Medulin Riviera","description":"La Plan\u00e8te bleue","publisher":{"@id":"https:\/\/www.medulinriviera.info\/fr\/#organization"},"potentialAction":[{"@type":"SearchAction","target":{"@type":"EntryPoint","urlTemplate":"https:\/\/www.medulinriviera.info\/fr\/?s={search_term_string}"},"query-input":{"@type":"PropertyValueSpecification","valueRequired":true,"valueName":"search_term_string"}}],"inLanguage":"fr-FR"},{"@type":"Organization","@id":"https:\/\/www.medulinriviera.info\/fr\/#organization","name":"Medulin Riviera","url":"https:\/\/www.medulinriviera.info\/fr\/","logo":{"@type":"ImageObject","inLanguage":"fr-FR","@id":"https:\/\/www.medulinriviera.info\/fr\/#\/schema\/logo\/image\/","url":"https:\/\/www.medulinriviera.info\/wp-content\/uploads\/2020\/06\/logo-alt.png","contentUrl":"https:\/\/www.medulinriviera.info\/wp-content\/uploads\/2020\/06\/logo-alt.png","width":264,"height":78,"caption":"Medulin Riviera"},"image":{"@id":"https:\/\/www.medulinriviera.info\/fr\/#\/schema\/logo\/image\/"},"sameAs":["https:\/\/www.facebook.com\/medulinriviera\/","https:\/\/www.instagram.com\/medulinriviera\/","https:\/\/www.youtube.com\/channel\/UCYdC8kYbK9OEmlmeZydpumQ"]}]}},"wpml_current_locale":"fr_FR","wpml_translations":[{"locale":"hr","id":11186,"post_title":"Legenda o Krispu","href":"https:\/\/www.medulinriviera.info\/hr\/archeological-park-vizula\/the-legend-of-crispus\/"},{"locale":"en_US","id":10304,"post_title":"The legend of Crispus","href":"https:\/\/www.medulinriviera.info\/archeological-park-vizula\/the-legend-of-crispus\/"},{"locale":"de_DE","id":11188,"post_title":"Die Legende von Crispus","href":"https:\/\/www.medulinriviera.info\/de\/archeological-park-vizula\/the-legend-of-crispus\/"},{"locale":"it_IT","id":11189,"post_title":"La leggenda di Crispo","href":"https:\/\/www.medulinriviera.info\/it\/archeological-park-vizula\/the-legend-of-crispus\/"},{"locale":"sl_SI","id":11190,"post_title":"The legend of Crispus","href":"https:\/\/www.medulinriviera.info\/sl\/archeological-park-vizula\/the-legend-of-crispus\/"}],"_links":{"self":[{"href":"https:\/\/www.medulinriviera.info\/fr\/wp-json\/wp\/v2\/pages\/11187","targetHints":{"allow":["GET"]}}],"collection":[{"href":"https:\/\/www.medulinriviera.info\/fr\/wp-json\/wp\/v2\/pages"}],"about":[{"href":"https:\/\/www.medulinriviera.info\/fr\/wp-json\/wp\/v2\/types\/page"}],"author":[{"embeddable":true,"href":"https:\/\/www.medulinriviera.info\/fr\/wp-json\/wp\/v2\/users\/1"}],"replies":[{"embeddable":true,"href":"https:\/\/www.medulinriviera.info\/fr\/wp-json\/wp\/v2\/comments?post=11187"}],"version-history":[{"count":1,"href":"https:\/\/www.medulinriviera.info\/fr\/wp-json\/wp\/v2\/pages\/11187\/revisions"}],"predecessor-version":[{"id":36501,"href":"https:\/\/www.medulinriviera.info\/fr\/wp-json\/wp\/v2\/pages\/11187\/revisions\/36501"}],"up":[{"embeddable":true,"href":"https:\/\/www.medulinriviera.info\/fr\/wp-json\/wp\/v2\/pages\/10859"}],"wp:featuredmedia":[{"embeddable":true,"href":"https:\/\/www.medulinriviera.info\/fr\/wp-json\/wp\/v2\/media\/10797"}],"wp:attachment":[{"href":"https:\/\/www.medulinriviera.info\/fr\/wp-json\/wp\/v2\/media?parent=11187"}],"wp:term":[{"taxonomy":"classificator","embeddable":true,"href":"https:\/\/www.medulinriviera.info\/fr\/wp-json\/wp\/v2\/classificator?post=11187"}],"curies":[{"name":"wp","href":"https:\/\/api.w.org\/{rel}","templated":true}]}}