{"id":10859,"date":"2020-06-03T13:39:27","date_gmt":"2020-06-03T11:39:27","guid":{"rendered":"http:\/\/www.medulinriviera.info\/archeological-park-vizula\/"},"modified":"2025-09-10T12:56:55","modified_gmt":"2025-09-10T10:56:55","slug":"archeological-park-vizula","status":"publish","type":"page","link":"https:\/\/www.medulinriviera.info\/fr\/archeological-park-vizula\/","title":{"rendered":"Parc arch\u00e9ologique Vi\u017eula"},"content":{"rendered":"\n<h3 class=\"wp-block-heading\">BIENVENUE A VI\u017dULA, UN LIEU AU PASSE ANTIQUE EXCEPTIONNEL<\/h3>\n\n\n\n<p>Autrefois village de p\u00eacheurs, Medulin est aujourd&rsquo;hui, avec pr\u00e8s d&rsquo;un demi-million de touristes par an, l&rsquo;un des champions du tourisme croate. Tout pr\u00e8s de la foule de touristes, au c\u0153ur m\u00eame de Medulin, se trouve la p\u00e9ninsule de Vi\u017eula, un lieu calme et riche d&rsquo;un pass\u00e9 s\u00e9culaire.<\/p>\n\n\n\n<figure class=\"wp-block-image size-large is-resized\"><img loading=\"lazy\" decoding=\"async\" width=\"800\" height=\"533\" src=\"http:\/\/www.medulinriviera.info\/wp-content\/uploads\/2020\/06\/tzom_vizula1.jpg\" alt=\"\" class=\"wp-image-10864\" style=\"width:800px;height:533px\" srcset=\"https:\/\/www.medulinriviera.info\/wp-content\/uploads\/2020\/06\/tzom_vizula1.jpg 800w, https:\/\/www.medulinriviera.info\/wp-content\/uploads\/2020\/06\/tzom_vizula1-300x200.jpg 300w, https:\/\/www.medulinriviera.info\/wp-content\/uploads\/2020\/06\/tzom_vizula1-768x512.jpg 768w\" sizes=\"auto, (max-width: 800px) 100vw, 800px\" \/><\/figure>\n\n\n\n<div class=\"wp-block-columns is-layout-flex wp-container-core-columns-is-layout-9d6595d7 wp-block-columns-is-layout-flex\">\n<div class=\"wp-block-column is-layout-flow wp-block-column-is-layout-flow\" style=\"flex-basis:66.66%\">\n<p>C\u2019est l\u00e0 qu\u2019a \u00e9t\u00e9 am\u00e9nag\u00e9 le nouveau parc arch\u00e9ologique multim\u00e9dia dans le cadre du projet \u00ab&nbsp;Parc arch\u00e9ologique de Vi\u017eula&nbsp;\u00bb pour lequel, en 2016, la Municipalit\u00e9 de Medulin avait fait une demande de financement du fond europ\u00e9en pour le d\u00e9veloppement r\u00e9gional intitul\u00e9 \u00ab&nbsp;Pr\u00e9paration et mise en \u0153uvre des programmes de d\u00e9veloppement int\u00e9gr\u00e9 fond\u00e9s sur la r\u00e9habilitation du patrimoine culturel\u00bb<\/p>\n\n\n\n<figure class=\"wp-block-image size-large is-resized\"><img loading=\"lazy\" decoding=\"async\" width=\"800\" height=\"533\" src=\"http:\/\/www.medulinriviera.info\/wp-content\/uploads\/2020\/06\/7_sebo.jpg\" alt=\"\" class=\"wp-image-10870\" style=\"width:800px;height:533px\" srcset=\"https:\/\/www.medulinriviera.info\/wp-content\/uploads\/2020\/06\/7_sebo.jpg 800w, https:\/\/www.medulinriviera.info\/wp-content\/uploads\/2020\/06\/7_sebo-300x200.jpg 300w, https:\/\/www.medulinriviera.info\/wp-content\/uploads\/2020\/06\/7_sebo-768x512.jpg 768w\" sizes=\"auto, (max-width: 800px) 100vw, 800px\" \/><\/figure>\n\n\n\n<p>Les traces arch\u00e9ologiques de cette zone de 26 hectares s&rsquo;\u00e9tendent du n\u00e9olithique \u00e0 la fin de l&rsquo;Antiquit\u00e9 et au d\u00e9but du Moyen \u00c2ge. La d\u00e9couverte la plus importante \u00e0 Vi\u017eula concerne les vestiges d\u2019une ancienne villa qui, en raison de ses dimensions impressionnantes, de son architecture monumentale, de sa riche d\u00e9coration, de ses mosa\u00efques magnifiques et de son marbre de qualit\u00e9, est l\u2019une des villas r\u00e9sidentielles maritimes les plus belles, les plus spacieuses et les plus luxueuses de l&#8217;empire romain sur la c\u00f4te orientale de l&rsquo;Adriatique.<\/p>\n\n\n\n<figure class=\"wp-block-image size-large is-resized\"><img loading=\"lazy\" decoding=\"async\" width=\"800\" height=\"533\" src=\"http:\/\/www.medulinriviera.info\/wp-content\/uploads\/2020\/06\/22_sebo.jpg\" alt=\"\" class=\"wp-image-10876\" style=\"width:800px;height:533px\" srcset=\"https:\/\/www.medulinriviera.info\/wp-content\/uploads\/2020\/06\/22_sebo.jpg 800w, https:\/\/www.medulinriviera.info\/wp-content\/uploads\/2020\/06\/22_sebo-300x200.jpg 300w, https:\/\/www.medulinriviera.info\/wp-content\/uploads\/2020\/06\/22_sebo-768x512.jpg 768w\" sizes=\"auto, (max-width: 800px) 100vw, 800px\" \/><\/figure>\n\n\n\n<p>Le parc a \u00e9t\u00e9 con\u00e7u pour r\u00e9pondre aux attentes des enfants et des adultes et comprend deux bars, des aires de jeux pour enfants, un parc \u00e0 sensations fortes, une sc\u00e8ne pour divers \u00e9v\u00e9nements dans l&rsquo;ancienne carri\u00e8re, une \u00e9cole d&rsquo;arch\u00e9ologie et un jardin antique. Toutes les informations peuvent \u00eatre obtenues imm\u00e9diatement \u00e0 l\u2019entr\u00e9e, au point d&rsquo;information, o\u00f9 il sera \u00e9galement possible de louer des tablettes (pendant les mois d&rsquo;\u00e9t\u00e9), permettant de profiter de visualisations de la somptueuse villa antique reconstitu\u00e9e et de ses diff\u00e9rentes parties. Le parc comprend \u00e9galement des bancs intelligents, un arbre \u00e9lectronique, un point d&rsquo;acc\u00e8s sans fil, des panneaux explicatifs comprenant des textes en braille et donc accessibles aux personnes aveugles et malvoyants, ainsi qu&rsquo;une carte tactile circulaire. Toute la p\u00e9ninsule est sous vid\u00e9o-surveillance.<\/p>\n\n\n\n<p><strong>Heures d&rsquo;ouverture du point Info \u00e0 l&rsquo;entr\u00e9e:<\/strong><br>Du 1er juillet au 30 septembre 2025\u00a0:<br>Du lundi au vendredi, de 8&nbsp;h \u00e0 21&nbsp;h<br>Samedi et dimanche, de 8&nbsp;h \u00e0 15&nbsp;h<\/p>\n\n\n\n<p><\/p>\n\n\n\n<h3 class=\"wp-block-heading\">Bienvenue \u00e0 Vi\u017eula!<\/h3>\n\n\n\n<p>promenez-vous dans une zone d&rsquo;histoire antique remarquable, impr\u00e9gnez-vous de l&rsquo;atmosph\u00e8re m\u00e9diterran\u00e9enne de la Rome imp\u00e9riale, d\u00e9tendez-vous et regardez en direct des images d&rsquo;histoire arch\u00e9ologique mill\u00e9naire. Car une visite \u00e0 Vi\u017eula est b\u00e9n\u00e9fique et enrichissante \u00e0 la fois.<\/p>\n<\/div>\n\n\n\n<div class=\"wp-block-column is-layout-flow wp-block-column-is-layout-flow\" style=\"flex-basis:33.33%\">\n<div class=\"wp-block-group\"><div class=\"wp-block-group__inner-container is-layout-flow wp-block-group-is-layout-flow\">\n<div class=\"wp-block-group p-3 has-very-light-gray-background-color has-background\"><div class=\"wp-block-group__inner-container is-layout-flow wp-block-group-is-layout-flow\">\n<p>ILe porteur du projet est la municipalit\u00e9 de Medulin et ses partenaires l&rsquo;Office du tourisme de Medulin, l&rsquo;Institut des sciences sociales \u00ab Ivo Pilar \u00bb, l&rsquo;Universit\u00e9 de Pula &#8211; Facult\u00e9 des sciences \u00e9conomiques et du tourisme \u00ab Dr. Mijo Mirkovi\u0107 \u00bb, l&rsquo;Institut croate de conservation et l&rsquo;institution publique Kamenjak.<\/p>\n\n\n\n<p>L\u2019objectif du projet est de fournir aux visiteurs une touche authentique d\u2019un esprit antique ressuscit\u00e9 dans un environnement naturel calme gr\u00e2ce \u00e0 des unit\u00e9s reli\u00e9es par th\u00e8me et de contribuer au d\u00e9veloppement social et \u00e9conomique durable de Medulin en tant que destination touristique et culturelle reconnue en promouvant et revitalisant son patrimoine culturel.<\/p>\n\n\n\n<p>Dans le cadre du projet, qui a officiellement d\u00e9but\u00e9 le 1er septembre 2017 et dure jusqu&rsquo;au 1er septembre 2019, il est pr\u00e9vu de mettre en valeur de mani\u00e8re appropri\u00e9e le site arch\u00e9ologique par sa restauration, sa pr\u00e9sentation et sa promotion, et d&rsquo;augmenter le nombre de visiteurs et de prolonger la saison touristique gr\u00e2ce \u00e0 des \u00e9quipements culturels, touristiques et \u00e9ducatifs attractifs. En outre, le d\u00e9veloppement du syst\u00e8me de gestion et les investissements dans l&rsquo;infrastructure et les installations annexes du parc arch\u00e9ologique de Vi\u017eula visent \u00e0 encourager la cr\u00e9ation de nouveaux emplois et \u00e0 attirer les entrepreneurs de petite et moyenne taille.<\/p>\n\n\n\n<p>La valeur totale du projet, pour lequel un accord de subvention a \u00e9t\u00e9 sign\u00e9e le 27 avril 2017, est de 19 645 579,23 kuna, dont 16 040 624,19 kuna ont \u00e9t\u00e9 accord\u00e9s par le Fond europ\u00e9en de d\u00e9veloppement r\u00e9gional. Le projet comprend des investissements dans la protection, la reconstruction, la revitalisation et l&rsquo;interpr\u00e9tation de sites arch\u00e9ologiques terrestres et sous-marins, la conception et l&rsquo;\u00e9quipement de sentiers de promenade, ainsi que le d\u00e9veloppement de contenus culturels et touristiques pour les visiteurs du patrimoine culturel. En outre, il inclut l\u2019enseignement sur la gestion durable et la pr\u00e9sentation du patrimoine culturel, ainsi que l&rsquo;image de marque, le marketing et la promotion du parc arch\u00e9ologique Vi\u017eula, mais aussi de toute la destination.<\/p>\n<\/div><\/div>\n<\/div><\/div>\n\n\n\n<p><\/p>\n<\/div>\n<\/div>\n","protected":false},"excerpt":{"rendered":"<p>BIENVENUE A VI\u017dULA, UN LIEU AU PASSE ANTIQUE EXCEPTIONNEL Autrefois village de p\u00eacheurs, Medulin est aujourd&rsquo;hui, avec pr\u00e8s d&rsquo;un demi-million&#8230;<\/p>\n","protected":false},"author":1,"featured_media":9866,"parent":0,"menu_order":0,"comment_status":"closed","ping_status":"closed","template":"tpl-vizula.php","meta":{"_acf_changed":false,"footnotes":""},"classificator":[],"class_list":["post-10859","page","type-page","status-publish","has-post-thumbnail","hentry"],"acf":{"video":"","gallery":[11158,11152,11146,11140,11134,11128,11122,10936,11006,10995,10988,10969,10963,10955,10942,10929,10920,10877,10871,10865]},"yoast_head":"<!-- This site is optimized with the Yoast SEO plugin v27.6 - https:\/\/yoast.com\/product\/yoast-seo-wordpress\/ -->\n<title>Parc arch\u00e9ologique Vi\u017eula - Medulin Riviera<\/title>\n<meta name=\"robots\" content=\"index, follow, max-snippet:-1, max-image-preview:large, max-video-preview:-1\" \/>\n<link rel=\"canonical\" href=\"https:\/\/www.medulinriviera.info\/fr\/archeological-park-vizula\/\" \/>\n<meta property=\"og:locale\" content=\"fr_FR\" \/>\n<meta property=\"og:type\" content=\"article\" \/>\n<meta property=\"og:title\" content=\"Parc arch\u00e9ologique Vi\u017eula - Medulin Riviera\" \/>\n<meta property=\"og:description\" content=\"BIENVENUE A VI\u017dULA, UN LIEU AU PASSE ANTIQUE EXCEPTIONNEL Autrefois village de p\u00eacheurs, Medulin est aujourd&rsquo;hui, avec pr\u00e8s d&rsquo;un demi-million...\" \/>\n<meta property=\"og:url\" content=\"https:\/\/www.medulinriviera.info\/fr\/archeological-park-vizula\/\" \/>\n<meta property=\"og:site_name\" content=\"Medulin Riviera\" \/>\n<meta property=\"article:publisher\" content=\"https:\/\/www.facebook.com\/medulinriviera\/\" \/>\n<meta property=\"article:modified_time\" content=\"2025-09-10T10:56:55+00:00\" \/>\n<meta property=\"og:image\" content=\"https:\/\/www.medulinriviera.info\/wp-content\/uploads\/2020\/06\/villa-vizula.jpg\" \/>\n\t<meta property=\"og:image:width\" content=\"1500\" \/>\n\t<meta property=\"og:image:height\" content=\"900\" \/>\n\t<meta property=\"og:image:type\" content=\"image\/jpeg\" \/>\n<meta name=\"twitter:card\" content=\"summary_large_image\" \/>\n<meta name=\"twitter:label1\" content=\"Dur\u00e9e de lecture estim\u00e9e\" \/>\n\t<meta name=\"twitter:data1\" content=\"5 minutes\" \/>\n<script type=\"application\/ld+json\" class=\"yoast-schema-graph\">{\"@context\":\"https:\\\/\\\/schema.org\",\"@graph\":[{\"@type\":\"WebPage\",\"@id\":\"https:\\\/\\\/www.medulinriviera.info\\\/fr\\\/archeological-park-vizula\\\/\",\"url\":\"https:\\\/\\\/www.medulinriviera.info\\\/fr\\\/archeological-park-vizula\\\/\",\"name\":\"Parc arch\u00e9ologique Vi\u017eula - Medulin Riviera\",\"isPartOf\":{\"@id\":\"https:\\\/\\\/www.medulinriviera.info\\\/fr\\\/#website\"},\"primaryImageOfPage\":{\"@id\":\"https:\\\/\\\/www.medulinriviera.info\\\/fr\\\/archeological-park-vizula\\\/#primaryimage\"},\"image\":{\"@id\":\"https:\\\/\\\/www.medulinriviera.info\\\/fr\\\/archeological-park-vizula\\\/#primaryimage\"},\"thumbnailUrl\":\"https:\\\/\\\/www.medulinriviera.info\\\/wp-content\\\/uploads\\\/2020\\\/06\\\/villa-vizula.jpg\",\"datePublished\":\"2020-06-03T11:39:27+00:00\",\"dateModified\":\"2025-09-10T10:56:55+00:00\",\"breadcrumb\":{\"@id\":\"https:\\\/\\\/www.medulinriviera.info\\\/fr\\\/archeological-park-vizula\\\/#breadcrumb\"},\"inLanguage\":\"fr-FR\",\"potentialAction\":[{\"@type\":\"ReadAction\",\"target\":[\"https:\\\/\\\/www.medulinriviera.info\\\/fr\\\/archeological-park-vizula\\\/\"]}]},{\"@type\":\"ImageObject\",\"inLanguage\":\"fr-FR\",\"@id\":\"https:\\\/\\\/www.medulinriviera.info\\\/fr\\\/archeological-park-vizula\\\/#primaryimage\",\"url\":\"https:\\\/\\\/www.medulinriviera.info\\\/wp-content\\\/uploads\\\/2020\\\/06\\\/villa-vizula.jpg\",\"contentUrl\":\"https:\\\/\\\/www.medulinriviera.info\\\/wp-content\\\/uploads\\\/2020\\\/06\\\/villa-vizula.jpg\",\"width\":1500,\"height\":900},{\"@type\":\"BreadcrumbList\",\"@id\":\"https:\\\/\\\/www.medulinriviera.info\\\/fr\\\/archeological-park-vizula\\\/#breadcrumb\",\"itemListElement\":[{\"@type\":\"ListItem\",\"position\":1,\"name\":\"Home\",\"item\":\"https:\\\/\\\/www.medulinriviera.info\\\/fr\\\/\"},{\"@type\":\"ListItem\",\"position\":2,\"name\":\"Parc arch\u00e9ologique Vi\u017eula\"}]},{\"@type\":\"WebSite\",\"@id\":\"https:\\\/\\\/www.medulinriviera.info\\\/fr\\\/#website\",\"url\":\"https:\\\/\\\/www.medulinriviera.info\\\/fr\\\/\",\"name\":\"Medulin Riviera\",\"description\":\"La Plan\u00e8te bleue\",\"publisher\":{\"@id\":\"https:\\\/\\\/www.medulinriviera.info\\\/fr\\\/#organization\"},\"potentialAction\":[{\"@type\":\"SearchAction\",\"target\":{\"@type\":\"EntryPoint\",\"urlTemplate\":\"https:\\\/\\\/www.medulinriviera.info\\\/fr\\\/?s={search_term_string}\"},\"query-input\":{\"@type\":\"PropertyValueSpecification\",\"valueRequired\":true,\"valueName\":\"search_term_string\"}}],\"inLanguage\":\"fr-FR\"},{\"@type\":\"Organization\",\"@id\":\"https:\\\/\\\/www.medulinriviera.info\\\/fr\\\/#organization\",\"name\":\"Medulin Riviera\",\"url\":\"https:\\\/\\\/www.medulinriviera.info\\\/fr\\\/\",\"logo\":{\"@type\":\"ImageObject\",\"inLanguage\":\"fr-FR\",\"@id\":\"https:\\\/\\\/www.medulinriviera.info\\\/fr\\\/#\\\/schema\\\/logo\\\/image\\\/\",\"url\":\"https:\\\/\\\/www.medulinriviera.info\\\/wp-content\\\/uploads\\\/2020\\\/06\\\/logo-alt.png\",\"contentUrl\":\"https:\\\/\\\/www.medulinriviera.info\\\/wp-content\\\/uploads\\\/2020\\\/06\\\/logo-alt.png\",\"width\":264,\"height\":78,\"caption\":\"Medulin Riviera\"},\"image\":{\"@id\":\"https:\\\/\\\/www.medulinriviera.info\\\/fr\\\/#\\\/schema\\\/logo\\\/image\\\/\"},\"sameAs\":[\"https:\\\/\\\/www.facebook.com\\\/medulinriviera\\\/\",\"https:\\\/\\\/www.instagram.com\\\/medulinriviera\\\/\",\"https:\\\/\\\/www.youtube.com\\\/channel\\\/UCYdC8kYbK9OEmlmeZydpumQ\"]}]}<\/script>\n<!-- \/ Yoast SEO plugin. -->","yoast_head_json":{"title":"Parc arch\u00e9ologique Vi\u017eula - Medulin Riviera","robots":{"index":"index","follow":"follow","max-snippet":"max-snippet:-1","max-image-preview":"max-image-preview:large","max-video-preview":"max-video-preview:-1"},"canonical":"https:\/\/www.medulinriviera.info\/fr\/archeological-park-vizula\/","og_locale":"fr_FR","og_type":"article","og_title":"Parc arch\u00e9ologique Vi\u017eula - Medulin Riviera","og_description":"BIENVENUE A VI\u017dULA, UN LIEU AU PASSE ANTIQUE EXCEPTIONNEL Autrefois village de p\u00eacheurs, Medulin est aujourd&rsquo;hui, avec pr\u00e8s d&rsquo;un demi-million...","og_url":"https:\/\/www.medulinriviera.info\/fr\/archeological-park-vizula\/","og_site_name":"Medulin Riviera","article_publisher":"https:\/\/www.facebook.com\/medulinriviera\/","article_modified_time":"2025-09-10T10:56:55+00:00","og_image":[{"width":1500,"height":900,"url":"https:\/\/www.medulinriviera.info\/wp-content\/uploads\/2020\/06\/villa-vizula.jpg","type":"image\/jpeg"}],"twitter_card":"summary_large_image","twitter_misc":{"Dur\u00e9e de lecture estim\u00e9e":"5 minutes"},"schema":{"@context":"https:\/\/schema.org","@graph":[{"@type":"WebPage","@id":"https:\/\/www.medulinriviera.info\/fr\/archeological-park-vizula\/","url":"https:\/\/www.medulinriviera.info\/fr\/archeological-park-vizula\/","name":"Parc arch\u00e9ologique Vi\u017eula - Medulin Riviera","isPartOf":{"@id":"https:\/\/www.medulinriviera.info\/fr\/#website"},"primaryImageOfPage":{"@id":"https:\/\/www.medulinriviera.info\/fr\/archeological-park-vizula\/#primaryimage"},"image":{"@id":"https:\/\/www.medulinriviera.info\/fr\/archeological-park-vizula\/#primaryimage"},"thumbnailUrl":"https:\/\/www.medulinriviera.info\/wp-content\/uploads\/2020\/06\/villa-vizula.jpg","datePublished":"2020-06-03T11:39:27+00:00","dateModified":"2025-09-10T10:56:55+00:00","breadcrumb":{"@id":"https:\/\/www.medulinriviera.info\/fr\/archeological-park-vizula\/#breadcrumb"},"inLanguage":"fr-FR","potentialAction":[{"@type":"ReadAction","target":["https:\/\/www.medulinriviera.info\/fr\/archeological-park-vizula\/"]}]},{"@type":"ImageObject","inLanguage":"fr-FR","@id":"https:\/\/www.medulinriviera.info\/fr\/archeological-park-vizula\/#primaryimage","url":"https:\/\/www.medulinriviera.info\/wp-content\/uploads\/2020\/06\/villa-vizula.jpg","contentUrl":"https:\/\/www.medulinriviera.info\/wp-content\/uploads\/2020\/06\/villa-vizula.jpg","width":1500,"height":900},{"@type":"BreadcrumbList","@id":"https:\/\/www.medulinriviera.info\/fr\/archeological-park-vizula\/#breadcrumb","itemListElement":[{"@type":"ListItem","position":1,"name":"Home","item":"https:\/\/www.medulinriviera.info\/fr\/"},{"@type":"ListItem","position":2,"name":"Parc arch\u00e9ologique Vi\u017eula"}]},{"@type":"WebSite","@id":"https:\/\/www.medulinriviera.info\/fr\/#website","url":"https:\/\/www.medulinriviera.info\/fr\/","name":"Medulin Riviera","description":"La Plan\u00e8te bleue","publisher":{"@id":"https:\/\/www.medulinriviera.info\/fr\/#organization"},"potentialAction":[{"@type":"SearchAction","target":{"@type":"EntryPoint","urlTemplate":"https:\/\/www.medulinriviera.info\/fr\/?s={search_term_string}"},"query-input":{"@type":"PropertyValueSpecification","valueRequired":true,"valueName":"search_term_string"}}],"inLanguage":"fr-FR"},{"@type":"Organization","@id":"https:\/\/www.medulinriviera.info\/fr\/#organization","name":"Medulin Riviera","url":"https:\/\/www.medulinriviera.info\/fr\/","logo":{"@type":"ImageObject","inLanguage":"fr-FR","@id":"https:\/\/www.medulinriviera.info\/fr\/#\/schema\/logo\/image\/","url":"https:\/\/www.medulinriviera.info\/wp-content\/uploads\/2020\/06\/logo-alt.png","contentUrl":"https:\/\/www.medulinriviera.info\/wp-content\/uploads\/2020\/06\/logo-alt.png","width":264,"height":78,"caption":"Medulin Riviera"},"image":{"@id":"https:\/\/www.medulinriviera.info\/fr\/#\/schema\/logo\/image\/"},"sameAs":["https:\/\/www.facebook.com\/medulinriviera\/","https:\/\/www.instagram.com\/medulinriviera\/","https:\/\/www.youtube.com\/channel\/UCYdC8kYbK9OEmlmeZydpumQ"]}]}},"wpml_current_locale":"fr_FR","wpml_translations":[{"locale":"hr","id":10858,"post_title":"Arheolo\u0161ki park Vi\u017eula","href":"https:\/\/www.medulinriviera.info\/hr\/archeological-park-vizula\/"},{"locale":"en_US","id":9811,"post_title":"Archeological Park Vi\u017eula","href":"https:\/\/www.medulinriviera.info\/archeological-park-vizula\/"},{"locale":"de_DE","id":10860,"post_title":"Arch\u00e4ologischer Park Vi\u017eula","href":"https:\/\/www.medulinriviera.info\/de\/archeological-park-vizula\/"},{"locale":"it_IT","id":10861,"post_title":"Parco archeologico Vi\u017eula","href":"https:\/\/www.medulinriviera.info\/it\/archeological-park-vizula\/"},{"locale":"sl_SI","id":10862,"post_title":"Archeological Park Vi\u017eula","href":"https:\/\/www.medulinriviera.info\/sl\/archeological-park-vizula\/"}],"_links":{"self":[{"href":"https:\/\/www.medulinriviera.info\/fr\/wp-json\/wp\/v2\/pages\/10859","targetHints":{"allow":["GET"]}}],"collection":[{"href":"https:\/\/www.medulinriviera.info\/fr\/wp-json\/wp\/v2\/pages"}],"about":[{"href":"https:\/\/www.medulinriviera.info\/fr\/wp-json\/wp\/v2\/types\/page"}],"author":[{"embeddable":true,"href":"https:\/\/www.medulinriviera.info\/fr\/wp-json\/wp\/v2\/users\/1"}],"replies":[{"embeddable":true,"href":"https:\/\/www.medulinriviera.info\/fr\/wp-json\/wp\/v2\/comments?post=10859"}],"version-history":[{"count":7,"href":"https:\/\/www.medulinriviera.info\/fr\/wp-json\/wp\/v2\/pages\/10859\/revisions"}],"predecessor-version":[{"id":37289,"href":"https:\/\/www.medulinriviera.info\/fr\/wp-json\/wp\/v2\/pages\/10859\/revisions\/37289"}],"acf:attachment":[{"embeddable":true,"href":"https:\/\/www.medulinriviera.info\/fr\/wp-json\/wp\/v2\/media\/10865"},{"embeddable":true,"href":"https:\/\/www.medulinriviera.info\/fr\/wp-json\/wp\/v2\/media\/10871"},{"embeddable":true,"href":"https:\/\/www.medulinriviera.info\/fr\/wp-json\/wp\/v2\/media\/10877"},{"embeddable":true,"href":"https:\/\/www.medulinriviera.info\/fr\/wp-json\/wp\/v2\/media\/10920"},{"embeddable":true,"href":"https:\/\/www.medulinriviera.info\/fr\/wp-json\/wp\/v2\/media\/10929"},{"embeddable":true,"href":"https:\/\/www.medulinriviera.info\/fr\/wp-json\/wp\/v2\/media\/10942"},{"embeddable":true,"href":"https:\/\/www.medulinriviera.info\/fr\/wp-json\/wp\/v2\/media\/10955"},{"embeddable":true,"href":"https:\/\/www.medulinriviera.info\/fr\/wp-json\/wp\/v2\/media\/10963"},{"embeddable":true,"href":"https:\/\/www.medulinriviera.info\/fr\/wp-json\/wp\/v2\/media\/10969"},{"embeddable":true,"href":"https:\/\/www.medulinriviera.info\/fr\/wp-json\/wp\/v2\/media\/10988"},{"embeddable":true,"href":"https:\/\/www.medulinriviera.info\/fr\/wp-json\/wp\/v2\/media\/10995"},{"embeddable":true,"href":"https:\/\/www.medulinriviera.info\/fr\/wp-json\/wp\/v2\/media\/11006"},{"embeddable":true,"href":"https:\/\/www.medulinriviera.info\/fr\/wp-json\/wp\/v2\/media\/10936"},{"embeddable":true,"href":"https:\/\/www.medulinriviera.info\/fr\/wp-json\/wp\/v2\/media\/11122"},{"embeddable":true,"href":"https:\/\/www.medulinriviera.info\/fr\/wp-json\/wp\/v2\/media\/11128"},{"embeddable":true,"href":"https:\/\/www.medulinriviera.info\/fr\/wp-json\/wp\/v2\/media\/11134"},{"embeddable":true,"href":"https:\/\/www.medulinriviera.info\/fr\/wp-json\/wp\/v2\/media\/11140"},{"embeddable":true,"href":"https:\/\/www.medulinriviera.info\/fr\/wp-json\/wp\/v2\/media\/11146"},{"embeddable":true,"href":"https:\/\/www.medulinriviera.info\/fr\/wp-json\/wp\/v2\/media\/11152"},{"embeddable":true,"href":"https:\/\/www.medulinriviera.info\/fr\/wp-json\/wp\/v2\/media\/11158"}],"wp:featuredmedia":[{"embeddable":true,"href":"https:\/\/www.medulinriviera.info\/fr\/wp-json\/wp\/v2\/media\/9866"}],"wp:attachment":[{"href":"https:\/\/www.medulinriviera.info\/fr\/wp-json\/wp\/v2\/media?parent=10859"}],"wp:term":[{"taxonomy":"classificator","embeddable":true,"href":"https:\/\/www.medulinriviera.info\/fr\/wp-json\/wp\/v2\/classificator?post=10859"}],"curies":[{"name":"wp","href":"https:\/\/api.w.org\/{rel}","templated":true}]}}