{"id":10851,"date":"2020-06-04T09:50:45","date_gmt":"2020-06-04T07:50:45","guid":{"rendered":"http:\/\/www.medulinriviera.info\/map\/"},"modified":"2025-07-10T15:59:35","modified_gmt":"2025-07-10T13:59:35","slug":"map","status":"publish","type":"page","link":"https:\/\/www.medulinriviera.info\/fr\/archeological-park-vizula\/map\/","title":{"rendered":"Carte du Parc"},"content":{"rendered":"\n<figure class=\"wp-block-image size-large\"><img loading=\"lazy\" decoding=\"async\" width=\"1024\" height=\"724\" src=\"http:\/\/www.medulinriviera.info\/wp-content\/uploads\/2020\/06\/Karta_Viz_ula_GB_DE_page_001-1024x724.jpg\" alt=\"\" class=\"wp-image-10314\" srcset=\"https:\/\/www.medulinriviera.info\/wp-content\/uploads\/2020\/06\/Karta_Viz_ula_GB_DE_page_001-1024x724.jpg 1024w, https:\/\/www.medulinriviera.info\/wp-content\/uploads\/2020\/06\/Karta_Viz_ula_GB_DE_page_001-300x212.jpg 300w, https:\/\/www.medulinriviera.info\/wp-content\/uploads\/2020\/06\/Karta_Viz_ula_GB_DE_page_001-768x543.jpg 768w, https:\/\/www.medulinriviera.info\/wp-content\/uploads\/2020\/06\/Karta_Viz_ula_GB_DE_page_001-1536x1086.jpg 1536w, https:\/\/www.medulinriviera.info\/wp-content\/uploads\/2020\/06\/Karta_Viz_ula_GB_DE_page_001.jpg 1754w\" sizes=\"auto, (max-width: 1024px) 100vw, 1024px\" \/><\/figure>\n\n\n\n<h2 class=\"wp-block-heading\">R\u00c8GLES DE CONDUITE DANS LE PARC ARCH\u00c9OLOGIQUE DE VI\u017dULA<\/h2>\n\n\n\n<p>Tous les visiteurs du parc arch\u00e9ologique de Vi\u017eula sont pri\u00e9s de respecter les r\u00e8gles de conduite et tout de respecter le patrimoine naturel et culturel de la localit\u00e9 pendant la visite du parc.<\/p>\n\n\n\n<ol class=\"wp-block-list\">\n<li>Acc\u00e8s interdit aux voitures et v\u00e9hicules \u00e0 moteur.<\/li>\n\n\n\n<li>Il est interdit d\u02cbancrer de bateaux.<\/li>\n\n\n\n<li>La grillade, le feu et tous les feux \u00e0 flamme ouverte sont absolument interdits.<\/li>\n\n\n\n<li>Il est interdit de faire le camping et de passer la nuit dans le parc.<\/li>\n\n\n\n<li>Afin de prot\u00e9ger le patrimoine culturel du site, il est interdit d\u02cbexcaver, d&rsquo;endommager et d\u02cbenlever des objets provenant de sites arch\u00e9ologiques (en mer ou sur terre), de sauter sur les murs et de d\u00e9truire le patrimoine sous quelque forme que ce soit.<\/li>\n\n\n\n<li>Il n&rsquo;est pas autoris\u00e9 de r\u00e9colter des plantes dans le jardin antique.<\/li>\n\n\n\n<li>Il est strictement interdit de jeter des d\u00e9chets \u00e0 la mer ou par terre.<\/li>\n\n\n\n<li>Les d\u00e9placements des visiteurs ne sont autoris\u00e9s que dans les zones, les itin\u00e9raires et les voies marqu\u00e9s et destin\u00e9s aux visites.<\/li>\n\n\n\n<li>Les chiens sont autoris\u00e9s d\u02cbentrer dans le parc en pr\u00e9sence du propri\u00e9taire et pendant la visite ils doivent \u00eatre tenues en laisse.<\/li>\n\n\n\n<li>L\u02cbendommagement de panneaux d&rsquo;information, \u00e9tiquettes de marquage, jeux, aires de repos, bancs, poubelles et autres \u00e9quipements utilitaires n\u02cbest pas autoris\u00e9.<\/li>\n\n\n\n<li>Pendant le s\u00e9jour, d\u00e9placement et visite du parc, les visiteurs sont oblig\u00e9s de respecter les instructions \u00e9crites sur les panneaux d\u2019information et sur les autres marquages du parc.<br>Point d`information<\/li>\n<\/ol>\n\n\n\n<p>Les horaires de 8 a  21 heures pendant la saison estivale (du 1er juillet au 15 septembre), et hors de saison si n\u00e9cessaire. Ordinateur tablette peuvent etre lou\u00e9es au point d`information.<\/p>\n\n\n\n<p>Toute la zone du Parc arch\u00e9ologique de Vi\u017eula est sous vid\u00e9o-surveillance.<\/p>\n\n\n\n<p>Profitez de la beaut\u00e9 naturelle et culturelle du parc et d\u00e9couvrez le pass\u00e9 antique de Vi\u017eula!<\/p>\n","protected":false},"excerpt":{"rendered":"<p>R\u00c8GLES DE CONDUITE DANS LE PARC ARCH\u00c9OLOGIQUE DE VI\u017dULA Tous les visiteurs du parc arch\u00e9ologique de Vi\u017eula sont pri\u00e9s de&#8230;<\/p>\n","protected":false},"author":1,"featured_media":11116,"parent":10859,"menu_order":15,"comment_status":"closed","ping_status":"closed","template":"tpl-vizula.php","meta":{"_acf_changed":false,"footnotes":""},"classificator":[],"class_list":["post-10851","page","type-page","status-publish","has-post-thumbnail","hentry"],"acf":{"video":"","gallery":""},"yoast_head":"<!-- This site is optimized with the Yoast SEO plugin v27.6 - https:\/\/yoast.com\/product\/yoast-seo-wordpress\/ -->\n<title>Carte du Parc - Medulin Riviera<\/title>\n<meta name=\"robots\" content=\"index, follow, max-snippet:-1, max-image-preview:large, max-video-preview:-1\" \/>\n<link rel=\"canonical\" href=\"https:\/\/www.medulinriviera.info\/fr\/archeological-park-vizula\/map\/\" \/>\n<meta property=\"og:locale\" content=\"fr_FR\" \/>\n<meta property=\"og:type\" content=\"article\" \/>\n<meta property=\"og:title\" content=\"Carte du Parc - Medulin Riviera\" \/>\n<meta property=\"og:description\" content=\"R\u00c8GLES DE CONDUITE DANS LE PARC ARCH\u00c9OLOGIQUE DE VI\u017dULA Tous les visiteurs du parc arch\u00e9ologique de Vi\u017eula sont pri\u00e9s de...\" \/>\n<meta property=\"og:url\" content=\"https:\/\/www.medulinriviera.info\/fr\/archeological-park-vizula\/map\/\" \/>\n<meta property=\"og:site_name\" content=\"Medulin Riviera\" \/>\n<meta property=\"article:publisher\" content=\"https:\/\/www.facebook.com\/medulinriviera\/\" \/>\n<meta property=\"article:modified_time\" content=\"2025-07-10T13:59:35+00:00\" \/>\n<meta property=\"og:image\" content=\"https:\/\/www.medulinriviera.info\/wp-content\/uploads\/2020\/06\/arh_setnja1.jpg\" \/>\n\t<meta property=\"og:image:width\" content=\"800\" \/>\n\t<meta property=\"og:image:height\" content=\"533\" \/>\n\t<meta property=\"og:image:type\" content=\"image\/jpeg\" \/>\n<meta name=\"twitter:card\" content=\"summary_large_image\" \/>\n<meta name=\"twitter:label1\" content=\"Dur\u00e9e de lecture estim\u00e9e\" \/>\n\t<meta name=\"twitter:data1\" content=\"2 minutes\" \/>\n<script type=\"application\/ld+json\" class=\"yoast-schema-graph\">{\"@context\":\"https:\\\/\\\/schema.org\",\"@graph\":[{\"@type\":\"WebPage\",\"@id\":\"https:\\\/\\\/www.medulinriviera.info\\\/fr\\\/archeological-park-vizula\\\/map\\\/\",\"url\":\"https:\\\/\\\/www.medulinriviera.info\\\/fr\\\/archeological-park-vizula\\\/map\\\/\",\"name\":\"Carte du Parc - Medulin Riviera\",\"isPartOf\":{\"@id\":\"https:\\\/\\\/www.medulinriviera.info\\\/fr\\\/#website\"},\"primaryImageOfPage\":{\"@id\":\"https:\\\/\\\/www.medulinriviera.info\\\/fr\\\/archeological-park-vizula\\\/map\\\/#primaryimage\"},\"image\":{\"@id\":\"https:\\\/\\\/www.medulinriviera.info\\\/fr\\\/archeological-park-vizula\\\/map\\\/#primaryimage\"},\"thumbnailUrl\":\"https:\\\/\\\/www.medulinriviera.info\\\/wp-content\\\/uploads\\\/2020\\\/06\\\/arh_setnja1.jpg\",\"datePublished\":\"2020-06-04T07:50:45+00:00\",\"dateModified\":\"2025-07-10T13:59:35+00:00\",\"breadcrumb\":{\"@id\":\"https:\\\/\\\/www.medulinriviera.info\\\/fr\\\/archeological-park-vizula\\\/map\\\/#breadcrumb\"},\"inLanguage\":\"fr-FR\",\"potentialAction\":[{\"@type\":\"ReadAction\",\"target\":[\"https:\\\/\\\/www.medulinriviera.info\\\/fr\\\/archeological-park-vizula\\\/map\\\/\"]}]},{\"@type\":\"ImageObject\",\"inLanguage\":\"fr-FR\",\"@id\":\"https:\\\/\\\/www.medulinriviera.info\\\/fr\\\/archeological-park-vizula\\\/map\\\/#primaryimage\",\"url\":\"https:\\\/\\\/www.medulinriviera.info\\\/wp-content\\\/uploads\\\/2020\\\/06\\\/arh_setnja1.jpg\",\"contentUrl\":\"https:\\\/\\\/www.medulinriviera.info\\\/wp-content\\\/uploads\\\/2020\\\/06\\\/arh_setnja1.jpg\",\"width\":800,\"height\":533},{\"@type\":\"BreadcrumbList\",\"@id\":\"https:\\\/\\\/www.medulinriviera.info\\\/fr\\\/archeological-park-vizula\\\/map\\\/#breadcrumb\",\"itemListElement\":[{\"@type\":\"ListItem\",\"position\":1,\"name\":\"Home\",\"item\":\"https:\\\/\\\/www.medulinriviera.info\\\/fr\\\/\"},{\"@type\":\"ListItem\",\"position\":2,\"name\":\"Parc arch\u00e9ologique Vi\u017eula\",\"item\":\"https:\\\/\\\/www.medulinriviera.info\\\/fr\\\/archeological-park-vizula\\\/\"},{\"@type\":\"ListItem\",\"position\":3,\"name\":\"Carte du Parc\"}]},{\"@type\":\"WebSite\",\"@id\":\"https:\\\/\\\/www.medulinriviera.info\\\/fr\\\/#website\",\"url\":\"https:\\\/\\\/www.medulinriviera.info\\\/fr\\\/\",\"name\":\"Medulin Riviera\",\"description\":\"La Plan\u00e8te bleue\",\"publisher\":{\"@id\":\"https:\\\/\\\/www.medulinriviera.info\\\/fr\\\/#organization\"},\"potentialAction\":[{\"@type\":\"SearchAction\",\"target\":{\"@type\":\"EntryPoint\",\"urlTemplate\":\"https:\\\/\\\/www.medulinriviera.info\\\/fr\\\/?s={search_term_string}\"},\"query-input\":{\"@type\":\"PropertyValueSpecification\",\"valueRequired\":true,\"valueName\":\"search_term_string\"}}],\"inLanguage\":\"fr-FR\"},{\"@type\":\"Organization\",\"@id\":\"https:\\\/\\\/www.medulinriviera.info\\\/fr\\\/#organization\",\"name\":\"Medulin Riviera\",\"url\":\"https:\\\/\\\/www.medulinriviera.info\\\/fr\\\/\",\"logo\":{\"@type\":\"ImageObject\",\"inLanguage\":\"fr-FR\",\"@id\":\"https:\\\/\\\/www.medulinriviera.info\\\/fr\\\/#\\\/schema\\\/logo\\\/image\\\/\",\"url\":\"https:\\\/\\\/www.medulinriviera.info\\\/wp-content\\\/uploads\\\/2020\\\/06\\\/logo-alt.png\",\"contentUrl\":\"https:\\\/\\\/www.medulinriviera.info\\\/wp-content\\\/uploads\\\/2020\\\/06\\\/logo-alt.png\",\"width\":264,\"height\":78,\"caption\":\"Medulin Riviera\"},\"image\":{\"@id\":\"https:\\\/\\\/www.medulinriviera.info\\\/fr\\\/#\\\/schema\\\/logo\\\/image\\\/\"},\"sameAs\":[\"https:\\\/\\\/www.facebook.com\\\/medulinriviera\\\/\",\"https:\\\/\\\/www.instagram.com\\\/medulinriviera\\\/\",\"https:\\\/\\\/www.youtube.com\\\/channel\\\/UCYdC8kYbK9OEmlmeZydpumQ\"]}]}<\/script>\n<!-- \/ Yoast SEO plugin. -->","yoast_head_json":{"title":"Carte du Parc - Medulin Riviera","robots":{"index":"index","follow":"follow","max-snippet":"max-snippet:-1","max-image-preview":"max-image-preview:large","max-video-preview":"max-video-preview:-1"},"canonical":"https:\/\/www.medulinriviera.info\/fr\/archeological-park-vizula\/map\/","og_locale":"fr_FR","og_type":"article","og_title":"Carte du Parc - Medulin Riviera","og_description":"R\u00c8GLES DE CONDUITE DANS LE PARC ARCH\u00c9OLOGIQUE DE VI\u017dULA Tous les visiteurs du parc arch\u00e9ologique de Vi\u017eula sont pri\u00e9s de...","og_url":"https:\/\/www.medulinriviera.info\/fr\/archeological-park-vizula\/map\/","og_site_name":"Medulin Riviera","article_publisher":"https:\/\/www.facebook.com\/medulinriviera\/","article_modified_time":"2025-07-10T13:59:35+00:00","og_image":[{"width":800,"height":533,"url":"https:\/\/www.medulinriviera.info\/wp-content\/uploads\/2020\/06\/arh_setnja1.jpg","type":"image\/jpeg"}],"twitter_card":"summary_large_image","twitter_misc":{"Dur\u00e9e de lecture estim\u00e9e":"2 minutes"},"schema":{"@context":"https:\/\/schema.org","@graph":[{"@type":"WebPage","@id":"https:\/\/www.medulinriviera.info\/fr\/archeological-park-vizula\/map\/","url":"https:\/\/www.medulinriviera.info\/fr\/archeological-park-vizula\/map\/","name":"Carte du Parc - Medulin Riviera","isPartOf":{"@id":"https:\/\/www.medulinriviera.info\/fr\/#website"},"primaryImageOfPage":{"@id":"https:\/\/www.medulinriviera.info\/fr\/archeological-park-vizula\/map\/#primaryimage"},"image":{"@id":"https:\/\/www.medulinriviera.info\/fr\/archeological-park-vizula\/map\/#primaryimage"},"thumbnailUrl":"https:\/\/www.medulinriviera.info\/wp-content\/uploads\/2020\/06\/arh_setnja1.jpg","datePublished":"2020-06-04T07:50:45+00:00","dateModified":"2025-07-10T13:59:35+00:00","breadcrumb":{"@id":"https:\/\/www.medulinriviera.info\/fr\/archeological-park-vizula\/map\/#breadcrumb"},"inLanguage":"fr-FR","potentialAction":[{"@type":"ReadAction","target":["https:\/\/www.medulinriviera.info\/fr\/archeological-park-vizula\/map\/"]}]},{"@type":"ImageObject","inLanguage":"fr-FR","@id":"https:\/\/www.medulinriviera.info\/fr\/archeological-park-vizula\/map\/#primaryimage","url":"https:\/\/www.medulinriviera.info\/wp-content\/uploads\/2020\/06\/arh_setnja1.jpg","contentUrl":"https:\/\/www.medulinriviera.info\/wp-content\/uploads\/2020\/06\/arh_setnja1.jpg","width":800,"height":533},{"@type":"BreadcrumbList","@id":"https:\/\/www.medulinriviera.info\/fr\/archeological-park-vizula\/map\/#breadcrumb","itemListElement":[{"@type":"ListItem","position":1,"name":"Home","item":"https:\/\/www.medulinriviera.info\/fr\/"},{"@type":"ListItem","position":2,"name":"Parc arch\u00e9ologique Vi\u017eula","item":"https:\/\/www.medulinriviera.info\/fr\/archeological-park-vizula\/"},{"@type":"ListItem","position":3,"name":"Carte du Parc"}]},{"@type":"WebSite","@id":"https:\/\/www.medulinriviera.info\/fr\/#website","url":"https:\/\/www.medulinriviera.info\/fr\/","name":"Medulin Riviera","description":"La Plan\u00e8te bleue","publisher":{"@id":"https:\/\/www.medulinriviera.info\/fr\/#organization"},"potentialAction":[{"@type":"SearchAction","target":{"@type":"EntryPoint","urlTemplate":"https:\/\/www.medulinriviera.info\/fr\/?s={search_term_string}"},"query-input":{"@type":"PropertyValueSpecification","valueRequired":true,"valueName":"search_term_string"}}],"inLanguage":"fr-FR"},{"@type":"Organization","@id":"https:\/\/www.medulinriviera.info\/fr\/#organization","name":"Medulin Riviera","url":"https:\/\/www.medulinriviera.info\/fr\/","logo":{"@type":"ImageObject","inLanguage":"fr-FR","@id":"https:\/\/www.medulinriviera.info\/fr\/#\/schema\/logo\/image\/","url":"https:\/\/www.medulinriviera.info\/wp-content\/uploads\/2020\/06\/logo-alt.png","contentUrl":"https:\/\/www.medulinriviera.info\/wp-content\/uploads\/2020\/06\/logo-alt.png","width":264,"height":78,"caption":"Medulin Riviera"},"image":{"@id":"https:\/\/www.medulinriviera.info\/fr\/#\/schema\/logo\/image\/"},"sameAs":["https:\/\/www.facebook.com\/medulinriviera\/","https:\/\/www.instagram.com\/medulinriviera\/","https:\/\/www.youtube.com\/channel\/UCYdC8kYbK9OEmlmeZydpumQ"]}]}},"wpml_current_locale":"fr_FR","wpml_translations":[{"locale":"hr","id":10850,"post_title":"Karta","href":"https:\/\/www.medulinriviera.info\/hr\/archeological-park-vizula\/map\/"},{"locale":"en_US","id":10310,"post_title":"Map","href":"https:\/\/www.medulinriviera.info\/archeological-park-vizula\/map\/"},{"locale":"de_DE","id":10852,"post_title":"Map","href":"https:\/\/www.medulinriviera.info\/de\/archeological-park-vizula\/map\/"},{"locale":"it_IT","id":10853,"post_title":"Map","href":"https:\/\/www.medulinriviera.info\/it\/archeological-park-vizula\/map\/"},{"locale":"sl_SI","id":10854,"post_title":"Map","href":"https:\/\/www.medulinriviera.info\/sl\/archeological-park-vizula\/map\/"}],"_links":{"self":[{"href":"https:\/\/www.medulinriviera.info\/fr\/wp-json\/wp\/v2\/pages\/10851","targetHints":{"allow":["GET"]}}],"collection":[{"href":"https:\/\/www.medulinriviera.info\/fr\/wp-json\/wp\/v2\/pages"}],"about":[{"href":"https:\/\/www.medulinriviera.info\/fr\/wp-json\/wp\/v2\/types\/page"}],"author":[{"embeddable":true,"href":"https:\/\/www.medulinriviera.info\/fr\/wp-json\/wp\/v2\/users\/1"}],"replies":[{"embeddable":true,"href":"https:\/\/www.medulinriviera.info\/fr\/wp-json\/wp\/v2\/comments?post=10851"}],"version-history":[{"count":1,"href":"https:\/\/www.medulinriviera.info\/fr\/wp-json\/wp\/v2\/pages\/10851\/revisions"}],"predecessor-version":[{"id":36516,"href":"https:\/\/www.medulinriviera.info\/fr\/wp-json\/wp\/v2\/pages\/10851\/revisions\/36516"}],"up":[{"embeddable":true,"href":"https:\/\/www.medulinriviera.info\/fr\/wp-json\/wp\/v2\/pages\/10859"}],"wp:featuredmedia":[{"embeddable":true,"href":"https:\/\/www.medulinriviera.info\/fr\/wp-json\/wp\/v2\/media\/11116"}],"wp:attachment":[{"href":"https:\/\/www.medulinriviera.info\/fr\/wp-json\/wp\/v2\/media?parent=10851"}],"wp:term":[{"taxonomy":"classificator","embeddable":true,"href":"https:\/\/www.medulinriviera.info\/fr\/wp-json\/wp\/v2\/classificator?post=10851"}],"curies":[{"name":"wp","href":"https:\/\/api.w.org\/{rel}","templated":true}]}}