{"id":10752,"date":"2020-06-04T10:31:53","date_gmt":"2020-06-04T08:31:53","guid":{"rendered":"http:\/\/www.medulinriviera.info\/the-magic-of-music\/the-amazing-sound-of-cave-romane\/"},"modified":"2025-06-16T13:09:58","modified_gmt":"2025-06-16T11:09:58","slug":"the-amazing-sound-of-cave-romane","status":"publish","type":"page","link":"https:\/\/www.medulinriviera.info\/fr\/the-magic-of-music\/the-amazing-sound-of-cave-romane\/","title":{"rendered":"Rocks&amp;Stars@CaveRomane\u00a0 Festival"},"content":{"rendered":"<div class=\"wp-block-image\">\n<figure class=\"aligncenter size-full\"><img loading=\"lazy\" decoding=\"async\" width=\"2000\" height=\"1334\" src=\"https:\/\/www.medulinriviera.info\/wp-content\/uploads\/2024\/04\/pkazaliste_cave24-270723.jpg\" alt=\"\" class=\"wp-image-31864\" srcset=\"https:\/\/www.medulinriviera.info\/wp-content\/uploads\/2024\/04\/pkazaliste_cave24-270723.jpg 2000w, https:\/\/www.medulinriviera.info\/wp-content\/uploads\/2024\/04\/pkazaliste_cave24-270723-300x200.jpg 300w, https:\/\/www.medulinriviera.info\/wp-content\/uploads\/2024\/04\/pkazaliste_cave24-270723-1600x1067.jpg 1600w, https:\/\/www.medulinriviera.info\/wp-content\/uploads\/2024\/04\/pkazaliste_cave24-270723-768x512.jpg 768w, https:\/\/www.medulinriviera.info\/wp-content\/uploads\/2024\/04\/pkazaliste_cave24-270723-1536x1025.jpg 1536w\" sizes=\"auto, (max-width: 2000px) 100vw, 2000px\" \/><\/figure>\n<\/div>\n\n\n<p class=\"has-text-align-center\">Cave Romane, une ancienne carri\u00e8re romaine \u00e0 Vinkuran \u00e0 partir de laquelle la pierre a \u00e9t\u00e9 extraite pour la construction de Pula Arena au 1er si\u00e8cle, est une sc\u00e8ne unique pour les concerts de musique. Cet espace fantastique a une excellente acoustique. Il y a environ un millier de places assises en parfaite harmonie avec la nature, ce qui offre une merveilleuse exp\u00e9rience musicale.<br>La carri\u00e8re est ouverte aux visiteurs, et nous vous recommandons vivement de vous promener dans son labyrinthe de blocs de pierre situ\u00e9 \u00e0 l&rsquo;entr\u00e9e avant le concert.<\/p>\n\n\n\n<div class=\"wp-block-cover is-light\"><span aria-hidden=\"true\" class=\"wp-block-cover__background has-background-dim\"><\/span><div class=\"wp-block-cover__inner-container is-layout-flow wp-block-cover-is-layout-flow\">\n<div class=\"wp-block-group\"><div class=\"wp-block-group__inner-container is-layout-flow wp-block-group-is-layout-flow\">\n<figure class=\"wp-block-gallery has-nested-images columns-default is-cropped wp-block-gallery-1 is-layout-flex wp-block-gallery-is-layout-flex\">\n<figure class=\"wp-block-image size-large\"><img loading=\"lazy\" decoding=\"async\" width=\"940\" height=\"627\" data-id=\"10670\" src=\"https:\/\/www.medulinriviera.info\/wp-content\/uploads\/2020\/06\/0c4fb2202141f1cda212.jpeg\" alt=\"\" class=\"wp-image-10670\" srcset=\"https:\/\/www.medulinriviera.info\/wp-content\/uploads\/2020\/06\/0c4fb2202141f1cda212.jpeg 940w, https:\/\/www.medulinriviera.info\/wp-content\/uploads\/2020\/06\/0c4fb2202141f1cda212-300x200.jpeg 300w, https:\/\/www.medulinriviera.info\/wp-content\/uploads\/2020\/06\/0c4fb2202141f1cda212-768x512.jpeg 768w\" sizes=\"auto, (max-width: 940px) 100vw, 940px\" \/><\/figure>\n\n\n\n<figure class=\"wp-block-image size-large\"><img loading=\"lazy\" decoding=\"async\" width=\"2560\" height=\"1707\" data-id=\"26669\" src=\"https:\/\/www.medulinriviera.info\/wp-content\/uploads\/2022\/10\/TZOM-RockStars-Festival2019-7-MedulinskaRivijera-scaled.jpg\" alt=\"\" class=\"wp-image-26669\" srcset=\"https:\/\/www.medulinriviera.info\/wp-content\/uploads\/2022\/10\/TZOM-RockStars-Festival2019-7-MedulinskaRivijera-scaled.jpg 2560w, https:\/\/www.medulinriviera.info\/wp-content\/uploads\/2022\/10\/TZOM-RockStars-Festival2019-7-MedulinskaRivijera-300x200.jpg 300w, https:\/\/www.medulinriviera.info\/wp-content\/uploads\/2022\/10\/TZOM-RockStars-Festival2019-7-MedulinskaRivijera-1600x1067.jpg 1600w, https:\/\/www.medulinriviera.info\/wp-content\/uploads\/2022\/10\/TZOM-RockStars-Festival2019-7-MedulinskaRivijera-768x512.jpg 768w, https:\/\/www.medulinriviera.info\/wp-content\/uploads\/2022\/10\/TZOM-RockStars-Festival2019-7-MedulinskaRivijera-1536x1024.jpg 1536w, https:\/\/www.medulinriviera.info\/wp-content\/uploads\/2022\/10\/TZOM-RockStars-Festival2019-7-MedulinskaRivijera-2048x1366.jpg 2048w\" sizes=\"auto, (max-width: 2560px) 100vw, 2560px\" \/><\/figure>\n\n\n\n<figure class=\"wp-block-image size-large\"><img loading=\"lazy\" decoding=\"async\" width=\"2560\" height=\"1707\" data-id=\"26693\" src=\"https:\/\/www.medulinriviera.info\/wp-content\/uploads\/2022\/10\/TZOM-RockStarsFestival2019-Tozzi20-MedulinskaRivjera-scaled.jpg\" alt=\"\" class=\"wp-image-26693\" srcset=\"https:\/\/www.medulinriviera.info\/wp-content\/uploads\/2022\/10\/TZOM-RockStarsFestival2019-Tozzi20-MedulinskaRivjera-scaled.jpg 2560w, https:\/\/www.medulinriviera.info\/wp-content\/uploads\/2022\/10\/TZOM-RockStarsFestival2019-Tozzi20-MedulinskaRivjera-300x200.jpg 300w, https:\/\/www.medulinriviera.info\/wp-content\/uploads\/2022\/10\/TZOM-RockStarsFestival2019-Tozzi20-MedulinskaRivjera-1600x1067.jpg 1600w, https:\/\/www.medulinriviera.info\/wp-content\/uploads\/2022\/10\/TZOM-RockStarsFestival2019-Tozzi20-MedulinskaRivjera-768x512.jpg 768w, https:\/\/www.medulinriviera.info\/wp-content\/uploads\/2022\/10\/TZOM-RockStarsFestival2019-Tozzi20-MedulinskaRivjera-1536x1024.jpg 1536w, https:\/\/www.medulinriviera.info\/wp-content\/uploads\/2022\/10\/TZOM-RockStarsFestival2019-Tozzi20-MedulinskaRivjera-2048x1366.jpg 2048w\" sizes=\"auto, (max-width: 2560px) 100vw, 2560px\" \/><\/figure>\n\n\n\n<figure class=\"wp-block-image size-large\"><img loading=\"lazy\" decoding=\"async\" width=\"2560\" height=\"1707\" data-id=\"26657\" src=\"https:\/\/www.medulinriviera.info\/wp-content\/uploads\/2022\/10\/TZOM-RockStarsFestival2019-Predstava5-MedulinskaRivjera-scaled.jpg\" alt=\"\" class=\"wp-image-26657\" srcset=\"https:\/\/www.medulinriviera.info\/wp-content\/uploads\/2022\/10\/TZOM-RockStarsFestival2019-Predstava5-MedulinskaRivjera-scaled.jpg 2560w, https:\/\/www.medulinriviera.info\/wp-content\/uploads\/2022\/10\/TZOM-RockStarsFestival2019-Predstava5-MedulinskaRivjera-300x200.jpg 300w, https:\/\/www.medulinriviera.info\/wp-content\/uploads\/2022\/10\/TZOM-RockStarsFestival2019-Predstava5-MedulinskaRivjera-1600x1067.jpg 1600w, https:\/\/www.medulinriviera.info\/wp-content\/uploads\/2022\/10\/TZOM-RockStarsFestival2019-Predstava5-MedulinskaRivjera-768x512.jpg 768w, https:\/\/www.medulinriviera.info\/wp-content\/uploads\/2022\/10\/TZOM-RockStarsFestival2019-Predstava5-MedulinskaRivjera-1536x1024.jpg 1536w, https:\/\/www.medulinriviera.info\/wp-content\/uploads\/2022\/10\/TZOM-RockStarsFestival2019-Predstava5-MedulinskaRivjera-2048x1366.jpg 2048w\" sizes=\"auto, (max-width: 2560px) 100vw, 2560px\" \/><\/figure>\n\n\n\n<figure class=\"wp-block-image size-large\"><img loading=\"lazy\" decoding=\"async\" width=\"2560\" height=\"1707\" data-id=\"24900\" src=\"https:\/\/www.medulinriviera.info\/wp-content\/uploads\/2022\/06\/TZOM-RockStarsFestival2019-Predstava2-MedulinskaRivjera-scaled.jpg\" alt=\"\" class=\"wp-image-24900\" srcset=\"https:\/\/www.medulinriviera.info\/wp-content\/uploads\/2022\/06\/TZOM-RockStarsFestival2019-Predstava2-MedulinskaRivjera-scaled.jpg 2560w, https:\/\/www.medulinriviera.info\/wp-content\/uploads\/2022\/06\/TZOM-RockStarsFestival2019-Predstava2-MedulinskaRivjera-300x200.jpg 300w, https:\/\/www.medulinriviera.info\/wp-content\/uploads\/2022\/06\/TZOM-RockStarsFestival2019-Predstava2-MedulinskaRivjera-1600x1067.jpg 1600w, https:\/\/www.medulinriviera.info\/wp-content\/uploads\/2022\/06\/TZOM-RockStarsFestival2019-Predstava2-MedulinskaRivjera-768x512.jpg 768w, https:\/\/www.medulinriviera.info\/wp-content\/uploads\/2022\/06\/TZOM-RockStarsFestival2019-Predstava2-MedulinskaRivjera-1536x1024.jpg 1536w, https:\/\/www.medulinriviera.info\/wp-content\/uploads\/2022\/06\/TZOM-RockStarsFestival2019-Predstava2-MedulinskaRivjera-2048x1366.jpg 2048w\" sizes=\"auto, (max-width: 2560px) 100vw, 2560px\" \/><\/figure>\n\n\n\n<figure class=\"wp-block-image size-large\"><img loading=\"lazy\" decoding=\"async\" width=\"2560\" height=\"1707\" data-id=\"26663\" src=\"https:\/\/www.medulinriviera.info\/wp-content\/uploads\/2022\/10\/TZOM-RockStarsFestival2019-Predstava14-MedulinskaRivjera-scaled.jpg\" alt=\"\" class=\"wp-image-26663\" srcset=\"https:\/\/www.medulinriviera.info\/wp-content\/uploads\/2022\/10\/TZOM-RockStarsFestival2019-Predstava14-MedulinskaRivjera-scaled.jpg 2560w, https:\/\/www.medulinriviera.info\/wp-content\/uploads\/2022\/10\/TZOM-RockStarsFestival2019-Predstava14-MedulinskaRivjera-300x200.jpg 300w, https:\/\/www.medulinriviera.info\/wp-content\/uploads\/2022\/10\/TZOM-RockStarsFestival2019-Predstava14-MedulinskaRivjera-1600x1067.jpg 1600w, https:\/\/www.medulinriviera.info\/wp-content\/uploads\/2022\/10\/TZOM-RockStarsFestival2019-Predstava14-MedulinskaRivjera-768x512.jpg 768w, https:\/\/www.medulinriviera.info\/wp-content\/uploads\/2022\/10\/TZOM-RockStarsFestival2019-Predstava14-MedulinskaRivjera-1536x1024.jpg 1536w, https:\/\/www.medulinriviera.info\/wp-content\/uploads\/2022\/10\/TZOM-RockStarsFestival2019-Predstava14-MedulinskaRivjera-2048x1366.jpg 2048w\" sizes=\"auto, (max-width: 2560px) 100vw, 2560px\" \/><\/figure>\n\n\n\n<figure class=\"wp-block-image size-large\"><img loading=\"lazy\" decoding=\"async\" width=\"860\" height=\"430\" data-id=\"10682\" src=\"https:\/\/www.medulinriviera.info\/wp-content\/uploads\/2020\/06\/rock_stars_cave_romane_festival_b65712a3ed913214a07e33b8edb573e2_view_article_new.jpg\" alt=\"\" class=\"wp-image-10682\" srcset=\"https:\/\/www.medulinriviera.info\/wp-content\/uploads\/2020\/06\/rock_stars_cave_romane_festival_b65712a3ed913214a07e33b8edb573e2_view_article_new.jpg 860w, https:\/\/www.medulinriviera.info\/wp-content\/uploads\/2020\/06\/rock_stars_cave_romane_festival_b65712a3ed913214a07e33b8edb573e2_view_article_new-300x150.jpg 300w, https:\/\/www.medulinriviera.info\/wp-content\/uploads\/2020\/06\/rock_stars_cave_romane_festival_b65712a3ed913214a07e33b8edb573e2_view_article_new-768x384.jpg 768w\" sizes=\"auto, (max-width: 860px) 100vw, 860px\" \/><\/figure>\n\n\n\n<figure class=\"wp-block-image size-large\"><img loading=\"lazy\" decoding=\"async\" width=\"2560\" height=\"1707\" data-id=\"26687\" src=\"https:\/\/www.medulinriviera.info\/wp-content\/uploads\/2022\/10\/TZOM-RockStarsFestival2019-Tozzi19-MedulinskaRivjera-scaled.jpg\" alt=\"\" class=\"wp-image-26687\" srcset=\"https:\/\/www.medulinriviera.info\/wp-content\/uploads\/2022\/10\/TZOM-RockStarsFestival2019-Tozzi19-MedulinskaRivjera-scaled.jpg 2560w, https:\/\/www.medulinriviera.info\/wp-content\/uploads\/2022\/10\/TZOM-RockStarsFestival2019-Tozzi19-MedulinskaRivjera-300x200.jpg 300w, https:\/\/www.medulinriviera.info\/wp-content\/uploads\/2022\/10\/TZOM-RockStarsFestival2019-Tozzi19-MedulinskaRivjera-1600x1067.jpg 1600w, https:\/\/www.medulinriviera.info\/wp-content\/uploads\/2022\/10\/TZOM-RockStarsFestival2019-Tozzi19-MedulinskaRivjera-768x512.jpg 768w, https:\/\/www.medulinriviera.info\/wp-content\/uploads\/2022\/10\/TZOM-RockStarsFestival2019-Tozzi19-MedulinskaRivjera-1536x1024.jpg 1536w, https:\/\/www.medulinriviera.info\/wp-content\/uploads\/2022\/10\/TZOM-RockStarsFestival2019-Tozzi19-MedulinskaRivjera-2048x1366.jpg 2048w\" sizes=\"auto, (max-width: 2560px) 100vw, 2560px\" \/><\/figure>\n<\/figure>\n<\/div><\/div>\n<\/div><\/div>\n\n\n\n<h2 class=\"wp-block-heading has-text-align-center\">PROGRAMME en 2025<\/h2>\n\n\n\n<h2 class=\"wp-block-heading has-text-align-center\">25\/06\/2025 Jala Brat &amp; Buba Corelli\u00a0 <br>26\/06\/2025 Jelena Rozga (c\u00e9l\u00e8bre chanteuse pop croate)<br>28\/06\/2025 Halid Be\u0161li\u0107 (c\u00e9l\u00e8bre chanteur folk bosniaque)<br>29\/06\/2025 Sergej \u0106etkovi\u0107 (chanteur pop mont\u00e9n\u00e9grin)<\/h2>\n\n\n\n<p class=\"has-text-align-center\"><\/p>\n\n\n\n<p><\/p>\n\n\n\n<h2 class=\"wp-block-heading has-text-align-center\"><a href=\"https:\/\/www.caveromane.com\/\" target=\"_blank\" rel=\"noreferrer noopener\">www.caveromane.com<\/a><br>tickets: www.entrio.hr<\/h2>\n\n\n\n<div class=\"wp-block-group\"><div class=\"wp-block-group__inner-container is-layout-flow wp-block-group-is-layout-flow\">\n<div class=\"wp-block-columns is-layout-flex wp-container-core-columns-is-layout-9d6595d7 wp-block-columns-is-layout-flex\">\n<div class=\"wp-block-column is-layout-flow wp-block-column-is-layout-flow\" style=\"flex-basis:100%\"><\/div>\n<\/div>\n<\/div><\/div>\n","protected":false},"excerpt":{"rendered":"<p>Cave Romane, une ancienne carri\u00e8re romaine \u00e0 Vinkuran \u00e0 partir de laquelle la pierre a \u00e9t\u00e9 extraite pour la construction&#8230;<\/p>\n","protected":false},"author":1,"featured_media":26717,"parent":10334,"menu_order":4,"comment_status":"closed","ping_status":"closed","template":"","meta":{"_acf_changed":false,"footnotes":""},"classificator":[],"class_list":["post-10752","page","type-page","status-publish","has-post-thumbnail","hentry"],"acf":{"video":"https:\/\/www.youtube.com\/embed\/68_0_mR-G1U","gallery":""},"yoast_head":"<!-- This site is optimized with the Yoast SEO plugin v27.5 - https:\/\/yoast.com\/product\/yoast-seo-wordpress\/ -->\n<title>Rocks&amp;Stars@CaveRomane\u00a0 Festival - Medulin Riviera<\/title>\n<meta name=\"robots\" content=\"index, follow, max-snippet:-1, max-image-preview:large, max-video-preview:-1\" \/>\n<link rel=\"canonical\" href=\"https:\/\/www.medulinriviera.info\/fr\/the-magic-of-music\/the-amazing-sound-of-cave-romane\/\" \/>\n<meta property=\"og:locale\" content=\"fr_FR\" \/>\n<meta property=\"og:type\" content=\"article\" \/>\n<meta property=\"og:title\" content=\"Rocks&amp;Stars@CaveRomane\u00a0 Festival - Medulin Riviera\" \/>\n<meta property=\"og:description\" content=\"Cave Romane, une ancienne carri\u00e8re romaine \u00e0 Vinkuran \u00e0 partir de laquelle la pierre a \u00e9t\u00e9 extraite pour la construction...\" \/>\n<meta property=\"og:url\" content=\"https:\/\/www.medulinriviera.info\/fr\/the-magic-of-music\/the-amazing-sound-of-cave-romane\/\" \/>\n<meta property=\"og:site_name\" content=\"Medulin Riviera\" \/>\n<meta property=\"article:publisher\" content=\"https:\/\/www.facebook.com\/medulinriviera\/\" \/>\n<meta property=\"article:modified_time\" content=\"2025-06-16T11:09:58+00:00\" \/>\n<meta property=\"og:image\" content=\"https:\/\/www.medulinriviera.info\/wp-content\/uploads\/2022\/10\/Header2-TZOM-RockStars-Festival2019-3-MedulinskaRivijera-scaled.jpg\" \/>\n\t<meta property=\"og:image:width\" content=\"2560\" \/>\n\t<meta property=\"og:image:height\" content=\"902\" \/>\n\t<meta property=\"og:image:type\" content=\"image\/jpeg\" \/>\n<meta name=\"twitter:card\" content=\"summary_large_image\" \/>\n<meta name=\"twitter:label1\" content=\"Dur\u00e9e de lecture estim\u00e9e\" \/>\n\t<meta name=\"twitter:data1\" content=\"3 minutes\" \/>\n<script type=\"application\/ld+json\" class=\"yoast-schema-graph\">{\"@context\":\"https:\\\/\\\/schema.org\",\"@graph\":[{\"@type\":\"WebPage\",\"@id\":\"https:\\\/\\\/www.medulinriviera.info\\\/fr\\\/the-magic-of-music\\\/the-amazing-sound-of-cave-romane\\\/\",\"url\":\"https:\\\/\\\/www.medulinriviera.info\\\/fr\\\/the-magic-of-music\\\/the-amazing-sound-of-cave-romane\\\/\",\"name\":\"Rocks&amp;Stars@CaveRomane\u00a0 Festival - Medulin Riviera\",\"isPartOf\":{\"@id\":\"https:\\\/\\\/www.medulinriviera.info\\\/fr\\\/#website\"},\"primaryImageOfPage\":{\"@id\":\"https:\\\/\\\/www.medulinriviera.info\\\/fr\\\/the-magic-of-music\\\/the-amazing-sound-of-cave-romane\\\/#primaryimage\"},\"image\":{\"@id\":\"https:\\\/\\\/www.medulinriviera.info\\\/fr\\\/the-magic-of-music\\\/the-amazing-sound-of-cave-romane\\\/#primaryimage\"},\"thumbnailUrl\":\"https:\\\/\\\/www.medulinriviera.info\\\/wp-content\\\/uploads\\\/2022\\\/10\\\/Header2-TZOM-RockStars-Festival2019-3-MedulinskaRivijera-scaled.jpg\",\"datePublished\":\"2020-06-04T08:31:53+00:00\",\"dateModified\":\"2025-06-16T11:09:58+00:00\",\"breadcrumb\":{\"@id\":\"https:\\\/\\\/www.medulinriviera.info\\\/fr\\\/the-magic-of-music\\\/the-amazing-sound-of-cave-romane\\\/#breadcrumb\"},\"inLanguage\":\"fr-FR\",\"potentialAction\":[{\"@type\":\"ReadAction\",\"target\":[\"https:\\\/\\\/www.medulinriviera.info\\\/fr\\\/the-magic-of-music\\\/the-amazing-sound-of-cave-romane\\\/\"]}]},{\"@type\":\"ImageObject\",\"inLanguage\":\"fr-FR\",\"@id\":\"https:\\\/\\\/www.medulinriviera.info\\\/fr\\\/the-magic-of-music\\\/the-amazing-sound-of-cave-romane\\\/#primaryimage\",\"url\":\"https:\\\/\\\/www.medulinriviera.info\\\/wp-content\\\/uploads\\\/2022\\\/10\\\/Header2-TZOM-RockStars-Festival2019-3-MedulinskaRivijera-scaled.jpg\",\"contentUrl\":\"https:\\\/\\\/www.medulinriviera.info\\\/wp-content\\\/uploads\\\/2022\\\/10\\\/Header2-TZOM-RockStars-Festival2019-3-MedulinskaRivijera-scaled.jpg\",\"width\":2560,\"height\":902},{\"@type\":\"BreadcrumbList\",\"@id\":\"https:\\\/\\\/www.medulinriviera.info\\\/fr\\\/the-magic-of-music\\\/the-amazing-sound-of-cave-romane\\\/#breadcrumb\",\"itemListElement\":[{\"@type\":\"ListItem\",\"position\":1,\"name\":\"Home\",\"item\":\"https:\\\/\\\/www.medulinriviera.info\\\/fr\\\/\"},{\"@type\":\"ListItem\",\"position\":2,\"name\":\"The Magic of Music\",\"item\":\"https:\\\/\\\/www.medulinriviera.info\\\/fr\\\/the-magic-of-music\\\/\"},{\"@type\":\"ListItem\",\"position\":3,\"name\":\"Rocks&amp;Stars@CaveRomane\u00a0 Festival\"}]},{\"@type\":\"WebSite\",\"@id\":\"https:\\\/\\\/www.medulinriviera.info\\\/fr\\\/#website\",\"url\":\"https:\\\/\\\/www.medulinriviera.info\\\/fr\\\/\",\"name\":\"Medulin Riviera\",\"description\":\"La Plan\u00e8te bleue\",\"publisher\":{\"@id\":\"https:\\\/\\\/www.medulinriviera.info\\\/fr\\\/#organization\"},\"potentialAction\":[{\"@type\":\"SearchAction\",\"target\":{\"@type\":\"EntryPoint\",\"urlTemplate\":\"https:\\\/\\\/www.medulinriviera.info\\\/fr\\\/?s={search_term_string}\"},\"query-input\":{\"@type\":\"PropertyValueSpecification\",\"valueRequired\":true,\"valueName\":\"search_term_string\"}}],\"inLanguage\":\"fr-FR\"},{\"@type\":\"Organization\",\"@id\":\"https:\\\/\\\/www.medulinriviera.info\\\/fr\\\/#organization\",\"name\":\"Medulin Riviera\",\"url\":\"https:\\\/\\\/www.medulinriviera.info\\\/fr\\\/\",\"logo\":{\"@type\":\"ImageObject\",\"inLanguage\":\"fr-FR\",\"@id\":\"https:\\\/\\\/www.medulinriviera.info\\\/fr\\\/#\\\/schema\\\/logo\\\/image\\\/\",\"url\":\"https:\\\/\\\/www.medulinriviera.info\\\/wp-content\\\/uploads\\\/2020\\\/06\\\/logo-alt.png\",\"contentUrl\":\"https:\\\/\\\/www.medulinriviera.info\\\/wp-content\\\/uploads\\\/2020\\\/06\\\/logo-alt.png\",\"width\":264,\"height\":78,\"caption\":\"Medulin Riviera\"},\"image\":{\"@id\":\"https:\\\/\\\/www.medulinriviera.info\\\/fr\\\/#\\\/schema\\\/logo\\\/image\\\/\"},\"sameAs\":[\"https:\\\/\\\/www.facebook.com\\\/medulinriviera\\\/\",\"https:\\\/\\\/www.instagram.com\\\/medulinriviera\\\/\",\"https:\\\/\\\/www.youtube.com\\\/channel\\\/UCYdC8kYbK9OEmlmeZydpumQ\"]}]}<\/script>\n<!-- \/ Yoast SEO plugin. -->","yoast_head_json":{"title":"Rocks&amp;Stars@CaveRomane\u00a0 Festival - Medulin Riviera","robots":{"index":"index","follow":"follow","max-snippet":"max-snippet:-1","max-image-preview":"max-image-preview:large","max-video-preview":"max-video-preview:-1"},"canonical":"https:\/\/www.medulinriviera.info\/fr\/the-magic-of-music\/the-amazing-sound-of-cave-romane\/","og_locale":"fr_FR","og_type":"article","og_title":"Rocks&amp;Stars@CaveRomane\u00a0 Festival - Medulin Riviera","og_description":"Cave Romane, une ancienne carri\u00e8re romaine \u00e0 Vinkuran \u00e0 partir de laquelle la pierre a \u00e9t\u00e9 extraite pour la construction...","og_url":"https:\/\/www.medulinriviera.info\/fr\/the-magic-of-music\/the-amazing-sound-of-cave-romane\/","og_site_name":"Medulin Riviera","article_publisher":"https:\/\/www.facebook.com\/medulinriviera\/","article_modified_time":"2025-06-16T11:09:58+00:00","og_image":[{"width":2560,"height":902,"url":"https:\/\/www.medulinriviera.info\/wp-content\/uploads\/2022\/10\/Header2-TZOM-RockStars-Festival2019-3-MedulinskaRivijera-scaled.jpg","type":"image\/jpeg"}],"twitter_card":"summary_large_image","twitter_misc":{"Dur\u00e9e de lecture estim\u00e9e":"3 minutes"},"schema":{"@context":"https:\/\/schema.org","@graph":[{"@type":"WebPage","@id":"https:\/\/www.medulinriviera.info\/fr\/the-magic-of-music\/the-amazing-sound-of-cave-romane\/","url":"https:\/\/www.medulinriviera.info\/fr\/the-magic-of-music\/the-amazing-sound-of-cave-romane\/","name":"Rocks&amp;Stars@CaveRomane\u00a0 Festival - Medulin Riviera","isPartOf":{"@id":"https:\/\/www.medulinriviera.info\/fr\/#website"},"primaryImageOfPage":{"@id":"https:\/\/www.medulinriviera.info\/fr\/the-magic-of-music\/the-amazing-sound-of-cave-romane\/#primaryimage"},"image":{"@id":"https:\/\/www.medulinriviera.info\/fr\/the-magic-of-music\/the-amazing-sound-of-cave-romane\/#primaryimage"},"thumbnailUrl":"https:\/\/www.medulinriviera.info\/wp-content\/uploads\/2022\/10\/Header2-TZOM-RockStars-Festival2019-3-MedulinskaRivijera-scaled.jpg","datePublished":"2020-06-04T08:31:53+00:00","dateModified":"2025-06-16T11:09:58+00:00","breadcrumb":{"@id":"https:\/\/www.medulinriviera.info\/fr\/the-magic-of-music\/the-amazing-sound-of-cave-romane\/#breadcrumb"},"inLanguage":"fr-FR","potentialAction":[{"@type":"ReadAction","target":["https:\/\/www.medulinriviera.info\/fr\/the-magic-of-music\/the-amazing-sound-of-cave-romane\/"]}]},{"@type":"ImageObject","inLanguage":"fr-FR","@id":"https:\/\/www.medulinriviera.info\/fr\/the-magic-of-music\/the-amazing-sound-of-cave-romane\/#primaryimage","url":"https:\/\/www.medulinriviera.info\/wp-content\/uploads\/2022\/10\/Header2-TZOM-RockStars-Festival2019-3-MedulinskaRivijera-scaled.jpg","contentUrl":"https:\/\/www.medulinriviera.info\/wp-content\/uploads\/2022\/10\/Header2-TZOM-RockStars-Festival2019-3-MedulinskaRivijera-scaled.jpg","width":2560,"height":902},{"@type":"BreadcrumbList","@id":"https:\/\/www.medulinriviera.info\/fr\/the-magic-of-music\/the-amazing-sound-of-cave-romane\/#breadcrumb","itemListElement":[{"@type":"ListItem","position":1,"name":"Home","item":"https:\/\/www.medulinriviera.info\/fr\/"},{"@type":"ListItem","position":2,"name":"The Magic of Music","item":"https:\/\/www.medulinriviera.info\/fr\/the-magic-of-music\/"},{"@type":"ListItem","position":3,"name":"Rocks&amp;Stars@CaveRomane\u00a0 Festival"}]},{"@type":"WebSite","@id":"https:\/\/www.medulinriviera.info\/fr\/#website","url":"https:\/\/www.medulinriviera.info\/fr\/","name":"Medulin Riviera","description":"La Plan\u00e8te bleue","publisher":{"@id":"https:\/\/www.medulinriviera.info\/fr\/#organization"},"potentialAction":[{"@type":"SearchAction","target":{"@type":"EntryPoint","urlTemplate":"https:\/\/www.medulinriviera.info\/fr\/?s={search_term_string}"},"query-input":{"@type":"PropertyValueSpecification","valueRequired":true,"valueName":"search_term_string"}}],"inLanguage":"fr-FR"},{"@type":"Organization","@id":"https:\/\/www.medulinriviera.info\/fr\/#organization","name":"Medulin Riviera","url":"https:\/\/www.medulinriviera.info\/fr\/","logo":{"@type":"ImageObject","inLanguage":"fr-FR","@id":"https:\/\/www.medulinriviera.info\/fr\/#\/schema\/logo\/image\/","url":"https:\/\/www.medulinriviera.info\/wp-content\/uploads\/2020\/06\/logo-alt.png","contentUrl":"https:\/\/www.medulinriviera.info\/wp-content\/uploads\/2020\/06\/logo-alt.png","width":264,"height":78,"caption":"Medulin Riviera"},"image":{"@id":"https:\/\/www.medulinriviera.info\/fr\/#\/schema\/logo\/image\/"},"sameAs":["https:\/\/www.facebook.com\/medulinriviera\/","https:\/\/www.instagram.com\/medulinriviera\/","https:\/\/www.youtube.com\/channel\/UCYdC8kYbK9OEmlmeZydpumQ"]}]}},"wpml_current_locale":"fr_FR","wpml_translations":[{"locale":"hr","id":10734,"post_title":"Rocks&amp;Stars@CaveRomane\u00a0 Festival","href":"https:\/\/www.medulinriviera.info\/hr\/the-magic-of-music\/amazing-sound-of-cave-romanae\/"},{"locale":"en_US","id":10661,"post_title":"Rocks&amp;Stars@CaveRomane\u00a0 Festival","href":"https:\/\/www.medulinriviera.info\/the-magic-of-music\/the-amazing-sound-of-cave-romane\/"},{"locale":"de_DE","id":10740,"post_title":"Rocks&amp;Stars@CaveRomane\u00a0 Festival","href":"https:\/\/www.medulinriviera.info\/de\/the-magic-of-music\/the-amazing-sound-of-cave-romane\/"},{"locale":"it_IT","id":10746,"post_title":"Rocks&amp;Stars@CaveRomane\u00a0 Festival","href":"https:\/\/www.medulinriviera.info\/it\/the-magic-of-music\/the-amazing-sound-of-cave-romane\/"}],"_links":{"self":[{"href":"https:\/\/www.medulinriviera.info\/fr\/wp-json\/wp\/v2\/pages\/10752","targetHints":{"allow":["GET"]}}],"collection":[{"href":"https:\/\/www.medulinriviera.info\/fr\/wp-json\/wp\/v2\/pages"}],"about":[{"href":"https:\/\/www.medulinriviera.info\/fr\/wp-json\/wp\/v2\/types\/page"}],"author":[{"embeddable":true,"href":"https:\/\/www.medulinriviera.info\/fr\/wp-json\/wp\/v2\/users\/1"}],"replies":[{"embeddable":true,"href":"https:\/\/www.medulinriviera.info\/fr\/wp-json\/wp\/v2\/comments?post=10752"}],"version-history":[{"count":7,"href":"https:\/\/www.medulinriviera.info\/fr\/wp-json\/wp\/v2\/pages\/10752\/revisions"}],"predecessor-version":[{"id":35950,"href":"https:\/\/www.medulinriviera.info\/fr\/wp-json\/wp\/v2\/pages\/10752\/revisions\/35950"}],"up":[{"embeddable":true,"href":"https:\/\/www.medulinriviera.info\/fr\/wp-json\/wp\/v2\/pages\/10334"}],"wp:featuredmedia":[{"embeddable":true,"href":"https:\/\/www.medulinriviera.info\/fr\/wp-json\/wp\/v2\/media\/26717"}],"wp:attachment":[{"href":"https:\/\/www.medulinriviera.info\/fr\/wp-json\/wp\/v2\/media?parent=10752"}],"wp:term":[{"taxonomy":"classificator","embeddable":true,"href":"https:\/\/www.medulinriviera.info\/fr\/wp-json\/wp\/v2\/classificator?post=10752"}],"curies":[{"name":"wp","href":"https:\/\/api.w.org\/{rel}","templated":true}]}}