{"id":36485,"date":"2025-07-10T14:05:26","date_gmt":"2025-07-10T12:05:26","guid":{"rendered":"https:\/\/www.medulinriviera.info\/?page_id=36485"},"modified":"2025-09-05T09:51:12","modified_gmt":"2025-09-05T07:51:12","slug":"ausstellungen","status":"publish","type":"page","link":"https:\/\/www.medulinriviera.info\/de\/ausstellungen\/","title":{"rendered":"Ausstellungen"},"content":{"rendered":"\n<h2 class=\"wp-block-heading\">Bojan \u0160umonja \u2013 \u201eEin kleines Geheimnis der Sch\u00f6pfung\u201c<\/h2>\n\n\n\n<figure class=\"wp-block-image size-full\"><img loading=\"lazy\" decoding=\"async\" width=\"392\" height=\"468\" src=\"https:\/\/www.medulinriviera.info\/wp-content\/uploads\/2025\/09\/Snimka-zaslona-2025-09-02-124330.jpg\" alt=\"\" class=\"wp-image-37253\" srcset=\"https:\/\/www.medulinriviera.info\/wp-content\/uploads\/2025\/09\/Snimka-zaslona-2025-09-02-124330.jpg 392w, https:\/\/www.medulinriviera.info\/wp-content\/uploads\/2025\/09\/Snimka-zaslona-2025-09-02-124330-251x300.jpg 251w\" sizes=\"auto, (max-width: 392px) 100vw, 392px\" \/><\/figure>\n\n\n\n<p>Bojan \u0160umonja \u2013 \u201eEin kleines Geheimnis der Sch\u00f6pfung\u201c<\/p>\n\n\n\n<p>Heimatgalerie Crnobori, \u010cimulje 23 (Banjole), 20:00 Uhr.<\/p>\n\n\n\n<p>\u00d6ffnungszeiten der Galerie: 18:00\u201320:00 Uhr, vom 13. bis 26. September 2025, au\u00dfer sonntags, montags und an Feiertagen.<br>Samstag: 11:00\u201313:00 Uhr.<\/p>\n\n\n\n<p>2024 wurde Bojan \u0160umonja zum besten Maler Kroatiens gek\u00fcrt. Dies ist eine gro\u00dfe Anerkennung f\u00fcr den K\u00fcnstler und f\u00fcr Istrien, wo er fast sein ganzes Leben lang k\u00fcnstlerisch t\u00e4tig war.<\/p>\n\n\n\n<p>Veranstalter: ArsaNova<\/p>\n\n\n\n<figure class=\"wp-block-image size-large\"><img loading=\"lazy\" decoding=\"async\" width=\"843\" height=\"1200\" src=\"https:\/\/www.medulinriviera.info\/wp-content\/uploads\/2025\/08\/MedulinArt-3-4-843x1200.jpg\" alt=\"\" class=\"wp-image-37118\" srcset=\"https:\/\/www.medulinriviera.info\/wp-content\/uploads\/2025\/08\/MedulinArt-3-4-843x1200.jpg 843w, https:\/\/www.medulinriviera.info\/wp-content\/uploads\/2025\/08\/MedulinArt-3-4-211x300.jpg 211w, https:\/\/www.medulinriviera.info\/wp-content\/uploads\/2025\/08\/MedulinArt-3-4-768x1093.jpg 768w, https:\/\/www.medulinriviera.info\/wp-content\/uploads\/2025\/08\/MedulinArt-3-4-1079x1536.jpg 1079w, https:\/\/www.medulinriviera.info\/wp-content\/uploads\/2025\/08\/MedulinArt-3-4.jpg 1124w\" sizes=\"auto, (max-width: 843px) 100vw, 843px\" \/><\/figure>\n\n\n\n<figure class=\"wp-block-image size-large\"><img loading=\"lazy\" decoding=\"async\" width=\"1122\" height=\"1200\" src=\"https:\/\/www.medulinriviera.info\/wp-content\/uploads\/2025\/08\/MedulinArt-3-1-3-1122x1200.jpg\" alt=\"\" class=\"wp-image-37124\" srcset=\"https:\/\/www.medulinriviera.info\/wp-content\/uploads\/2025\/08\/MedulinArt-3-1-3-1122x1200.jpg 1122w, https:\/\/www.medulinriviera.info\/wp-content\/uploads\/2025\/08\/MedulinArt-3-1-3-281x300.jpg 281w, https:\/\/www.medulinriviera.info\/wp-content\/uploads\/2025\/08\/MedulinArt-3-1-3-768x821.jpg 768w, https:\/\/www.medulinriviera.info\/wp-content\/uploads\/2025\/08\/MedulinArt-3-1-3.jpg 1125w\" sizes=\"auto, (max-width: 1122px) 100vw, 1122px\" \/><\/figure>\n","protected":false},"excerpt":{"rendered":"<p>Bojan \u0160umonja \u2013 \u201eEin kleines Geheimnis der Sch\u00f6pfung\u201c Bojan \u0160umonja \u2013 \u201eEin kleines Geheimnis der Sch\u00f6pfung\u201c Heimatgalerie Crnobori, \u010cimulje 23&#8230;<\/p>\n","protected":false},"author":2,"featured_media":36477,"parent":0,"menu_order":0,"comment_status":"closed","ping_status":"closed","template":"","meta":{"_acf_changed":false,"footnotes":""},"classificator":[199,428],"class_list":["post-36485","page","type-page","status-publish","has-post-thumbnail","hentry","classificator-activity","classificator-art"],"acf":{"video":"","gallery":""},"yoast_head":"<!-- This site is optimized with the Yoast SEO plugin v27.3 - https:\/\/yoast.com\/product\/yoast-seo-wordpress\/ -->\n<title>Ausstellungen - Medulin Riviera<\/title>\n<meta name=\"robots\" content=\"index, follow, max-snippet:-1, max-image-preview:large, max-video-preview:-1\" \/>\n<link rel=\"canonical\" href=\"https:\/\/www.medulinriviera.info\/de\/ausstellungen\/\" \/>\n<meta property=\"og:locale\" content=\"de_DE\" \/>\n<meta property=\"og:type\" content=\"article\" \/>\n<meta property=\"og:title\" content=\"Ausstellungen - Medulin Riviera\" \/>\n<meta property=\"og:description\" content=\"Bojan \u0160umonja \u2013 \u201eEin kleines Geheimnis der Sch\u00f6pfung\u201c Bojan \u0160umonja \u2013 \u201eEin kleines Geheimnis der Sch\u00f6pfung\u201c Heimatgalerie Crnobori, \u010cimulje 23...\" \/>\n<meta property=\"og:url\" content=\"https:\/\/www.medulinriviera.info\/de\/ausstellungen\/\" \/>\n<meta property=\"og:site_name\" content=\"Medulin Riviera\" \/>\n<meta property=\"article:publisher\" content=\"https:\/\/www.facebook.com\/medulinriviera\/\" \/>\n<meta property=\"article:modified_time\" content=\"2025-09-05T07:51:12+00:00\" \/>\n<meta property=\"og:image\" content=\"https:\/\/www.medulinriviera.info\/wp-content\/uploads\/2025\/07\/Ljeto-Izlozba-student-1258137.jpg\" \/>\n\t<meta property=\"og:image:width\" content=\"2000\" \/>\n\t<meta property=\"og:image:height\" content=\"1333\" \/>\n\t<meta property=\"og:image:type\" content=\"image\/jpeg\" \/>\n<meta name=\"twitter:card\" content=\"summary_large_image\" \/>\n<meta name=\"twitter:label1\" content=\"Gesch\u00e4tzte Lesezeit\" \/>\n\t<meta name=\"twitter:data1\" content=\"2\u00a0Minuten\" \/>\n<script type=\"application\/ld+json\" class=\"yoast-schema-graph\">{\"@context\":\"https:\\\/\\\/schema.org\",\"@graph\":[{\"@type\":\"WebPage\",\"@id\":\"https:\\\/\\\/www.medulinriviera.info\\\/de\\\/ausstellungen\\\/\",\"url\":\"https:\\\/\\\/www.medulinriviera.info\\\/de\\\/ausstellungen\\\/\",\"name\":\"Ausstellungen - Medulin Riviera\",\"isPartOf\":{\"@id\":\"https:\\\/\\\/www.medulinriviera.info\\\/de\\\/#website\"},\"primaryImageOfPage\":{\"@id\":\"https:\\\/\\\/www.medulinriviera.info\\\/de\\\/ausstellungen\\\/#primaryimage\"},\"image\":{\"@id\":\"https:\\\/\\\/www.medulinriviera.info\\\/de\\\/ausstellungen\\\/#primaryimage\"},\"thumbnailUrl\":\"https:\\\/\\\/www.medulinriviera.info\\\/wp-content\\\/uploads\\\/2025\\\/07\\\/Ljeto-Izlozba-student-1258137.jpg\",\"datePublished\":\"2025-07-10T12:05:26+00:00\",\"dateModified\":\"2025-09-05T07:51:12+00:00\",\"breadcrumb\":{\"@id\":\"https:\\\/\\\/www.medulinriviera.info\\\/de\\\/ausstellungen\\\/#breadcrumb\"},\"inLanguage\":\"de\",\"potentialAction\":[{\"@type\":\"ReadAction\",\"target\":[\"https:\\\/\\\/www.medulinriviera.info\\\/de\\\/ausstellungen\\\/\"]}]},{\"@type\":\"ImageObject\",\"inLanguage\":\"de\",\"@id\":\"https:\\\/\\\/www.medulinriviera.info\\\/de\\\/ausstellungen\\\/#primaryimage\",\"url\":\"https:\\\/\\\/www.medulinriviera.info\\\/wp-content\\\/uploads\\\/2025\\\/07\\\/Ljeto-Izlozba-student-1258137.jpg\",\"contentUrl\":\"https:\\\/\\\/www.medulinriviera.info\\\/wp-content\\\/uploads\\\/2025\\\/07\\\/Ljeto-Izlozba-student-1258137.jpg\",\"width\":2000,\"height\":1333},{\"@type\":\"BreadcrumbList\",\"@id\":\"https:\\\/\\\/www.medulinriviera.info\\\/de\\\/ausstellungen\\\/#breadcrumb\",\"itemListElement\":[{\"@type\":\"ListItem\",\"position\":1,\"name\":\"Home\",\"item\":\"https:\\\/\\\/www.medulinriviera.info\\\/de\\\/\"},{\"@type\":\"ListItem\",\"position\":2,\"name\":\"Ausstellungen\"}]},{\"@type\":\"WebSite\",\"@id\":\"https:\\\/\\\/www.medulinriviera.info\\\/de\\\/#website\",\"url\":\"https:\\\/\\\/www.medulinriviera.info\\\/de\\\/\",\"name\":\"Medulin Riviera\",\"description\":\"The Blue Planet\",\"publisher\":{\"@id\":\"https:\\\/\\\/www.medulinriviera.info\\\/de\\\/#organization\"},\"potentialAction\":[{\"@type\":\"SearchAction\",\"target\":{\"@type\":\"EntryPoint\",\"urlTemplate\":\"https:\\\/\\\/www.medulinriviera.info\\\/de\\\/?s={search_term_string}\"},\"query-input\":{\"@type\":\"PropertyValueSpecification\",\"valueRequired\":true,\"valueName\":\"search_term_string\"}}],\"inLanguage\":\"de\"},{\"@type\":\"Organization\",\"@id\":\"https:\\\/\\\/www.medulinriviera.info\\\/de\\\/#organization\",\"name\":\"Medulin Riviera\",\"url\":\"https:\\\/\\\/www.medulinriviera.info\\\/de\\\/\",\"logo\":{\"@type\":\"ImageObject\",\"inLanguage\":\"de\",\"@id\":\"https:\\\/\\\/www.medulinriviera.info\\\/de\\\/#\\\/schema\\\/logo\\\/image\\\/\",\"url\":\"https:\\\/\\\/www.medulinriviera.info\\\/wp-content\\\/uploads\\\/2020\\\/06\\\/logo-alt.png\",\"contentUrl\":\"https:\\\/\\\/www.medulinriviera.info\\\/wp-content\\\/uploads\\\/2020\\\/06\\\/logo-alt.png\",\"width\":264,\"height\":78,\"caption\":\"Medulin Riviera\"},\"image\":{\"@id\":\"https:\\\/\\\/www.medulinriviera.info\\\/de\\\/#\\\/schema\\\/logo\\\/image\\\/\"},\"sameAs\":[\"https:\\\/\\\/www.facebook.com\\\/medulinriviera\\\/\",\"https:\\\/\\\/www.instagram.com\\\/medulinriviera\\\/\",\"https:\\\/\\\/www.youtube.com\\\/channel\\\/UCYdC8kYbK9OEmlmeZydpumQ\"]}]}<\/script>\n<!-- \/ Yoast SEO plugin. -->","yoast_head_json":{"title":"Ausstellungen - Medulin Riviera","robots":{"index":"index","follow":"follow","max-snippet":"max-snippet:-1","max-image-preview":"max-image-preview:large","max-video-preview":"max-video-preview:-1"},"canonical":"https:\/\/www.medulinriviera.info\/de\/ausstellungen\/","og_locale":"de_DE","og_type":"article","og_title":"Ausstellungen - Medulin Riviera","og_description":"Bojan \u0160umonja \u2013 \u201eEin kleines Geheimnis der Sch\u00f6pfung\u201c Bojan \u0160umonja \u2013 \u201eEin kleines Geheimnis der Sch\u00f6pfung\u201c Heimatgalerie Crnobori, \u010cimulje 23...","og_url":"https:\/\/www.medulinriviera.info\/de\/ausstellungen\/","og_site_name":"Medulin Riviera","article_publisher":"https:\/\/www.facebook.com\/medulinriviera\/","article_modified_time":"2025-09-05T07:51:12+00:00","og_image":[{"width":2000,"height":1333,"url":"https:\/\/www.medulinriviera.info\/wp-content\/uploads\/2025\/07\/Ljeto-Izlozba-student-1258137.jpg","type":"image\/jpeg"}],"twitter_card":"summary_large_image","twitter_misc":{"Gesch\u00e4tzte Lesezeit":"2\u00a0Minuten"},"schema":{"@context":"https:\/\/schema.org","@graph":[{"@type":"WebPage","@id":"https:\/\/www.medulinriviera.info\/de\/ausstellungen\/","url":"https:\/\/www.medulinriviera.info\/de\/ausstellungen\/","name":"Ausstellungen - Medulin Riviera","isPartOf":{"@id":"https:\/\/www.medulinriviera.info\/de\/#website"},"primaryImageOfPage":{"@id":"https:\/\/www.medulinriviera.info\/de\/ausstellungen\/#primaryimage"},"image":{"@id":"https:\/\/www.medulinriviera.info\/de\/ausstellungen\/#primaryimage"},"thumbnailUrl":"https:\/\/www.medulinriviera.info\/wp-content\/uploads\/2025\/07\/Ljeto-Izlozba-student-1258137.jpg","datePublished":"2025-07-10T12:05:26+00:00","dateModified":"2025-09-05T07:51:12+00:00","breadcrumb":{"@id":"https:\/\/www.medulinriviera.info\/de\/ausstellungen\/#breadcrumb"},"inLanguage":"de","potentialAction":[{"@type":"ReadAction","target":["https:\/\/www.medulinriviera.info\/de\/ausstellungen\/"]}]},{"@type":"ImageObject","inLanguage":"de","@id":"https:\/\/www.medulinriviera.info\/de\/ausstellungen\/#primaryimage","url":"https:\/\/www.medulinriviera.info\/wp-content\/uploads\/2025\/07\/Ljeto-Izlozba-student-1258137.jpg","contentUrl":"https:\/\/www.medulinriviera.info\/wp-content\/uploads\/2025\/07\/Ljeto-Izlozba-student-1258137.jpg","width":2000,"height":1333},{"@type":"BreadcrumbList","@id":"https:\/\/www.medulinriviera.info\/de\/ausstellungen\/#breadcrumb","itemListElement":[{"@type":"ListItem","position":1,"name":"Home","item":"https:\/\/www.medulinriviera.info\/de\/"},{"@type":"ListItem","position":2,"name":"Ausstellungen"}]},{"@type":"WebSite","@id":"https:\/\/www.medulinriviera.info\/de\/#website","url":"https:\/\/www.medulinriviera.info\/de\/","name":"Medulin Riviera","description":"The Blue Planet","publisher":{"@id":"https:\/\/www.medulinriviera.info\/de\/#organization"},"potentialAction":[{"@type":"SearchAction","target":{"@type":"EntryPoint","urlTemplate":"https:\/\/www.medulinriviera.info\/de\/?s={search_term_string}"},"query-input":{"@type":"PropertyValueSpecification","valueRequired":true,"valueName":"search_term_string"}}],"inLanguage":"de"},{"@type":"Organization","@id":"https:\/\/www.medulinriviera.info\/de\/#organization","name":"Medulin Riviera","url":"https:\/\/www.medulinriviera.info\/de\/","logo":{"@type":"ImageObject","inLanguage":"de","@id":"https:\/\/www.medulinriviera.info\/de\/#\/schema\/logo\/image\/","url":"https:\/\/www.medulinriviera.info\/wp-content\/uploads\/2020\/06\/logo-alt.png","contentUrl":"https:\/\/www.medulinriviera.info\/wp-content\/uploads\/2020\/06\/logo-alt.png","width":264,"height":78,"caption":"Medulin Riviera"},"image":{"@id":"https:\/\/www.medulinriviera.info\/de\/#\/schema\/logo\/image\/"},"sameAs":["https:\/\/www.facebook.com\/medulinriviera\/","https:\/\/www.instagram.com\/medulinriviera\/","https:\/\/www.youtube.com\/channel\/UCYdC8kYbK9OEmlmeZydpumQ"]}]}},"wpml_current_locale":"de_DE","wpml_translations":[{"locale":"hr","id":36481,"post_title":"Izlo\u017ebe","href":"https:\/\/www.medulinriviera.info\/hr\/izlozbe\/"},{"locale":"en_US","id":36473,"post_title":"Exhibitions","href":"https:\/\/www.medulinriviera.info\/exhibitions\/"},{"locale":"fr_FR","id":36483,"post_title":"Exposition","href":"https:\/\/www.medulinriviera.info\/fr\/exposition\/"},{"locale":"it_IT","id":36487,"post_title":"Mostre","href":"https:\/\/www.medulinriviera.info\/it\/mostre\/"}],"_links":{"self":[{"href":"https:\/\/www.medulinriviera.info\/de\/wp-json\/wp\/v2\/pages\/36485","targetHints":{"allow":["GET"]}}],"collection":[{"href":"https:\/\/www.medulinriviera.info\/de\/wp-json\/wp\/v2\/pages"}],"about":[{"href":"https:\/\/www.medulinriviera.info\/de\/wp-json\/wp\/v2\/types\/page"}],"author":[{"embeddable":true,"href":"https:\/\/www.medulinriviera.info\/de\/wp-json\/wp\/v2\/users\/2"}],"replies":[{"embeddable":true,"href":"https:\/\/www.medulinriviera.info\/de\/wp-json\/wp\/v2\/comments?post=36485"}],"version-history":[{"count":5,"href":"https:\/\/www.medulinriviera.info\/de\/wp-json\/wp\/v2\/pages\/36485\/revisions"}],"predecessor-version":[{"id":37271,"href":"https:\/\/www.medulinriviera.info\/de\/wp-json\/wp\/v2\/pages\/36485\/revisions\/37271"}],"wp:featuredmedia":[{"embeddable":true,"href":"https:\/\/www.medulinriviera.info\/de\/wp-json\/wp\/v2\/media\/36477"}],"wp:attachment":[{"href":"https:\/\/www.medulinriviera.info\/de\/wp-json\/wp\/v2\/media?parent=36485"}],"wp:term":[{"taxonomy":"classificator","embeddable":true,"href":"https:\/\/www.medulinriviera.info\/de\/wp-json\/wp\/v2\/classificator?post=36485"}],"curies":[{"name":"wp","href":"https:\/\/api.w.org\/{rel}","templated":true}]}}