{"id":35715,"date":"2025-06-05T13:48:12","date_gmt":"2025-06-05T11:48:12","guid":{"rendered":"https:\/\/www.medulinriviera.info\/?page_id=35715"},"modified":"2025-06-13T13:02:04","modified_gmt":"2025-06-13T11:02:04","slug":"voruebergehende-verkehrsregelung-waehrend-der-european-h-o-g-rally-2025","status":"publish","type":"page","link":"https:\/\/www.medulinriviera.info\/de\/voruebergehende-verkehrsregelung-waehrend-der-european-h-o-g-rally-2025\/","title":{"rendered":"Vor\u00fcbergehende Verkehrsregelung w\u00e4hrend der European H.O.G.\u2122 Rally 2025."},"content":{"rendered":"\n<p> 31. EUROP\u00c4ISCHE H.O.G.\u2122 RALLYE<\/p>\n\n\n\n<ul class=\"wp-block-list\">\n<li>Datum: 12.\u201315. Juni 2025<\/li>\n\n\n\n<li>Veranstaltungsorte: Medulin und Pula<\/li>\n\n\n\n<li>Veranstalter: Harley-Davidson EMEA und Uniline d.o.o.<\/li>\n\n\n\n<li>Erwartete Besucherzahl: Bis zu 10.000 Motorradfahrer und 10.000 Besucher pro Tag sowie 2.500 Harley-Davidsons in der Parade<\/li>\n\n\n\n<li>Eintritt: Frei f\u00fcr alle Besucher<\/li>\n<\/ul>\n\n\n\n<p>Medulin und Pula wurden von der ber\u00fchmten amerikanischen Marke Harley-Davidson mit der Organisation einer ihrer attraktivsten internationalen Veranstaltungen beauftragt: der Europ\u00e4ischen H.O.G.\u2122 Rallye (keine Rallye im eigentlichen Sinne, sondern ein Treffen von Besitzern dieser Luxusmotorr\u00e4der). Die Veranstaltung verschafft Medulin starke internationale Bekanntheit, st\u00e4rkt die Hotellerie und au\u00dfergew\u00f6hnliche G\u00e4ste, die Qualit\u00e4t zu sch\u00e4tzen wissen.<\/p>\n\n\n\n<p>Um Staus zu vermeiden und Rettungswege offen zu halten, gelten f\u00fcr Veranstaltungen dieser Art vor\u00fcbergehende Verkehrsregelungen, die nach den Vorgaben von Verkehrsexperten entwickelt wurden. Die Einschr\u00e4nkungen gelten nur f\u00fcr bestimmte Tageszeiten und f\u00fcr Fahrzeuge von Besuchern, die nicht in der Gemeinde Medulin wohnen. F\u00fcr Einwohner der Gemeinde Medulin, Grundst\u00fcckseigent\u00fcmer in unserer Gegend und Arbeiter haben wir spezielle P\u00e4sse vorbereitet, damit sie sich mit ihren Fahrzeugen frei bewegen k\u00f6nnen (mehr dazu weiter unten).<\/p>\n\n\n\n<p>Wir bitten daher w\u00e4hrend der Veranstaltung vom 12. bis 15. Juni 2025 um Ihr Verst\u00e4ndnis und Ihre Mithilfe, damit Sie die Veranstaltung so gut wie m\u00f6glich genie\u00dfen und sie erfolgreich und sicher ablaufen kann.<\/p>\n\n\n\n<p>Mit freundlichen Gr\u00fc\u00dfen<\/p>\n\n\n\n<p>Organisationsteam der 31. Europ\u00e4ischen H.O.G.TM Rally 2025.<\/p>\n\n\n\n<p>_________________________________________________________________________________________<\/p>\n\n\n\n<h2 class=\"wp-block-heading\">Vor\u00fcbergehende Verkehrsregelung w\u00e4hrend der European H.O.G.\u2122 Rally 2025.<\/h2>\n\n\n\n<h2 class=\"wp-block-heading\">PARK &amp; RIDE-SYSTEM \u2013 f\u00fcr Besucher au\u00dferhalb der Gemeinde Medulin<\/h2>\n\n\n\n<p>Um Verkehrsstaus zu vermeiden, wird f\u00fcr Besucher, die nicht in der Gemeinde Medulin wohnen, ein Parkplatz auf dem Campano\u017e eingerichtet. Von dort aus besteht Busverkehr von und nach Medulin.<\/p>\n\n\n\n<ul class=\"wp-block-list\">\n<li>Standort: Campano\u017e, vor dem Kreisverkehr (in der N\u00e4he des Sportflughafens)<\/li>\n\n\n\n<li>Fahrplan:<br>\u2013 Donnerstag und Freitag (12. und 13. Juni): 16:00\u201302:00 Uhr<br>\u2013 Samstag (14. Juni): 10:00\u201302:00 Uhr (wegen der Motorradparade)<br>Der Transport erfolgt durch das Busunternehmen Brioni. Der Ticketpreis f\u00fcr Hin- und R\u00fcckfahrt betr\u00e4gt 9 \u20ac. Der genaue Fahrplan sowie weitere Informationen werden in den offiziellen sozialen Netzwerken der Veranstaltung ver\u00f6ffentlicht.<\/li>\n<\/ul>\n\n\n\n<h2 class=\"wp-block-heading\">ZONALE VERKEHRSREGELUNG \u2013 SIEDLUNG MEDULIN<br>Das Gebiet der Siedlung Medulin wird in drei Verkehrszonen unterteilt:<\/h2>\n\n\n\n<ul class=\"wp-block-list\">\n<li>Rote Zone \u2013 das zentrale Veranstaltungsgel\u00e4nde (Veranstaltungszone)<\/li>\n\n\n\n<li>Gelbe Zone \u2013 Zone mit eingeschr\u00e4nktem Zugang<\/li>\n\n\n\n<li>Blaue Zone \u2013 das restliche Gebiet der Siedlung Medulin<\/li>\n<\/ul>\n\n\n\n<figure class=\"wp-block-image size-large\"><img loading=\"lazy\" decoding=\"async\" width=\"1600\" height=\"1130\" src=\"https:\/\/www.medulinriviera.info\/wp-content\/uploads\/2025\/06\/zone_v2-Layout4-1600x1130.jpg\" alt=\"\" class=\"wp-image-35709\" srcset=\"https:\/\/www.medulinriviera.info\/wp-content\/uploads\/2025\/06\/zone_v2-Layout4-1600x1130.jpg 1600w, https:\/\/www.medulinriviera.info\/wp-content\/uploads\/2025\/06\/zone_v2-Layout4-300x212.jpg 300w, https:\/\/www.medulinriviera.info\/wp-content\/uploads\/2025\/06\/zone_v2-Layout4-768x543.jpg 768w, https:\/\/www.medulinriviera.info\/wp-content\/uploads\/2025\/06\/zone_v2-Layout4-1536x1085.jpg 1536w, https:\/\/www.medulinriviera.info\/wp-content\/uploads\/2025\/06\/zone_v2-Layout4.jpg 2000w\" sizes=\"auto, (max-width: 1600px) 100vw, 1600px\" \/><\/figure>\n\n\n\n<p><\/p>\n\n\n\n<figure class=\"wp-block-image size-full\"><img loading=\"lazy\" decoding=\"async\" width=\"1154\" height=\"848\" src=\"https:\/\/www.medulinriviera.info\/wp-content\/uploads\/2025\/06\/GRANICE-ZONA-UVECANO-1.jpg\" alt=\"\" class=\"wp-image-35740\" srcset=\"https:\/\/www.medulinriviera.info\/wp-content\/uploads\/2025\/06\/GRANICE-ZONA-UVECANO-1.jpg 1154w, https:\/\/www.medulinriviera.info\/wp-content\/uploads\/2025\/06\/GRANICE-ZONA-UVECANO-1-300x220.jpg 300w, https:\/\/www.medulinriviera.info\/wp-content\/uploads\/2025\/06\/GRANICE-ZONA-UVECANO-1-768x564.jpg 768w\" sizes=\"auto, (max-width: 1154px) 100vw, 1154px\" \/><\/figure>\n\n\n\n<p><\/p>\n\n\n\n<figure class=\"wp-block-image size-full\"><img loading=\"lazy\" decoding=\"async\" width=\"1158\" height=\"902\" src=\"https:\/\/www.medulinriviera.info\/wp-content\/uploads\/2025\/06\/GRANICE-ZONA-UVECANO-2.jpg\" alt=\"\" class=\"wp-image-35746\" srcset=\"https:\/\/www.medulinriviera.info\/wp-content\/uploads\/2025\/06\/GRANICE-ZONA-UVECANO-2.jpg 1158w, https:\/\/www.medulinriviera.info\/wp-content\/uploads\/2025\/06\/GRANICE-ZONA-UVECANO-2-300x234.jpg 300w, https:\/\/www.medulinriviera.info\/wp-content\/uploads\/2025\/06\/GRANICE-ZONA-UVECANO-2-768x598.jpg 768w\" sizes=\"auto, (max-width: 1158px) 100vw, 1158px\" \/><\/figure>\n\n\n\n<p><\/p>\n\n\n\n<figure class=\"wp-block-image size-full\"><img loading=\"lazy\" decoding=\"async\" width=\"1172\" height=\"883\" src=\"https:\/\/www.medulinriviera.info\/wp-content\/uploads\/2025\/06\/GRANICE-ZONA-UVECANO-3.jpg\" alt=\"\" class=\"wp-image-35753\" srcset=\"https:\/\/www.medulinriviera.info\/wp-content\/uploads\/2025\/06\/GRANICE-ZONA-UVECANO-3.jpg 1172w, https:\/\/www.medulinriviera.info\/wp-content\/uploads\/2025\/06\/GRANICE-ZONA-UVECANO-3-300x226.jpg 300w, https:\/\/www.medulinriviera.info\/wp-content\/uploads\/2025\/06\/GRANICE-ZONA-UVECANO-3-768x579.jpg 768w\" sizes=\"auto, (max-width: 1172px) 100vw, 1172px\" \/><\/figure>\n\n\n\n<p><\/p>\n\n\n\n<figure class=\"wp-block-image size-full\"><img loading=\"lazy\" decoding=\"async\" width=\"1146\" height=\"900\" src=\"https:\/\/www.medulinriviera.info\/wp-content\/uploads\/2025\/06\/GRANICE-ZONA-UVECANO-4.jpg\" alt=\"\" class=\"wp-image-35759\" srcset=\"https:\/\/www.medulinriviera.info\/wp-content\/uploads\/2025\/06\/GRANICE-ZONA-UVECANO-4.jpg 1146w, https:\/\/www.medulinriviera.info\/wp-content\/uploads\/2025\/06\/GRANICE-ZONA-UVECANO-4-300x236.jpg 300w, https:\/\/www.medulinriviera.info\/wp-content\/uploads\/2025\/06\/GRANICE-ZONA-UVECANO-4-768x603.jpg 768w\" sizes=\"auto, (max-width: 1146px) 100vw, 1146px\" \/><\/figure>\n\n\n\n<p><\/p>\n\n\n\n<figure class=\"wp-block-image size-full\"><img loading=\"lazy\" decoding=\"async\" width=\"1129\" height=\"914\" src=\"https:\/\/www.medulinriviera.info\/wp-content\/uploads\/2025\/06\/GRANICE-ZONA-UVECANO-5.jpg\" alt=\"\" class=\"wp-image-35765\" srcset=\"https:\/\/www.medulinriviera.info\/wp-content\/uploads\/2025\/06\/GRANICE-ZONA-UVECANO-5.jpg 1129w, https:\/\/www.medulinriviera.info\/wp-content\/uploads\/2025\/06\/GRANICE-ZONA-UVECANO-5-300x243.jpg 300w, https:\/\/www.medulinriviera.info\/wp-content\/uploads\/2025\/06\/GRANICE-ZONA-UVECANO-5-768x622.jpg 768w\" sizes=\"auto, (max-width: 1129px) 100vw, 1129px\" \/><\/figure>\n\n\n\n<p><\/p>\n\n\n\n<figure class=\"wp-block-image size-full\"><img loading=\"lazy\" decoding=\"async\" width=\"1182\" height=\"829\" src=\"https:\/\/www.medulinriviera.info\/wp-content\/uploads\/2025\/06\/GRANICE-ZONA-UVECANO-6.jpg\" alt=\"\" class=\"wp-image-35771\" srcset=\"https:\/\/www.medulinriviera.info\/wp-content\/uploads\/2025\/06\/GRANICE-ZONA-UVECANO-6.jpg 1182w, https:\/\/www.medulinriviera.info\/wp-content\/uploads\/2025\/06\/GRANICE-ZONA-UVECANO-6-300x210.jpg 300w, https:\/\/www.medulinriviera.info\/wp-content\/uploads\/2025\/06\/GRANICE-ZONA-UVECANO-6-768x539.jpg 768w\" sizes=\"auto, (max-width: 1182px) 100vw, 1182px\" \/><\/figure>\n\n\n\n<p>WICHTIG:<br>Anwohner und Unternehmen haben w\u00e4hrend der gesamten Veranstaltung Zugang zu ihren Immobilien, Wohn- und Gesch\u00e4ftsgeb\u00e4uden.<\/p>\n\n\n\n<h2 class=\"wp-block-heading\">AUSWEISE \u2013 VOR\u00dcBERGEHENDE VERKEHRSBESCHR\u00c4NKUNGEN<\/h2>\n\n\n\n<ul class=\"wp-block-list\">\n<li>Fahrzeuge d\u00fcrfen die Siedlung Medulin und bestimmte Veranstaltungszonen nur mit einem Ausweis befahren.<\/li>\n\n\n\n<li>Ausweise sind nur zu bestimmten Tageszeiten, abh\u00e4ngig von der Zone und im Rahmen des Park-and-Ride-Systems erforderlich.<\/li>\n<\/ul>\n\n\n\n<h2 class=\"wp-block-heading\">ABHOLUNG DER FAHRZEUGAUSWEISE<\/h2>\n\n\n\n<p>Wer kann die Ausweise abholen:<\/p>\n\n\n\n<ul class=\"wp-block-list\">\n<li>Einheimische \u2013 f\u00fcr zus\u00e4tzliche Fahrzeuge (Anwohner, die Medeko-Rechnungen per Post erhalten, erhalten einen Ausweis an ihre Wohnadresse)<\/li>\n\n\n\n<li>Juristische und nat\u00fcrliche Personen, deren Arbeitsst\u00e4tte in Medulin liegt oder die an der Veranstaltungsorganisation beteiligt sind<\/li>\n\n\n\n<li>G\u00e4ste mit gebuchter Unterkunft in Medulin<\/li>\n<\/ul>\n\n\n\n<h2 class=\"wp-block-heading\">Abholorte:<\/h2>\n\n\n\n<ol class=\"wp-block-list\">\n<li>Tourismusverband der Gemeinde Medulin<br>Adresse: Brajdine 41<br>Ab: Mittwoch, 4. Juni 2025<br>\u00d6ffnungszeiten: t\u00e4glich 8:00\u201320:00 Uhr, am Wochenende 8:00\u201316:00 Uhr<\/li>\n\n\n\n<li>Touristeninformation Banjole (Petrol-Tankstelle)<br>Ab: Mittwoch, 4. Juni 2025, 9:00\u201317:00 Uhr<br>\u00d6ffnungszeiten: t\u00e4glich (auch am Wochenende) 9:00\u201317:00 Uhr<\/li>\n<\/ol>\n\n\n\n<p>Erforderliche Unterlagen:<\/p>\n\n\n\n<ul class=\"wp-block-list\">\n<li>Personalausweis<\/li>\n\n\n\n<li>Nachweis der Antragsberechtigung (z. B. Personalausweis, Meldebescheinigung, F\u00fchrerschein, Arbeitgeberbest\u00e4tigung, Reservierungsbest\u00e4tigung usw.)<\/li>\n<\/ul>\n\n\n\n<h2 class=\"wp-block-heading\">HINWEIS F\u00dcR PASSNUTZER<br>Wir bitten Sie, P\u00e4sse nur zu nutzen, wenn Sie \u00fcber einen gesicherten Parkplatz innerhalb der Siedlung Medulin verf\u00fcgen. So vermeiden wir Verkehrsstaus und tragen zur Sicherheit und Zufriedenheit aller Besucher und Einheimischen bei.<br>Allen anderen empfehlen wir die Nutzung des Park-and-Ride-Systems oder von Taxis.<\/h2>\n\n\n\n<h2 class=\"wp-block-heading\">VON DER PASSPFLICHT AUSGENOMMENE FAHRZEUGE<\/h2>\n\n\n\n<ul class=\"wp-block-list\">\n<li>Motorr\u00e4der<\/li>\n\n\n\n<li>Fahrzeuge von G\u00e4sten, die zur gebuchten Unterkunft fahren, gegen Vorlage eines der folgenden Dokumente:<br>\u2013 Best\u00e4tigung der Unterkunftsreservierung<br>\u2013 Best\u00e4tigung des Eigentums oder der Nutzung von Immobilien in Medulin<br>\u2013 Bei der Ankunft in der Unterkunft ist ein Pass f\u00fcr die weitere Nutzung w\u00e4hrend der Veranstaltung erforderlich.<\/li>\n<\/ul>\n\n\n\n<h2 class=\"wp-block-heading\">LIEFERUNG <\/h2>\n\n\n\n<ul class=\"wp-block-list\">\n<li>Allen nat\u00fcrlichen und juristischen Personen, insbesondere Gastronomiebetrieben und Einzelh\u00e4ndlern, wird empfohlen:<br>\u2013 die ben\u00f6tigten Warenmengen im Voraus zu sichern<br>\u2013 die Lieferung w\u00e4hrend der Veranstaltung (Donnerstag, 12. Juni bis Sonntag, 15. Juni) ausschlie\u00dflich bis 9:00 Uhr einzuplanen.<\/li>\n<\/ul>\n\n\n\n<p><\/p>\n\n\n\n<p><\/p>\n\n\n\n<h2 class=\"wp-block-heading\">WEITERE INFORMATIONEN<\/h2>\n\n\n\n<p>Alle Informationen zur Veranstaltung, das detaillierte Programm, die Veranstaltungsorte, die Konzerte und weitere Inhalte finden Sie \u00fcber die <a href=\"https:\/\/www.harley-davidson.com\/us\/en\/content\/h-d-app.html\"><strong>Harley-Davidson App.<\/strong><\/a><\/p>\n\n\n\n<p>Verkehrsinformationen erhalten Sie beim Tourismusverband der Gemeinde Medulin und im Organisationszentrum:<\/p>\n\n\n\n<ul class=\"wp-block-list\">\n<li>www.tzom.hr<\/li>\n\n\n\n<li>info@tzom.hr<\/li>\n\n\n\n<li>052\/577-145<\/li>\n\n\n\n<li>099\/2630-801<\/li>\n<\/ul>\n\n\n\n<p><\/p>\n","protected":false},"excerpt":{"rendered":"<p>31. EUROP\u00c4ISCHE H.O.G.\u2122 RALLYE Medulin und Pula wurden von der ber\u00fchmten amerikanischen Marke Harley-Davidson mit der Organisation einer ihrer attraktivsten&#8230;<\/p>\n","protected":false},"author":2,"featured_media":34776,"parent":0,"menu_order":0,"comment_status":"closed","ping_status":"closed","template":"","meta":{"_acf_changed":false,"footnotes":""},"classificator":[],"class_list":["post-35715","page","type-page","status-publish","has-post-thumbnail","hentry"],"acf":{"video":"","gallery":""},"yoast_head":"<!-- This site is optimized with the Yoast SEO plugin v27.5 - https:\/\/yoast.com\/product\/yoast-seo-wordpress\/ -->\n<title>Vor\u00fcbergehende Verkehrsregelung w\u00e4hrend der European H.O.G.\u2122 Rally 2025. - Medulin Riviera<\/title>\n<meta name=\"robots\" content=\"index, follow, max-snippet:-1, max-image-preview:large, max-video-preview:-1\" \/>\n<link rel=\"canonical\" href=\"https:\/\/www.medulinriviera.info\/de\/voruebergehende-verkehrsregelung-waehrend-der-european-h-o-g-rally-2025\/\" \/>\n<meta property=\"og:locale\" content=\"de_DE\" \/>\n<meta property=\"og:type\" content=\"article\" \/>\n<meta property=\"og:title\" content=\"Vor\u00fcbergehende Verkehrsregelung w\u00e4hrend der European H.O.G.\u2122 Rally 2025. - Medulin Riviera\" \/>\n<meta property=\"og:description\" content=\"31. EUROP\u00c4ISCHE H.O.G.\u2122 RALLYE Medulin und Pula wurden von der ber\u00fchmten amerikanischen Marke Harley-Davidson mit der Organisation einer ihrer attraktivsten...\" \/>\n<meta property=\"og:url\" content=\"https:\/\/www.medulinriviera.info\/de\/voruebergehende-verkehrsregelung-waehrend-der-european-h-o-g-rally-2025\/\" \/>\n<meta property=\"og:site_name\" content=\"Medulin Riviera\" \/>\n<meta property=\"article:publisher\" content=\"https:\/\/www.facebook.com\/medulinriviera\/\" \/>\n<meta property=\"article:modified_time\" content=\"2025-06-13T11:02:04+00:00\" \/>\n<meta property=\"og:image\" content=\"https:\/\/www.medulinriviera.info\/wp-content\/uploads\/2025\/01\/Hog-Rally-9-e1736517551252.jpg\" \/>\n\t<meta property=\"og:image:width\" content=\"1800\" \/>\n\t<meta property=\"og:image:height\" content=\"1200\" \/>\n\t<meta property=\"og:image:type\" content=\"image\/jpeg\" \/>\n<meta name=\"twitter:card\" content=\"summary_large_image\" \/>\n<meta name=\"twitter:label1\" content=\"Gesch\u00e4tzte Lesezeit\" \/>\n\t<meta name=\"twitter:data1\" content=\"6\u00a0Minuten\" \/>\n<script type=\"application\/ld+json\" class=\"yoast-schema-graph\">{\"@context\":\"https:\\\/\\\/schema.org\",\"@graph\":[{\"@type\":\"WebPage\",\"@id\":\"https:\\\/\\\/www.medulinriviera.info\\\/de\\\/voruebergehende-verkehrsregelung-waehrend-der-european-h-o-g-rally-2025\\\/\",\"url\":\"https:\\\/\\\/www.medulinriviera.info\\\/de\\\/voruebergehende-verkehrsregelung-waehrend-der-european-h-o-g-rally-2025\\\/\",\"name\":\"Vor\u00fcbergehende Verkehrsregelung w\u00e4hrend der European H.O.G.\u2122 Rally 2025. - Medulin Riviera\",\"isPartOf\":{\"@id\":\"https:\\\/\\\/www.medulinriviera.info\\\/de\\\/#website\"},\"primaryImageOfPage\":{\"@id\":\"https:\\\/\\\/www.medulinriviera.info\\\/de\\\/voruebergehende-verkehrsregelung-waehrend-der-european-h-o-g-rally-2025\\\/#primaryimage\"},\"image\":{\"@id\":\"https:\\\/\\\/www.medulinriviera.info\\\/de\\\/voruebergehende-verkehrsregelung-waehrend-der-european-h-o-g-rally-2025\\\/#primaryimage\"},\"thumbnailUrl\":\"https:\\\/\\\/www.medulinriviera.info\\\/wp-content\\\/uploads\\\/2025\\\/01\\\/Hog-Rally-9-e1736517551252.jpg\",\"datePublished\":\"2025-06-05T11:48:12+00:00\",\"dateModified\":\"2025-06-13T11:02:04+00:00\",\"breadcrumb\":{\"@id\":\"https:\\\/\\\/www.medulinriviera.info\\\/de\\\/voruebergehende-verkehrsregelung-waehrend-der-european-h-o-g-rally-2025\\\/#breadcrumb\"},\"inLanguage\":\"de\",\"potentialAction\":[{\"@type\":\"ReadAction\",\"target\":[\"https:\\\/\\\/www.medulinriviera.info\\\/de\\\/voruebergehende-verkehrsregelung-waehrend-der-european-h-o-g-rally-2025\\\/\"]}]},{\"@type\":\"ImageObject\",\"inLanguage\":\"de\",\"@id\":\"https:\\\/\\\/www.medulinriviera.info\\\/de\\\/voruebergehende-verkehrsregelung-waehrend-der-european-h-o-g-rally-2025\\\/#primaryimage\",\"url\":\"https:\\\/\\\/www.medulinriviera.info\\\/wp-content\\\/uploads\\\/2025\\\/01\\\/Hog-Rally-9-e1736517551252.jpg\",\"contentUrl\":\"https:\\\/\\\/www.medulinriviera.info\\\/wp-content\\\/uploads\\\/2025\\\/01\\\/Hog-Rally-9-e1736517551252.jpg\",\"width\":1800,\"height\":1200},{\"@type\":\"BreadcrumbList\",\"@id\":\"https:\\\/\\\/www.medulinriviera.info\\\/de\\\/voruebergehende-verkehrsregelung-waehrend-der-european-h-o-g-rally-2025\\\/#breadcrumb\",\"itemListElement\":[{\"@type\":\"ListItem\",\"position\":1,\"name\":\"Home\",\"item\":\"https:\\\/\\\/www.medulinriviera.info\\\/de\\\/\"},{\"@type\":\"ListItem\",\"position\":2,\"name\":\"Vor\u00fcbergehende Verkehrsregelung w\u00e4hrend der European H.O.G.\u2122 Rally 2025.\"}]},{\"@type\":\"WebSite\",\"@id\":\"https:\\\/\\\/www.medulinriviera.info\\\/de\\\/#website\",\"url\":\"https:\\\/\\\/www.medulinriviera.info\\\/de\\\/\",\"name\":\"Medulin Riviera\",\"description\":\"The Blue Planet\",\"publisher\":{\"@id\":\"https:\\\/\\\/www.medulinriviera.info\\\/de\\\/#organization\"},\"potentialAction\":[{\"@type\":\"SearchAction\",\"target\":{\"@type\":\"EntryPoint\",\"urlTemplate\":\"https:\\\/\\\/www.medulinriviera.info\\\/de\\\/?s={search_term_string}\"},\"query-input\":{\"@type\":\"PropertyValueSpecification\",\"valueRequired\":true,\"valueName\":\"search_term_string\"}}],\"inLanguage\":\"de\"},{\"@type\":\"Organization\",\"@id\":\"https:\\\/\\\/www.medulinriviera.info\\\/de\\\/#organization\",\"name\":\"Medulin Riviera\",\"url\":\"https:\\\/\\\/www.medulinriviera.info\\\/de\\\/\",\"logo\":{\"@type\":\"ImageObject\",\"inLanguage\":\"de\",\"@id\":\"https:\\\/\\\/www.medulinriviera.info\\\/de\\\/#\\\/schema\\\/logo\\\/image\\\/\",\"url\":\"https:\\\/\\\/www.medulinriviera.info\\\/wp-content\\\/uploads\\\/2020\\\/06\\\/logo-alt.png\",\"contentUrl\":\"https:\\\/\\\/www.medulinriviera.info\\\/wp-content\\\/uploads\\\/2020\\\/06\\\/logo-alt.png\",\"width\":264,\"height\":78,\"caption\":\"Medulin Riviera\"},\"image\":{\"@id\":\"https:\\\/\\\/www.medulinriviera.info\\\/de\\\/#\\\/schema\\\/logo\\\/image\\\/\"},\"sameAs\":[\"https:\\\/\\\/www.facebook.com\\\/medulinriviera\\\/\",\"https:\\\/\\\/www.instagram.com\\\/medulinriviera\\\/\",\"https:\\\/\\\/www.youtube.com\\\/channel\\\/UCYdC8kYbK9OEmlmeZydpumQ\"]}]}<\/script>\n<!-- \/ Yoast SEO plugin. -->","yoast_head_json":{"title":"Vor\u00fcbergehende Verkehrsregelung w\u00e4hrend der European H.O.G.\u2122 Rally 2025. - Medulin Riviera","robots":{"index":"index","follow":"follow","max-snippet":"max-snippet:-1","max-image-preview":"max-image-preview:large","max-video-preview":"max-video-preview:-1"},"canonical":"https:\/\/www.medulinriviera.info\/de\/voruebergehende-verkehrsregelung-waehrend-der-european-h-o-g-rally-2025\/","og_locale":"de_DE","og_type":"article","og_title":"Vor\u00fcbergehende Verkehrsregelung w\u00e4hrend der European H.O.G.\u2122 Rally 2025. - Medulin Riviera","og_description":"31. EUROP\u00c4ISCHE H.O.G.\u2122 RALLYE Medulin und Pula wurden von der ber\u00fchmten amerikanischen Marke Harley-Davidson mit der Organisation einer ihrer attraktivsten...","og_url":"https:\/\/www.medulinriviera.info\/de\/voruebergehende-verkehrsregelung-waehrend-der-european-h-o-g-rally-2025\/","og_site_name":"Medulin Riviera","article_publisher":"https:\/\/www.facebook.com\/medulinriviera\/","article_modified_time":"2025-06-13T11:02:04+00:00","og_image":[{"width":1800,"height":1200,"url":"https:\/\/www.medulinriviera.info\/wp-content\/uploads\/2025\/01\/Hog-Rally-9-e1736517551252.jpg","type":"image\/jpeg"}],"twitter_card":"summary_large_image","twitter_misc":{"Gesch\u00e4tzte Lesezeit":"6\u00a0Minuten"},"schema":{"@context":"https:\/\/schema.org","@graph":[{"@type":"WebPage","@id":"https:\/\/www.medulinriviera.info\/de\/voruebergehende-verkehrsregelung-waehrend-der-european-h-o-g-rally-2025\/","url":"https:\/\/www.medulinriviera.info\/de\/voruebergehende-verkehrsregelung-waehrend-der-european-h-o-g-rally-2025\/","name":"Vor\u00fcbergehende Verkehrsregelung w\u00e4hrend der European H.O.G.\u2122 Rally 2025. - Medulin Riviera","isPartOf":{"@id":"https:\/\/www.medulinriviera.info\/de\/#website"},"primaryImageOfPage":{"@id":"https:\/\/www.medulinriviera.info\/de\/voruebergehende-verkehrsregelung-waehrend-der-european-h-o-g-rally-2025\/#primaryimage"},"image":{"@id":"https:\/\/www.medulinriviera.info\/de\/voruebergehende-verkehrsregelung-waehrend-der-european-h-o-g-rally-2025\/#primaryimage"},"thumbnailUrl":"https:\/\/www.medulinriviera.info\/wp-content\/uploads\/2025\/01\/Hog-Rally-9-e1736517551252.jpg","datePublished":"2025-06-05T11:48:12+00:00","dateModified":"2025-06-13T11:02:04+00:00","breadcrumb":{"@id":"https:\/\/www.medulinriviera.info\/de\/voruebergehende-verkehrsregelung-waehrend-der-european-h-o-g-rally-2025\/#breadcrumb"},"inLanguage":"de","potentialAction":[{"@type":"ReadAction","target":["https:\/\/www.medulinriviera.info\/de\/voruebergehende-verkehrsregelung-waehrend-der-european-h-o-g-rally-2025\/"]}]},{"@type":"ImageObject","inLanguage":"de","@id":"https:\/\/www.medulinriviera.info\/de\/voruebergehende-verkehrsregelung-waehrend-der-european-h-o-g-rally-2025\/#primaryimage","url":"https:\/\/www.medulinriviera.info\/wp-content\/uploads\/2025\/01\/Hog-Rally-9-e1736517551252.jpg","contentUrl":"https:\/\/www.medulinriviera.info\/wp-content\/uploads\/2025\/01\/Hog-Rally-9-e1736517551252.jpg","width":1800,"height":1200},{"@type":"BreadcrumbList","@id":"https:\/\/www.medulinriviera.info\/de\/voruebergehende-verkehrsregelung-waehrend-der-european-h-o-g-rally-2025\/#breadcrumb","itemListElement":[{"@type":"ListItem","position":1,"name":"Home","item":"https:\/\/www.medulinriviera.info\/de\/"},{"@type":"ListItem","position":2,"name":"Vor\u00fcbergehende Verkehrsregelung w\u00e4hrend der European H.O.G.\u2122 Rally 2025."}]},{"@type":"WebSite","@id":"https:\/\/www.medulinriviera.info\/de\/#website","url":"https:\/\/www.medulinriviera.info\/de\/","name":"Medulin Riviera","description":"The Blue Planet","publisher":{"@id":"https:\/\/www.medulinriviera.info\/de\/#organization"},"potentialAction":[{"@type":"SearchAction","target":{"@type":"EntryPoint","urlTemplate":"https:\/\/www.medulinriviera.info\/de\/?s={search_term_string}"},"query-input":{"@type":"PropertyValueSpecification","valueRequired":true,"valueName":"search_term_string"}}],"inLanguage":"de"},{"@type":"Organization","@id":"https:\/\/www.medulinriviera.info\/de\/#organization","name":"Medulin Riviera","url":"https:\/\/www.medulinriviera.info\/de\/","logo":{"@type":"ImageObject","inLanguage":"de","@id":"https:\/\/www.medulinriviera.info\/de\/#\/schema\/logo\/image\/","url":"https:\/\/www.medulinriviera.info\/wp-content\/uploads\/2020\/06\/logo-alt.png","contentUrl":"https:\/\/www.medulinriviera.info\/wp-content\/uploads\/2020\/06\/logo-alt.png","width":264,"height":78,"caption":"Medulin Riviera"},"image":{"@id":"https:\/\/www.medulinriviera.info\/de\/#\/schema\/logo\/image\/"},"sameAs":["https:\/\/www.facebook.com\/medulinriviera\/","https:\/\/www.instagram.com\/medulinriviera\/","https:\/\/www.youtube.com\/channel\/UCYdC8kYbK9OEmlmeZydpumQ"]}]}},"wpml_current_locale":"de_DE","wpml_translations":[{"locale":"hr","id":35713,"post_title":"Privremena regulacija prometa 12.-15. lipnja 2025. - 31. European H.O.G. Rally","href":"https:\/\/www.medulinriviera.info\/hr\/privremena-regulacija-prometa-12-15-lipnja-2025-31-european-h-o-g-rally\/"},{"locale":"en_US","id":35705,"post_title":"TEMPORARY TRAFFIC REGULATIONS - 31st European H.O.G.\u2122 Rally \u2013 Medulin &amp; Pula, 12\u201315 June 2025","href":"https:\/\/www.medulinriviera.info\/temporary-traffic-regulations-31st-european-h-o-g-rally-medulin-pula-12-15-june-2025\/"},{"locale":"fr_FR","id":35730,"post_title":"R\u00e9gulation temporaire de la circulation pendant le Rallye Europ\u00e9en H.O.G.\u2122 2025. - 12.-15.06.2025.","href":"https:\/\/www.medulinriviera.info\/fr\/regulation-temporaire-de-la-circulation-pendant-le-rallye-europeen-h-o-g-2025-12-15-06-2025\/"},{"locale":"it_IT","id":35717,"post_title":"Regolamentazione temporanea del traffico durante l'European H.O.G.\u2122 Rally 2025. - 12.-15.06.2025.","href":"https:\/\/www.medulinriviera.info\/it\/regolamentazione-temporanea-del-traffico-durante-leuropean-h-o-g-rally-2025-12-15-06-2025\/"}],"_links":{"self":[{"href":"https:\/\/www.medulinriviera.info\/de\/wp-json\/wp\/v2\/pages\/35715","targetHints":{"allow":["GET"]}}],"collection":[{"href":"https:\/\/www.medulinriviera.info\/de\/wp-json\/wp\/v2\/pages"}],"about":[{"href":"https:\/\/www.medulinriviera.info\/de\/wp-json\/wp\/v2\/types\/page"}],"author":[{"embeddable":true,"href":"https:\/\/www.medulinriviera.info\/de\/wp-json\/wp\/v2\/users\/2"}],"replies":[{"embeddable":true,"href":"https:\/\/www.medulinriviera.info\/de\/wp-json\/wp\/v2\/comments?post=35715"}],"version-history":[{"count":5,"href":"https:\/\/www.medulinriviera.info\/de\/wp-json\/wp\/v2\/pages\/35715\/revisions"}],"predecessor-version":[{"id":35917,"href":"https:\/\/www.medulinriviera.info\/de\/wp-json\/wp\/v2\/pages\/35715\/revisions\/35917"}],"wp:featuredmedia":[{"embeddable":true,"href":"https:\/\/www.medulinriviera.info\/de\/wp-json\/wp\/v2\/media\/34776"}],"wp:attachment":[{"href":"https:\/\/www.medulinriviera.info\/de\/wp-json\/wp\/v2\/media?parent=35715"}],"wp:term":[{"taxonomy":"classificator","embeddable":true,"href":"https:\/\/www.medulinriviera.info\/de\/wp-json\/wp\/v2\/classificator?post=35715"}],"curies":[{"name":"wp","href":"https:\/\/api.w.org\/{rel}","templated":true}]}}