{"id":30444,"date":"2023-10-23T15:21:29","date_gmt":"2023-10-23T13:21:29","guid":{"rendered":"https:\/\/www.medulinriviera.info\/gates-of-agartha\/"},"modified":"2026-02-24T11:35:58","modified_gmt":"2026-02-24T10:35:58","slug":"gates-of-agartha","status":"publish","type":"page","link":"https:\/\/www.medulinriviera.info\/de\/the-magic-of-music\/gates-of-agartha\/","title":{"rendered":"GATES of AGARTHA"},"content":{"rendered":"\n<p class=\"has-text-align-center\">Ein spektakul\u00e4res Musikereignis<\/p>\n\n\n\n<h2 class=\"wp-block-heading has-text-align-center\">vom 4. bis 7. Juni 2026.<\/h2>\n\n\n\n<p class=\"has-text-align-center\">Cave Romane (Vinkuran \u2013 Medulin)<\/p>\n\n\n\n<h2 class=\"wp-block-heading has-text-align-center\">Tickets &amp; Infos: <a href=\"https:\/\/www.gatesofagartha.com\/\">Gates of Agartha<\/a><\/h2>\n\n\n\n<p class=\"has-text-align-center\">Sind Sie bereit f\u00fcr ein einmaliges Abenteuer? Die Tore von Agartha erwarten Sie bei Ihrer Ankunft und freuen sich darauf, ihre Geheimnisse zu teilen und eine Welt voller Wunder zu enth\u00fcllen. Lassen Sie sich verzaubern, inspirieren und staunen, w\u00e4hrend Sie in das mystische unterirdische K\u00f6nigreich Agartha im S\u00fcden Istriens eintauchen. Die Reise beginnt und die Tore stehen offen. Wirst du hindurchgehen?<\/p>\n\n\n\n<figure class=\"wp-block-embed is-type-video is-provider-youtube wp-block-embed-youtube wp-embed-aspect-16-9 wp-has-aspect-ratio\"><div class=\"wp-block-embed__wrapper\">\n<iframe loading=\"lazy\" title=\"Gates Of Agartha &amp; BSH, Cave Romana PULA FPV 4k\" width=\"500\" height=\"281\" src=\"https:\/\/www.youtube.com\/embed\/ZxRzIaQrhz8?feature=oembed\" frameborder=\"0\" allow=\"accelerometer; autoplay; clipboard-write; encrypted-media; gyroscope; picture-in-picture; web-share\" referrerpolicy=\"strict-origin-when-cross-origin\" allowfullscreen><\/iframe>\n<\/div><\/figure>\n\n\n\n<p class=\"has-text-align-center\">Legenden erz\u00e4hlen von zahlreichen Toren, die \u00fcber die ganze Welt verstreut sind und zu einem Reich voller unerz\u00e4hlter Geschichten und uralter Weisheit f\u00fchren. Und unter diesen mystischen Portalen liegt eines im S\u00fcden Istriens, im antiken r\u00f6mischen Steinbruch \u2013 Cave Romane in Vinkuran.<br>Cave Romane ist ein Veranstaltungsort wie kein anderer und ein Zeugnis der Handwerkskunst und des architektonischen Einfallsreichtums der R\u00f6mer. In diesem r\u00f6mischen Steinbruch wurde jahrhundertelang der begehrte istrische Kalkstein abgebaut, ein hochwertiger Stein, der wegen seiner Qualit\u00e4t gesch\u00e4tzt und f\u00fcr den Bau ber\u00fchmter Bauwerke, darunter das Kolosseum in Rom, verwendet wurde. Dieser aus dem Fels gehauene au\u00dfergew\u00f6hnliche Ort verwandelt sich in eine einzigartige Tanzfl\u00e4che, ausgestattet mit beeindruckender und modernster Lichttechnik und einer Weltklasse-Produktion. Die renommierten DJ-Stars \u00fcbernehmen den Mittelpunkt und tauchen Sie in einzigartige Geheimnisse einer vergangenen \u00c4ra ein.<\/p>\n\n\n\n<div class=\"wp-block-cover is-light\"><span aria-hidden=\"true\" class=\"wp-block-cover__background has-background-dim\"><\/span><div class=\"wp-block-cover__inner-container is-layout-flow wp-block-cover-is-layout-flow\">\n<div class=\"wp-block-group is-vertical is-layout-flex wp-container-core-group-is-layout-8cf370e7 wp-block-group-is-layout-flex\">\n<figure class=\"wp-block-gallery has-nested-images columns-default is-cropped wp-block-gallery-1 is-layout-flex wp-block-gallery-is-layout-flex\">\n<figure class=\"wp-block-image size-large is-style-default\"><img loading=\"lazy\" decoding=\"async\" width=\"1600\" height=\"1200\" data-id=\"30032\" src=\"https:\/\/www.medulinriviera.info\/wp-content\/uploads\/2023\/10\/MARKO-EDGE-drone-3-1600x1200.jpg\" alt=\"\" class=\"wp-image-30032\" srcset=\"https:\/\/www.medulinriviera.info\/wp-content\/uploads\/2023\/10\/MARKO-EDGE-drone-3-1600x1200.jpg 1600w, https:\/\/www.medulinriviera.info\/wp-content\/uploads\/2023\/10\/MARKO-EDGE-drone-3-300x225.jpg 300w, https:\/\/www.medulinriviera.info\/wp-content\/uploads\/2023\/10\/MARKO-EDGE-drone-3-768x576.jpg 768w, https:\/\/www.medulinriviera.info\/wp-content\/uploads\/2023\/10\/MARKO-EDGE-drone-3-1536x1152.jpg 1536w, https:\/\/www.medulinriviera.info\/wp-content\/uploads\/2023\/10\/MARKO-EDGE-drone-3-2048x1536.jpg 2048w, https:\/\/www.medulinriviera.info\/wp-content\/uploads\/2023\/10\/MARKO-EDGE-drone-3-scaled.jpg 2000w\" sizes=\"auto, (max-width: 1600px) 100vw, 1600px\" \/><\/figure>\n\n\n\n<figure class=\"wp-block-image size-large\"><img loading=\"lazy\" decoding=\"async\" width=\"800\" height=\"1200\" data-id=\"30224\" src=\"https:\/\/www.medulinriviera.info\/wp-content\/uploads\/2023\/10\/MARKO-EDGE-DAY-2-111-800x1200.jpg\" alt=\"\" class=\"wp-image-30224\" srcset=\"https:\/\/www.medulinriviera.info\/wp-content\/uploads\/2023\/10\/MARKO-EDGE-DAY-2-111-800x1200.jpg 800w, https:\/\/www.medulinriviera.info\/wp-content\/uploads\/2023\/10\/MARKO-EDGE-DAY-2-111-200x300.jpg 200w, https:\/\/www.medulinriviera.info\/wp-content\/uploads\/2023\/10\/MARKO-EDGE-DAY-2-111-768x1151.jpg 768w, https:\/\/www.medulinriviera.info\/wp-content\/uploads\/2023\/10\/MARKO-EDGE-DAY-2-111-1025x1536.jpg 1025w, https:\/\/www.medulinriviera.info\/wp-content\/uploads\/2023\/10\/MARKO-EDGE-DAY-2-111-1366x2048.jpg 1366w, https:\/\/www.medulinriviera.info\/wp-content\/uploads\/2023\/10\/MARKO-EDGE-DAY-2-111-scaled.jpg 1334w\" sizes=\"auto, (max-width: 800px) 100vw, 800px\" \/><\/figure>\n\n\n\n<figure class=\"wp-block-image size-large\"><img loading=\"lazy\" decoding=\"async\" width=\"1600\" height=\"1067\" data-id=\"30344\" src=\"https:\/\/www.medulinriviera.info\/wp-content\/uploads\/2023\/10\/MARKO-EDGE-DAY-2-211-1600x1067.jpg\" alt=\"\" class=\"wp-image-30344\" srcset=\"https:\/\/www.medulinriviera.info\/wp-content\/uploads\/2023\/10\/MARKO-EDGE-DAY-2-211-1600x1067.jpg 1600w, https:\/\/www.medulinriviera.info\/wp-content\/uploads\/2023\/10\/MARKO-EDGE-DAY-2-211-300x200.jpg 300w, https:\/\/www.medulinriviera.info\/wp-content\/uploads\/2023\/10\/MARKO-EDGE-DAY-2-211-768x512.jpg 768w, https:\/\/www.medulinriviera.info\/wp-content\/uploads\/2023\/10\/MARKO-EDGE-DAY-2-211-1536x1025.jpg 1536w, https:\/\/www.medulinriviera.info\/wp-content\/uploads\/2023\/10\/MARKO-EDGE-DAY-2-211-2048x1366.jpg 2048w, https:\/\/www.medulinriviera.info\/wp-content\/uploads\/2023\/10\/MARKO-EDGE-DAY-2-211-scaled.jpg 2000w\" sizes=\"auto, (max-width: 1600px) 100vw, 1600px\" \/><\/figure>\n\n\n\n<figure class=\"wp-block-image size-large\"><img loading=\"lazy\" decoding=\"async\" width=\"675\" height=\"1200\" data-id=\"30410\" src=\"https:\/\/www.medulinriviera.info\/wp-content\/uploads\/2023\/10\/MARKO-EDGE-drone-37-675x1200.jpg\" alt=\"\" class=\"wp-image-30410\" srcset=\"https:\/\/www.medulinriviera.info\/wp-content\/uploads\/2023\/10\/MARKO-EDGE-drone-37-675x1200.jpg 675w, https:\/\/www.medulinriviera.info\/wp-content\/uploads\/2023\/10\/MARKO-EDGE-drone-37-169x300.jpg 169w, https:\/\/www.medulinriviera.info\/wp-content\/uploads\/2023\/10\/MARKO-EDGE-drone-37-768x1365.jpg 768w, https:\/\/www.medulinriviera.info\/wp-content\/uploads\/2023\/10\/MARKO-EDGE-drone-37-864x1536.jpg 864w, https:\/\/www.medulinriviera.info\/wp-content\/uploads\/2023\/10\/MARKO-EDGE-drone-37-1152x2048.jpg 1152w, https:\/\/www.medulinriviera.info\/wp-content\/uploads\/2023\/10\/MARKO-EDGE-drone-37-scaled.jpg 1125w\" sizes=\"auto, (max-width: 675px) 100vw, 675px\" \/><\/figure>\n\n\n\n<figure class=\"wp-block-image size-large\"><img loading=\"lazy\" decoding=\"async\" width=\"1600\" height=\"900\" data-id=\"30392\" src=\"https:\/\/www.medulinriviera.info\/wp-content\/uploads\/2023\/10\/MARKO-EDGE-drone-19-1600x900.jpg\" alt=\"\" class=\"wp-image-30392\" srcset=\"https:\/\/www.medulinriviera.info\/wp-content\/uploads\/2023\/10\/MARKO-EDGE-drone-19-1600x900.jpg 1600w, https:\/\/www.medulinriviera.info\/wp-content\/uploads\/2023\/10\/MARKO-EDGE-drone-19-300x169.jpg 300w, https:\/\/www.medulinriviera.info\/wp-content\/uploads\/2023\/10\/MARKO-EDGE-drone-19-768x432.jpg 768w, https:\/\/www.medulinriviera.info\/wp-content\/uploads\/2023\/10\/MARKO-EDGE-drone-19-1536x864.jpg 1536w, https:\/\/www.medulinriviera.info\/wp-content\/uploads\/2023\/10\/MARKO-EDGE-drone-19-2048x1152.jpg 2048w, https:\/\/www.medulinriviera.info\/wp-content\/uploads\/2023\/10\/MARKO-EDGE-drone-19-scaled.jpg 2000w\" sizes=\"auto, (max-width: 1600px) 100vw, 1600px\" \/><\/figure>\n\n\n\n<figure class=\"wp-block-image size-large\"><img loading=\"lazy\" decoding=\"async\" width=\"1600\" height=\"1067\" data-id=\"29978\" src=\"https:\/\/www.medulinriviera.info\/wp-content\/uploads\/2023\/10\/Gates-Of-Agartha-Marko-Edge-159-1600x1067.jpg\" alt=\"\" class=\"wp-image-29978\" srcset=\"https:\/\/www.medulinriviera.info\/wp-content\/uploads\/2023\/10\/Gates-Of-Agartha-Marko-Edge-159-1600x1067.jpg 1600w, https:\/\/www.medulinriviera.info\/wp-content\/uploads\/2023\/10\/Gates-Of-Agartha-Marko-Edge-159-300x200.jpg 300w, https:\/\/www.medulinriviera.info\/wp-content\/uploads\/2023\/10\/Gates-Of-Agartha-Marko-Edge-159-768x512.jpg 768w, https:\/\/www.medulinriviera.info\/wp-content\/uploads\/2023\/10\/Gates-Of-Agartha-Marko-Edge-159-1536x1025.jpg 1536w, https:\/\/www.medulinriviera.info\/wp-content\/uploads\/2023\/10\/Gates-Of-Agartha-Marko-Edge-159-2048x1366.jpg 2048w, https:\/\/www.medulinriviera.info\/wp-content\/uploads\/2023\/10\/Gates-Of-Agartha-Marko-Edge-159-scaled.jpg 2000w\" sizes=\"auto, (max-width: 1600px) 100vw, 1600px\" \/><\/figure>\n<\/figure>\n<\/div>\n<\/div><\/div>\n\n\n\n<p class=\"has-text-align-center\">Die bezaubernde Welt von Gates of Agartha wird 48 Stunden lang zum Leben erweckt!<\/p>\n\n\n\n<figure class=\"wp-block-gallery has-nested-images columns-default is-cropped wp-block-gallery-2 is-layout-flex wp-block-gallery-is-layout-flex\">\n<figure class=\"wp-block-image size-large\"><img loading=\"lazy\" decoding=\"async\" width=\"1600\" height=\"1067\" data-id=\"29744\" src=\"https:\/\/www.medulinriviera.info\/wp-content\/uploads\/2023\/10\/Gates-Of-Agartha-Marko-Edge-13-1600x1067.jpg\" alt=\"\" class=\"wp-image-29744\" srcset=\"https:\/\/www.medulinriviera.info\/wp-content\/uploads\/2023\/10\/Gates-Of-Agartha-Marko-Edge-13-1600x1067.jpg 1600w, https:\/\/www.medulinriviera.info\/wp-content\/uploads\/2023\/10\/Gates-Of-Agartha-Marko-Edge-13-300x200.jpg 300w, https:\/\/www.medulinriviera.info\/wp-content\/uploads\/2023\/10\/Gates-Of-Agartha-Marko-Edge-13-768x512.jpg 768w, https:\/\/www.medulinriviera.info\/wp-content\/uploads\/2023\/10\/Gates-Of-Agartha-Marko-Edge-13-1536x1025.jpg 1536w, https:\/\/www.medulinriviera.info\/wp-content\/uploads\/2023\/10\/Gates-Of-Agartha-Marko-Edge-13-2048x1366.jpg 2048w, https:\/\/www.medulinriviera.info\/wp-content\/uploads\/2023\/10\/Gates-Of-Agartha-Marko-Edge-13-scaled.jpg 2000w\" sizes=\"auto, (max-width: 1600px) 100vw, 1600px\" \/><\/figure>\n\n\n\n<figure class=\"wp-block-image size-large\"><img loading=\"lazy\" decoding=\"async\" width=\"1600\" height=\"1067\" data-id=\"29666\" src=\"https:\/\/www.medulinriviera.info\/wp-content\/uploads\/2023\/10\/Gates-Of-Agartha-Marko-Edge-104-1600x1067.jpg\" alt=\"\" class=\"wp-image-29666\" srcset=\"https:\/\/www.medulinriviera.info\/wp-content\/uploads\/2023\/10\/Gates-Of-Agartha-Marko-Edge-104-1600x1067.jpg 1600w, https:\/\/www.medulinriviera.info\/wp-content\/uploads\/2023\/10\/Gates-Of-Agartha-Marko-Edge-104-300x200.jpg 300w, https:\/\/www.medulinriviera.info\/wp-content\/uploads\/2023\/10\/Gates-Of-Agartha-Marko-Edge-104-768x512.jpg 768w, https:\/\/www.medulinriviera.info\/wp-content\/uploads\/2023\/10\/Gates-Of-Agartha-Marko-Edge-104-1536x1025.jpg 1536w, https:\/\/www.medulinriviera.info\/wp-content\/uploads\/2023\/10\/Gates-Of-Agartha-Marko-Edge-104-2048x1366.jpg 2048w, https:\/\/www.medulinriviera.info\/wp-content\/uploads\/2023\/10\/Gates-Of-Agartha-Marko-Edge-104-scaled.jpg 2000w\" sizes=\"auto, (max-width: 1600px) 100vw, 1600px\" \/><\/figure>\n\n\n\n<figure class=\"wp-block-image size-large\"><img loading=\"lazy\" decoding=\"async\" width=\"1600\" height=\"1067\" data-id=\"29714\" src=\"https:\/\/www.medulinriviera.info\/wp-content\/uploads\/2023\/10\/Gates-Of-Agartha-Marko-Edge-2-1600x1067.jpg\" alt=\"\" class=\"wp-image-29714\" srcset=\"https:\/\/www.medulinriviera.info\/wp-content\/uploads\/2023\/10\/Gates-Of-Agartha-Marko-Edge-2-1600x1067.jpg 1600w, https:\/\/www.medulinriviera.info\/wp-content\/uploads\/2023\/10\/Gates-Of-Agartha-Marko-Edge-2-300x200.jpg 300w, https:\/\/www.medulinriviera.info\/wp-content\/uploads\/2023\/10\/Gates-Of-Agartha-Marko-Edge-2-768x512.jpg 768w, https:\/\/www.medulinriviera.info\/wp-content\/uploads\/2023\/10\/Gates-Of-Agartha-Marko-Edge-2-1536x1025.jpg 1536w, https:\/\/www.medulinriviera.info\/wp-content\/uploads\/2023\/10\/Gates-Of-Agartha-Marko-Edge-2-2048x1366.jpg 2048w, https:\/\/www.medulinriviera.info\/wp-content\/uploads\/2023\/10\/Gates-Of-Agartha-Marko-Edge-2-scaled.jpg 2000w\" sizes=\"auto, (max-width: 1600px) 100vw, 1600px\" \/><\/figure>\n\n\n\n<figure class=\"wp-block-image size-large\"><img loading=\"lazy\" decoding=\"async\" width=\"1600\" height=\"1067\" data-id=\"29918\" src=\"https:\/\/www.medulinriviera.info\/wp-content\/uploads\/2023\/10\/Gates-Of-Agartha-Marko-Edge-84-1600x1067.jpg\" alt=\"\" class=\"wp-image-29918\" srcset=\"https:\/\/www.medulinriviera.info\/wp-content\/uploads\/2023\/10\/Gates-Of-Agartha-Marko-Edge-84-1600x1067.jpg 1600w, https:\/\/www.medulinriviera.info\/wp-content\/uploads\/2023\/10\/Gates-Of-Agartha-Marko-Edge-84-300x200.jpg 300w, https:\/\/www.medulinriviera.info\/wp-content\/uploads\/2023\/10\/Gates-Of-Agartha-Marko-Edge-84-768x512.jpg 768w, https:\/\/www.medulinriviera.info\/wp-content\/uploads\/2023\/10\/Gates-Of-Agartha-Marko-Edge-84-1536x1025.jpg 1536w, https:\/\/www.medulinriviera.info\/wp-content\/uploads\/2023\/10\/Gates-Of-Agartha-Marko-Edge-84-2048x1366.jpg 2048w, https:\/\/www.medulinriviera.info\/wp-content\/uploads\/2023\/10\/Gates-Of-Agartha-Marko-Edge-84-scaled.jpg 2000w\" sizes=\"auto, (max-width: 1600px) 100vw, 1600px\" \/><\/figure>\n<\/figure>\n\n\n\n<p class=\"has-text-align-center\">Diese unvergessliche zweit\u00e4gige Odyssee im S\u00fcden Istriens fand 2023 zum ersten Mal statt. Hier haben wir einen Teil der Atmosph\u00e4re mit Ihnen geteilt.<\/p>\n\n\n\n<p class=\"has-text-align-center\">Sie findet am 5. und 6. Juni 2026 wieder statt. Werden Sie dabei sein?<\/p>\n\n\n\n<p class=\"has-text-align-center\">Sind Sie also bereit, wieder durch die Tore von Agartha zu treten?<\/p>\n\n\n\n<p class=\"has-text-align-center\"><\/p>\n","protected":false},"excerpt":{"rendered":"<p>Ein spektakul\u00e4res Musikereignis vom 4. bis 7. Juni 2026. Cave Romane (Vinkuran \u2013 Medulin) Tickets &amp; Infos: Gates of Agartha&#8230;<\/p>\n","protected":false},"author":2,"featured_media":30035,"parent":10335,"menu_order":1,"comment_status":"closed","ping_status":"closed","template":"","meta":{"_acf_changed":false,"footnotes":""},"classificator":[],"class_list":["post-30444","page","type-page","status-publish","has-post-thumbnail","hentry"],"acf":{"video":"","gallery":""},"yoast_head":"<!-- This site is optimized with the Yoast SEO plugin v27.5 - https:\/\/yoast.com\/product\/yoast-seo-wordpress\/ -->\n<title>GATES of AGARTHA - Medulin Riviera<\/title>\n<meta name=\"robots\" content=\"index, follow, max-snippet:-1, max-image-preview:large, max-video-preview:-1\" \/>\n<link rel=\"canonical\" href=\"https:\/\/www.medulinriviera.info\/de\/the-magic-of-music\/gates-of-agartha\/\" \/>\n<meta property=\"og:locale\" content=\"de_DE\" \/>\n<meta property=\"og:type\" content=\"article\" \/>\n<meta property=\"og:title\" content=\"GATES of AGARTHA - Medulin Riviera\" \/>\n<meta property=\"og:description\" content=\"Ein spektakul\u00e4res Musikereignis vom 4. bis 7. Juni 2026. Cave Romane (Vinkuran \u2013 Medulin) Tickets &amp; Infos: Gates of Agartha...\" \/>\n<meta property=\"og:url\" content=\"https:\/\/www.medulinriviera.info\/de\/the-magic-of-music\/gates-of-agartha\/\" \/>\n<meta property=\"og:site_name\" content=\"Medulin Riviera\" \/>\n<meta property=\"article:publisher\" content=\"https:\/\/www.facebook.com\/medulinriviera\/\" \/>\n<meta property=\"article:modified_time\" content=\"2026-02-24T10:35:58+00:00\" \/>\n<meta property=\"og:image\" content=\"https:\/\/www.medulinriviera.info\/wp-content\/uploads\/2023\/10\/MARKO-EDGE-drone-3-scaled.jpg\" \/>\n\t<meta property=\"og:image:width\" content=\"2560\" \/>\n\t<meta property=\"og:image:height\" content=\"1920\" \/>\n\t<meta property=\"og:image:type\" content=\"image\/jpeg\" \/>\n<meta name=\"twitter:card\" content=\"summary_large_image\" \/>\n<meta name=\"twitter:label1\" content=\"Gesch\u00e4tzte Lesezeit\" \/>\n\t<meta name=\"twitter:data1\" content=\"4\u00a0Minuten\" \/>\n<script type=\"application\/ld+json\" class=\"yoast-schema-graph\">{\"@context\":\"https:\\\/\\\/schema.org\",\"@graph\":[{\"@type\":\"WebPage\",\"@id\":\"https:\\\/\\\/www.medulinriviera.info\\\/de\\\/the-magic-of-music\\\/gates-of-agartha\\\/\",\"url\":\"https:\\\/\\\/www.medulinriviera.info\\\/de\\\/the-magic-of-music\\\/gates-of-agartha\\\/\",\"name\":\"GATES of AGARTHA - Medulin Riviera\",\"isPartOf\":{\"@id\":\"https:\\\/\\\/www.medulinriviera.info\\\/de\\\/#website\"},\"primaryImageOfPage\":{\"@id\":\"https:\\\/\\\/www.medulinriviera.info\\\/de\\\/the-magic-of-music\\\/gates-of-agartha\\\/#primaryimage\"},\"image\":{\"@id\":\"https:\\\/\\\/www.medulinriviera.info\\\/de\\\/the-magic-of-music\\\/gates-of-agartha\\\/#primaryimage\"},\"thumbnailUrl\":\"https:\\\/\\\/www.medulinriviera.info\\\/wp-content\\\/uploads\\\/2023\\\/10\\\/MARKO-EDGE-drone-3-scaled.jpg\",\"datePublished\":\"2023-10-23T13:21:29+00:00\",\"dateModified\":\"2026-02-24T10:35:58+00:00\",\"breadcrumb\":{\"@id\":\"https:\\\/\\\/www.medulinriviera.info\\\/de\\\/the-magic-of-music\\\/gates-of-agartha\\\/#breadcrumb\"},\"inLanguage\":\"de\",\"potentialAction\":[{\"@type\":\"ReadAction\",\"target\":[\"https:\\\/\\\/www.medulinriviera.info\\\/de\\\/the-magic-of-music\\\/gates-of-agartha\\\/\"]}]},{\"@type\":\"ImageObject\",\"inLanguage\":\"de\",\"@id\":\"https:\\\/\\\/www.medulinriviera.info\\\/de\\\/the-magic-of-music\\\/gates-of-agartha\\\/#primaryimage\",\"url\":\"https:\\\/\\\/www.medulinriviera.info\\\/wp-content\\\/uploads\\\/2023\\\/10\\\/MARKO-EDGE-drone-3-scaled.jpg\",\"contentUrl\":\"https:\\\/\\\/www.medulinriviera.info\\\/wp-content\\\/uploads\\\/2023\\\/10\\\/MARKO-EDGE-drone-3-scaled.jpg\",\"width\":2560,\"height\":1920},{\"@type\":\"BreadcrumbList\",\"@id\":\"https:\\\/\\\/www.medulinriviera.info\\\/de\\\/the-magic-of-music\\\/gates-of-agartha\\\/#breadcrumb\",\"itemListElement\":[{\"@type\":\"ListItem\",\"position\":1,\"name\":\"Home\",\"item\":\"https:\\\/\\\/www.medulinriviera.info\\\/de\\\/\"},{\"@type\":\"ListItem\",\"position\":2,\"name\":\"The Magic of Music\",\"item\":\"https:\\\/\\\/www.medulinriviera.info\\\/de\\\/the-magic-of-music\\\/\"},{\"@type\":\"ListItem\",\"position\":3,\"name\":\"GATES of AGARTHA\"}]},{\"@type\":\"WebSite\",\"@id\":\"https:\\\/\\\/www.medulinriviera.info\\\/de\\\/#website\",\"url\":\"https:\\\/\\\/www.medulinriviera.info\\\/de\\\/\",\"name\":\"Medulin Riviera\",\"description\":\"The Blue Planet\",\"publisher\":{\"@id\":\"https:\\\/\\\/www.medulinriviera.info\\\/de\\\/#organization\"},\"potentialAction\":[{\"@type\":\"SearchAction\",\"target\":{\"@type\":\"EntryPoint\",\"urlTemplate\":\"https:\\\/\\\/www.medulinriviera.info\\\/de\\\/?s={search_term_string}\"},\"query-input\":{\"@type\":\"PropertyValueSpecification\",\"valueRequired\":true,\"valueName\":\"search_term_string\"}}],\"inLanguage\":\"de\"},{\"@type\":\"Organization\",\"@id\":\"https:\\\/\\\/www.medulinriviera.info\\\/de\\\/#organization\",\"name\":\"Medulin Riviera\",\"url\":\"https:\\\/\\\/www.medulinriviera.info\\\/de\\\/\",\"logo\":{\"@type\":\"ImageObject\",\"inLanguage\":\"de\",\"@id\":\"https:\\\/\\\/www.medulinriviera.info\\\/de\\\/#\\\/schema\\\/logo\\\/image\\\/\",\"url\":\"https:\\\/\\\/www.medulinriviera.info\\\/wp-content\\\/uploads\\\/2020\\\/06\\\/logo-alt.png\",\"contentUrl\":\"https:\\\/\\\/www.medulinriviera.info\\\/wp-content\\\/uploads\\\/2020\\\/06\\\/logo-alt.png\",\"width\":264,\"height\":78,\"caption\":\"Medulin Riviera\"},\"image\":{\"@id\":\"https:\\\/\\\/www.medulinriviera.info\\\/de\\\/#\\\/schema\\\/logo\\\/image\\\/\"},\"sameAs\":[\"https:\\\/\\\/www.facebook.com\\\/medulinriviera\\\/\",\"https:\\\/\\\/www.instagram.com\\\/medulinriviera\\\/\",\"https:\\\/\\\/www.youtube.com\\\/channel\\\/UCYdC8kYbK9OEmlmeZydpumQ\"]}]}<\/script>\n<!-- \/ Yoast SEO plugin. -->","yoast_head_json":{"title":"GATES of AGARTHA - Medulin Riviera","robots":{"index":"index","follow":"follow","max-snippet":"max-snippet:-1","max-image-preview":"max-image-preview:large","max-video-preview":"max-video-preview:-1"},"canonical":"https:\/\/www.medulinriviera.info\/de\/the-magic-of-music\/gates-of-agartha\/","og_locale":"de_DE","og_type":"article","og_title":"GATES of AGARTHA - Medulin Riviera","og_description":"Ein spektakul\u00e4res Musikereignis vom 4. bis 7. Juni 2026. Cave Romane (Vinkuran \u2013 Medulin) Tickets &amp; Infos: Gates of Agartha...","og_url":"https:\/\/www.medulinriviera.info\/de\/the-magic-of-music\/gates-of-agartha\/","og_site_name":"Medulin Riviera","article_publisher":"https:\/\/www.facebook.com\/medulinriviera\/","article_modified_time":"2026-02-24T10:35:58+00:00","og_image":[{"width":2560,"height":1920,"url":"https:\/\/www.medulinriviera.info\/wp-content\/uploads\/2023\/10\/MARKO-EDGE-drone-3-scaled.jpg","type":"image\/jpeg"}],"twitter_card":"summary_large_image","twitter_misc":{"Gesch\u00e4tzte Lesezeit":"4\u00a0Minuten"},"schema":{"@context":"https:\/\/schema.org","@graph":[{"@type":"WebPage","@id":"https:\/\/www.medulinriviera.info\/de\/the-magic-of-music\/gates-of-agartha\/","url":"https:\/\/www.medulinriviera.info\/de\/the-magic-of-music\/gates-of-agartha\/","name":"GATES of AGARTHA - Medulin Riviera","isPartOf":{"@id":"https:\/\/www.medulinriviera.info\/de\/#website"},"primaryImageOfPage":{"@id":"https:\/\/www.medulinriviera.info\/de\/the-magic-of-music\/gates-of-agartha\/#primaryimage"},"image":{"@id":"https:\/\/www.medulinriviera.info\/de\/the-magic-of-music\/gates-of-agartha\/#primaryimage"},"thumbnailUrl":"https:\/\/www.medulinriviera.info\/wp-content\/uploads\/2023\/10\/MARKO-EDGE-drone-3-scaled.jpg","datePublished":"2023-10-23T13:21:29+00:00","dateModified":"2026-02-24T10:35:58+00:00","breadcrumb":{"@id":"https:\/\/www.medulinriviera.info\/de\/the-magic-of-music\/gates-of-agartha\/#breadcrumb"},"inLanguage":"de","potentialAction":[{"@type":"ReadAction","target":["https:\/\/www.medulinriviera.info\/de\/the-magic-of-music\/gates-of-agartha\/"]}]},{"@type":"ImageObject","inLanguage":"de","@id":"https:\/\/www.medulinriviera.info\/de\/the-magic-of-music\/gates-of-agartha\/#primaryimage","url":"https:\/\/www.medulinriviera.info\/wp-content\/uploads\/2023\/10\/MARKO-EDGE-drone-3-scaled.jpg","contentUrl":"https:\/\/www.medulinriviera.info\/wp-content\/uploads\/2023\/10\/MARKO-EDGE-drone-3-scaled.jpg","width":2560,"height":1920},{"@type":"BreadcrumbList","@id":"https:\/\/www.medulinriviera.info\/de\/the-magic-of-music\/gates-of-agartha\/#breadcrumb","itemListElement":[{"@type":"ListItem","position":1,"name":"Home","item":"https:\/\/www.medulinriviera.info\/de\/"},{"@type":"ListItem","position":2,"name":"The Magic of Music","item":"https:\/\/www.medulinriviera.info\/de\/the-magic-of-music\/"},{"@type":"ListItem","position":3,"name":"GATES of AGARTHA"}]},{"@type":"WebSite","@id":"https:\/\/www.medulinriviera.info\/de\/#website","url":"https:\/\/www.medulinriviera.info\/de\/","name":"Medulin Riviera","description":"The Blue Planet","publisher":{"@id":"https:\/\/www.medulinriviera.info\/de\/#organization"},"potentialAction":[{"@type":"SearchAction","target":{"@type":"EntryPoint","urlTemplate":"https:\/\/www.medulinriviera.info\/de\/?s={search_term_string}"},"query-input":{"@type":"PropertyValueSpecification","valueRequired":true,"valueName":"search_term_string"}}],"inLanguage":"de"},{"@type":"Organization","@id":"https:\/\/www.medulinriviera.info\/de\/#organization","name":"Medulin Riviera","url":"https:\/\/www.medulinriviera.info\/de\/","logo":{"@type":"ImageObject","inLanguage":"de","@id":"https:\/\/www.medulinriviera.info\/de\/#\/schema\/logo\/image\/","url":"https:\/\/www.medulinriviera.info\/wp-content\/uploads\/2020\/06\/logo-alt.png","contentUrl":"https:\/\/www.medulinriviera.info\/wp-content\/uploads\/2020\/06\/logo-alt.png","width":264,"height":78,"caption":"Medulin Riviera"},"image":{"@id":"https:\/\/www.medulinriviera.info\/de\/#\/schema\/logo\/image\/"},"sameAs":["https:\/\/www.facebook.com\/medulinriviera\/","https:\/\/www.instagram.com\/medulinriviera\/","https:\/\/www.youtube.com\/channel\/UCYdC8kYbK9OEmlmeZydpumQ"]}]}},"wpml_current_locale":"de_DE","wpml_translations":[{"locale":"hr","id":30442,"post_title":"GATES of AGARTHA","href":"https:\/\/www.medulinriviera.info\/hr\/the-magic-of-music\/gates-of-agartha\/"},{"locale":"en_US","id":29551,"post_title":"GATES of AGARTHA","href":"https:\/\/www.medulinriviera.info\/the-magic-of-music\/gates-of-agartha\/"},{"locale":"fr_FR","id":30443,"post_title":"GATES of AGARTHA","href":"https:\/\/www.medulinriviera.info\/fr\/the-magic-of-music\/gates-of-agartha\/"},{"locale":"it_IT","id":30445,"post_title":"GATES of AGARTHA","href":"https:\/\/www.medulinriviera.info\/it\/the-magic-of-music\/gates-of-agartha\/"}],"_links":{"self":[{"href":"https:\/\/www.medulinriviera.info\/de\/wp-json\/wp\/v2\/pages\/30444","targetHints":{"allow":["GET"]}}],"collection":[{"href":"https:\/\/www.medulinriviera.info\/de\/wp-json\/wp\/v2\/pages"}],"about":[{"href":"https:\/\/www.medulinriviera.info\/de\/wp-json\/wp\/v2\/types\/page"}],"author":[{"embeddable":true,"href":"https:\/\/www.medulinriviera.info\/de\/wp-json\/wp\/v2\/users\/2"}],"replies":[{"embeddable":true,"href":"https:\/\/www.medulinriviera.info\/de\/wp-json\/wp\/v2\/comments?post=30444"}],"version-history":[{"count":4,"href":"https:\/\/www.medulinriviera.info\/de\/wp-json\/wp\/v2\/pages\/30444\/revisions"}],"predecessor-version":[{"id":37810,"href":"https:\/\/www.medulinriviera.info\/de\/wp-json\/wp\/v2\/pages\/30444\/revisions\/37810"}],"up":[{"embeddable":true,"href":"https:\/\/www.medulinriviera.info\/de\/wp-json\/wp\/v2\/pages\/10335"}],"wp:featuredmedia":[{"embeddable":true,"href":"https:\/\/www.medulinriviera.info\/de\/wp-json\/wp\/v2\/media\/30035"}],"wp:attachment":[{"href":"https:\/\/www.medulinriviera.info\/de\/wp-json\/wp\/v2\/media?parent=30444"}],"wp:term":[{"taxonomy":"classificator","embeddable":true,"href":"https:\/\/www.medulinriviera.info\/de\/wp-json\/wp\/v2\/classificator?post=30444"}],"curies":[{"name":"wp","href":"https:\/\/api.w.org\/{rel}","templated":true}]}}