{"id":29246,"date":"2023-09-12T15:18:27","date_gmt":"2023-09-12T13:18:27","guid":{"rendered":"https:\/\/www.medulinriviera.info\/?page_id=29246"},"modified":"2023-09-12T15:22:16","modified_gmt":"2023-09-12T13:22:16","slug":"barrierefreier-tourismus","status":"publish","type":"page","link":"https:\/\/www.medulinriviera.info\/de\/home\/barrierefreier-tourismus\/","title":{"rendered":"Barrierefreier Tourismus"},"content":{"rendered":"\n<p>Gesprochene Touristenkarte Istriens \u2013 Der Klang der kleinen Toskana<\/p>\n\n\n\n<p>Der Blindenverband der Region Istrien hat in Zusammenarbeit mit der Gesellschaft der Fremdenf\u00fchrer von Pula die Projekte \u201eDer Klang der kleinen Toskana\u201c und \u201eDie Farben des inklusiven Tourismus\u201c umgesetzt, in deren Rahmen eine Karte Istrien mit gesprochenen Fremdenf\u00fchrern auf Kroatisch und Italienisch f\u00fcr Sehbehinderte und Blinde erstellt wurde. Die permanente Karte umfasst 134 touristische Orte mit historisch-kulturellen Denkm\u00e4lern der Halbinsel Istrien und ist unter der Telefonnummer +385 52 060 890 898 verf\u00fcgbar, wobei der Benutzer zu Beginn des Anrufs die Sprache ausw\u00e4hlt. Der Preis f\u00fcr den Dienst betr\u00e4gt 50 Cent pro Minute.<\/p>\n","protected":false},"excerpt":{"rendered":"<p>Gesprochene Touristenkarte Istriens \u2013 Der Klang der kleinen Toskana Der Blindenverband der Region Istrien hat in Zusammenarbeit mit der Gesellschaft&#8230;<\/p>\n","protected":false},"author":2,"featured_media":17688,"parent":11,"menu_order":0,"comment_status":"closed","ping_status":"closed","template":"","meta":{"_acf_changed":false,"footnotes":""},"classificator":[],"class_list":["post-29246","page","type-page","status-publish","has-post-thumbnail","hentry"],"acf":{"video":"","gallery":[null]},"yoast_head":"<!-- This site is optimized with the Yoast SEO plugin v27.5 - https:\/\/yoast.com\/product\/yoast-seo-wordpress\/ -->\n<title>Barrierefreier Tourismus - Medulin Riviera<\/title>\n<meta name=\"robots\" content=\"index, follow, max-snippet:-1, max-image-preview:large, max-video-preview:-1\" \/>\n<link rel=\"canonical\" href=\"https:\/\/www.medulinriviera.info\/de\/home\/barrierefreier-tourismus\/\" \/>\n<meta property=\"og:locale\" content=\"de_DE\" \/>\n<meta property=\"og:type\" content=\"article\" \/>\n<meta property=\"og:title\" content=\"Barrierefreier Tourismus - Medulin Riviera\" \/>\n<meta property=\"og:description\" content=\"Gesprochene Touristenkarte Istriens \u2013 Der Klang der kleinen Toskana Der Blindenverband der Region Istrien hat in Zusammenarbeit mit der Gesellschaft...\" \/>\n<meta property=\"og:url\" content=\"https:\/\/www.medulinriviera.info\/de\/home\/barrierefreier-tourismus\/\" \/>\n<meta property=\"og:site_name\" content=\"Medulin Riviera\" \/>\n<meta property=\"article:publisher\" content=\"https:\/\/www.facebook.com\/medulinriviera\/\" \/>\n<meta property=\"article:modified_time\" content=\"2023-09-12T13:22:16+00:00\" \/>\n<meta property=\"og:image\" content=\"https:\/\/www.medulinriviera.info\/wp-content\/uploads\/2021\/04\/TZOMWEB-KamenjakBrajlica2-Studio11-scaled.jpg\" \/>\n\t<meta property=\"og:image:width\" content=\"2560\" \/>\n\t<meta property=\"og:image:height\" content=\"1706\" \/>\n\t<meta property=\"og:image:type\" content=\"image\/jpeg\" \/>\n<meta name=\"twitter:card\" content=\"summary_large_image\" \/>\n<meta name=\"twitter:label1\" content=\"Gesch\u00e4tzte Lesezeit\" \/>\n\t<meta name=\"twitter:data1\" content=\"1\u00a0Minute\" \/>\n<script type=\"application\/ld+json\" class=\"yoast-schema-graph\">{\"@context\":\"https:\\\/\\\/schema.org\",\"@graph\":[{\"@type\":\"WebPage\",\"@id\":\"https:\\\/\\\/www.medulinriviera.info\\\/de\\\/home\\\/barrierefreier-tourismus\\\/\",\"url\":\"https:\\\/\\\/www.medulinriviera.info\\\/de\\\/home\\\/barrierefreier-tourismus\\\/\",\"name\":\"Barrierefreier Tourismus - Medulin Riviera\",\"isPartOf\":{\"@id\":\"https:\\\/\\\/www.medulinriviera.info\\\/de\\\/#website\"},\"primaryImageOfPage\":{\"@id\":\"https:\\\/\\\/www.medulinriviera.info\\\/de\\\/home\\\/barrierefreier-tourismus\\\/#primaryimage\"},\"image\":{\"@id\":\"https:\\\/\\\/www.medulinriviera.info\\\/de\\\/home\\\/barrierefreier-tourismus\\\/#primaryimage\"},\"thumbnailUrl\":\"https:\\\/\\\/www.medulinriviera.info\\\/wp-content\\\/uploads\\\/2021\\\/04\\\/TZOMWEB-KamenjakBrajlica2-Studio11-scaled.jpg\",\"datePublished\":\"2023-09-12T13:18:27+00:00\",\"dateModified\":\"2023-09-12T13:22:16+00:00\",\"breadcrumb\":{\"@id\":\"https:\\\/\\\/www.medulinriviera.info\\\/de\\\/home\\\/barrierefreier-tourismus\\\/#breadcrumb\"},\"inLanguage\":\"de\",\"potentialAction\":[{\"@type\":\"ReadAction\",\"target\":[\"https:\\\/\\\/www.medulinriviera.info\\\/de\\\/home\\\/barrierefreier-tourismus\\\/\"]}]},{\"@type\":\"ImageObject\",\"inLanguage\":\"de\",\"@id\":\"https:\\\/\\\/www.medulinriviera.info\\\/de\\\/home\\\/barrierefreier-tourismus\\\/#primaryimage\",\"url\":\"https:\\\/\\\/www.medulinriviera.info\\\/wp-content\\\/uploads\\\/2021\\\/04\\\/TZOMWEB-KamenjakBrajlica2-Studio11-scaled.jpg\",\"contentUrl\":\"https:\\\/\\\/www.medulinriviera.info\\\/wp-content\\\/uploads\\\/2021\\\/04\\\/TZOMWEB-KamenjakBrajlica2-Studio11-scaled.jpg\",\"width\":2560,\"height\":1706},{\"@type\":\"BreadcrumbList\",\"@id\":\"https:\\\/\\\/www.medulinriviera.info\\\/de\\\/home\\\/barrierefreier-tourismus\\\/#breadcrumb\",\"itemListElement\":[{\"@type\":\"ListItem\",\"position\":1,\"name\":\"Home\",\"item\":\"https:\\\/\\\/www.medulinriviera.info\\\/de\\\/\"},{\"@type\":\"ListItem\",\"position\":2,\"name\":\"Home\",\"item\":\"https:\\\/\\\/www.medulinriviera.info\\\/de\\\/\"},{\"@type\":\"ListItem\",\"position\":3,\"name\":\"Barrierefreier Tourismus\"}]},{\"@type\":\"WebSite\",\"@id\":\"https:\\\/\\\/www.medulinriviera.info\\\/de\\\/#website\",\"url\":\"https:\\\/\\\/www.medulinriviera.info\\\/de\\\/\",\"name\":\"Medulin Riviera\",\"description\":\"The Blue Planet\",\"publisher\":{\"@id\":\"https:\\\/\\\/www.medulinriviera.info\\\/de\\\/#organization\"},\"potentialAction\":[{\"@type\":\"SearchAction\",\"target\":{\"@type\":\"EntryPoint\",\"urlTemplate\":\"https:\\\/\\\/www.medulinriviera.info\\\/de\\\/?s={search_term_string}\"},\"query-input\":{\"@type\":\"PropertyValueSpecification\",\"valueRequired\":true,\"valueName\":\"search_term_string\"}}],\"inLanguage\":\"de\"},{\"@type\":\"Organization\",\"@id\":\"https:\\\/\\\/www.medulinriviera.info\\\/de\\\/#organization\",\"name\":\"Medulin Riviera\",\"url\":\"https:\\\/\\\/www.medulinriviera.info\\\/de\\\/\",\"logo\":{\"@type\":\"ImageObject\",\"inLanguage\":\"de\",\"@id\":\"https:\\\/\\\/www.medulinriviera.info\\\/de\\\/#\\\/schema\\\/logo\\\/image\\\/\",\"url\":\"https:\\\/\\\/www.medulinriviera.info\\\/wp-content\\\/uploads\\\/2020\\\/06\\\/logo-alt.png\",\"contentUrl\":\"https:\\\/\\\/www.medulinriviera.info\\\/wp-content\\\/uploads\\\/2020\\\/06\\\/logo-alt.png\",\"width\":264,\"height\":78,\"caption\":\"Medulin Riviera\"},\"image\":{\"@id\":\"https:\\\/\\\/www.medulinriviera.info\\\/de\\\/#\\\/schema\\\/logo\\\/image\\\/\"},\"sameAs\":[\"https:\\\/\\\/www.facebook.com\\\/medulinriviera\\\/\",\"https:\\\/\\\/www.instagram.com\\\/medulinriviera\\\/\",\"https:\\\/\\\/www.youtube.com\\\/channel\\\/UCYdC8kYbK9OEmlmeZydpumQ\"]}]}<\/script>\n<!-- \/ Yoast SEO plugin. -->","yoast_head_json":{"title":"Barrierefreier Tourismus - Medulin Riviera","robots":{"index":"index","follow":"follow","max-snippet":"max-snippet:-1","max-image-preview":"max-image-preview:large","max-video-preview":"max-video-preview:-1"},"canonical":"https:\/\/www.medulinriviera.info\/de\/home\/barrierefreier-tourismus\/","og_locale":"de_DE","og_type":"article","og_title":"Barrierefreier Tourismus - Medulin Riviera","og_description":"Gesprochene Touristenkarte Istriens \u2013 Der Klang der kleinen Toskana Der Blindenverband der Region Istrien hat in Zusammenarbeit mit der Gesellschaft...","og_url":"https:\/\/www.medulinriviera.info\/de\/home\/barrierefreier-tourismus\/","og_site_name":"Medulin Riviera","article_publisher":"https:\/\/www.facebook.com\/medulinriviera\/","article_modified_time":"2023-09-12T13:22:16+00:00","og_image":[{"width":2560,"height":1706,"url":"https:\/\/www.medulinriviera.info\/wp-content\/uploads\/2021\/04\/TZOMWEB-KamenjakBrajlica2-Studio11-scaled.jpg","type":"image\/jpeg"}],"twitter_card":"summary_large_image","twitter_misc":{"Gesch\u00e4tzte Lesezeit":"1\u00a0Minute"},"schema":{"@context":"https:\/\/schema.org","@graph":[{"@type":"WebPage","@id":"https:\/\/www.medulinriviera.info\/de\/home\/barrierefreier-tourismus\/","url":"https:\/\/www.medulinriviera.info\/de\/home\/barrierefreier-tourismus\/","name":"Barrierefreier Tourismus - Medulin Riviera","isPartOf":{"@id":"https:\/\/www.medulinriviera.info\/de\/#website"},"primaryImageOfPage":{"@id":"https:\/\/www.medulinriviera.info\/de\/home\/barrierefreier-tourismus\/#primaryimage"},"image":{"@id":"https:\/\/www.medulinriviera.info\/de\/home\/barrierefreier-tourismus\/#primaryimage"},"thumbnailUrl":"https:\/\/www.medulinriviera.info\/wp-content\/uploads\/2021\/04\/TZOMWEB-KamenjakBrajlica2-Studio11-scaled.jpg","datePublished":"2023-09-12T13:18:27+00:00","dateModified":"2023-09-12T13:22:16+00:00","breadcrumb":{"@id":"https:\/\/www.medulinriviera.info\/de\/home\/barrierefreier-tourismus\/#breadcrumb"},"inLanguage":"de","potentialAction":[{"@type":"ReadAction","target":["https:\/\/www.medulinriviera.info\/de\/home\/barrierefreier-tourismus\/"]}]},{"@type":"ImageObject","inLanguage":"de","@id":"https:\/\/www.medulinriviera.info\/de\/home\/barrierefreier-tourismus\/#primaryimage","url":"https:\/\/www.medulinriviera.info\/wp-content\/uploads\/2021\/04\/TZOMWEB-KamenjakBrajlica2-Studio11-scaled.jpg","contentUrl":"https:\/\/www.medulinriviera.info\/wp-content\/uploads\/2021\/04\/TZOMWEB-KamenjakBrajlica2-Studio11-scaled.jpg","width":2560,"height":1706},{"@type":"BreadcrumbList","@id":"https:\/\/www.medulinriviera.info\/de\/home\/barrierefreier-tourismus\/#breadcrumb","itemListElement":[{"@type":"ListItem","position":1,"name":"Home","item":"https:\/\/www.medulinriviera.info\/de\/"},{"@type":"ListItem","position":2,"name":"Home","item":"https:\/\/www.medulinriviera.info\/de\/"},{"@type":"ListItem","position":3,"name":"Barrierefreier Tourismus"}]},{"@type":"WebSite","@id":"https:\/\/www.medulinriviera.info\/de\/#website","url":"https:\/\/www.medulinriviera.info\/de\/","name":"Medulin Riviera","description":"The Blue Planet","publisher":{"@id":"https:\/\/www.medulinriviera.info\/de\/#organization"},"potentialAction":[{"@type":"SearchAction","target":{"@type":"EntryPoint","urlTemplate":"https:\/\/www.medulinriviera.info\/de\/?s={search_term_string}"},"query-input":{"@type":"PropertyValueSpecification","valueRequired":true,"valueName":"search_term_string"}}],"inLanguage":"de"},{"@type":"Organization","@id":"https:\/\/www.medulinriviera.info\/de\/#organization","name":"Medulin Riviera","url":"https:\/\/www.medulinriviera.info\/de\/","logo":{"@type":"ImageObject","inLanguage":"de","@id":"https:\/\/www.medulinriviera.info\/de\/#\/schema\/logo\/image\/","url":"https:\/\/www.medulinriviera.info\/wp-content\/uploads\/2020\/06\/logo-alt.png","contentUrl":"https:\/\/www.medulinriviera.info\/wp-content\/uploads\/2020\/06\/logo-alt.png","width":264,"height":78,"caption":"Medulin Riviera"},"image":{"@id":"https:\/\/www.medulinriviera.info\/de\/#\/schema\/logo\/image\/"},"sameAs":["https:\/\/www.facebook.com\/medulinriviera\/","https:\/\/www.instagram.com\/medulinriviera\/","https:\/\/www.youtube.com\/channel\/UCYdC8kYbK9OEmlmeZydpumQ"]}]}},"wpml_current_locale":"de_DE","wpml_translations":[{"locale":"hr","id":29242,"post_title":"Inkluzivni turizam","href":"https:\/\/www.medulinriviera.info\/hr\/home\/inkluzivni-turizam\/"},{"locale":"en_US","id":29240,"post_title":"Accessible Tourism","href":"https:\/\/www.medulinriviera.info\/home\/accessible-tourism\/"},{"locale":"fr_FR","id":29244,"post_title":"Tourisme inclusif","href":"https:\/\/www.medulinriviera.info\/fr\/home\/tourisme-inclusif\/"},{"locale":"it_IT","id":29248,"post_title":"Turismo inclusivo","href":"https:\/\/www.medulinriviera.info\/it\/home\/turismo-inclusivo\/"}],"_links":{"self":[{"href":"https:\/\/www.medulinriviera.info\/de\/wp-json\/wp\/v2\/pages\/29246","targetHints":{"allow":["GET"]}}],"collection":[{"href":"https:\/\/www.medulinriviera.info\/de\/wp-json\/wp\/v2\/pages"}],"about":[{"href":"https:\/\/www.medulinriviera.info\/de\/wp-json\/wp\/v2\/types\/page"}],"author":[{"embeddable":true,"href":"https:\/\/www.medulinriviera.info\/de\/wp-json\/wp\/v2\/users\/2"}],"replies":[{"embeddable":true,"href":"https:\/\/www.medulinriviera.info\/de\/wp-json\/wp\/v2\/comments?post=29246"}],"version-history":[{"count":1,"href":"https:\/\/www.medulinriviera.info\/de\/wp-json\/wp\/v2\/pages\/29246\/revisions"}],"predecessor-version":[{"id":29247,"href":"https:\/\/www.medulinriviera.info\/de\/wp-json\/wp\/v2\/pages\/29246\/revisions\/29247"}],"up":[{"embeddable":true,"href":"https:\/\/www.medulinriviera.info\/de\/wp-json\/wp\/v2\/pages\/11"}],"acf:attachment":[{"embeddable":true,"href":"https:\/\/www.medulinriviera.info\/de\/wp-json\/wp\/v2\/media\/"}],"wp:featuredmedia":[{"embeddable":true,"href":"https:\/\/www.medulinriviera.info\/de\/wp-json\/wp\/v2\/media\/17688"}],"wp:attachment":[{"href":"https:\/\/www.medulinriviera.info\/de\/wp-json\/wp\/v2\/media?parent=29246"}],"wp:term":[{"taxonomy":"classificator","embeddable":true,"href":"https:\/\/www.medulinriviera.info\/de\/wp-json\/wp\/v2\/classificator?post=29246"}],"curies":[{"name":"wp","href":"https:\/\/api.w.org\/{rel}","templated":true}]}}