{"id":27572,"date":"2023-03-01T13:00:33","date_gmt":"2023-03-01T12:00:33","guid":{"rendered":"https:\/\/www.medulinriviera.info\/kamenjak-rocky-trails\/"},"modified":"2026-02-16T13:48:10","modified_gmt":"2026-02-16T12:48:10","slug":"kamenjak-rocky-trails","status":"publish","type":"page","link":"https:\/\/www.medulinriviera.info\/de\/kamenjak-rocky-trails\/","title":{"rendered":"Kamenjak Rocky Trails"},"content":{"rendered":"\n<h1 class=\"wp-block-heading has-text-align-center\">Outdoor Festival<\/h1>\n\n\n\n<h1 class=\"wp-block-heading has-text-align-center\">Premantura<\/h1>\n\n\n\n<h1 class=\"wp-block-heading has-text-align-center\">11. und 12. April 2026.<\/h1>\n\n\n\n<div class=\"wp-block-cover is-light\"><span aria-hidden=\"true\" class=\"wp-block-cover__background has-background-dim\"><\/span><div class=\"wp-block-cover__inner-container is-layout-flow wp-block-cover-is-layout-flow\">\n<div class=\"wp-block-group\"><div class=\"wp-block-group__inner-container is-layout-constrained wp-block-group-is-layout-constrained\">\n<figure class=\"wp-block-gallery aligncenter has-nested-images columns-default is-cropped wp-block-gallery-1 is-layout-flex wp-block-gallery-is-layout-flex\">\n<figure class=\"wp-block-image size-large\"><img loading=\"lazy\" decoding=\"async\" width=\"1300\" height=\"865\" data-id=\"27538\" src=\"https:\/\/www.medulinriviera.info\/wp-content\/uploads\/2023\/03\/TZOM_KamenjakRockyTrail2019_17_Adrenalina.jpg\" alt=\"\" class=\"wp-image-27538\" srcset=\"https:\/\/www.medulinriviera.info\/wp-content\/uploads\/2023\/03\/TZOM_KamenjakRockyTrail2019_17_Adrenalina.jpg 1300w, https:\/\/www.medulinriviera.info\/wp-content\/uploads\/2023\/03\/TZOM_KamenjakRockyTrail2019_17_Adrenalina-300x200.jpg 300w, https:\/\/www.medulinriviera.info\/wp-content\/uploads\/2023\/03\/TZOM_KamenjakRockyTrail2019_17_Adrenalina-768x511.jpg 768w\" sizes=\"auto, (max-width: 1300px) 100vw, 1300px\" \/><\/figure>\n\n\n\n<figure class=\"wp-block-image size-large\"><img loading=\"lazy\" decoding=\"async\" width=\"1600\" height=\"1066\" data-id=\"27454\" src=\"https:\/\/www.medulinriviera.info\/wp-content\/uploads\/2023\/03\/TZOM_KamenjakRockyTrail2019_3_Adrenalina-1600x1066.jpg\" alt=\"\" class=\"wp-image-27454\" srcset=\"https:\/\/www.medulinriviera.info\/wp-content\/uploads\/2023\/03\/TZOM_KamenjakRockyTrail2019_3_Adrenalina-1600x1066.jpg 1600w, https:\/\/www.medulinriviera.info\/wp-content\/uploads\/2023\/03\/TZOM_KamenjakRockyTrail2019_3_Adrenalina-300x200.jpg 300w, https:\/\/www.medulinriviera.info\/wp-content\/uploads\/2023\/03\/TZOM_KamenjakRockyTrail2019_3_Adrenalina-768x512.jpg 768w, https:\/\/www.medulinriviera.info\/wp-content\/uploads\/2023\/03\/TZOM_KamenjakRockyTrail2019_3_Adrenalina-1536x1024.jpg 1536w, https:\/\/www.medulinriviera.info\/wp-content\/uploads\/2023\/03\/TZOM_KamenjakRockyTrail2019_3_Adrenalina.jpg 2048w\" sizes=\"auto, (max-width: 1600px) 100vw, 1600px\" \/><\/figure>\n\n\n\n<figure class=\"wp-block-image size-large\"><img loading=\"lazy\" decoding=\"async\" width=\"1600\" height=\"752\" data-id=\"27484\" src=\"https:\/\/www.medulinriviera.info\/wp-content\/uploads\/2023\/03\/TZOM_KamenjakRockyTrail2019_8_Adrenalina-1600x752.jpg\" alt=\"\" class=\"wp-image-27484\" srcset=\"https:\/\/www.medulinriviera.info\/wp-content\/uploads\/2023\/03\/TZOM_KamenjakRockyTrail2019_8_Adrenalina-1600x752.jpg 1600w, https:\/\/www.medulinriviera.info\/wp-content\/uploads\/2023\/03\/TZOM_KamenjakRockyTrail2019_8_Adrenalina-300x141.jpg 300w, https:\/\/www.medulinriviera.info\/wp-content\/uploads\/2023\/03\/TZOM_KamenjakRockyTrail2019_8_Adrenalina-768x361.jpg 768w, https:\/\/www.medulinriviera.info\/wp-content\/uploads\/2023\/03\/TZOM_KamenjakRockyTrail2019_8_Adrenalina-1536x721.jpg 1536w, https:\/\/www.medulinriviera.info\/wp-content\/uploads\/2023\/03\/TZOM_KamenjakRockyTrail2019_8_Adrenalina-2048x962.jpg 2048w, https:\/\/www.medulinriviera.info\/wp-content\/uploads\/2023\/03\/TZOM_KamenjakRockyTrail2019_8_Adrenalina.jpg 2000w\" sizes=\"auto, (max-width: 1600px) 100vw, 1600px\" \/><\/figure>\n\n\n\n<figure class=\"wp-block-image size-large\"><img loading=\"lazy\" decoding=\"async\" width=\"1600\" height=\"1066\" data-id=\"27496\" src=\"https:\/\/www.medulinriviera.info\/wp-content\/uploads\/2023\/03\/TZOM_KamenjakRockyTrail2019_10_Adrenalina-1600x1066.jpg\" alt=\"\" class=\"wp-image-27496\" srcset=\"https:\/\/www.medulinriviera.info\/wp-content\/uploads\/2023\/03\/TZOM_KamenjakRockyTrail2019_10_Adrenalina-1600x1066.jpg 1600w, https:\/\/www.medulinriviera.info\/wp-content\/uploads\/2023\/03\/TZOM_KamenjakRockyTrail2019_10_Adrenalina-300x200.jpg 300w, https:\/\/www.medulinriviera.info\/wp-content\/uploads\/2023\/03\/TZOM_KamenjakRockyTrail2019_10_Adrenalina-768x512.jpg 768w, https:\/\/www.medulinriviera.info\/wp-content\/uploads\/2023\/03\/TZOM_KamenjakRockyTrail2019_10_Adrenalina-1536x1024.jpg 1536w, https:\/\/www.medulinriviera.info\/wp-content\/uploads\/2023\/03\/TZOM_KamenjakRockyTrail2019_10_Adrenalina.jpg 2000w\" sizes=\"auto, (max-width: 1600px) 100vw, 1600px\" \/><\/figure>\n\n\n\n<figure class=\"wp-block-image size-large is-style-default\"><img loading=\"lazy\" decoding=\"async\" width=\"1600\" height=\"762\" data-id=\"27478\" src=\"https:\/\/www.medulinriviera.info\/wp-content\/uploads\/2023\/03\/TZOM_KamenjakRockyTrail2019_7_Adrenalina-1600x762.jpg\" alt=\"\" class=\"wp-image-27478\" srcset=\"https:\/\/www.medulinriviera.info\/wp-content\/uploads\/2023\/03\/TZOM_KamenjakRockyTrail2019_7_Adrenalina-1600x762.jpg 1600w, https:\/\/www.medulinriviera.info\/wp-content\/uploads\/2023\/03\/TZOM_KamenjakRockyTrail2019_7_Adrenalina-300x143.jpg 300w, https:\/\/www.medulinriviera.info\/wp-content\/uploads\/2023\/03\/TZOM_KamenjakRockyTrail2019_7_Adrenalina-768x366.jpg 768w, https:\/\/www.medulinriviera.info\/wp-content\/uploads\/2023\/03\/TZOM_KamenjakRockyTrail2019_7_Adrenalina-1536x732.jpg 1536w, https:\/\/www.medulinriviera.info\/wp-content\/uploads\/2023\/03\/TZOM_KamenjakRockyTrail2019_7_Adrenalina.jpg 1969w\" sizes=\"auto, (max-width: 1600px) 100vw, 1600px\" \/><\/figure>\n\n\n\n<figure class=\"wp-block-image size-large\"><img loading=\"lazy\" decoding=\"async\" width=\"1600\" height=\"751\" data-id=\"27502\" src=\"https:\/\/www.medulinriviera.info\/wp-content\/uploads\/2023\/03\/TZOM_KamenjakRockyTrail2019_11_Adrenalina-1600x751.jpg\" alt=\"\" class=\"wp-image-27502\" srcset=\"https:\/\/www.medulinriviera.info\/wp-content\/uploads\/2023\/03\/TZOM_KamenjakRockyTrail2019_11_Adrenalina-1600x751.jpg 1600w, https:\/\/www.medulinriviera.info\/wp-content\/uploads\/2023\/03\/TZOM_KamenjakRockyTrail2019_11_Adrenalina-300x141.jpg 300w, https:\/\/www.medulinriviera.info\/wp-content\/uploads\/2023\/03\/TZOM_KamenjakRockyTrail2019_11_Adrenalina-768x361.jpg 768w, https:\/\/www.medulinriviera.info\/wp-content\/uploads\/2023\/03\/TZOM_KamenjakRockyTrail2019_11_Adrenalina-1536x721.jpg 1536w, https:\/\/www.medulinriviera.info\/wp-content\/uploads\/2023\/03\/TZOM_KamenjakRockyTrail2019_11_Adrenalina-2048x962.jpg 2048w, https:\/\/www.medulinriviera.info\/wp-content\/uploads\/2023\/03\/TZOM_KamenjakRockyTrail2019_11_Adrenalina.jpg 2000w\" sizes=\"auto, (max-width: 1600px) 100vw, 1600px\" \/><\/figure>\n\n\n\n<figure class=\"wp-block-image size-large\"><img loading=\"lazy\" decoding=\"async\" width=\"1555\" height=\"761\" data-id=\"27514\" src=\"https:\/\/www.medulinriviera.info\/wp-content\/uploads\/2023\/03\/TZOM_KamenjakRockyTrail2019_13_Adrenalina.jpg\" alt=\"\" class=\"wp-image-27514\" srcset=\"https:\/\/www.medulinriviera.info\/wp-content\/uploads\/2023\/03\/TZOM_KamenjakRockyTrail2019_13_Adrenalina.jpg 1555w, https:\/\/www.medulinriviera.info\/wp-content\/uploads\/2023\/03\/TZOM_KamenjakRockyTrail2019_13_Adrenalina-300x147.jpg 300w, https:\/\/www.medulinriviera.info\/wp-content\/uploads\/2023\/03\/TZOM_KamenjakRockyTrail2019_13_Adrenalina-768x376.jpg 768w, https:\/\/www.medulinriviera.info\/wp-content\/uploads\/2023\/03\/TZOM_KamenjakRockyTrail2019_13_Adrenalina-1536x752.jpg 1536w\" sizes=\"auto, (max-width: 1555px) 100vw, 1555px\" \/><\/figure>\n\n\n\n<figure class=\"wp-block-image size-large\"><img loading=\"lazy\" decoding=\"async\" width=\"1600\" height=\"1065\" data-id=\"27526\" src=\"https:\/\/www.medulinriviera.info\/wp-content\/uploads\/2023\/03\/TZOM_KamenjakRockyTrail2019_15_Adrenalina-1600x1065.jpg\" alt=\"\" class=\"wp-image-27526\" srcset=\"https:\/\/www.medulinriviera.info\/wp-content\/uploads\/2023\/03\/TZOM_KamenjakRockyTrail2019_15_Adrenalina-1600x1065.jpg 1600w, https:\/\/www.medulinriviera.info\/wp-content\/uploads\/2023\/03\/TZOM_KamenjakRockyTrail2019_15_Adrenalina-300x200.jpg 300w, https:\/\/www.medulinriviera.info\/wp-content\/uploads\/2023\/03\/TZOM_KamenjakRockyTrail2019_15_Adrenalina-768x511.jpg 768w, https:\/\/www.medulinriviera.info\/wp-content\/uploads\/2023\/03\/TZOM_KamenjakRockyTrail2019_15_Adrenalina-1536x1022.jpg 1536w, https:\/\/www.medulinriviera.info\/wp-content\/uploads\/2023\/03\/TZOM_KamenjakRockyTrail2019_15_Adrenalina.jpg 2000w\" sizes=\"auto, (max-width: 1600px) 100vw, 1600px\" \/><\/figure>\n\n\n\n<figure class=\"wp-block-image size-large\"><img loading=\"lazy\" decoding=\"async\" width=\"1300\" height=\"865\" data-id=\"27544\" src=\"https:\/\/www.medulinriviera.info\/wp-content\/uploads\/2023\/03\/TZOM_KamenjakRockyTrail2019_18_Adrenalina.jpg\" alt=\"\" class=\"wp-image-27544\" srcset=\"https:\/\/www.medulinriviera.info\/wp-content\/uploads\/2023\/03\/TZOM_KamenjakRockyTrail2019_18_Adrenalina.jpg 1300w, https:\/\/www.medulinriviera.info\/wp-content\/uploads\/2023\/03\/TZOM_KamenjakRockyTrail2019_18_Adrenalina-300x200.jpg 300w, https:\/\/www.medulinriviera.info\/wp-content\/uploads\/2023\/03\/TZOM_KamenjakRockyTrail2019_18_Adrenalina-768x511.jpg 768w\" sizes=\"auto, (max-width: 1300px) 100vw, 1300px\" \/><\/figure>\n\n\n\n<figure class=\"wp-block-image size-large is-style-default\"><img loading=\"lazy\" decoding=\"async\" width=\"1600\" height=\"1066\" data-id=\"27448\" src=\"https:\/\/www.medulinriviera.info\/wp-content\/uploads\/2023\/03\/TZOM_KamenjakRockyTrail2019_2_Adrenalina-1600x1066.jpg\" alt=\"\" class=\"wp-image-27448\" srcset=\"https:\/\/www.medulinriviera.info\/wp-content\/uploads\/2023\/03\/TZOM_KamenjakRockyTrail2019_2_Adrenalina-1600x1066.jpg 1600w, https:\/\/www.medulinriviera.info\/wp-content\/uploads\/2023\/03\/TZOM_KamenjakRockyTrail2019_2_Adrenalina-300x200.jpg 300w, https:\/\/www.medulinriviera.info\/wp-content\/uploads\/2023\/03\/TZOM_KamenjakRockyTrail2019_2_Adrenalina-768x512.jpg 768w, https:\/\/www.medulinriviera.info\/wp-content\/uploads\/2023\/03\/TZOM_KamenjakRockyTrail2019_2_Adrenalina-1536x1024.jpg 1536w, https:\/\/www.medulinriviera.info\/wp-content\/uploads\/2023\/03\/TZOM_KamenjakRockyTrail2019_2_Adrenalina.jpg 2048w\" sizes=\"auto, (max-width: 1600px) 100vw, 1600px\" \/><\/figure>\n\n\n\n<figure class=\"wp-block-image size-large\"><img loading=\"lazy\" decoding=\"async\" width=\"798\" height=\"1200\" data-id=\"27550\" src=\"https:\/\/www.medulinriviera.info\/wp-content\/uploads\/2023\/03\/TZOM_KamenjakRockyTrail2019_19_Adrenalina-798x1200.jpg\" alt=\"\" class=\"wp-image-27550\" srcset=\"https:\/\/www.medulinriviera.info\/wp-content\/uploads\/2023\/03\/TZOM_KamenjakRockyTrail2019_19_Adrenalina-798x1200.jpg 798w, https:\/\/www.medulinriviera.info\/wp-content\/uploads\/2023\/03\/TZOM_KamenjakRockyTrail2019_19_Adrenalina-200x300.jpg 200w, https:\/\/www.medulinriviera.info\/wp-content\/uploads\/2023\/03\/TZOM_KamenjakRockyTrail2019_19_Adrenalina-768x1154.jpg 768w, https:\/\/www.medulinriviera.info\/wp-content\/uploads\/2023\/03\/TZOM_KamenjakRockyTrail2019_19_Adrenalina-1022x1536.jpg 1022w, https:\/\/www.medulinriviera.info\/wp-content\/uploads\/2023\/03\/TZOM_KamenjakRockyTrail2019_19_Adrenalina.jpg 1300w\" sizes=\"auto, (max-width: 798px) 100vw, 798px\" \/><\/figure>\n\n\n\n<figure class=\"wp-block-image size-large\"><img loading=\"lazy\" decoding=\"async\" width=\"1300\" height=\"867\" data-id=\"27556\" src=\"https:\/\/www.medulinriviera.info\/wp-content\/uploads\/2023\/03\/TZOM_KamenjakRockyTrail2019_20_Adrenalina.jpg\" alt=\"\" class=\"wp-image-27556\" srcset=\"https:\/\/www.medulinriviera.info\/wp-content\/uploads\/2023\/03\/TZOM_KamenjakRockyTrail2019_20_Adrenalina.jpg 1300w, https:\/\/www.medulinriviera.info\/wp-content\/uploads\/2023\/03\/TZOM_KamenjakRockyTrail2019_20_Adrenalina-300x200.jpg 300w, https:\/\/www.medulinriviera.info\/wp-content\/uploads\/2023\/03\/TZOM_KamenjakRockyTrail2019_20_Adrenalina-768x512.jpg 768w\" sizes=\"auto, (max-width: 1300px) 100vw, 1300px\" \/><\/figure>\n<\/figure>\n<\/div><\/div>\n<\/div><\/div>\n\n\n\n<h3 class=\"wp-block-heading\">Samstag, 11.04.2026 \u2013 28. XCO Premantura Rocky Trails UCI C1<\/h3>\n\n\n\n<p>Die 28. Ausgabe des legend\u00e4ren XCO-Rennens in Premantura in Folge bietet Ihnen wie immer eine traditionelle nat\u00fcrliche XCO-Strecke im Schutzgebiet Gornji Kamenjak durch die W\u00e4lder von Bor, Crnika und Lorbeereichen zwischen der Bucht Valun und \u0160\u010duz sowie dem Ta\u0161alera-H\u00fcgel und dem Dorf Premantura. 4 km reines XC-Vergn\u00fcgen, nat\u00fcrlich gibt es auch 190 H\u00f6henmeter pro Runde, einige Anstiege sind technisch anspruchsvoll\u2026 viel Spa\u00df!<\/p>\n\n\n\n<h3 class=\"wp-block-heading\">Sonntag, 12.4.2026 \u2013 28. XCO Premantura Rocky Trails XCO HR CUP OFFEN<\/h3>\n\n\n\n<p>XCO Open Croatian Cup Rennen f\u00fcr die Kategorien Veteran, Sport, Hobby, U9-U15, Kadetten<\/p>\n\n\n\n<h2 class=\"wp-block-heading\">Anmeldung &amp; weitere Informationen: <a href=\"https:\/\/www.rockytrails.bike\/\" target=\"_blank\" rel=\"noreferrer noopener\">Kamenjak Rocky Trails Premantura 2026<\/a><\/h2>\n","protected":false},"excerpt":{"rendered":"<p>Outdoor Festival Premantura 11. und 12. April 2026. Samstag, 11.04.2026 \u2013 28. XCO Premantura Rocky Trails UCI C1 Die 28&#8230;.<\/p>\n","protected":false},"author":2,"featured_media":27541,"parent":0,"menu_order":0,"comment_status":"closed","ping_status":"closed","template":"","meta":{"_acf_changed":false,"footnotes":""},"classificator":[],"class_list":["post-27572","page","type-page","status-publish","has-post-thumbnail","hentry"],"acf":{"video":"","gallery":""},"yoast_head":"<!-- This site is optimized with the Yoast SEO plugin v27.5 - https:\/\/yoast.com\/product\/yoast-seo-wordpress\/ -->\n<title>Kamenjak Rocky Trails - Medulin Riviera<\/title>\n<meta name=\"robots\" content=\"index, follow, max-snippet:-1, max-image-preview:large, max-video-preview:-1\" \/>\n<link rel=\"canonical\" href=\"https:\/\/www.medulinriviera.info\/de\/kamenjak-rocky-trails\/\" \/>\n<meta property=\"og:locale\" content=\"de_DE\" \/>\n<meta property=\"og:type\" content=\"article\" \/>\n<meta property=\"og:title\" content=\"Kamenjak Rocky Trails - Medulin Riviera\" \/>\n<meta property=\"og:description\" content=\"Outdoor Festival Premantura 11. und 12. April 2026. Samstag, 11.04.2026 \u2013 28. XCO Premantura Rocky Trails UCI C1 Die 28....\" \/>\n<meta property=\"og:url\" content=\"https:\/\/www.medulinriviera.info\/de\/kamenjak-rocky-trails\/\" \/>\n<meta property=\"og:site_name\" content=\"Medulin Riviera\" \/>\n<meta property=\"article:publisher\" content=\"https:\/\/www.facebook.com\/medulinriviera\/\" \/>\n<meta property=\"article:modified_time\" content=\"2026-02-16T12:48:10+00:00\" \/>\n<meta property=\"og:image\" content=\"https:\/\/www.medulinriviera.info\/wp-content\/uploads\/2023\/03\/TZOM_KamenjakRockyTrail2019_17_Adrenalina.jpg\" \/>\n\t<meta property=\"og:image:width\" content=\"1300\" \/>\n\t<meta property=\"og:image:height\" content=\"865\" \/>\n\t<meta property=\"og:image:type\" content=\"image\/jpeg\" \/>\n<meta name=\"twitter:card\" content=\"summary_large_image\" \/>\n<meta name=\"twitter:label1\" content=\"Gesch\u00e4tzte Lesezeit\" \/>\n\t<meta name=\"twitter:data1\" content=\"4\u00a0Minuten\" \/>\n<script type=\"application\/ld+json\" class=\"yoast-schema-graph\">{\"@context\":\"https:\\\/\\\/schema.org\",\"@graph\":[{\"@type\":\"WebPage\",\"@id\":\"https:\\\/\\\/www.medulinriviera.info\\\/de\\\/kamenjak-rocky-trails\\\/\",\"url\":\"https:\\\/\\\/www.medulinriviera.info\\\/de\\\/kamenjak-rocky-trails\\\/\",\"name\":\"Kamenjak Rocky Trails - Medulin Riviera\",\"isPartOf\":{\"@id\":\"https:\\\/\\\/www.medulinriviera.info\\\/de\\\/#website\"},\"primaryImageOfPage\":{\"@id\":\"https:\\\/\\\/www.medulinriviera.info\\\/de\\\/kamenjak-rocky-trails\\\/#primaryimage\"},\"image\":{\"@id\":\"https:\\\/\\\/www.medulinriviera.info\\\/de\\\/kamenjak-rocky-trails\\\/#primaryimage\"},\"thumbnailUrl\":\"https:\\\/\\\/www.medulinriviera.info\\\/wp-content\\\/uploads\\\/2023\\\/03\\\/TZOM_KamenjakRockyTrail2019_17_Adrenalina.jpg\",\"datePublished\":\"2023-03-01T12:00:33+00:00\",\"dateModified\":\"2026-02-16T12:48:10+00:00\",\"breadcrumb\":{\"@id\":\"https:\\\/\\\/www.medulinriviera.info\\\/de\\\/kamenjak-rocky-trails\\\/#breadcrumb\"},\"inLanguage\":\"de\",\"potentialAction\":[{\"@type\":\"ReadAction\",\"target\":[\"https:\\\/\\\/www.medulinriviera.info\\\/de\\\/kamenjak-rocky-trails\\\/\"]}]},{\"@type\":\"ImageObject\",\"inLanguage\":\"de\",\"@id\":\"https:\\\/\\\/www.medulinriviera.info\\\/de\\\/kamenjak-rocky-trails\\\/#primaryimage\",\"url\":\"https:\\\/\\\/www.medulinriviera.info\\\/wp-content\\\/uploads\\\/2023\\\/03\\\/TZOM_KamenjakRockyTrail2019_17_Adrenalina.jpg\",\"contentUrl\":\"https:\\\/\\\/www.medulinriviera.info\\\/wp-content\\\/uploads\\\/2023\\\/03\\\/TZOM_KamenjakRockyTrail2019_17_Adrenalina.jpg\",\"width\":1300,\"height\":865},{\"@type\":\"BreadcrumbList\",\"@id\":\"https:\\\/\\\/www.medulinriviera.info\\\/de\\\/kamenjak-rocky-trails\\\/#breadcrumb\",\"itemListElement\":[{\"@type\":\"ListItem\",\"position\":1,\"name\":\"Home\",\"item\":\"https:\\\/\\\/www.medulinriviera.info\\\/de\\\/\"},{\"@type\":\"ListItem\",\"position\":2,\"name\":\"Kamenjak Rocky Trails\"}]},{\"@type\":\"WebSite\",\"@id\":\"https:\\\/\\\/www.medulinriviera.info\\\/de\\\/#website\",\"url\":\"https:\\\/\\\/www.medulinriviera.info\\\/de\\\/\",\"name\":\"Medulin Riviera\",\"description\":\"The Blue Planet\",\"publisher\":{\"@id\":\"https:\\\/\\\/www.medulinriviera.info\\\/de\\\/#organization\"},\"potentialAction\":[{\"@type\":\"SearchAction\",\"target\":{\"@type\":\"EntryPoint\",\"urlTemplate\":\"https:\\\/\\\/www.medulinriviera.info\\\/de\\\/?s={search_term_string}\"},\"query-input\":{\"@type\":\"PropertyValueSpecification\",\"valueRequired\":true,\"valueName\":\"search_term_string\"}}],\"inLanguage\":\"de\"},{\"@type\":\"Organization\",\"@id\":\"https:\\\/\\\/www.medulinriviera.info\\\/de\\\/#organization\",\"name\":\"Medulin Riviera\",\"url\":\"https:\\\/\\\/www.medulinriviera.info\\\/de\\\/\",\"logo\":{\"@type\":\"ImageObject\",\"inLanguage\":\"de\",\"@id\":\"https:\\\/\\\/www.medulinriviera.info\\\/de\\\/#\\\/schema\\\/logo\\\/image\\\/\",\"url\":\"https:\\\/\\\/www.medulinriviera.info\\\/wp-content\\\/uploads\\\/2020\\\/06\\\/logo-alt.png\",\"contentUrl\":\"https:\\\/\\\/www.medulinriviera.info\\\/wp-content\\\/uploads\\\/2020\\\/06\\\/logo-alt.png\",\"width\":264,\"height\":78,\"caption\":\"Medulin Riviera\"},\"image\":{\"@id\":\"https:\\\/\\\/www.medulinriviera.info\\\/de\\\/#\\\/schema\\\/logo\\\/image\\\/\"},\"sameAs\":[\"https:\\\/\\\/www.facebook.com\\\/medulinriviera\\\/\",\"https:\\\/\\\/www.instagram.com\\\/medulinriviera\\\/\",\"https:\\\/\\\/www.youtube.com\\\/channel\\\/UCYdC8kYbK9OEmlmeZydpumQ\"]}]}<\/script>\n<!-- \/ Yoast SEO plugin. -->","yoast_head_json":{"title":"Kamenjak Rocky Trails - Medulin Riviera","robots":{"index":"index","follow":"follow","max-snippet":"max-snippet:-1","max-image-preview":"max-image-preview:large","max-video-preview":"max-video-preview:-1"},"canonical":"https:\/\/www.medulinriviera.info\/de\/kamenjak-rocky-trails\/","og_locale":"de_DE","og_type":"article","og_title":"Kamenjak Rocky Trails - Medulin Riviera","og_description":"Outdoor Festival Premantura 11. und 12. April 2026. Samstag, 11.04.2026 \u2013 28. XCO Premantura Rocky Trails UCI C1 Die 28....","og_url":"https:\/\/www.medulinriviera.info\/de\/kamenjak-rocky-trails\/","og_site_name":"Medulin Riviera","article_publisher":"https:\/\/www.facebook.com\/medulinriviera\/","article_modified_time":"2026-02-16T12:48:10+00:00","og_image":[{"width":1300,"height":865,"url":"https:\/\/www.medulinriviera.info\/wp-content\/uploads\/2023\/03\/TZOM_KamenjakRockyTrail2019_17_Adrenalina.jpg","type":"image\/jpeg"}],"twitter_card":"summary_large_image","twitter_misc":{"Gesch\u00e4tzte Lesezeit":"4\u00a0Minuten"},"schema":{"@context":"https:\/\/schema.org","@graph":[{"@type":"WebPage","@id":"https:\/\/www.medulinriviera.info\/de\/kamenjak-rocky-trails\/","url":"https:\/\/www.medulinriviera.info\/de\/kamenjak-rocky-trails\/","name":"Kamenjak Rocky Trails - Medulin Riviera","isPartOf":{"@id":"https:\/\/www.medulinriviera.info\/de\/#website"},"primaryImageOfPage":{"@id":"https:\/\/www.medulinriviera.info\/de\/kamenjak-rocky-trails\/#primaryimage"},"image":{"@id":"https:\/\/www.medulinriviera.info\/de\/kamenjak-rocky-trails\/#primaryimage"},"thumbnailUrl":"https:\/\/www.medulinriviera.info\/wp-content\/uploads\/2023\/03\/TZOM_KamenjakRockyTrail2019_17_Adrenalina.jpg","datePublished":"2023-03-01T12:00:33+00:00","dateModified":"2026-02-16T12:48:10+00:00","breadcrumb":{"@id":"https:\/\/www.medulinriviera.info\/de\/kamenjak-rocky-trails\/#breadcrumb"},"inLanguage":"de","potentialAction":[{"@type":"ReadAction","target":["https:\/\/www.medulinriviera.info\/de\/kamenjak-rocky-trails\/"]}]},{"@type":"ImageObject","inLanguage":"de","@id":"https:\/\/www.medulinriviera.info\/de\/kamenjak-rocky-trails\/#primaryimage","url":"https:\/\/www.medulinriviera.info\/wp-content\/uploads\/2023\/03\/TZOM_KamenjakRockyTrail2019_17_Adrenalina.jpg","contentUrl":"https:\/\/www.medulinriviera.info\/wp-content\/uploads\/2023\/03\/TZOM_KamenjakRockyTrail2019_17_Adrenalina.jpg","width":1300,"height":865},{"@type":"BreadcrumbList","@id":"https:\/\/www.medulinriviera.info\/de\/kamenjak-rocky-trails\/#breadcrumb","itemListElement":[{"@type":"ListItem","position":1,"name":"Home","item":"https:\/\/www.medulinriviera.info\/de\/"},{"@type":"ListItem","position":2,"name":"Kamenjak Rocky Trails"}]},{"@type":"WebSite","@id":"https:\/\/www.medulinriviera.info\/de\/#website","url":"https:\/\/www.medulinriviera.info\/de\/","name":"Medulin Riviera","description":"The Blue Planet","publisher":{"@id":"https:\/\/www.medulinriviera.info\/de\/#organization"},"potentialAction":[{"@type":"SearchAction","target":{"@type":"EntryPoint","urlTemplate":"https:\/\/www.medulinriviera.info\/de\/?s={search_term_string}"},"query-input":{"@type":"PropertyValueSpecification","valueRequired":true,"valueName":"search_term_string"}}],"inLanguage":"de"},{"@type":"Organization","@id":"https:\/\/www.medulinriviera.info\/de\/#organization","name":"Medulin Riviera","url":"https:\/\/www.medulinriviera.info\/de\/","logo":{"@type":"ImageObject","inLanguage":"de","@id":"https:\/\/www.medulinriviera.info\/de\/#\/schema\/logo\/image\/","url":"https:\/\/www.medulinriviera.info\/wp-content\/uploads\/2020\/06\/logo-alt.png","contentUrl":"https:\/\/www.medulinriviera.info\/wp-content\/uploads\/2020\/06\/logo-alt.png","width":264,"height":78,"caption":"Medulin Riviera"},"image":{"@id":"https:\/\/www.medulinriviera.info\/de\/#\/schema\/logo\/image\/"},"sameAs":["https:\/\/www.facebook.com\/medulinriviera\/","https:\/\/www.instagram.com\/medulinriviera\/","https:\/\/www.youtube.com\/channel\/UCYdC8kYbK9OEmlmeZydpumQ"]}]}},"wpml_current_locale":"de_DE","wpml_translations":[{"locale":"hr","id":27570,"post_title":"Kamenjak Rocky Trails","href":"https:\/\/www.medulinriviera.info\/hr\/kamenjak-rocky-trails\/"},{"locale":"en_US","id":27441,"post_title":"Kamenjak Rocky Trails","href":"https:\/\/www.medulinriviera.info\/kamenjak-rocky-trails\/"},{"locale":"fr_FR","id":27571,"post_title":"Kamenjak Rocky Trails","href":"https:\/\/www.medulinriviera.info\/fr\/kamenjak-rocky-trails\/"},{"locale":"it_IT","id":27573,"post_title":"Kamenjak Rocky Trails","href":"https:\/\/www.medulinriviera.info\/it\/kamenjak-rocky-trails\/"}],"_links":{"self":[{"href":"https:\/\/www.medulinriviera.info\/de\/wp-json\/wp\/v2\/pages\/27572","targetHints":{"allow":["GET"]}}],"collection":[{"href":"https:\/\/www.medulinriviera.info\/de\/wp-json\/wp\/v2\/pages"}],"about":[{"href":"https:\/\/www.medulinriviera.info\/de\/wp-json\/wp\/v2\/types\/page"}],"author":[{"embeddable":true,"href":"https:\/\/www.medulinriviera.info\/de\/wp-json\/wp\/v2\/users\/2"}],"replies":[{"embeddable":true,"href":"https:\/\/www.medulinriviera.info\/de\/wp-json\/wp\/v2\/comments?post=27572"}],"version-history":[{"count":4,"href":"https:\/\/www.medulinriviera.info\/de\/wp-json\/wp\/v2\/pages\/27572\/revisions"}],"predecessor-version":[{"id":37757,"href":"https:\/\/www.medulinriviera.info\/de\/wp-json\/wp\/v2\/pages\/27572\/revisions\/37757"}],"wp:featuredmedia":[{"embeddable":true,"href":"https:\/\/www.medulinriviera.info\/de\/wp-json\/wp\/v2\/media\/27541"}],"wp:attachment":[{"href":"https:\/\/www.medulinriviera.info\/de\/wp-json\/wp\/v2\/media?parent=27572"}],"wp:term":[{"taxonomy":"classificator","embeddable":true,"href":"https:\/\/www.medulinriviera.info\/de\/wp-json\/wp\/v2\/classificator?post=27572"}],"curies":[{"name":"wp","href":"https:\/\/api.w.org\/{rel}","templated":true}]}}