{"id":26476,"date":"2022-10-12T09:51:33","date_gmt":"2022-10-12T07:51:33","guid":{"rendered":"https:\/\/www.medulinriviera.info\/sea-treasure\/"},"modified":"2022-10-28T08:42:23","modified_gmt":"2022-10-28T06:42:23","slug":"sea-treasure","status":"publish","type":"page","link":"https:\/\/www.medulinriviera.info\/de\/sea-treasure\/","title":{"rendered":"Sea Treasure"},"content":{"rendered":"\n<p>Dank dem milden Klima und mehr als 2.000 Sonnenstunden pro Jahr ist Medulin Riviera zu jeder Jahreszeit eine ausgezeichnete Wahl f\u00fcr Ihren Urlaub. Viele w\u00e4hlen Medulin Riviera im Sommer als Urlaubsziel, wenn man das Meer und Sonnenbaden an unseren <a href=\"https:\/\/www.medulinriviera.info\/de\/beaches\/\">Str\u00e4nden<\/a> und verschiedene <a href=\"https:\/\/www.medulinriviera.info\/de\/activities\/\">Aktivit\u00e4ten auf und im Wasser<\/a> genie\u00dfen kann. Und wenn keine Badezeit ist, k\u00f6nnen Sie im Herbst, Fr\u00fchling und Winter auf den unz\u00e4hligen <a href=\"https:\/\/www.medulinriviera.info\/de\/activities\/walking-routes\/\">Wanderwegen <\/a>wandern oder an den <a href=\"https:\/\/www.medulinriviera.info\/de\/activities\/cycling\/\">Radwegen <\/a>am Meer entlang radeln.<\/p>\n\n\n\n<p>Aber das Meer und das wundersch\u00f6ne blaue Meer, das Medulin Riviera umgibt, ist viel mehr als das &#8211; das Meer bietet viel mehr. In seinen Tiefen verbirgt es eine vielf\u00e4ltige Welt, die Sie beim <a href=\"https:\/\/www.medulinriviera.info\/de\/activities\/diving\/\">Tauchen<\/a> oder <a href=\"https:\/\/www.medulinriviera.info\/de\/attraction\/schnorcheln-am-kap-kamenjak\/\">Snorkeling<\/a> kennenlernen k\u00f6nnen.&nbsp;<\/p>\n\n\n\n<div class=\"wp-block-cover is-light\"><span aria-hidden=\"true\" class=\"wp-block-cover__background has-background-dim\"><\/span><div class=\"wp-block-cover__inner-container is-layout-flow wp-block-cover-is-layout-flow\">\n<div class=\"wp-block-group\"><div class=\"wp-block-group__inner-container is-layout-flow wp-block-group-is-layout-flow\">\n<figure class=\"wp-block-gallery has-nested-images columns-default is-cropped wp-block-gallery-1 is-layout-flex wp-block-gallery-is-layout-flex\">\n<figure class=\"wp-block-image size-large\"><img loading=\"lazy\" decoding=\"async\" width=\"2000\" height=\"1331\" data-id=\"26931\" src=\"https:\/\/www.medulinriviera.info\/wp-content\/uploads\/2022\/10\/WEB-UW-Ceja-66.jpg\" alt=\"\" class=\"wp-image-26931\" srcset=\"https:\/\/www.medulinriviera.info\/wp-content\/uploads\/2022\/10\/WEB-UW-Ceja-66.jpg 2000w, https:\/\/www.medulinriviera.info\/wp-content\/uploads\/2022\/10\/WEB-UW-Ceja-66-300x200.jpg 300w, https:\/\/www.medulinriviera.info\/wp-content\/uploads\/2022\/10\/WEB-UW-Ceja-66-1600x1065.jpg 1600w, https:\/\/www.medulinriviera.info\/wp-content\/uploads\/2022\/10\/WEB-UW-Ceja-66-768x511.jpg 768w, https:\/\/www.medulinriviera.info\/wp-content\/uploads\/2022\/10\/WEB-UW-Ceja-66-1536x1022.jpg 1536w\" sizes=\"auto, (max-width: 2000px) 100vw, 2000px\" \/><\/figure>\n\n\n\n<figure class=\"wp-block-image size-large\"><img loading=\"lazy\" decoding=\"async\" width=\"2000\" height=\"1331\" data-id=\"26937\" src=\"https:\/\/www.medulinriviera.info\/wp-content\/uploads\/2022\/10\/WEB-UW-Fraskeric-10.jpg\" alt=\"\" class=\"wp-image-26937\" srcset=\"https:\/\/www.medulinriviera.info\/wp-content\/uploads\/2022\/10\/WEB-UW-Fraskeric-10.jpg 2000w, https:\/\/www.medulinriviera.info\/wp-content\/uploads\/2022\/10\/WEB-UW-Fraskeric-10-300x200.jpg 300w, https:\/\/www.medulinriviera.info\/wp-content\/uploads\/2022\/10\/WEB-UW-Fraskeric-10-1600x1065.jpg 1600w, https:\/\/www.medulinriviera.info\/wp-content\/uploads\/2022\/10\/WEB-UW-Fraskeric-10-768x511.jpg 768w, https:\/\/www.medulinriviera.info\/wp-content\/uploads\/2022\/10\/WEB-UW-Fraskeric-10-1536x1022.jpg 1536w\" sizes=\"auto, (max-width: 2000px) 100vw, 2000px\" \/><\/figure>\n\n\n\n<figure class=\"wp-block-image size-large\"><img loading=\"lazy\" decoding=\"async\" width=\"1300\" height=\"1954\" data-id=\"26943\" src=\"https:\/\/www.medulinriviera.info\/wp-content\/uploads\/2022\/10\/WEB-UW-Kolumbarica-100.jpg\" alt=\"\" class=\"wp-image-26943\" srcset=\"https:\/\/www.medulinriviera.info\/wp-content\/uploads\/2022\/10\/WEB-UW-Kolumbarica-100.jpg 1300w, https:\/\/www.medulinriviera.info\/wp-content\/uploads\/2022\/10\/WEB-UW-Kolumbarica-100-200x300.jpg 200w, https:\/\/www.medulinriviera.info\/wp-content\/uploads\/2022\/10\/WEB-UW-Kolumbarica-100-798x1200.jpg 798w, https:\/\/www.medulinriviera.info\/wp-content\/uploads\/2022\/10\/WEB-UW-Kolumbarica-100-768x1154.jpg 768w, https:\/\/www.medulinriviera.info\/wp-content\/uploads\/2022\/10\/WEB-UW-Kolumbarica-100-1022x1536.jpg 1022w\" sizes=\"auto, (max-width: 1300px) 100vw, 1300px\" \/><\/figure>\n\n\n\n<figure class=\"wp-block-image size-large\"><img loading=\"lazy\" decoding=\"async\" width=\"2000\" height=\"1333\" data-id=\"26079\" src=\"https:\/\/www.medulinriviera.info\/wp-content\/uploads\/2022\/09\/DSC00457-scaled.jpg\" alt=\"\" class=\"wp-image-26079\" srcset=\"https:\/\/www.medulinriviera.info\/wp-content\/uploads\/2022\/09\/DSC00457-scaled.jpg 2000w, https:\/\/www.medulinriviera.info\/wp-content\/uploads\/2022\/09\/DSC00457-300x200.jpg 300w, https:\/\/www.medulinriviera.info\/wp-content\/uploads\/2022\/09\/DSC00457-1600x1067.jpg 1600w, https:\/\/www.medulinriviera.info\/wp-content\/uploads\/2022\/09\/DSC00457-768x512.jpg 768w, https:\/\/www.medulinriviera.info\/wp-content\/uploads\/2022\/09\/DSC00457-1536x1024.jpg 1536w, https:\/\/www.medulinriviera.info\/wp-content\/uploads\/2022\/09\/DSC00457-2048x1365.jpg 2048w\" sizes=\"auto, (max-width: 2000px) 100vw, 2000px\" \/><\/figure>\n\n\n\n<figure class=\"wp-block-image size-large\"><img loading=\"lazy\" decoding=\"async\" width=\"1345\" height=\"2025\" data-id=\"12318\" src=\"https:\/\/www.medulinriviera.info\/wp-content\/uploads\/2020\/05\/Banjole-Header-3.jpg\" alt=\"\" class=\"wp-image-12318\" srcset=\"https:\/\/www.medulinriviera.info\/wp-content\/uploads\/2020\/05\/Banjole-Header-3.jpg 1345w, https:\/\/www.medulinriviera.info\/wp-content\/uploads\/2020\/05\/Banjole-Header-3-199x300.jpg 199w, https:\/\/www.medulinriviera.info\/wp-content\/uploads\/2020\/05\/Banjole-Header-3-797x1200.jpg 797w, https:\/\/www.medulinriviera.info\/wp-content\/uploads\/2020\/05\/Banjole-Header-3-768x1156.jpg 768w, https:\/\/www.medulinriviera.info\/wp-content\/uploads\/2020\/05\/Banjole-Header-3-1020x1536.jpg 1020w\" sizes=\"auto, (max-width: 1345px) 100vw, 1345px\" \/><\/figure>\n\n\n\n<figure class=\"wp-block-image size-large\"><img loading=\"lazy\" decoding=\"async\" width=\"427\" height=\"284\" data-id=\"11539\" src=\"https:\/\/www.medulinriviera.info\/wp-content\/uploads\/2020\/06\/34b_PlodoviMora1.jpg\" alt=\"\" class=\"wp-image-11539\" srcset=\"https:\/\/www.medulinriviera.info\/wp-content\/uploads\/2020\/06\/34b_PlodoviMora1.jpg 427w, https:\/\/www.medulinriviera.info\/wp-content\/uploads\/2020\/06\/34b_PlodoviMora1-300x200.jpg 300w\" sizes=\"auto, (max-width: 427px) 100vw, 427px\" \/><\/figure>\n\n\n\n<figure class=\"wp-block-image size-large\"><img loading=\"lazy\" decoding=\"async\" width=\"240\" height=\"361\" data-id=\"11527\" src=\"https:\/\/www.medulinriviera.info\/wp-content\/uploads\/2020\/06\/37b-Riba.jpg\" alt=\"\" class=\"wp-image-11527\" srcset=\"https:\/\/www.medulinriviera.info\/wp-content\/uploads\/2020\/06\/37b-Riba.jpg 240w, https:\/\/www.medulinriviera.info\/wp-content\/uploads\/2020\/06\/37b-Riba-199x300.jpg 199w\" sizes=\"auto, (max-width: 240px) 100vw, 240px\" \/><\/figure>\n\n\n\n<figure class=\"wp-block-image size-large\"><img loading=\"lazy\" decoding=\"async\" width=\"240\" height=\"361\" data-id=\"11521\" src=\"https:\/\/www.medulinriviera.info\/wp-content\/uploads\/2020\/06\/38b-Skoljke.jpg\" alt=\"\" class=\"wp-image-11521\" srcset=\"https:\/\/www.medulinriviera.info\/wp-content\/uploads\/2020\/06\/38b-Skoljke.jpg 240w, https:\/\/www.medulinriviera.info\/wp-content\/uploads\/2020\/06\/38b-Skoljke-199x300.jpg 199w\" sizes=\"auto, (max-width: 240px) 100vw, 240px\" \/><\/figure>\n\n\n\n<figure class=\"wp-block-image size-large\"><img loading=\"lazy\" decoding=\"async\" width=\"240\" height=\"361\" data-id=\"11533\" src=\"https:\/\/www.medulinriviera.info\/wp-content\/uploads\/2020\/06\/36b-Kapesante.jpg\" alt=\"\" class=\"wp-image-11533\" srcset=\"https:\/\/www.medulinriviera.info\/wp-content\/uploads\/2020\/06\/36b-Kapesante.jpg 240w, https:\/\/www.medulinriviera.info\/wp-content\/uploads\/2020\/06\/36b-Kapesante-199x300.jpg 199w\" sizes=\"auto, (max-width: 240px) 100vw, 240px\" \/><\/figure>\n<\/figure>\n<\/div><\/div>\n<\/div><\/div>\n\n\n\n<p>Und die verschiedenen Arten von Fisch, Muscheln und anderen Meeresfr\u00fcchten, die Sie kennenlernen werden, werden von unseren flei\u00dfigen Fischern gefangen, und Sie k\u00f6nnen sie auf den Tischen unserer Restaurants finden und verschiedene Fischgerichte probieren. In lokalen Restaurants werden Sie Ihren Gaumen mit den Aromen der Spitzenspezialit\u00e4ten, die aus verschiedenen Meeresfr\u00fcchten zubereitet werden, belohnen. Wir empfehlen auf jeden Fall frischen Fisch, der auf verschiedene Arten zubereitet wird, Brodet, Krabben, aber auch Tintenfischrisotto. <\/p>\n\n\n\n<p>Wenn Sie in den Sommermonaten Ihren Urlaub bei uns verbringen, besuchen Sie unbedingt unsere Veranstaltungen rund um das Meer \u2013 das Hook &amp; Cook-Festival und\/oder die Fischerabende mit Klapa-Musik\u2013 die auf ihre Weise unsere Verbundenheit mit dem Meer darstellen<\/p>\n\n\n\n<p><strong>Das Hook &amp; Cook Festival, <\/strong>das in Medulin am Fischersteg stattfindet, bringt j\u00fcngeren Generationen auf kreative und moderne Weise die Fischertradition dieser Gegend n\u00e4her und vereint urbane Musik und Streetfood-Konzept an einem Ort.<\/p>\n\n\n\n<figure class=\"wp-block-embed is-type-video is-provider-youtube wp-block-embed-youtube wp-embed-aspect-16-9 wp-has-aspect-ratio\"><div class=\"wp-block-embed__wrapper\">\n<iframe loading=\"lazy\" title=\"Hook &amp; Cook Festival - Medulin Riviera - August 2022\" width=\"500\" height=\"281\" src=\"https:\/\/www.youtube.com\/embed\/LQtQ-8NfQRY?feature=oembed\" frameborder=\"0\" allow=\"accelerometer; autoplay; clipboard-write; encrypted-media; gyroscope; picture-in-picture; web-share\" referrerpolicy=\"strict-origin-when-cross-origin\" allowfullscreen><\/iframe>\n<\/div><\/figure>\n\n\n\n<p>Das Hook &amp; Cook Festival, das in Medulin am Fischersteg stattfindet, bringt j\u00fcngeren Generationen auf kreative und moderne Weise die Fischertradition dieser Gegend n\u00e4her und vereint urbane Musik und Streetfood-Konzept an einem Ort. Das Hook &amp; Cook Festival feiert als gastronomisches Event die Liebe zum Meer und bringt Fischer, K\u00f6che und Musiker in einer gemeinsamen Veranstaltung zusammen, mit dem Ziel, Fischspezialit\u00e4ten einem breiteren Publikum n\u00e4her zu bringen. Spitzenk\u00f6che, sogar solche mit Michelin-Empfehlungen, kochen auf Booten und bereiten Gerichte aus dem Fang der Meduliner Fischer zu. W\u00e4hrend dieses wahren gastronomischen Abenteuers werden immer Gerichte aus gesundem, etwas vernachl\u00e4ssigtem blauem Fisch angeboten &#8211; Thunfisch-Cheeseburger sind immer im Angebot, und diesen Sommer haben sie <em>Poke Bowl<\/em> mit Thunfisch, Balik Ekmek, Filet o&#8216; Bun und <em>Tsukune <\/em>aus Thunfisch zubereitet. Wer wei\u00df, was uns n\u00e4chstes Jahr Neues erwartet?<\/p>\n\n\n\n<p>Etwas traditioneller wird die Geschichte vom Meer und den Fischen bei der Veranstaltung<a href=\"https:\/\/www.medulinriviera.info\/de\/fishermens-a-cappella-night\/\"> <strong>Fischerabende mit Klapa-Musik<\/strong><\/a> erz\u00e4hlt. Besuchen Sie die unbedingt im Juli und August, wenn sie in Medulin und Premantura stattfinden. Sie k\u00f6nnen ein Klapa-Lied genie\u00dfen, frische Sardellen vom Grill probieren &#8211; die einfachste und gebr\u00e4uchlichste Art, diese Meeresdelikatesse zuzubereiten, ein Glas Wein aus der Region trinken und sich entspannen, wie es unsere Vorfahren getan haben. Und es gibt auch eine Ecke f\u00fcr die J\u00fcngsten, wo sie aktiv an verschiedenen Aktivit\u00e4ten rund um das Angeln teilnehmen k\u00f6nnen.<\/p>\n\n\n\n<figure class=\"wp-block-embed is-type-video is-provider-youtube wp-block-embed-youtube wp-embed-aspect-16-9 wp-has-aspect-ratio\"><div class=\"wp-block-embed__wrapper\">\n<iframe loading=\"lazy\" title=\"Ribarske klapske ve\u010deri 2022 - Medulin Riviera\" width=\"500\" height=\"281\" src=\"https:\/\/www.youtube.com\/embed\/UJvTXuJDEZk?feature=oembed\" frameborder=\"0\" allow=\"accelerometer; autoplay; clipboard-write; encrypted-media; gyroscope; picture-in-picture; web-share\" referrerpolicy=\"strict-origin-when-cross-origin\" allowfullscreen><\/iframe>\n<\/div><\/figure>\n\n\n\n<p>Und wenn Sie sich entscheiden, Medulin Riviera au\u00dferhalb der Hauptsaison zu besuchen, suchen Sie in einem unserer Orte nach einer Freiluftausstellung \u201eDie Kunst des Fischfangs &#8211; die Kunst des Lebens\u201c, in der die Tradition dieser Region &#8211; der Fischfang \u2013 auf gro\u00dfen Tafeln pr\u00e4sentiert wird. Ebenfalls zu sehen sind Angelger\u00e4te wie Angelruten, Langleinen, Zubeh\u00f6r zum Flicken von Netzen sowie eine speziell f\u00fcr diesen Anlass gebaute Nachbildung einer <em>Batana<\/em> \u2013 des traditionellen Fischerbootes dieser Region.<\/p>\n\n\n\n<figure class=\"wp-block-embed is-type-video is-provider-youtube wp-block-embed-youtube wp-embed-aspect-16-9 wp-has-aspect-ratio\"><div class=\"wp-block-embed__wrapper\">\n<iframe loading=\"lazy\" title=\"The Art of Fishing \u2013 The Art of Living\" width=\"500\" height=\"281\" src=\"https:\/\/www.youtube.com\/embed\/ta_TofqN6Mc?feature=oembed\" frameborder=\"0\" allow=\"accelerometer; autoplay; clipboard-write; encrypted-media; gyroscope; picture-in-picture; web-share\" referrerpolicy=\"strict-origin-when-cross-origin\" allowfullscreen><\/iframe>\n<\/div><\/figure>\n\n\n\n<p>Und wenn Sie selbst etwas fangen m\u00f6chten, dann empfehlen wir Ihnen auf jeden Fall, <a href=\"https:\/\/www.medulinriviera.info\/de\/attraction\/big-game-fishing\/\">Big Game Fishing <\/a>auszuprobieren. Es ist ein gro\u00dfes Abenteuer auf offenem Meer bei Kamenjak und dem Archipel von Medulin. Sie begeben sich auf einem zehn Meter langen Boot mit kompletter Ausr\u00fcstung, begleitet von einem erfahrenen Skipper, auf dieses Abenteuer und wer wei\u00df, vielleicht fangen Sie einen gro\u00dfen Fisch&#8230;<\/p>\n","protected":false},"excerpt":{"rendered":"<p>Dank dem milden Klima und mehr als 2.000 Sonnenstunden pro Jahr ist Medulin Riviera zu jeder Jahreszeit eine ausgezeichnete Wahl&#8230;<\/p>\n","protected":false},"author":2,"featured_media":26467,"parent":0,"menu_order":0,"comment_status":"closed","ping_status":"closed","template":"","meta":{"_acf_changed":false,"footnotes":""},"classificator":[],"class_list":["post-26476","page","type-page","status-publish","has-post-thumbnail","hentry"],"acf":{"video":"","gallery":null},"yoast_head":"<!-- This site is optimized with the Yoast SEO plugin v27.6 - https:\/\/yoast.com\/product\/yoast-seo-wordpress\/ -->\n<title>Sea Treasure - Medulin Riviera<\/title>\n<meta name=\"robots\" content=\"index, follow, max-snippet:-1, max-image-preview:large, max-video-preview:-1\" \/>\n<link rel=\"canonical\" href=\"https:\/\/www.medulinriviera.info\/de\/sea-treasure\/\" \/>\n<meta property=\"og:locale\" content=\"de_DE\" \/>\n<meta property=\"og:type\" content=\"article\" \/>\n<meta property=\"og:title\" content=\"Sea Treasure - Medulin Riviera\" \/>\n<meta property=\"og:description\" content=\"Dank dem milden Klima und mehr als 2.000 Sonnenstunden pro Jahr ist Medulin Riviera zu jeder Jahreszeit eine ausgezeichnete Wahl...\" \/>\n<meta property=\"og:url\" content=\"https:\/\/www.medulinriviera.info\/de\/sea-treasure\/\" \/>\n<meta property=\"og:site_name\" content=\"Medulin Riviera\" \/>\n<meta property=\"article:publisher\" content=\"https:\/\/www.facebook.com\/medulinriviera\/\" \/>\n<meta property=\"article:modified_time\" content=\"2022-10-28T06:42:23+00:00\" \/>\n<meta property=\"og:image\" content=\"https:\/\/www.medulinriviera.info\/wp-content\/uploads\/2022\/10\/DSC09671-scaled.jpg\" \/>\n\t<meta property=\"og:image:width\" content=\"2560\" \/>\n\t<meta property=\"og:image:height\" content=\"1707\" \/>\n\t<meta property=\"og:image:type\" content=\"image\/jpeg\" \/>\n<meta name=\"twitter:card\" content=\"summary_large_image\" \/>\n<meta name=\"twitter:label1\" content=\"Gesch\u00e4tzte Lesezeit\" \/>\n\t<meta name=\"twitter:data1\" content=\"6\u00a0Minuten\" \/>\n<script type=\"application\/ld+json\" class=\"yoast-schema-graph\">{\"@context\":\"https:\\\/\\\/schema.org\",\"@graph\":[{\"@type\":\"WebPage\",\"@id\":\"https:\\\/\\\/www.medulinriviera.info\\\/de\\\/sea-treasure\\\/\",\"url\":\"https:\\\/\\\/www.medulinriviera.info\\\/de\\\/sea-treasure\\\/\",\"name\":\"Sea Treasure - Medulin Riviera\",\"isPartOf\":{\"@id\":\"https:\\\/\\\/www.medulinriviera.info\\\/de\\\/#website\"},\"primaryImageOfPage\":{\"@id\":\"https:\\\/\\\/www.medulinriviera.info\\\/de\\\/sea-treasure\\\/#primaryimage\"},\"image\":{\"@id\":\"https:\\\/\\\/www.medulinriviera.info\\\/de\\\/sea-treasure\\\/#primaryimage\"},\"thumbnailUrl\":\"https:\\\/\\\/www.medulinriviera.info\\\/wp-content\\\/uploads\\\/2022\\\/10\\\/DSC09671-scaled.jpg\",\"datePublished\":\"2022-10-12T07:51:33+00:00\",\"dateModified\":\"2022-10-28T06:42:23+00:00\",\"breadcrumb\":{\"@id\":\"https:\\\/\\\/www.medulinriviera.info\\\/de\\\/sea-treasure\\\/#breadcrumb\"},\"inLanguage\":\"de\",\"potentialAction\":[{\"@type\":\"ReadAction\",\"target\":[\"https:\\\/\\\/www.medulinriviera.info\\\/de\\\/sea-treasure\\\/\"]}]},{\"@type\":\"ImageObject\",\"inLanguage\":\"de\",\"@id\":\"https:\\\/\\\/www.medulinriviera.info\\\/de\\\/sea-treasure\\\/#primaryimage\",\"url\":\"https:\\\/\\\/www.medulinriviera.info\\\/wp-content\\\/uploads\\\/2022\\\/10\\\/DSC09671-scaled.jpg\",\"contentUrl\":\"https:\\\/\\\/www.medulinriviera.info\\\/wp-content\\\/uploads\\\/2022\\\/10\\\/DSC09671-scaled.jpg\",\"width\":2560,\"height\":1707},{\"@type\":\"BreadcrumbList\",\"@id\":\"https:\\\/\\\/www.medulinriviera.info\\\/de\\\/sea-treasure\\\/#breadcrumb\",\"itemListElement\":[{\"@type\":\"ListItem\",\"position\":1,\"name\":\"Home\",\"item\":\"https:\\\/\\\/www.medulinriviera.info\\\/de\\\/\"},{\"@type\":\"ListItem\",\"position\":2,\"name\":\"Sea Treasure\"}]},{\"@type\":\"WebSite\",\"@id\":\"https:\\\/\\\/www.medulinriviera.info\\\/de\\\/#website\",\"url\":\"https:\\\/\\\/www.medulinriviera.info\\\/de\\\/\",\"name\":\"Medulin Riviera\",\"description\":\"The Blue Planet\",\"publisher\":{\"@id\":\"https:\\\/\\\/www.medulinriviera.info\\\/de\\\/#organization\"},\"potentialAction\":[{\"@type\":\"SearchAction\",\"target\":{\"@type\":\"EntryPoint\",\"urlTemplate\":\"https:\\\/\\\/www.medulinriviera.info\\\/de\\\/?s={search_term_string}\"},\"query-input\":{\"@type\":\"PropertyValueSpecification\",\"valueRequired\":true,\"valueName\":\"search_term_string\"}}],\"inLanguage\":\"de\"},{\"@type\":\"Organization\",\"@id\":\"https:\\\/\\\/www.medulinriviera.info\\\/de\\\/#organization\",\"name\":\"Medulin Riviera\",\"url\":\"https:\\\/\\\/www.medulinriviera.info\\\/de\\\/\",\"logo\":{\"@type\":\"ImageObject\",\"inLanguage\":\"de\",\"@id\":\"https:\\\/\\\/www.medulinriviera.info\\\/de\\\/#\\\/schema\\\/logo\\\/image\\\/\",\"url\":\"https:\\\/\\\/www.medulinriviera.info\\\/wp-content\\\/uploads\\\/2020\\\/06\\\/logo-alt.png\",\"contentUrl\":\"https:\\\/\\\/www.medulinriviera.info\\\/wp-content\\\/uploads\\\/2020\\\/06\\\/logo-alt.png\",\"width\":264,\"height\":78,\"caption\":\"Medulin Riviera\"},\"image\":{\"@id\":\"https:\\\/\\\/www.medulinriviera.info\\\/de\\\/#\\\/schema\\\/logo\\\/image\\\/\"},\"sameAs\":[\"https:\\\/\\\/www.facebook.com\\\/medulinriviera\\\/\",\"https:\\\/\\\/www.instagram.com\\\/medulinriviera\\\/\",\"https:\\\/\\\/www.youtube.com\\\/channel\\\/UCYdC8kYbK9OEmlmeZydpumQ\"]}]}<\/script>\n<!-- \/ Yoast SEO plugin. -->","yoast_head_json":{"title":"Sea Treasure - Medulin Riviera","robots":{"index":"index","follow":"follow","max-snippet":"max-snippet:-1","max-image-preview":"max-image-preview:large","max-video-preview":"max-video-preview:-1"},"canonical":"https:\/\/www.medulinriviera.info\/de\/sea-treasure\/","og_locale":"de_DE","og_type":"article","og_title":"Sea Treasure - Medulin Riviera","og_description":"Dank dem milden Klima und mehr als 2.000 Sonnenstunden pro Jahr ist Medulin Riviera zu jeder Jahreszeit eine ausgezeichnete Wahl...","og_url":"https:\/\/www.medulinriviera.info\/de\/sea-treasure\/","og_site_name":"Medulin Riviera","article_publisher":"https:\/\/www.facebook.com\/medulinriviera\/","article_modified_time":"2022-10-28T06:42:23+00:00","og_image":[{"width":2560,"height":1707,"url":"https:\/\/www.medulinriviera.info\/wp-content\/uploads\/2022\/10\/DSC09671-scaled.jpg","type":"image\/jpeg"}],"twitter_card":"summary_large_image","twitter_misc":{"Gesch\u00e4tzte Lesezeit":"6\u00a0Minuten"},"schema":{"@context":"https:\/\/schema.org","@graph":[{"@type":"WebPage","@id":"https:\/\/www.medulinriviera.info\/de\/sea-treasure\/","url":"https:\/\/www.medulinriviera.info\/de\/sea-treasure\/","name":"Sea Treasure - Medulin Riviera","isPartOf":{"@id":"https:\/\/www.medulinriviera.info\/de\/#website"},"primaryImageOfPage":{"@id":"https:\/\/www.medulinriviera.info\/de\/sea-treasure\/#primaryimage"},"image":{"@id":"https:\/\/www.medulinriviera.info\/de\/sea-treasure\/#primaryimage"},"thumbnailUrl":"https:\/\/www.medulinriviera.info\/wp-content\/uploads\/2022\/10\/DSC09671-scaled.jpg","datePublished":"2022-10-12T07:51:33+00:00","dateModified":"2022-10-28T06:42:23+00:00","breadcrumb":{"@id":"https:\/\/www.medulinriviera.info\/de\/sea-treasure\/#breadcrumb"},"inLanguage":"de","potentialAction":[{"@type":"ReadAction","target":["https:\/\/www.medulinriviera.info\/de\/sea-treasure\/"]}]},{"@type":"ImageObject","inLanguage":"de","@id":"https:\/\/www.medulinriviera.info\/de\/sea-treasure\/#primaryimage","url":"https:\/\/www.medulinriviera.info\/wp-content\/uploads\/2022\/10\/DSC09671-scaled.jpg","contentUrl":"https:\/\/www.medulinriviera.info\/wp-content\/uploads\/2022\/10\/DSC09671-scaled.jpg","width":2560,"height":1707},{"@type":"BreadcrumbList","@id":"https:\/\/www.medulinriviera.info\/de\/sea-treasure\/#breadcrumb","itemListElement":[{"@type":"ListItem","position":1,"name":"Home","item":"https:\/\/www.medulinriviera.info\/de\/"},{"@type":"ListItem","position":2,"name":"Sea Treasure"}]},{"@type":"WebSite","@id":"https:\/\/www.medulinriviera.info\/de\/#website","url":"https:\/\/www.medulinriviera.info\/de\/","name":"Medulin Riviera","description":"The Blue Planet","publisher":{"@id":"https:\/\/www.medulinriviera.info\/de\/#organization"},"potentialAction":[{"@type":"SearchAction","target":{"@type":"EntryPoint","urlTemplate":"https:\/\/www.medulinriviera.info\/de\/?s={search_term_string}"},"query-input":{"@type":"PropertyValueSpecification","valueRequired":true,"valueName":"search_term_string"}}],"inLanguage":"de"},{"@type":"Organization","@id":"https:\/\/www.medulinriviera.info\/de\/#organization","name":"Medulin Riviera","url":"https:\/\/www.medulinriviera.info\/de\/","logo":{"@type":"ImageObject","inLanguage":"de","@id":"https:\/\/www.medulinriviera.info\/de\/#\/schema\/logo\/image\/","url":"https:\/\/www.medulinriviera.info\/wp-content\/uploads\/2020\/06\/logo-alt.png","contentUrl":"https:\/\/www.medulinriviera.info\/wp-content\/uploads\/2020\/06\/logo-alt.png","width":264,"height":78,"caption":"Medulin Riviera"},"image":{"@id":"https:\/\/www.medulinriviera.info\/de\/#\/schema\/logo\/image\/"},"sameAs":["https:\/\/www.facebook.com\/medulinriviera\/","https:\/\/www.instagram.com\/medulinriviera\/","https:\/\/www.youtube.com\/channel\/UCYdC8kYbK9OEmlmeZydpumQ"]}]}},"wpml_current_locale":"de_DE","wpml_translations":[{"locale":"hr","id":26472,"post_title":"Sea Treasure","href":"https:\/\/www.medulinriviera.info\/hr\/sea-treasure\/"},{"locale":"en_US","id":26463,"post_title":"Sea Treasure","href":"https:\/\/www.medulinriviera.info\/sea-treasure\/"},{"locale":"fr_FR","id":26474,"post_title":"Tresor marin","href":"https:\/\/www.medulinriviera.info\/fr\/sea-treasure\/"},{"locale":"it_IT","id":26478,"post_title":"Sea treasure","href":"https:\/\/www.medulinriviera.info\/it\/sea-treasure\/"},{"locale":"sl_SI","id":26968,"post_title":"Sea Treasure","href":"https:\/\/www.medulinriviera.info\/sl\/sea-treasure\/"}],"_links":{"self":[{"href":"https:\/\/www.medulinriviera.info\/de\/wp-json\/wp\/v2\/pages\/26476","targetHints":{"allow":["GET"]}}],"collection":[{"href":"https:\/\/www.medulinriviera.info\/de\/wp-json\/wp\/v2\/pages"}],"about":[{"href":"https:\/\/www.medulinriviera.info\/de\/wp-json\/wp\/v2\/types\/page"}],"author":[{"embeddable":true,"href":"https:\/\/www.medulinriviera.info\/de\/wp-json\/wp\/v2\/users\/2"}],"replies":[{"embeddable":true,"href":"https:\/\/www.medulinriviera.info\/de\/wp-json\/wp\/v2\/comments?post=26476"}],"version-history":[{"count":0,"href":"https:\/\/www.medulinriviera.info\/de\/wp-json\/wp\/v2\/pages\/26476\/revisions"}],"wp:featuredmedia":[{"embeddable":true,"href":"https:\/\/www.medulinriviera.info\/de\/wp-json\/wp\/v2\/media\/26467"}],"wp:attachment":[{"href":"https:\/\/www.medulinriviera.info\/de\/wp-json\/wp\/v2\/media?parent=26476"}],"wp:term":[{"taxonomy":"classificator","embeddable":true,"href":"https:\/\/www.medulinriviera.info\/de\/wp-json\/wp\/v2\/classificator?post=26476"}],"curies":[{"name":"wp","href":"https:\/\/api.w.org\/{rel}","templated":true}]}}