{"id":24270,"date":"2022-05-25T13:27:27","date_gmt":"2022-05-25T11:27:27","guid":{"rendered":"https:\/\/www.medulinriviera.info\/hookcook-festival-medulin-2022\/"},"modified":"2022-08-08T15:43:34","modified_gmt":"2022-08-08T13:43:34","slug":"hookcook-festival-medulin-2022","status":"publish","type":"page","link":"https:\/\/www.medulinriviera.info\/de\/hookcook-festival-medulin-2022\/","title":{"rendered":"Hook&#038;Cook Festival Medulin 2022"},"content":{"rendered":"\n<h2 class=\"has-text-align-center wp-block-heading\"><strong>Seafood Gastro Event<\/strong><br><strong>12. &amp; 13. August<\/strong><br> <strong>19-01 Uhr<\/strong><\/h2>\n\n\n\n<h2 class=\"has-text-align-center wp-block-heading\">Medulin, Uferpromenade &#8211; Angelsteg<\/h2>\n\n\n\n<h2 class=\"has-text-align-center wp-block-heading\"><strong>Einzigartiger Gastro-Event!<\/strong><\/h2>\n\n\n\n<p><\/p>\n\n\n\n<p class=\"has-text-align-center\">Hook and Cook feiert die Liebe zum Meer und bringt Fischer, K\u00f6che und Musiker zusammen, um Fischspezialit\u00e4ten einem breiteren Publikum n\u00e4her zu bringen.<\/p>\n\n\n\n<figure class=\"wp-block-image size-large\"><img loading=\"lazy\" decoding=\"async\" width=\"1600\" height=\"1067\" src=\"https:\/\/www.medulinriviera.info\/wp-content\/uploads\/2022\/07\/TZOM-HookCookPortret2-2022-MedVid-1600x1067.jpg\" alt=\"\" class=\"wp-image-25707\" srcset=\"https:\/\/www.medulinriviera.info\/wp-content\/uploads\/2022\/07\/TZOM-HookCookPortret2-2022-MedVid-1600x1067.jpg 1600w, https:\/\/www.medulinriviera.info\/wp-content\/uploads\/2022\/07\/TZOM-HookCookPortret2-2022-MedVid-300x200.jpg 300w, https:\/\/www.medulinriviera.info\/wp-content\/uploads\/2022\/07\/TZOM-HookCookPortret2-2022-MedVid-768x512.jpg 768w, https:\/\/www.medulinriviera.info\/wp-content\/uploads\/2022\/07\/TZOM-HookCookPortret2-2022-MedVid-1536x1024.jpg 1536w, https:\/\/www.medulinriviera.info\/wp-content\/uploads\/2022\/07\/TZOM-HookCookPortret2-2022-MedVid-2048x1365.jpg 2048w\" sizes=\"auto, (max-width: 1600px) 100vw, 1600px\" \/><\/figure>\n\n\n\n<p class=\"has-text-align-center\"><strong>Modern und innovativ<\/strong><\/p>\n\n\n\n<p class=\"has-text-align-center\">Urban und kreativ haben wir der j\u00fcngeren Generation das traditionelle Fischerfest n\u00e4her gebracht. Angenehme Atmosph\u00e4re mit ausgezeichneten Meeresspeisen und entspanntem Spa\u00df sind der ideale Ort, um warme Sommertage zu verbringen.<\/p>\n\n\n\n<p class=\"has-text-align-center\"><br><\/p>\n\n\n\n<figure class=\"wp-block-image size-large\"><img loading=\"lazy\" decoding=\"async\" width=\"1600\" height=\"1067\" src=\"https:\/\/www.medulinriviera.info\/wp-content\/uploads\/2022\/07\/TZOM-HookCookHrana1-2022-MedVid-1600x1067.jpg\" alt=\"\" class=\"wp-image-25504\" srcset=\"https:\/\/www.medulinriviera.info\/wp-content\/uploads\/2022\/07\/TZOM-HookCookHrana1-2022-MedVid-1600x1067.jpg 1600w, https:\/\/www.medulinriviera.info\/wp-content\/uploads\/2022\/07\/TZOM-HookCookHrana1-2022-MedVid-300x200.jpg 300w, https:\/\/www.medulinriviera.info\/wp-content\/uploads\/2022\/07\/TZOM-HookCookHrana1-2022-MedVid-768x512.jpg 768w, https:\/\/www.medulinriviera.info\/wp-content\/uploads\/2022\/07\/TZOM-HookCookHrana1-2022-MedVid-1536x1024.jpg 1536w, https:\/\/www.medulinriviera.info\/wp-content\/uploads\/2022\/07\/TZOM-HookCookHrana1-2022-MedVid-2048x1365.jpg 2048w\" sizes=\"auto, (max-width: 1600px) 100vw, 1600px\" \/><\/figure>\n\n\n\n<p class=\"has-text-align-center\"><strong>Bekannte G\u00e4ste<\/strong><\/p>\n\n\n\n<p class=\"has-text-align-center\">Spitzenk\u00f6che auf Booten bereiten ihre unverwechselbaren Meeresspeisen aus dem lokalen Fang unserer Fischer zu.<\/p>\n\n\n\n<p class=\"has-text-align-center\"><strong>David Skoko feat. Hrvoje Hrvatin<\/strong><\/p>\n\n\n\n<p class=\"has-text-align-center\">Kroatische Chefs, die in zahlreichen <strong>Gastro-Shows<\/strong> an Popularit\u00e4t gewonnen haben, werden bei unserem Festival die Zubereitung von Sea-Streetfood probieren.<\/p>\n\n\n\n<figure class=\"wp-block-image size-large\"><img loading=\"lazy\" decoding=\"async\" width=\"1600\" height=\"1068\" src=\"https:\/\/www.medulinriviera.info\/wp-content\/uploads\/2022\/07\/DavidSkoko-Portret-1600x1068.jpg\" alt=\"\" class=\"wp-image-25769\" srcset=\"https:\/\/www.medulinriviera.info\/wp-content\/uploads\/2022\/07\/DavidSkoko-Portret-1600x1068.jpg 1600w, https:\/\/www.medulinriviera.info\/wp-content\/uploads\/2022\/07\/DavidSkoko-Portret-300x200.jpg 300w, https:\/\/www.medulinriviera.info\/wp-content\/uploads\/2022\/07\/DavidSkoko-Portret-768x512.jpg 768w, https:\/\/www.medulinriviera.info\/wp-content\/uploads\/2022\/07\/DavidSkoko-Portret-1536x1025.jpg 1536w, https:\/\/www.medulinriviera.info\/wp-content\/uploads\/2022\/07\/DavidSkoko-Portret-2048x1366.jpg 2048w\" sizes=\"auto, (max-width: 1600px) 100vw, 1600px\" \/><figcaption>David Skoko<\/figcaption><\/figure>\n\n\n\n<p class=\"has-text-align-center\"><br><\/p>\n\n\n\n<p class=\"has-text-align-center\"><strong>Musik:<\/strong><br><strong>After Dinner feat. Soul Print<\/strong><\/p>\n\n\n\n<p class=\"has-text-align-center\">Atmosph\u00e4re und Spa\u00df in entspannter Sommerstimmung nach einem guten Essen.<\/p>\n\n\n\n<figure class=\"wp-block-image size-large\"><img loading=\"lazy\" decoding=\"async\" width=\"1600\" height=\"1067\" src=\"https:\/\/www.medulinriviera.info\/wp-content\/uploads\/2022\/07\/TZOM-HookCookDJ2022-MedVid-1600x1067.jpg\" alt=\"\" class=\"wp-image-25498\" srcset=\"https:\/\/www.medulinriviera.info\/wp-content\/uploads\/2022\/07\/TZOM-HookCookDJ2022-MedVid-1600x1067.jpg 1600w, https:\/\/www.medulinriviera.info\/wp-content\/uploads\/2022\/07\/TZOM-HookCookDJ2022-MedVid-300x200.jpg 300w, https:\/\/www.medulinriviera.info\/wp-content\/uploads\/2022\/07\/TZOM-HookCookDJ2022-MedVid-768x512.jpg 768w, https:\/\/www.medulinriviera.info\/wp-content\/uploads\/2022\/07\/TZOM-HookCookDJ2022-MedVid-1536x1024.jpg 1536w, https:\/\/www.medulinriviera.info\/wp-content\/uploads\/2022\/07\/TZOM-HookCookDJ2022-MedVid-2048x1365.jpg 2048w\" sizes=\"auto, (max-width: 1600px) 100vw, 1600px\" \/><\/figure>\n\n\n\n<p class=\"has-text-align-center\">Wo?<br>? Angelsteg, Uferpromenade &#8211; Medulin.<\/p>\n\n\n\n<p class=\"has-text-align-center\">Wann?<br>\u231a 12. &amp; 13. August 19:00 bis 01:00 Uhr.<\/p>\n\n\n\n<p class=\"has-text-align-center\">Mach&#8217;s gut! ?\ufe0f<\/p>\n\n\n\n<p class=\"has-text-align-center\"><br><\/p>\n\n\n\n<p class=\"has-text-align-center\"><\/p>\n\n\n\n<p><\/p>\n\n\n\n<figure class=\"wp-block-video\"><video height=\"1080\" style=\"aspect-ratio: 1920 \/ 1080;\" width=\"1920\" controls src=\"https:\/\/www.medulinriviera.info\/wp-content\/uploads\/2022\/07\/8.-PromoVideo-HookCook-Lipanj.mp4\"><\/video><\/figure>\n","protected":false},"excerpt":{"rendered":"<p>Seafood Gastro Event12. &amp; 13. August 19-01 Uhr Medulin, Uferpromenade &#8211; Angelsteg Einzigartiger Gastro-Event! Hook and Cook feiert die Liebe&#8230;<\/p>\n","protected":false},"author":2,"featured_media":25755,"parent":0,"menu_order":0,"comment_status":"closed","ping_status":"closed","template":"","meta":{"_acf_changed":false,"footnotes":""},"classificator":[],"class_list":["post-24270","page","type-page","status-publish","has-post-thumbnail","hentry"],"acf":{"video":"","gallery":null},"yoast_head":"<!-- This site is optimized with the Yoast SEO plugin v27.3 - https:\/\/yoast.com\/product\/yoast-seo-wordpress\/ -->\n<title>Hook&amp;Cook Festival Medulin 2022 - Medulin Riviera<\/title>\n<meta name=\"robots\" content=\"index, follow, max-snippet:-1, max-image-preview:large, max-video-preview:-1\" \/>\n<link rel=\"canonical\" href=\"https:\/\/www.medulinriviera.info\/de\/hookcook-festival-medulin-2022\/\" \/>\n<meta property=\"og:locale\" content=\"de_DE\" \/>\n<meta property=\"og:type\" content=\"article\" \/>\n<meta property=\"og:title\" content=\"Hook&amp;Cook Festival Medulin 2022 - Medulin Riviera\" \/>\n<meta property=\"og:description\" content=\"Seafood Gastro Event12. &amp; 13. August 19-01 Uhr Medulin, Uferpromenade &#8211; Angelsteg Einzigartiger Gastro-Event! Hook and Cook feiert die Liebe...\" \/>\n<meta property=\"og:url\" content=\"https:\/\/www.medulinriviera.info\/de\/hookcook-festival-medulin-2022\/\" \/>\n<meta property=\"og:site_name\" content=\"Medulin Riviera\" \/>\n<meta property=\"article:publisher\" content=\"https:\/\/www.facebook.com\/medulinriviera\/\" \/>\n<meta property=\"article:modified_time\" content=\"2022-08-08T13:43:34+00:00\" \/>\n<meta property=\"og:image\" content=\"https:\/\/www.medulinriviera.info\/wp-content\/uploads\/2022\/07\/TZOM-HookCookUgodajSuton3-2022-MedVid-1-scaled.jpg\" \/>\n\t<meta property=\"og:image:width\" content=\"2560\" \/>\n\t<meta property=\"og:image:height\" content=\"1707\" \/>\n\t<meta property=\"og:image:type\" content=\"image\/jpeg\" \/>\n<meta name=\"twitter:card\" content=\"summary_large_image\" \/>\n<meta name=\"twitter:label1\" content=\"Gesch\u00e4tzte Lesezeit\" \/>\n\t<meta name=\"twitter:data1\" content=\"2\u00a0Minuten\" \/>\n<script type=\"application\/ld+json\" class=\"yoast-schema-graph\">{\"@context\":\"https:\\\/\\\/schema.org\",\"@graph\":[{\"@type\":\"WebPage\",\"@id\":\"https:\\\/\\\/www.medulinriviera.info\\\/de\\\/hookcook-festival-medulin-2022\\\/\",\"url\":\"https:\\\/\\\/www.medulinriviera.info\\\/de\\\/hookcook-festival-medulin-2022\\\/\",\"name\":\"Hook&Cook Festival Medulin 2022 - Medulin Riviera\",\"isPartOf\":{\"@id\":\"https:\\\/\\\/www.medulinriviera.info\\\/de\\\/#website\"},\"primaryImageOfPage\":{\"@id\":\"https:\\\/\\\/www.medulinriviera.info\\\/de\\\/hookcook-festival-medulin-2022\\\/#primaryimage\"},\"image\":{\"@id\":\"https:\\\/\\\/www.medulinriviera.info\\\/de\\\/hookcook-festival-medulin-2022\\\/#primaryimage\"},\"thumbnailUrl\":\"https:\\\/\\\/www.medulinriviera.info\\\/wp-content\\\/uploads\\\/2022\\\/07\\\/TZOM-HookCookUgodajSuton3-2022-MedVid-1-scaled.jpg\",\"datePublished\":\"2022-05-25T11:27:27+00:00\",\"dateModified\":\"2022-08-08T13:43:34+00:00\",\"breadcrumb\":{\"@id\":\"https:\\\/\\\/www.medulinriviera.info\\\/de\\\/hookcook-festival-medulin-2022\\\/#breadcrumb\"},\"inLanguage\":\"de\",\"potentialAction\":[{\"@type\":\"ReadAction\",\"target\":[\"https:\\\/\\\/www.medulinriviera.info\\\/de\\\/hookcook-festival-medulin-2022\\\/\"]}]},{\"@type\":\"ImageObject\",\"inLanguage\":\"de\",\"@id\":\"https:\\\/\\\/www.medulinriviera.info\\\/de\\\/hookcook-festival-medulin-2022\\\/#primaryimage\",\"url\":\"https:\\\/\\\/www.medulinriviera.info\\\/wp-content\\\/uploads\\\/2022\\\/07\\\/TZOM-HookCookUgodajSuton3-2022-MedVid-1-scaled.jpg\",\"contentUrl\":\"https:\\\/\\\/www.medulinriviera.info\\\/wp-content\\\/uploads\\\/2022\\\/07\\\/TZOM-HookCookUgodajSuton3-2022-MedVid-1-scaled.jpg\",\"width\":2560,\"height\":1707},{\"@type\":\"BreadcrumbList\",\"@id\":\"https:\\\/\\\/www.medulinriviera.info\\\/de\\\/hookcook-festival-medulin-2022\\\/#breadcrumb\",\"itemListElement\":[{\"@type\":\"ListItem\",\"position\":1,\"name\":\"Home\",\"item\":\"https:\\\/\\\/www.medulinriviera.info\\\/de\\\/\"},{\"@type\":\"ListItem\",\"position\":2,\"name\":\"Hook&#038;Cook Festival Medulin 2022\"}]},{\"@type\":\"WebSite\",\"@id\":\"https:\\\/\\\/www.medulinriviera.info\\\/de\\\/#website\",\"url\":\"https:\\\/\\\/www.medulinriviera.info\\\/de\\\/\",\"name\":\"Medulin Riviera\",\"description\":\"The Blue Planet\",\"publisher\":{\"@id\":\"https:\\\/\\\/www.medulinriviera.info\\\/de\\\/#organization\"},\"potentialAction\":[{\"@type\":\"SearchAction\",\"target\":{\"@type\":\"EntryPoint\",\"urlTemplate\":\"https:\\\/\\\/www.medulinriviera.info\\\/de\\\/?s={search_term_string}\"},\"query-input\":{\"@type\":\"PropertyValueSpecification\",\"valueRequired\":true,\"valueName\":\"search_term_string\"}}],\"inLanguage\":\"de\"},{\"@type\":\"Organization\",\"@id\":\"https:\\\/\\\/www.medulinriviera.info\\\/de\\\/#organization\",\"name\":\"Medulin Riviera\",\"url\":\"https:\\\/\\\/www.medulinriviera.info\\\/de\\\/\",\"logo\":{\"@type\":\"ImageObject\",\"inLanguage\":\"de\",\"@id\":\"https:\\\/\\\/www.medulinriviera.info\\\/de\\\/#\\\/schema\\\/logo\\\/image\\\/\",\"url\":\"https:\\\/\\\/www.medulinriviera.info\\\/wp-content\\\/uploads\\\/2020\\\/06\\\/logo-alt.png\",\"contentUrl\":\"https:\\\/\\\/www.medulinriviera.info\\\/wp-content\\\/uploads\\\/2020\\\/06\\\/logo-alt.png\",\"width\":264,\"height\":78,\"caption\":\"Medulin Riviera\"},\"image\":{\"@id\":\"https:\\\/\\\/www.medulinriviera.info\\\/de\\\/#\\\/schema\\\/logo\\\/image\\\/\"},\"sameAs\":[\"https:\\\/\\\/www.facebook.com\\\/medulinriviera\\\/\",\"https:\\\/\\\/www.instagram.com\\\/medulinriviera\\\/\",\"https:\\\/\\\/www.youtube.com\\\/channel\\\/UCYdC8kYbK9OEmlmeZydpumQ\"]}]}<\/script>\n<!-- \/ Yoast SEO plugin. -->","yoast_head_json":{"title":"Hook&Cook Festival Medulin 2022 - Medulin Riviera","robots":{"index":"index","follow":"follow","max-snippet":"max-snippet:-1","max-image-preview":"max-image-preview:large","max-video-preview":"max-video-preview:-1"},"canonical":"https:\/\/www.medulinriviera.info\/de\/hookcook-festival-medulin-2022\/","og_locale":"de_DE","og_type":"article","og_title":"Hook&Cook Festival Medulin 2022 - Medulin Riviera","og_description":"Seafood Gastro Event12. &amp; 13. August 19-01 Uhr Medulin, Uferpromenade &#8211; Angelsteg Einzigartiger Gastro-Event! Hook and Cook feiert die Liebe...","og_url":"https:\/\/www.medulinriviera.info\/de\/hookcook-festival-medulin-2022\/","og_site_name":"Medulin Riviera","article_publisher":"https:\/\/www.facebook.com\/medulinriviera\/","article_modified_time":"2022-08-08T13:43:34+00:00","og_image":[{"width":2560,"height":1707,"url":"https:\/\/www.medulinriviera.info\/wp-content\/uploads\/2022\/07\/TZOM-HookCookUgodajSuton3-2022-MedVid-1-scaled.jpg","type":"image\/jpeg"}],"twitter_card":"summary_large_image","twitter_misc":{"Gesch\u00e4tzte Lesezeit":"2\u00a0Minuten"},"schema":{"@context":"https:\/\/schema.org","@graph":[{"@type":"WebPage","@id":"https:\/\/www.medulinriviera.info\/de\/hookcook-festival-medulin-2022\/","url":"https:\/\/www.medulinriviera.info\/de\/hookcook-festival-medulin-2022\/","name":"Hook&Cook Festival Medulin 2022 - Medulin Riviera","isPartOf":{"@id":"https:\/\/www.medulinriviera.info\/de\/#website"},"primaryImageOfPage":{"@id":"https:\/\/www.medulinriviera.info\/de\/hookcook-festival-medulin-2022\/#primaryimage"},"image":{"@id":"https:\/\/www.medulinriviera.info\/de\/hookcook-festival-medulin-2022\/#primaryimage"},"thumbnailUrl":"https:\/\/www.medulinriviera.info\/wp-content\/uploads\/2022\/07\/TZOM-HookCookUgodajSuton3-2022-MedVid-1-scaled.jpg","datePublished":"2022-05-25T11:27:27+00:00","dateModified":"2022-08-08T13:43:34+00:00","breadcrumb":{"@id":"https:\/\/www.medulinriviera.info\/de\/hookcook-festival-medulin-2022\/#breadcrumb"},"inLanguage":"de","potentialAction":[{"@type":"ReadAction","target":["https:\/\/www.medulinriviera.info\/de\/hookcook-festival-medulin-2022\/"]}]},{"@type":"ImageObject","inLanguage":"de","@id":"https:\/\/www.medulinriviera.info\/de\/hookcook-festival-medulin-2022\/#primaryimage","url":"https:\/\/www.medulinriviera.info\/wp-content\/uploads\/2022\/07\/TZOM-HookCookUgodajSuton3-2022-MedVid-1-scaled.jpg","contentUrl":"https:\/\/www.medulinriviera.info\/wp-content\/uploads\/2022\/07\/TZOM-HookCookUgodajSuton3-2022-MedVid-1-scaled.jpg","width":2560,"height":1707},{"@type":"BreadcrumbList","@id":"https:\/\/www.medulinriviera.info\/de\/hookcook-festival-medulin-2022\/#breadcrumb","itemListElement":[{"@type":"ListItem","position":1,"name":"Home","item":"https:\/\/www.medulinriviera.info\/de\/"},{"@type":"ListItem","position":2,"name":"Hook&#038;Cook Festival Medulin 2022"}]},{"@type":"WebSite","@id":"https:\/\/www.medulinriviera.info\/de\/#website","url":"https:\/\/www.medulinriviera.info\/de\/","name":"Medulin Riviera","description":"The Blue Planet","publisher":{"@id":"https:\/\/www.medulinriviera.info\/de\/#organization"},"potentialAction":[{"@type":"SearchAction","target":{"@type":"EntryPoint","urlTemplate":"https:\/\/www.medulinriviera.info\/de\/?s={search_term_string}"},"query-input":{"@type":"PropertyValueSpecification","valueRequired":true,"valueName":"search_term_string"}}],"inLanguage":"de"},{"@type":"Organization","@id":"https:\/\/www.medulinriviera.info\/de\/#organization","name":"Medulin Riviera","url":"https:\/\/www.medulinriviera.info\/de\/","logo":{"@type":"ImageObject","inLanguage":"de","@id":"https:\/\/www.medulinriviera.info\/de\/#\/schema\/logo\/image\/","url":"https:\/\/www.medulinriviera.info\/wp-content\/uploads\/2020\/06\/logo-alt.png","contentUrl":"https:\/\/www.medulinriviera.info\/wp-content\/uploads\/2020\/06\/logo-alt.png","width":264,"height":78,"caption":"Medulin Riviera"},"image":{"@id":"https:\/\/www.medulinriviera.info\/de\/#\/schema\/logo\/image\/"},"sameAs":["https:\/\/www.facebook.com\/medulinriviera\/","https:\/\/www.instagram.com\/medulinriviera\/","https:\/\/www.youtube.com\/channel\/UCYdC8kYbK9OEmlmeZydpumQ"]}]}},"wpml_current_locale":"de_DE","wpml_translations":[{"locale":"hr","id":24268,"post_title":"Hook&Cook Festival Medulin 2022","href":"https:\/\/www.medulinriviera.info\/hr\/hookcook-festival-medulin-2022\/"},{"locale":"en_US","id":24220,"post_title":"Hook&Cook Festival Medulin 2022","href":"https:\/\/www.medulinriviera.info\/hookcook-festival-medulin-2022\/"},{"locale":"fr_FR","id":24269,"post_title":"Hook&Cook Festival Medulin 2022","href":"https:\/\/www.medulinriviera.info\/fr\/hookcook-festival-medulin-2022\/"},{"locale":"it_IT","id":24271,"post_title":"Hook&Cook Festival Medulin 2022","href":"https:\/\/www.medulinriviera.info\/it\/hookcook-festival-medulin-2022\/"}],"_links":{"self":[{"href":"https:\/\/www.medulinriviera.info\/de\/wp-json\/wp\/v2\/pages\/24270","targetHints":{"allow":["GET"]}}],"collection":[{"href":"https:\/\/www.medulinriviera.info\/de\/wp-json\/wp\/v2\/pages"}],"about":[{"href":"https:\/\/www.medulinriviera.info\/de\/wp-json\/wp\/v2\/types\/page"}],"author":[{"embeddable":true,"href":"https:\/\/www.medulinriviera.info\/de\/wp-json\/wp\/v2\/users\/2"}],"replies":[{"embeddable":true,"href":"https:\/\/www.medulinriviera.info\/de\/wp-json\/wp\/v2\/comments?post=24270"}],"version-history":[{"count":0,"href":"https:\/\/www.medulinriviera.info\/de\/wp-json\/wp\/v2\/pages\/24270\/revisions"}],"wp:featuredmedia":[{"embeddable":true,"href":"https:\/\/www.medulinriviera.info\/de\/wp-json\/wp\/v2\/media\/25755"}],"wp:attachment":[{"href":"https:\/\/www.medulinriviera.info\/de\/wp-json\/wp\/v2\/media?parent=24270"}],"wp:term":[{"taxonomy":"classificator","embeddable":true,"href":"https:\/\/www.medulinriviera.info\/de\/wp-json\/wp\/v2\/classificator?post=24270"}],"curies":[{"name":"wp","href":"https:\/\/api.w.org\/{rel}","templated":true}]}}