{"id":23154,"date":"2022-04-06T15:40:51","date_gmt":"2022-04-06T13:40:51","guid":{"rendered":"https:\/\/www.medulinriviera.info\/?page_id=23154"},"modified":"2026-04-28T15:48:39","modified_gmt":"2026-04-28T13:48:39","slug":"21-fussballturnier-zns-medulin-2022","status":"publish","type":"page","link":"https:\/\/www.medulinriviera.info\/de\/21-fussballturnier-zns-medulin-2022\/","title":{"rendered":"MAY DAY CORNER IN MEDULIN \u2013 Fu\u00dfball, BBQ &amp; beste Stimmung!"},"content":{"rendered":"\n<h2 class=\"wp-block-heading has-text-align-center\">25. Fu\u00dfballturnier Medulin 2026<\/h2>\n\n\n\n<p><\/p>\n\n\n\n<h2 class=\"wp-block-heading has-text-align-center\">(U-13, U-12, U-11, U-10, U-9, U-8)<\/h2>\n\n\n\n<h2 class=\"wp-block-heading has-text-align-center\">30.04. &#8211; 03.05.2026.<\/h2>\n\n\n\n<p class=\"has-text-align-center\"><strong><a href=\"https:\/\/medulin.mteamprocom\/\">Spielplan<\/a><\/strong><\/p>\n\n\n\n<p class=\"has-text-align-center\"><strong><a href=\"https:\/\/youtube.com\/playlist?list=PLeXCCd-ubcrJFW-iBDsROXs7bgDJg2L9G&amp;si=NMKBRK_XWkcj2UAs\">Live-Streaming<\/a><\/strong><\/p>\n\n\n\n<p class=\"has-text-align-center\">Medulin, Fu\u00dfballpl\u00e4tze Arena Sports Center<\/p>\n\n\n\n<figure class=\"wp-block-image size-large\"><img loading=\"lazy\" decoding=\"async\" width=\"857\" height=\"1200\" src=\"https:\/\/www.medulinriviera.info\/wp-content\/uploads\/2026\/04\/Prvomajski-korner-2026-857x1200.jpeg\" alt=\"\" class=\"wp-image-38109\" srcset=\"https:\/\/www.medulinriviera.info\/wp-content\/uploads\/2026\/04\/Prvomajski-korner-2026-857x1200.jpeg 857w, https:\/\/www.medulinriviera.info\/wp-content\/uploads\/2026\/04\/Prvomajski-korner-2026-214x300.jpeg 214w, https:\/\/www.medulinriviera.info\/wp-content\/uploads\/2026\/04\/Prvomajski-korner-2026-768x1076.jpeg 768w, https:\/\/www.medulinriviera.info\/wp-content\/uploads\/2026\/04\/Prvomajski-korner-2026.jpeg 914w\" sizes=\"auto, (max-width: 857px) 100vw, 857px\" \/><\/figure>\n\n\n\n<p class=\"has-text-align-center\">Suchen Sie nach der perfekten Idee f\u00fcr das verl\u00e4ngerte Wochenende? \ud83d\udc49 Wir haben genau das Richtige f\u00fcr Sie!<\/p>\n\n\n\n<p>Vom <strong>1. bis 3. Mai<\/strong> treffen wir uns auf den Fu\u00dfballpl\u00e4tzen des Sportzentrums Arena Medulin (vor dem Campingplatz Ka\u017eela) \u2013 drei Tage voller Sport, leckerem Essen und Unterhaltung f\u00fcr alle Generationen. Ob mit Familie, Freunden oder einfach zum Entspannen bei Musik und BBQ \ud83d\ude0e<\/p>\n\n\n\n<p>\u26bd <strong>Was Sie erwartet:<\/strong><\/p>\n\n\n\n<ul class=\"wp-block-list\">\n<li>ein spannendes Fu\u00dfballturnier mit <strong>2.000 jungen Spielern<\/strong> aus 5 europ\u00e4ischen L\u00e4ndern<\/li>\n\n\n\n<li>Teams von Vereinen wie Dinamo, Hajduk, Istra, Slaven Belupo und vielen mehr<\/li>\n\n\n\n<li><strong>kostenlose H\u00fcpfburgen und Kinderanimation<\/strong> \ud83c\udf88<\/li>\n\n\n\n<li>eine gro\u00dfe Auswahl an <strong>BBQ und Getr\u00e4nken<\/strong> \ud83c\udf54\ud83c\udf7b<\/li>\n\n\n\n<li>ganzt\u00e4gige Unterhaltung im Freien<\/li>\n<\/ul>\n\n\n\n<p>\ud83c\udfa7 <strong>F\u00fcr die richtige Stimmung sorgen die DJs:<\/strong><\/p>\n\n\n\n<ul class=\"wp-block-list\">\n<li>Freitag: DJ Ke\u0111o<\/li>\n\n\n\n<li>Samstag: DJ Sose<\/li>\n\n\n\n<li>Sonntag: Finale, Anfeuern und Siegerehrung \ud83c\udfc6<\/li>\n<\/ul>\n\n\n\n<p>\u23f0 Das Programm l\u00e4uft t\u00e4glich von <strong>10:00 Uhr bis in den Abend<\/strong>, mit dem Highlight am Sonntag \u2013 den Finalspielen und der feierlichen Siegerehrung!<\/p>\n\n\n\n<p>\ud83d\udc49 Der May Day Corner er\u00f6ffnet au\u00dferdem einen ganzen Monat voller Fu\u00dfballturniere in Medulin \u2013 Spa\u00df garantiert an jedem Wochenende im Mai!<\/p>\n\n\n\n<p><\/p>\n\n\n\n<p class=\"has-text-align-center\">\ud83d\udc9b Kommen Sie vorbei, bringen Sie Familie und Freunde mit, feuern Sie die Teams an und genie\u00dfen Sie die Atmosph\u00e4re \u2013 wir sehen uns in Medulin!<\/p>\n\n\n\n<figure class=\"wp-block-gallery has-nested-images columns-default is-cropped wp-block-gallery-1 is-layout-flex wp-block-gallery-is-layout-flex\">\n<figure class=\"wp-block-image size-large\"><img loading=\"lazy\" decoding=\"async\" width=\"675\" height=\"1200\" data-id=\"34329\" src=\"https:\/\/www.medulinriviera.info\/wp-content\/uploads\/2024\/10\/TZ-OM-85-675x1200.jpg\" alt=\"\" class=\"wp-image-34329\" srcset=\"https:\/\/www.medulinriviera.info\/wp-content\/uploads\/2024\/10\/TZ-OM-85-675x1200.jpg 675w, https:\/\/www.medulinriviera.info\/wp-content\/uploads\/2024\/10\/TZ-OM-85-169x300.jpg 169w, https:\/\/www.medulinriviera.info\/wp-content\/uploads\/2024\/10\/TZ-OM-85-768x1365.jpg 768w, https:\/\/www.medulinriviera.info\/wp-content\/uploads\/2024\/10\/TZ-OM-85-864x1536.jpg 864w, https:\/\/www.medulinriviera.info\/wp-content\/uploads\/2024\/10\/TZ-OM-85.jpg 1125w\" sizes=\"auto, (max-width: 675px) 100vw, 675px\" \/><\/figure>\n\n\n\n<figure class=\"wp-block-image size-large\"><img loading=\"lazy\" decoding=\"async\" width=\"1600\" height=\"900\" data-id=\"34335\" src=\"https:\/\/www.medulinriviera.info\/wp-content\/uploads\/2024\/10\/TZ-OM-86-1600x900.jpg\" alt=\"\" class=\"wp-image-34335\" srcset=\"https:\/\/www.medulinriviera.info\/wp-content\/uploads\/2024\/10\/TZ-OM-86-1600x900.jpg 1600w, https:\/\/www.medulinriviera.info\/wp-content\/uploads\/2024\/10\/TZ-OM-86-300x169.jpg 300w, https:\/\/www.medulinriviera.info\/wp-content\/uploads\/2024\/10\/TZ-OM-86-768x432.jpg 768w, https:\/\/www.medulinriviera.info\/wp-content\/uploads\/2024\/10\/TZ-OM-86-1536x864.jpg 1536w, https:\/\/www.medulinriviera.info\/wp-content\/uploads\/2024\/10\/TZ-OM-86.jpg 2000w\" sizes=\"auto, (max-width: 1600px) 100vw, 1600px\" \/><\/figure>\n\n\n\n<figure class=\"wp-block-image size-large\"><img loading=\"lazy\" decoding=\"async\" width=\"1282\" height=\"854\" data-id=\"23076\" src=\"https:\/\/www.medulinriviera.info\/wp-content\/uploads\/2022\/04\/Picture-264.jpg\" alt=\"\" class=\"wp-image-23076\" srcset=\"https:\/\/www.medulinriviera.info\/wp-content\/uploads\/2022\/04\/Picture-264.jpg 1282w, https:\/\/www.medulinriviera.info\/wp-content\/uploads\/2022\/04\/Picture-264-300x200.jpg 300w, https:\/\/www.medulinriviera.info\/wp-content\/uploads\/2022\/04\/Picture-264-768x512.jpg 768w\" sizes=\"auto, (max-width: 1282px) 100vw, 1282px\" \/><\/figure>\n\n\n\n<figure class=\"wp-block-image size-large\"><img loading=\"lazy\" decoding=\"async\" width=\"1168\" height=\"697\" data-id=\"23145\" src=\"https:\/\/www.medulinriviera.info\/wp-content\/uploads\/2022\/04\/Slika-2-1-ZNS.jpg\" alt=\"\" class=\"wp-image-23145\" srcset=\"https:\/\/www.medulinriviera.info\/wp-content\/uploads\/2022\/04\/Slika-2-1-ZNS.jpg 1168w, https:\/\/www.medulinriviera.info\/wp-content\/uploads\/2022\/04\/Slika-2-1-ZNS-300x179.jpg 300w, https:\/\/www.medulinriviera.info\/wp-content\/uploads\/2022\/04\/Slika-2-1-ZNS-768x458.jpg 768w\" sizes=\"auto, (max-width: 1168px) 100vw, 1168px\" \/><\/figure>\n\n\n\n<figure class=\"wp-block-image size-large\"><img loading=\"lazy\" decoding=\"async\" width=\"1282\" height=\"854\" data-id=\"23113\" src=\"https:\/\/www.medulinriviera.info\/wp-content\/uploads\/2022\/04\/Picture-313.jpg\" alt=\"\" class=\"wp-image-23113\" srcset=\"https:\/\/www.medulinriviera.info\/wp-content\/uploads\/2022\/04\/Picture-313.jpg 1282w, https:\/\/www.medulinriviera.info\/wp-content\/uploads\/2022\/04\/Picture-313-300x200.jpg 300w, https:\/\/www.medulinriviera.info\/wp-content\/uploads\/2022\/04\/Picture-313-768x512.jpg 768w\" sizes=\"auto, (max-width: 1282px) 100vw, 1282px\" \/><\/figure>\n\n\n\n<figure class=\"wp-block-image size-large\"><img loading=\"lazy\" decoding=\"async\" width=\"1282\" height=\"854\" data-id=\"23100\" src=\"https:\/\/www.medulinriviera.info\/wp-content\/uploads\/2022\/04\/Picture-278.jpg\" alt=\"\" class=\"wp-image-23100\" srcset=\"https:\/\/www.medulinriviera.info\/wp-content\/uploads\/2022\/04\/Picture-278.jpg 1282w, https:\/\/www.medulinriviera.info\/wp-content\/uploads\/2022\/04\/Picture-278-300x200.jpg 300w, https:\/\/www.medulinriviera.info\/wp-content\/uploads\/2022\/04\/Picture-278-768x512.jpg 768w\" sizes=\"auto, (max-width: 1282px) 100vw, 1282px\" \/><\/figure>\n\n\n\n<figure class=\"wp-block-image size-large\"><img loading=\"lazy\" decoding=\"async\" width=\"1282\" height=\"854\" data-id=\"23088\" src=\"https:\/\/www.medulinriviera.info\/wp-content\/uploads\/2022\/04\/Picture-275.jpg\" alt=\"\" class=\"wp-image-23088\" srcset=\"https:\/\/www.medulinriviera.info\/wp-content\/uploads\/2022\/04\/Picture-275.jpg 1282w, https:\/\/www.medulinriviera.info\/wp-content\/uploads\/2022\/04\/Picture-275-300x200.jpg 300w, https:\/\/www.medulinriviera.info\/wp-content\/uploads\/2022\/04\/Picture-275-768x512.jpg 768w\" sizes=\"auto, (max-width: 1282px) 100vw, 1282px\" \/><\/figure>\n\n\n\n<figure class=\"wp-block-image size-large\"><img loading=\"lazy\" decoding=\"async\" width=\"1282\" height=\"854\" data-id=\"23082\" src=\"https:\/\/www.medulinriviera.info\/wp-content\/uploads\/2022\/04\/Picture-269.jpg\" alt=\"\" class=\"wp-image-23082\" srcset=\"https:\/\/www.medulinriviera.info\/wp-content\/uploads\/2022\/04\/Picture-269.jpg 1282w, https:\/\/www.medulinriviera.info\/wp-content\/uploads\/2022\/04\/Picture-269-300x200.jpg 300w, https:\/\/www.medulinriviera.info\/wp-content\/uploads\/2022\/04\/Picture-269-768x512.jpg 768w\" sizes=\"auto, (max-width: 1282px) 100vw, 1282px\" \/><\/figure>\n\n\n\n<figure class=\"wp-block-image size-large\"><img loading=\"lazy\" decoding=\"async\" width=\"1282\" height=\"854\" data-id=\"23094\" src=\"https:\/\/www.medulinriviera.info\/wp-content\/uploads\/2022\/04\/Picture-277.jpg\" alt=\"\" class=\"wp-image-23094\" srcset=\"https:\/\/www.medulinriviera.info\/wp-content\/uploads\/2022\/04\/Picture-277.jpg 1282w, https:\/\/www.medulinriviera.info\/wp-content\/uploads\/2022\/04\/Picture-277-300x200.jpg 300w, https:\/\/www.medulinriviera.info\/wp-content\/uploads\/2022\/04\/Picture-277-768x512.jpg 768w\" sizes=\"auto, (max-width: 1282px) 100vw, 1282px\" \/><\/figure>\n\n\n\n<figure class=\"wp-block-image size-large\"><img loading=\"lazy\" decoding=\"async\" width=\"1600\" height=\"900\" data-id=\"34341\" src=\"https:\/\/www.medulinriviera.info\/wp-content\/uploads\/2024\/10\/TZ-OM-87-1600x900.jpg\" alt=\"\" class=\"wp-image-34341\" srcset=\"https:\/\/www.medulinriviera.info\/wp-content\/uploads\/2024\/10\/TZ-OM-87-1600x900.jpg 1600w, https:\/\/www.medulinriviera.info\/wp-content\/uploads\/2024\/10\/TZ-OM-87-300x169.jpg 300w, https:\/\/www.medulinriviera.info\/wp-content\/uploads\/2024\/10\/TZ-OM-87-768x432.jpg 768w, https:\/\/www.medulinriviera.info\/wp-content\/uploads\/2024\/10\/TZ-OM-87-1536x864.jpg 1536w, https:\/\/www.medulinriviera.info\/wp-content\/uploads\/2024\/10\/TZ-OM-87.jpg 2000w\" sizes=\"auto, (max-width: 1600px) 100vw, 1600px\" \/><\/figure>\n\n\n\n<figure class=\"wp-block-image size-large\"><img loading=\"lazy\" decoding=\"async\" width=\"1282\" height=\"854\" data-id=\"23123\" src=\"https:\/\/www.medulinriviera.info\/wp-content\/uploads\/2022\/04\/Slika-1-ZNS.jpg\" alt=\"\" class=\"wp-image-23123\" srcset=\"https:\/\/www.medulinriviera.info\/wp-content\/uploads\/2022\/04\/Slika-1-ZNS.jpg 1282w, https:\/\/www.medulinriviera.info\/wp-content\/uploads\/2022\/04\/Slika-1-ZNS-300x200.jpg 300w, https:\/\/www.medulinriviera.info\/wp-content\/uploads\/2022\/04\/Slika-1-ZNS-768x512.jpg 768w\" sizes=\"auto, (max-width: 1282px) 100vw, 1282px\" \/><\/figure>\n<\/figure>\n\n\n\n<p><\/p>\n\n\n\n<p class=\"has-text-align-center\">Dieses Turnier wurde zum ersten Mal im Jahr 2000 organisiert, als es nur 480 Teilnehmer gab. 10 Jahre sp\u00e4ter, im Jahr 2010, nahmen 101 Mannschaften und 2.131 Teilnehmer am Turnier teil. Dieses Jahr nehmen 172 Fu\u00dfballmannschaften am Turnier teil, aufgeteilt in 6 Altersklassen \u2013 U13, U12, U11, U10, U9 und U8.<\/p>\n\n\n\n<p class=\"has-text-align-center\">Qualitativ hochwertige Unterk\u00fcnfte und Sporteinrichtungen sowie ein professionelles Organisationsteam haben dieses Turnier zu einem der interessantesten in Kroatien f\u00fcr die Kategorie der jungen Fu\u00dfballspieler gemacht.<\/p>\n\n\n\n<p class=\"has-text-align-center\">Die Turnierorganisatoren sind die GAT Tourist Agency, AHG d.d., die Gemeinde Medulin, der Tourismusverband der Gemeinde Medulin, der kroatische Fu\u00dfballverband, der Zagreber Fu\u00dfballverband und das kroatische Olympische Komitee mit Mediensponsoring von Medulin FM.<\/p>\n\n\n\n<p><\/p>\n","protected":false},"excerpt":{"rendered":"<p>25. Fu\u00dfballturnier Medulin 2026 (U-13, U-12, U-11, U-10, U-9, U-8) 30.04. &#8211; 03.05.2026. Spielplan Live-Streaming Medulin, Fu\u00dfballpl\u00e4tze Arena Sports Center&#8230;<\/p>\n","protected":false},"author":2,"featured_media":35400,"parent":0,"menu_order":0,"comment_status":"closed","ping_status":"closed","template":"","meta":{"_acf_changed":false,"footnotes":""},"classificator":[],"class_list":["post-23154","page","type-page","status-publish","has-post-thumbnail","hentry"],"acf":{"video":"","gallery":""},"yoast_head":"<!-- This site is optimized with the Yoast SEO plugin v27.5 - https:\/\/yoast.com\/product\/yoast-seo-wordpress\/ -->\n<title>MAY DAY CORNER IN MEDULIN \u2013 Fu\u00dfball, BBQ &amp; beste Stimmung! - Medulin Riviera<\/title>\n<meta name=\"robots\" content=\"index, follow, max-snippet:-1, max-image-preview:large, max-video-preview:-1\" \/>\n<link rel=\"canonical\" href=\"https:\/\/www.medulinriviera.info\/de\/21-fussballturnier-zns-medulin-2022\/\" \/>\n<meta property=\"og:locale\" content=\"de_DE\" \/>\n<meta property=\"og:type\" content=\"article\" \/>\n<meta property=\"og:title\" content=\"MAY DAY CORNER IN MEDULIN \u2013 Fu\u00dfball, BBQ &amp; beste Stimmung! - Medulin Riviera\" \/>\n<meta property=\"og:description\" content=\"25. Fu\u00dfballturnier Medulin 2026 (U-13, U-12, U-11, U-10, U-9, U-8) 30.04. &#8211; 03.05.2026. Spielplan Live-Streaming Medulin, Fu\u00dfballpl\u00e4tze Arena Sports Center...\" \/>\n<meta property=\"og:url\" content=\"https:\/\/www.medulinriviera.info\/de\/21-fussballturnier-zns-medulin-2022\/\" \/>\n<meta property=\"og:site_name\" content=\"Medulin Riviera\" \/>\n<meta property=\"article:publisher\" content=\"https:\/\/www.facebook.com\/medulinriviera\/\" \/>\n<meta property=\"article:modified_time\" content=\"2026-04-28T13:48:39+00:00\" \/>\n<meta property=\"og:image\" content=\"https:\/\/www.medulinriviera.info\/wp-content\/uploads\/2025\/04\/TZOM-Nogomet2-DarkoPrivrat.jpg\" \/>\n\t<meta property=\"og:image:width\" content=\"2000\" \/>\n\t<meta property=\"og:image:height\" content=\"1125\" \/>\n\t<meta property=\"og:image:type\" content=\"image\/jpeg\" \/>\n<meta name=\"twitter:card\" content=\"summary_large_image\" \/>\n<meta name=\"twitter:label1\" content=\"Gesch\u00e4tzte Lesezeit\" \/>\n\t<meta name=\"twitter:data1\" content=\"5\u00a0Minuten\" \/>\n<script type=\"application\/ld+json\" class=\"yoast-schema-graph\">{\"@context\":\"https:\\\/\\\/schema.org\",\"@graph\":[{\"@type\":\"WebPage\",\"@id\":\"https:\\\/\\\/www.medulinriviera.info\\\/de\\\/21-fussballturnier-zns-medulin-2022\\\/\",\"url\":\"https:\\\/\\\/www.medulinriviera.info\\\/de\\\/21-fussballturnier-zns-medulin-2022\\\/\",\"name\":\"MAY DAY CORNER IN MEDULIN \u2013 Fu\u00dfball, BBQ &amp; beste Stimmung! - Medulin Riviera\",\"isPartOf\":{\"@id\":\"https:\\\/\\\/www.medulinriviera.info\\\/de\\\/#website\"},\"primaryImageOfPage\":{\"@id\":\"https:\\\/\\\/www.medulinriviera.info\\\/de\\\/21-fussballturnier-zns-medulin-2022\\\/#primaryimage\"},\"image\":{\"@id\":\"https:\\\/\\\/www.medulinriviera.info\\\/de\\\/21-fussballturnier-zns-medulin-2022\\\/#primaryimage\"},\"thumbnailUrl\":\"https:\\\/\\\/www.medulinriviera.info\\\/wp-content\\\/uploads\\\/2025\\\/04\\\/TZOM-Nogomet2-DarkoPrivrat.jpg\",\"datePublished\":\"2022-04-06T13:40:51+00:00\",\"dateModified\":\"2026-04-28T13:48:39+00:00\",\"breadcrumb\":{\"@id\":\"https:\\\/\\\/www.medulinriviera.info\\\/de\\\/21-fussballturnier-zns-medulin-2022\\\/#breadcrumb\"},\"inLanguage\":\"de\",\"potentialAction\":[{\"@type\":\"ReadAction\",\"target\":[\"https:\\\/\\\/www.medulinriviera.info\\\/de\\\/21-fussballturnier-zns-medulin-2022\\\/\"]}]},{\"@type\":\"ImageObject\",\"inLanguage\":\"de\",\"@id\":\"https:\\\/\\\/www.medulinriviera.info\\\/de\\\/21-fussballturnier-zns-medulin-2022\\\/#primaryimage\",\"url\":\"https:\\\/\\\/www.medulinriviera.info\\\/wp-content\\\/uploads\\\/2025\\\/04\\\/TZOM-Nogomet2-DarkoPrivrat.jpg\",\"contentUrl\":\"https:\\\/\\\/www.medulinriviera.info\\\/wp-content\\\/uploads\\\/2025\\\/04\\\/TZOM-Nogomet2-DarkoPrivrat.jpg\",\"width\":2000,\"height\":1125},{\"@type\":\"BreadcrumbList\",\"@id\":\"https:\\\/\\\/www.medulinriviera.info\\\/de\\\/21-fussballturnier-zns-medulin-2022\\\/#breadcrumb\",\"itemListElement\":[{\"@type\":\"ListItem\",\"position\":1,\"name\":\"Home\",\"item\":\"https:\\\/\\\/www.medulinriviera.info\\\/de\\\/\"},{\"@type\":\"ListItem\",\"position\":2,\"name\":\"MAY DAY CORNER IN MEDULIN \u2013 Fu\u00dfball, BBQ &amp; beste Stimmung!\"}]},{\"@type\":\"WebSite\",\"@id\":\"https:\\\/\\\/www.medulinriviera.info\\\/de\\\/#website\",\"url\":\"https:\\\/\\\/www.medulinriviera.info\\\/de\\\/\",\"name\":\"Medulin Riviera\",\"description\":\"The Blue Planet\",\"publisher\":{\"@id\":\"https:\\\/\\\/www.medulinriviera.info\\\/de\\\/#organization\"},\"potentialAction\":[{\"@type\":\"SearchAction\",\"target\":{\"@type\":\"EntryPoint\",\"urlTemplate\":\"https:\\\/\\\/www.medulinriviera.info\\\/de\\\/?s={search_term_string}\"},\"query-input\":{\"@type\":\"PropertyValueSpecification\",\"valueRequired\":true,\"valueName\":\"search_term_string\"}}],\"inLanguage\":\"de\"},{\"@type\":\"Organization\",\"@id\":\"https:\\\/\\\/www.medulinriviera.info\\\/de\\\/#organization\",\"name\":\"Medulin Riviera\",\"url\":\"https:\\\/\\\/www.medulinriviera.info\\\/de\\\/\",\"logo\":{\"@type\":\"ImageObject\",\"inLanguage\":\"de\",\"@id\":\"https:\\\/\\\/www.medulinriviera.info\\\/de\\\/#\\\/schema\\\/logo\\\/image\\\/\",\"url\":\"https:\\\/\\\/www.medulinriviera.info\\\/wp-content\\\/uploads\\\/2020\\\/06\\\/logo-alt.png\",\"contentUrl\":\"https:\\\/\\\/www.medulinriviera.info\\\/wp-content\\\/uploads\\\/2020\\\/06\\\/logo-alt.png\",\"width\":264,\"height\":78,\"caption\":\"Medulin Riviera\"},\"image\":{\"@id\":\"https:\\\/\\\/www.medulinriviera.info\\\/de\\\/#\\\/schema\\\/logo\\\/image\\\/\"},\"sameAs\":[\"https:\\\/\\\/www.facebook.com\\\/medulinriviera\\\/\",\"https:\\\/\\\/www.instagram.com\\\/medulinriviera\\\/\",\"https:\\\/\\\/www.youtube.com\\\/channel\\\/UCYdC8kYbK9OEmlmeZydpumQ\"]}]}<\/script>\n<!-- \/ Yoast SEO plugin. -->","yoast_head_json":{"title":"MAY DAY CORNER IN MEDULIN \u2013 Fu\u00dfball, BBQ &amp; beste Stimmung! - Medulin Riviera","robots":{"index":"index","follow":"follow","max-snippet":"max-snippet:-1","max-image-preview":"max-image-preview:large","max-video-preview":"max-video-preview:-1"},"canonical":"https:\/\/www.medulinriviera.info\/de\/21-fussballturnier-zns-medulin-2022\/","og_locale":"de_DE","og_type":"article","og_title":"MAY DAY CORNER IN MEDULIN \u2013 Fu\u00dfball, BBQ &amp; beste Stimmung! - Medulin Riviera","og_description":"25. Fu\u00dfballturnier Medulin 2026 (U-13, U-12, U-11, U-10, U-9, U-8) 30.04. &#8211; 03.05.2026. Spielplan Live-Streaming Medulin, Fu\u00dfballpl\u00e4tze Arena Sports Center...","og_url":"https:\/\/www.medulinriviera.info\/de\/21-fussballturnier-zns-medulin-2022\/","og_site_name":"Medulin Riviera","article_publisher":"https:\/\/www.facebook.com\/medulinriviera\/","article_modified_time":"2026-04-28T13:48:39+00:00","og_image":[{"width":2000,"height":1125,"url":"https:\/\/www.medulinriviera.info\/wp-content\/uploads\/2025\/04\/TZOM-Nogomet2-DarkoPrivrat.jpg","type":"image\/jpeg"}],"twitter_card":"summary_large_image","twitter_misc":{"Gesch\u00e4tzte Lesezeit":"5\u00a0Minuten"},"schema":{"@context":"https:\/\/schema.org","@graph":[{"@type":"WebPage","@id":"https:\/\/www.medulinriviera.info\/de\/21-fussballturnier-zns-medulin-2022\/","url":"https:\/\/www.medulinriviera.info\/de\/21-fussballturnier-zns-medulin-2022\/","name":"MAY DAY CORNER IN MEDULIN \u2013 Fu\u00dfball, BBQ &amp; beste Stimmung! - Medulin Riviera","isPartOf":{"@id":"https:\/\/www.medulinriviera.info\/de\/#website"},"primaryImageOfPage":{"@id":"https:\/\/www.medulinriviera.info\/de\/21-fussballturnier-zns-medulin-2022\/#primaryimage"},"image":{"@id":"https:\/\/www.medulinriviera.info\/de\/21-fussballturnier-zns-medulin-2022\/#primaryimage"},"thumbnailUrl":"https:\/\/www.medulinriviera.info\/wp-content\/uploads\/2025\/04\/TZOM-Nogomet2-DarkoPrivrat.jpg","datePublished":"2022-04-06T13:40:51+00:00","dateModified":"2026-04-28T13:48:39+00:00","breadcrumb":{"@id":"https:\/\/www.medulinriviera.info\/de\/21-fussballturnier-zns-medulin-2022\/#breadcrumb"},"inLanguage":"de","potentialAction":[{"@type":"ReadAction","target":["https:\/\/www.medulinriviera.info\/de\/21-fussballturnier-zns-medulin-2022\/"]}]},{"@type":"ImageObject","inLanguage":"de","@id":"https:\/\/www.medulinriviera.info\/de\/21-fussballturnier-zns-medulin-2022\/#primaryimage","url":"https:\/\/www.medulinriviera.info\/wp-content\/uploads\/2025\/04\/TZOM-Nogomet2-DarkoPrivrat.jpg","contentUrl":"https:\/\/www.medulinriviera.info\/wp-content\/uploads\/2025\/04\/TZOM-Nogomet2-DarkoPrivrat.jpg","width":2000,"height":1125},{"@type":"BreadcrumbList","@id":"https:\/\/www.medulinriviera.info\/de\/21-fussballturnier-zns-medulin-2022\/#breadcrumb","itemListElement":[{"@type":"ListItem","position":1,"name":"Home","item":"https:\/\/www.medulinriviera.info\/de\/"},{"@type":"ListItem","position":2,"name":"MAY DAY CORNER IN MEDULIN \u2013 Fu\u00dfball, BBQ &amp; beste Stimmung!"}]},{"@type":"WebSite","@id":"https:\/\/www.medulinriviera.info\/de\/#website","url":"https:\/\/www.medulinriviera.info\/de\/","name":"Medulin Riviera","description":"The Blue Planet","publisher":{"@id":"https:\/\/www.medulinriviera.info\/de\/#organization"},"potentialAction":[{"@type":"SearchAction","target":{"@type":"EntryPoint","urlTemplate":"https:\/\/www.medulinriviera.info\/de\/?s={search_term_string}"},"query-input":{"@type":"PropertyValueSpecification","valueRequired":true,"valueName":"search_term_string"}}],"inLanguage":"de"},{"@type":"Organization","@id":"https:\/\/www.medulinriviera.info\/de\/#organization","name":"Medulin Riviera","url":"https:\/\/www.medulinriviera.info\/de\/","logo":{"@type":"ImageObject","inLanguage":"de","@id":"https:\/\/www.medulinriviera.info\/de\/#\/schema\/logo\/image\/","url":"https:\/\/www.medulinriviera.info\/wp-content\/uploads\/2020\/06\/logo-alt.png","contentUrl":"https:\/\/www.medulinriviera.info\/wp-content\/uploads\/2020\/06\/logo-alt.png","width":264,"height":78,"caption":"Medulin Riviera"},"image":{"@id":"https:\/\/www.medulinriviera.info\/de\/#\/schema\/logo\/image\/"},"sameAs":["https:\/\/www.facebook.com\/medulinriviera\/","https:\/\/www.instagram.com\/medulinriviera\/","https:\/\/www.youtube.com\/channel\/UCYdC8kYbK9OEmlmeZydpumQ"]}]}},"wpml_current_locale":"de_DE","wpml_translations":[{"locale":"hr","id":23149,"post_title":"PRVOMAJSKI KORNER U MEDULINU \u2013 nogomet, ro\u0161tilj i vrhunska zabava!","href":"https:\/\/www.medulinriviera.info\/hr\/21-otvoreni-turnir-zns-a-medulin-2022\/"},{"locale":"en_US","id":23060,"post_title":"May Day CornerMAY DAY CORNER IN MEDULIN \u2013 football, BBQ &amp; great vibes!","href":"https:\/\/www.medulinriviera.info\/21st-football-tournament-zns-medulin-2022\/"},{"locale":"fr_FR","id":23152,"post_title":"MAY DAY CORNER \u00c0 MEDULIN \u2013 football, barbecue et super ambiance !","href":"https:\/\/www.medulinriviera.info\/fr\/21eme-tournoi-de-football-zns-medulin-2022\/"},{"locale":"it_IT","id":23156,"post_title":"MAY DAY CORNER A MEDULIN \u2013 calcio, BBQ e grande divertimento!","href":"https:\/\/www.medulinriviera.info\/it\/21-torneo-di-calcio-zns-medulin-2022\/"}],"_links":{"self":[{"href":"https:\/\/www.medulinriviera.info\/de\/wp-json\/wp\/v2\/pages\/23154","targetHints":{"allow":["GET"]}}],"collection":[{"href":"https:\/\/www.medulinriviera.info\/de\/wp-json\/wp\/v2\/pages"}],"about":[{"href":"https:\/\/www.medulinriviera.info\/de\/wp-json\/wp\/v2\/types\/page"}],"author":[{"embeddable":true,"href":"https:\/\/www.medulinriviera.info\/de\/wp-json\/wp\/v2\/users\/2"}],"replies":[{"embeddable":true,"href":"https:\/\/www.medulinriviera.info\/de\/wp-json\/wp\/v2\/comments?post=23154"}],"version-history":[{"count":9,"href":"https:\/\/www.medulinriviera.info\/de\/wp-json\/wp\/v2\/pages\/23154\/revisions"}],"predecessor-version":[{"id":38118,"href":"https:\/\/www.medulinriviera.info\/de\/wp-json\/wp\/v2\/pages\/23154\/revisions\/38118"}],"wp:featuredmedia":[{"embeddable":true,"href":"https:\/\/www.medulinriviera.info\/de\/wp-json\/wp\/v2\/media\/35400"}],"wp:attachment":[{"href":"https:\/\/www.medulinriviera.info\/de\/wp-json\/wp\/v2\/media?parent=23154"}],"wp:term":[{"taxonomy":"classificator","embeddable":true,"href":"https:\/\/www.medulinriviera.info\/de\/wp-json\/wp\/v2\/classificator?post=23154"}],"curies":[{"name":"wp","href":"https:\/\/api.w.org\/{rel}","templated":true}]}}