{"id":22754,"date":"2022-04-08T11:03:54","date_gmt":"2022-04-08T09:03:54","guid":{"rendered":"https:\/\/www.medulinriviera.info\/?page_id=22754"},"modified":"2022-04-08T11:03:55","modified_gmt":"2022-04-08T09:03:55","slug":"getting-around","status":"publish","type":"page","link":"https:\/\/www.medulinriviera.info\/de\/getting-around\/","title":{"rendered":"Getting around"},"content":{"rendered":"\n<p>Wenn Sie Medulin Riviera als Ihr Urlaubsziel gew\u00e4hlt haben, dann empfehlen wir Ihnen, alle Orte der Medulin Riviera und viele Attraktionen in dieser Gegend zu besuchen. Das Gebiet der Medulin Riviera ist wirklich reich an vielen Orten, die Sie besuchen und Ihren Urlaub attraktiver und interessanter gestalten k\u00f6nnen. Orte wie Medulin, Pomer, Vinkuran, Premantura, Pje\u0161\u010dana Uvala sind zu jeder Jahreszeit interessant. Viele werden sagen, dass sie im Sommer am attraktivsten sind, wenn es fast keine Tage gibt, an denen abends kein interessantes Konzert stattfindet, und es eine gute Wahl ist, in einer der Strandbars am Meer zu sitzen.<\/p>\n\n\n\n<p>Kinder und Erwachsene werden auch an einem Besuch des Arch\u00e4ologischen Parks Vi\u017eula in Medulin, der die Geschichte der Antike erz\u00e4hlt, interessiert sein.<\/p>\n\n\n\n<p>Die Naturparks Gornji und Donji Kamenjak sind immer sch\u00f6n, Sie werden von den berauschenden D\u00fcften, die sich von Hunderten verschiedener Pflanzen ausbreiten, die hier wachsen, begeistert sein.<\/p>\n\n\n\n<p>Die Str\u00e4nde sind auch attraktiv, einzigartig und vielf\u00e4ltig \u2013 Stein, Kies, Sand\u2026 Zu den etwas weiter entfernten Inseln k\u00f6nnen Sie mit Ihrem eigenen Boot oder Taxi-Boot fahren, und es gibt Boote, die Sie mieten k\u00f6nnen. Reiseb\u00fcros nehmen Sie mit auf eine Tour an der Medulin Riviera und auf Tagesausfl\u00fcgen, die f\u00fcr Sie gestaltet wurden, um die Sch\u00f6nheiten dieser Gegend zu genie\u00dfen.<\/p>\n\n\n\n<p>Sie k\u00f6nnen die Medulin Riviera mit &nbsp;eigenem Auto, Taxi, Fahrrad, aber auch mit einem Mietwagen besuchen. Wenn Sie etwas Besonderes wollen, machen Sie Besichtigung der Medulin Riviera aus der Luft mit einem Panoramaflug. Viele sagen, der Anblick von oben verschl\u00e4gt einem den Atem.<\/p>\n\n\n\n<p>Von Medulin Riviera aus erreichen Sie bequem auch die umliegenden St\u00e4dte. Das n\u00e4chste ist Pula, nur zehn Kilometer entfernt. Die Geschichte der gr\u00f6\u00dften istrischen Stadt reicht 3.000 Jahre zur\u00fcck und wird Sie mit zahlreichen antiken Denkm\u00e4lern wie der pr\u00e4chtigen Arena begeistern. Spazieren Sie durch den altr\u00f6mischen Forumplatz, werfen Sie einen Blick in den Augustustempel, machen Sie Halt am Doppeltor und am Sergier Bogen \u2026 Von der Burg \/\/Ka\u0161tel\/\/ aus, die Sie mit einem attraktiven Panoramaaufzug erreichen, haben Sie eine sch\u00f6ne Aussicht. Pula bietet wirklich viele M\u00f6glichkeiten f\u00fcr alle seine G\u00e4ste.<\/p>\n\n\n\n<p>In der N\u00e4he von Pula liegt Fa\u017eana, ein ber\u00fchmter Fischerort, und etwas weiter entfernt liegt Vodnjan, die Stadt der Wandmalereien, die kleinste Stra\u00dfe der Welt, aber auch eine Stadt, die stolz in der Kirche des Hl. Blasius die Sammlung von Mumien und Reliquien von Heiligen pr\u00e4sentiert. Es gibt bis zu 370 Relikten in der Sammlung, und das eigentliche wissenschaftliche Ph\u00e4nomen sind die unversehrten K\u00f6rper von Heiligen.<\/p>\n\n\n\n<p>Nur wenige Kilometer von Vodnjan entfernt liegt Bale. Es ist eine besondere Steinstadt mit bezaubernden Stra\u00dfen und zahlreichen Kulturdenkm\u00e4lern. Erw\u00e4hnen wir nur das Schloss Bembo und die Pfarrkirche der Jungfrau Maria der Heimsuchung von der Hl. Elisabeth.<\/p>\n\n\n\n<p>Wenn Sie von Bale weiter fahren, erreichen Sie Rovinj, sagen wir eine der malerischsten St\u00e4dte im Mittelmeerraum. Pore\u010d ist nicht weniger attraktiv, ebenso wie andere istrische St\u00e4dte an der West- und Ostk\u00fcste Istriens. Wie erreicht man sie? Mit dem eigenen Auto, Taxi, Mietwagen, aber auch mit dem Bus. Lokale Busse von Medulin fahren nach Pula, Fa\u017eana und Vodnjan, und vom Busbahnhof Pula fahren Busse in alle istrischen St\u00e4dte, aber auch in viele St\u00e4dte in Europa und Kroatien.<\/p>\n","protected":false},"excerpt":{"rendered":"<p>Wenn Sie Medulin Riviera als Ihr Urlaubsziel gew\u00e4hlt haben, dann empfehlen wir Ihnen, alle Orte der Medulin Riviera und viele&#8230;<\/p>\n","protected":false},"author":5,"featured_media":17946,"parent":0,"menu_order":0,"comment_status":"closed","ping_status":"closed","template":"","meta":{"_acf_changed":false,"footnotes":""},"classificator":[],"class_list":["post-22754","page","type-page","status-publish","has-post-thumbnail","hentry"],"acf":{"video":"","gallery":null},"yoast_head":"<!-- This site is optimized with the Yoast SEO plugin v27.6 - https:\/\/yoast.com\/product\/yoast-seo-wordpress\/ -->\n<title>Getting around - Medulin Riviera<\/title>\n<meta name=\"robots\" content=\"index, follow, max-snippet:-1, max-image-preview:large, max-video-preview:-1\" \/>\n<link rel=\"canonical\" href=\"https:\/\/www.medulinriviera.info\/de\/getting-around\/\" \/>\n<meta property=\"og:locale\" content=\"de_DE\" \/>\n<meta property=\"og:type\" content=\"article\" \/>\n<meta property=\"og:title\" content=\"Getting around - Medulin Riviera\" \/>\n<meta property=\"og:description\" content=\"Wenn Sie Medulin Riviera als Ihr Urlaubsziel gew\u00e4hlt haben, dann empfehlen wir Ihnen, alle Orte der Medulin Riviera und viele...\" \/>\n<meta property=\"og:url\" content=\"https:\/\/www.medulinriviera.info\/de\/getting-around\/\" \/>\n<meta property=\"og:site_name\" content=\"Medulin Riviera\" \/>\n<meta property=\"article:publisher\" content=\"https:\/\/www.facebook.com\/medulinriviera\/\" \/>\n<meta property=\"article:modified_time\" content=\"2022-04-08T09:03:55+00:00\" \/>\n<meta property=\"og:image\" content=\"https:\/\/www.medulinriviera.info\/wp-content\/uploads\/2021\/04\/TZOM_Bike_Staza_Medulin_Riviera_20_IgorZirojevic.jpg\" \/>\n\t<meta property=\"og:image:width\" content=\"1400\" \/>\n\t<meta property=\"og:image:height\" content=\"930\" \/>\n\t<meta property=\"og:image:type\" content=\"image\/jpeg\" \/>\n<meta name=\"twitter:card\" content=\"summary_large_image\" \/>\n<meta name=\"twitter:label1\" content=\"Gesch\u00e4tzte Lesezeit\" \/>\n\t<meta name=\"twitter:data1\" content=\"3\u00a0Minuten\" \/>\n<script type=\"application\/ld+json\" class=\"yoast-schema-graph\">{\"@context\":\"https:\\\/\\\/schema.org\",\"@graph\":[{\"@type\":\"WebPage\",\"@id\":\"https:\\\/\\\/www.medulinriviera.info\\\/de\\\/getting-around\\\/\",\"url\":\"https:\\\/\\\/www.medulinriviera.info\\\/de\\\/getting-around\\\/\",\"name\":\"Getting around - Medulin Riviera\",\"isPartOf\":{\"@id\":\"https:\\\/\\\/www.medulinriviera.info\\\/de\\\/#website\"},\"primaryImageOfPage\":{\"@id\":\"https:\\\/\\\/www.medulinriviera.info\\\/de\\\/getting-around\\\/#primaryimage\"},\"image\":{\"@id\":\"https:\\\/\\\/www.medulinriviera.info\\\/de\\\/getting-around\\\/#primaryimage\"},\"thumbnailUrl\":\"https:\\\/\\\/www.medulinriviera.info\\\/wp-content\\\/uploads\\\/2021\\\/04\\\/TZOM_Bike_Staza_Medulin_Riviera_20_IgorZirojevic.jpg\",\"datePublished\":\"2022-04-08T09:03:54+00:00\",\"dateModified\":\"2022-04-08T09:03:55+00:00\",\"breadcrumb\":{\"@id\":\"https:\\\/\\\/www.medulinriviera.info\\\/de\\\/getting-around\\\/#breadcrumb\"},\"inLanguage\":\"de\",\"potentialAction\":[{\"@type\":\"ReadAction\",\"target\":[\"https:\\\/\\\/www.medulinriviera.info\\\/de\\\/getting-around\\\/\"]}]},{\"@type\":\"ImageObject\",\"inLanguage\":\"de\",\"@id\":\"https:\\\/\\\/www.medulinriviera.info\\\/de\\\/getting-around\\\/#primaryimage\",\"url\":\"https:\\\/\\\/www.medulinriviera.info\\\/wp-content\\\/uploads\\\/2021\\\/04\\\/TZOM_Bike_Staza_Medulin_Riviera_20_IgorZirojevic.jpg\",\"contentUrl\":\"https:\\\/\\\/www.medulinriviera.info\\\/wp-content\\\/uploads\\\/2021\\\/04\\\/TZOM_Bike_Staza_Medulin_Riviera_20_IgorZirojevic.jpg\",\"width\":1400,\"height\":930},{\"@type\":\"BreadcrumbList\",\"@id\":\"https:\\\/\\\/www.medulinriviera.info\\\/de\\\/getting-around\\\/#breadcrumb\",\"itemListElement\":[{\"@type\":\"ListItem\",\"position\":1,\"name\":\"Home\",\"item\":\"https:\\\/\\\/www.medulinriviera.info\\\/de\\\/\"},{\"@type\":\"ListItem\",\"position\":2,\"name\":\"Getting around\"}]},{\"@type\":\"WebSite\",\"@id\":\"https:\\\/\\\/www.medulinriviera.info\\\/de\\\/#website\",\"url\":\"https:\\\/\\\/www.medulinriviera.info\\\/de\\\/\",\"name\":\"Medulin Riviera\",\"description\":\"The Blue Planet\",\"publisher\":{\"@id\":\"https:\\\/\\\/www.medulinriviera.info\\\/de\\\/#organization\"},\"potentialAction\":[{\"@type\":\"SearchAction\",\"target\":{\"@type\":\"EntryPoint\",\"urlTemplate\":\"https:\\\/\\\/www.medulinriviera.info\\\/de\\\/?s={search_term_string}\"},\"query-input\":{\"@type\":\"PropertyValueSpecification\",\"valueRequired\":true,\"valueName\":\"search_term_string\"}}],\"inLanguage\":\"de\"},{\"@type\":\"Organization\",\"@id\":\"https:\\\/\\\/www.medulinriviera.info\\\/de\\\/#organization\",\"name\":\"Medulin Riviera\",\"url\":\"https:\\\/\\\/www.medulinriviera.info\\\/de\\\/\",\"logo\":{\"@type\":\"ImageObject\",\"inLanguage\":\"de\",\"@id\":\"https:\\\/\\\/www.medulinriviera.info\\\/de\\\/#\\\/schema\\\/logo\\\/image\\\/\",\"url\":\"https:\\\/\\\/www.medulinriviera.info\\\/wp-content\\\/uploads\\\/2020\\\/06\\\/logo-alt.png\",\"contentUrl\":\"https:\\\/\\\/www.medulinriviera.info\\\/wp-content\\\/uploads\\\/2020\\\/06\\\/logo-alt.png\",\"width\":264,\"height\":78,\"caption\":\"Medulin Riviera\"},\"image\":{\"@id\":\"https:\\\/\\\/www.medulinriviera.info\\\/de\\\/#\\\/schema\\\/logo\\\/image\\\/\"},\"sameAs\":[\"https:\\\/\\\/www.facebook.com\\\/medulinriviera\\\/\",\"https:\\\/\\\/www.instagram.com\\\/medulinriviera\\\/\",\"https:\\\/\\\/www.youtube.com\\\/channel\\\/UCYdC8kYbK9OEmlmeZydpumQ\"]}]}<\/script>\n<!-- \/ Yoast SEO plugin. -->","yoast_head_json":{"title":"Getting around - Medulin Riviera","robots":{"index":"index","follow":"follow","max-snippet":"max-snippet:-1","max-image-preview":"max-image-preview:large","max-video-preview":"max-video-preview:-1"},"canonical":"https:\/\/www.medulinriviera.info\/de\/getting-around\/","og_locale":"de_DE","og_type":"article","og_title":"Getting around - Medulin Riviera","og_description":"Wenn Sie Medulin Riviera als Ihr Urlaubsziel gew\u00e4hlt haben, dann empfehlen wir Ihnen, alle Orte der Medulin Riviera und viele...","og_url":"https:\/\/www.medulinriviera.info\/de\/getting-around\/","og_site_name":"Medulin Riviera","article_publisher":"https:\/\/www.facebook.com\/medulinriviera\/","article_modified_time":"2022-04-08T09:03:55+00:00","og_image":[{"width":1400,"height":930,"url":"https:\/\/www.medulinriviera.info\/wp-content\/uploads\/2021\/04\/TZOM_Bike_Staza_Medulin_Riviera_20_IgorZirojevic.jpg","type":"image\/jpeg"}],"twitter_card":"summary_large_image","twitter_misc":{"Gesch\u00e4tzte Lesezeit":"3\u00a0Minuten"},"schema":{"@context":"https:\/\/schema.org","@graph":[{"@type":"WebPage","@id":"https:\/\/www.medulinriviera.info\/de\/getting-around\/","url":"https:\/\/www.medulinriviera.info\/de\/getting-around\/","name":"Getting around - Medulin Riviera","isPartOf":{"@id":"https:\/\/www.medulinriviera.info\/de\/#website"},"primaryImageOfPage":{"@id":"https:\/\/www.medulinriviera.info\/de\/getting-around\/#primaryimage"},"image":{"@id":"https:\/\/www.medulinriviera.info\/de\/getting-around\/#primaryimage"},"thumbnailUrl":"https:\/\/www.medulinriviera.info\/wp-content\/uploads\/2021\/04\/TZOM_Bike_Staza_Medulin_Riviera_20_IgorZirojevic.jpg","datePublished":"2022-04-08T09:03:54+00:00","dateModified":"2022-04-08T09:03:55+00:00","breadcrumb":{"@id":"https:\/\/www.medulinriviera.info\/de\/getting-around\/#breadcrumb"},"inLanguage":"de","potentialAction":[{"@type":"ReadAction","target":["https:\/\/www.medulinriviera.info\/de\/getting-around\/"]}]},{"@type":"ImageObject","inLanguage":"de","@id":"https:\/\/www.medulinriviera.info\/de\/getting-around\/#primaryimage","url":"https:\/\/www.medulinriviera.info\/wp-content\/uploads\/2021\/04\/TZOM_Bike_Staza_Medulin_Riviera_20_IgorZirojevic.jpg","contentUrl":"https:\/\/www.medulinriviera.info\/wp-content\/uploads\/2021\/04\/TZOM_Bike_Staza_Medulin_Riviera_20_IgorZirojevic.jpg","width":1400,"height":930},{"@type":"BreadcrumbList","@id":"https:\/\/www.medulinriviera.info\/de\/getting-around\/#breadcrumb","itemListElement":[{"@type":"ListItem","position":1,"name":"Home","item":"https:\/\/www.medulinriviera.info\/de\/"},{"@type":"ListItem","position":2,"name":"Getting around"}]},{"@type":"WebSite","@id":"https:\/\/www.medulinriviera.info\/de\/#website","url":"https:\/\/www.medulinriviera.info\/de\/","name":"Medulin Riviera","description":"The Blue Planet","publisher":{"@id":"https:\/\/www.medulinriviera.info\/de\/#organization"},"potentialAction":[{"@type":"SearchAction","target":{"@type":"EntryPoint","urlTemplate":"https:\/\/www.medulinriviera.info\/de\/?s={search_term_string}"},"query-input":{"@type":"PropertyValueSpecification","valueRequired":true,"valueName":"search_term_string"}}],"inLanguage":"de"},{"@type":"Organization","@id":"https:\/\/www.medulinriviera.info\/de\/#organization","name":"Medulin Riviera","url":"https:\/\/www.medulinriviera.info\/de\/","logo":{"@type":"ImageObject","inLanguage":"de","@id":"https:\/\/www.medulinriviera.info\/de\/#\/schema\/logo\/image\/","url":"https:\/\/www.medulinriviera.info\/wp-content\/uploads\/2020\/06\/logo-alt.png","contentUrl":"https:\/\/www.medulinriviera.info\/wp-content\/uploads\/2020\/06\/logo-alt.png","width":264,"height":78,"caption":"Medulin Riviera"},"image":{"@id":"https:\/\/www.medulinriviera.info\/de\/#\/schema\/logo\/image\/"},"sameAs":["https:\/\/www.facebook.com\/medulinriviera\/","https:\/\/www.instagram.com\/medulinriviera\/","https:\/\/www.youtube.com\/channel\/UCYdC8kYbK9OEmlmeZydpumQ"]}]}},"wpml_current_locale":"de_DE","wpml_translations":[{"locale":"hr","id":22752,"post_title":"Getting around","href":"https:\/\/www.medulinriviera.info\/hr\/getting-around\/"},{"locale":"en_US","id":22750,"post_title":"Getting around","href":"https:\/\/www.medulinriviera.info\/getting-around\/"},{"locale":"fr_FR","id":22756,"post_title":"Medulin et ses environs","href":"https:\/\/www.medulinriviera.info\/fr\/medulin-et-ses-environs\/"},{"locale":"it_IT","id":22758,"post_title":"Getting around","href":"https:\/\/www.medulinriviera.info\/it\/getting-around\/"}],"_links":{"self":[{"href":"https:\/\/www.medulinriviera.info\/de\/wp-json\/wp\/v2\/pages\/22754","targetHints":{"allow":["GET"]}}],"collection":[{"href":"https:\/\/www.medulinriviera.info\/de\/wp-json\/wp\/v2\/pages"}],"about":[{"href":"https:\/\/www.medulinriviera.info\/de\/wp-json\/wp\/v2\/types\/page"}],"author":[{"embeddable":true,"href":"https:\/\/www.medulinriviera.info\/de\/wp-json\/wp\/v2\/users\/5"}],"replies":[{"embeddable":true,"href":"https:\/\/www.medulinriviera.info\/de\/wp-json\/wp\/v2\/comments?post=22754"}],"version-history":[{"count":0,"href":"https:\/\/www.medulinriviera.info\/de\/wp-json\/wp\/v2\/pages\/22754\/revisions"}],"wp:featuredmedia":[{"embeddable":true,"href":"https:\/\/www.medulinriviera.info\/de\/wp-json\/wp\/v2\/media\/17946"}],"wp:attachment":[{"href":"https:\/\/www.medulinriviera.info\/de\/wp-json\/wp\/v2\/media?parent=22754"}],"wp:term":[{"taxonomy":"classificator","embeddable":true,"href":"https:\/\/www.medulinriviera.info\/de\/wp-json\/wp\/v2\/classificator?post=22754"}],"curies":[{"name":"wp","href":"https:\/\/api.w.org\/{rel}","templated":true}]}}