{"id":22705,"date":"2022-03-30T09:42:18","date_gmt":"2022-03-30T07:42:18","guid":{"rendered":"https:\/\/www.medulinriviera.info\/?page_id=22705"},"modified":"2022-07-25T11:45:48","modified_gmt":"2022-07-25T09:45:48","slug":"gesundheit-gesundheitsdienstleistungen","status":"publish","type":"page","link":"https:\/\/www.medulinriviera.info\/de\/gesundheit-gesundheitsdienstleistungen\/","title":{"rendered":"Gesundheit &#038; Gesundheitsdienstleistungen"},"content":{"rendered":"\n<p>Aufgrund vertraglicher Verpflichtungen mit der kroatischen Krankenkasse erbringen Gesundheitseinrichtungen Dienstleistungen f\u00fcr inl\u00e4ndische und ausl\u00e4ndische Touristen, die sich in der Gespanschaft Istrien aufhalten. Im Falle einer medizinischen Notfallversorgung haben Touristen Anspruch auf Gesundheitsversorgung unter den gleichen Bedingungen wie kroatische Versicherte, sofern sie im Besitz einer g\u00fcltigen Europ\u00e4ischen Krankenversicherungskarte (EHIC) sind. Inl\u00e4ndische Touristen erhalten Gesundheitsversorgung auf der Grundlage einer g\u00fcltigen Karte der Kroatischen Krankenversicherung.<\/p>\n\n\n\n<p>Alle Personen erhalten w\u00e4hrend ihres Aufenthalts in Kroatien medizinische Notfallversorgung gem\u00e4\u00df den Internationalen \u00dcbereinkommen \u00fcber soziale Sicherheit. In diesem Sinne muss der Tourist seine europ\u00e4ische Karte oder Bescheinigung bei der Kroatischen Krankenkasse in Pula, Besenghijeva ulica 1, Tel. +385 52 213 055 zustellen. Wenn ein Tourist eine Versicherung hat, muss er dies gegebenenfalls innerhalb von 24 Stunden seiner Versicherungsgesellschaft mitteilen, die die anfallenden Kosten \u00fcbernimmt.<\/p>\n\n\n\n<p>Touristen k\u00f6nnen auch die Dienste privater \u00c4rzte und Zahn\u00e4rzte in Anspruch nehmen (gegen Entgelt). Gem\u00e4\u00df den genannten Bedingungen im Bereich Medulin Riviera k\u00f6nnen Sie Gesundheitsdienste in den folgenden Praxen in Anspruch nehmen:<\/p>\n\n\n\n<p>ZAHNARZTPRAXIS &#8211; Medulin, Centar 214, Tel. + 385 52 577 058, Mo. und Do. 14-19 Uhr, Di., Mi. und Fri. 8-13 Uhr.<\/p>\n\n\n\n<p>PRAXIS ALLGEMEINMEDIZIN &#8211; Medulin, Ribarska bb, Dr. Tatjana Dodi\u0107, Tel. +385 52 577 084, \u00d6ffnungszeit:<\/p>\n\n\n\n<p>Mo. 13.30 &#8211; 16.30 Uhr, Di., Mi. 7.30- 13.30 Uhr, Do. 13.30- 19.30 Uhr, Fri. 7.30- 10.30 Uhr<\/p>\n\n\n\n<p>PRAXIS ALLGEMEINMEDIZIN &#8211; Medulin, Centar 262, Alma Radoslav, Dr. med., Tel. +385 52 577 257, \u00d6ffnungszeit: Mo. und Mi. 13- 19.30 Uhr, Di., Do. 7- 13.30 Uhr, Fr. gerade Daten: 13-19.30 Uhr, ungerade Daten: 7 &#8211; 13.30 Uhr, E-Mail: ordinacija.med@gmail.com<\/p>\n\n\n\n<p>PRAXIS ALLGEMEINMEIDIZIN &#8211; Banjole, Dr. Tatjana Dodi\u0107, \u010cimulje bb, \u00d6ffnungszeit: Mo. 17.30 &#8211; 19.30 Uhr, Fr. 11.30 &#8211; 13.30 Uhr<\/p>\n\n\n\n<p>Andere Facharztpraxen auf Medulin Riviera, wo man Gesundheitsdienstleistungen gegen Entgelt in Anspruch nehmen kann: &nbsp;<\/p>\n\n\n\n<p>ZAHNARZTPRAXIS Dr. med. dent. Sa\u0161a \u0160ebeli\u0107 &#8211; Fucane 76, Medulin, Tel. +385 52 576 168<\/p>\n\n\n\n<p>ZAHNARZTPRAXIS Dr.\u00a0 med. dent. Tomica Markovi\u0107 &#8211; Pje\u0161\u010dana uvala, II. ogranak 34, Tel. +385 52 397 224<\/p>\n\n\n\n<p>ZAHNARZTPRAXIS Dr. med. dent.&nbsp; Afrim Fetai &#8211; Medulin, Ribarska 14, Tel. +385 52 649 749, +385 91 222 32 68, dr.afrim@yahoo.com<\/p>\n\n\n\n<p>APOTHEKE MEDULIN &#8211; Centar 214 a, Tel. +385 52 576 472<\/p>\n\n\n\n<p>APOTHEKE KA\u0160TEL FARM MEDULIN &#8211; Osipovica 1 E, Tel. + 385 52 894 52 93, kastelfarm.medulin@yahoo.com<\/p>\n\n\n\n<p>PRIMAPHARME &#8211; Kamik 24, Banjole, Tel.\/Fax: +385 52 573 283, \u00d6ffnungszeit: 7-20 Uhr, samstags 7.30-15 Uhr<\/p>\n\n\n\n<p>NOTIENSTAPOTHEKE CENTAR IN PULA &#8211; Giardini 14, Tel. +385 52 222 544, +385 52 222 551<\/p>\n\n\n\n<p>RETTUNGSDIENST befindet sich auf der Adresse Zagreba\u010dka 30, Pula, Tel. 194<\/p>\n\n\n\n<p>Nur zehn Kilometer von Medulin entfernt befindet sich das modern ausgestattete ALLGEMEINE KRANKENHAUS PULA, Vereinigtes Notfallkrankenhaus f\u00fcr alle, die in das Krankenhaus Zagreba\u010dka 30 \u00fcberwiesen werden. Das Krankenhaus versorgt Patienten aus den Bereichen Innere Medizin, Chirurgie, Neurologie, Labor, radiologische Diagnostik und Transfusionsmedizin sowie Infektionskrankheiten, Psychiatrie, Augenheilkunde, HNO-Heilkunde, P\u00e4diatrie und Gyn\u00e4kologie. Weitere Informationen \u00fcber die gr\u00f6\u00dfte Gesundheitseinrichtung in Istrien, die mehr als tausend Mitarbeiter besch\u00e4ftigt: &nbsp;<a href=\"http:\/\/www.obpula.hr\/\">www.obpula.hr<\/a>. Zentrale Allgemeines Krankenhaus Pula \u2013 +385 52 376 000<\/p>\n\n\n\n<p>OXY POLIKLINIKA F\u00dcR BAROMEDIZIN befindet sich auf der Adresse: Kochova ulica 1 und ihre Telefonnummer ist +385 (0)52 215 663, und E-Mail:&nbsp;<a href=\"mailto:poliklinika@oxy.hr\">poliklinika@oxy.hr<\/a><\/p>\n\n\n\n<p>Es ist eine private spezialisierte Gesundheitseinrichtung, die auf dem Gebiet der \u00dcberdruckmedizin t\u00e4tig ist. Alle Taucher wissen sehr gut, wie wichtig rechtzeitiges Eingreifen ist, wenn ein Tauchproblem auftritt.<\/p>\n","protected":false},"excerpt":{"rendered":"<p>Aufgrund vertraglicher Verpflichtungen mit der kroatischen Krankenkasse erbringen Gesundheitseinrichtungen Dienstleistungen f\u00fcr inl\u00e4ndische und ausl\u00e4ndische Touristen, die sich in der Gespanschaft&#8230;<\/p>\n","protected":false},"author":5,"featured_media":22851,"parent":0,"menu_order":0,"comment_status":"closed","ping_status":"closed","template":"","meta":{"_acf_changed":false,"footnotes":""},"classificator":[],"class_list":["post-22705","page","type-page","status-publish","has-post-thumbnail","hentry"],"acf":{"video":"","gallery":null},"yoast_head":"<!-- This site is optimized with the Yoast SEO plugin v27.5 - https:\/\/yoast.com\/product\/yoast-seo-wordpress\/ -->\n<title>Gesundheit &amp; Gesundheitsdienstleistungen - Medulin Riviera<\/title>\n<meta name=\"robots\" content=\"index, follow, max-snippet:-1, max-image-preview:large, max-video-preview:-1\" \/>\n<link rel=\"canonical\" href=\"https:\/\/www.medulinriviera.info\/de\/gesundheit-gesundheitsdienstleistungen\/\" \/>\n<meta property=\"og:locale\" content=\"de_DE\" \/>\n<meta property=\"og:type\" content=\"article\" \/>\n<meta property=\"og:title\" content=\"Gesundheit &amp; Gesundheitsdienstleistungen - Medulin Riviera\" \/>\n<meta property=\"og:description\" content=\"Aufgrund vertraglicher Verpflichtungen mit der kroatischen Krankenkasse erbringen Gesundheitseinrichtungen Dienstleistungen f\u00fcr inl\u00e4ndische und ausl\u00e4ndische Touristen, die sich in der Gespanschaft...\" \/>\n<meta property=\"og:url\" content=\"https:\/\/www.medulinriviera.info\/de\/gesundheit-gesundheitsdienstleistungen\/\" \/>\n<meta property=\"og:site_name\" content=\"Medulin Riviera\" \/>\n<meta property=\"article:publisher\" content=\"https:\/\/www.facebook.com\/medulinriviera\/\" \/>\n<meta property=\"article:modified_time\" content=\"2022-07-25T09:45:48+00:00\" \/>\n<meta property=\"og:image\" content=\"https:\/\/www.medulinriviera.info\/wp-content\/uploads\/2022\/03\/Healty-Slikapexels-karolina-grabowska-4386467-scaled.jpg\" \/>\n\t<meta property=\"og:image:width\" content=\"1707\" \/>\n\t<meta property=\"og:image:height\" content=\"2560\" \/>\n\t<meta property=\"og:image:type\" content=\"image\/jpeg\" \/>\n<meta name=\"twitter:card\" content=\"summary_large_image\" \/>\n<meta name=\"twitter:label1\" content=\"Gesch\u00e4tzte Lesezeit\" \/>\n\t<meta name=\"twitter:data1\" content=\"3\u00a0Minuten\" \/>\n<script type=\"application\/ld+json\" class=\"yoast-schema-graph\">{\"@context\":\"https:\\\/\\\/schema.org\",\"@graph\":[{\"@type\":\"WebPage\",\"@id\":\"https:\\\/\\\/www.medulinriviera.info\\\/de\\\/gesundheit-gesundheitsdienstleistungen\\\/\",\"url\":\"https:\\\/\\\/www.medulinriviera.info\\\/de\\\/gesundheit-gesundheitsdienstleistungen\\\/\",\"name\":\"Gesundheit & Gesundheitsdienstleistungen - Medulin Riviera\",\"isPartOf\":{\"@id\":\"https:\\\/\\\/www.medulinriviera.info\\\/de\\\/#website\"},\"primaryImageOfPage\":{\"@id\":\"https:\\\/\\\/www.medulinriviera.info\\\/de\\\/gesundheit-gesundheitsdienstleistungen\\\/#primaryimage\"},\"image\":{\"@id\":\"https:\\\/\\\/www.medulinriviera.info\\\/de\\\/gesundheit-gesundheitsdienstleistungen\\\/#primaryimage\"},\"thumbnailUrl\":\"https:\\\/\\\/www.medulinriviera.info\\\/wp-content\\\/uploads\\\/2022\\\/03\\\/Healty-Slikapexels-karolina-grabowska-4386467-scaled.jpg\",\"datePublished\":\"2022-03-30T07:42:18+00:00\",\"dateModified\":\"2022-07-25T09:45:48+00:00\",\"breadcrumb\":{\"@id\":\"https:\\\/\\\/www.medulinriviera.info\\\/de\\\/gesundheit-gesundheitsdienstleistungen\\\/#breadcrumb\"},\"inLanguage\":\"de\",\"potentialAction\":[{\"@type\":\"ReadAction\",\"target\":[\"https:\\\/\\\/www.medulinriviera.info\\\/de\\\/gesundheit-gesundheitsdienstleistungen\\\/\"]}]},{\"@type\":\"ImageObject\",\"inLanguage\":\"de\",\"@id\":\"https:\\\/\\\/www.medulinriviera.info\\\/de\\\/gesundheit-gesundheitsdienstleistungen\\\/#primaryimage\",\"url\":\"https:\\\/\\\/www.medulinriviera.info\\\/wp-content\\\/uploads\\\/2022\\\/03\\\/Healty-Slikapexels-karolina-grabowska-4386467-scaled.jpg\",\"contentUrl\":\"https:\\\/\\\/www.medulinriviera.info\\\/wp-content\\\/uploads\\\/2022\\\/03\\\/Healty-Slikapexels-karolina-grabowska-4386467-scaled.jpg\",\"width\":1707,\"height\":2560},{\"@type\":\"BreadcrumbList\",\"@id\":\"https:\\\/\\\/www.medulinriviera.info\\\/de\\\/gesundheit-gesundheitsdienstleistungen\\\/#breadcrumb\",\"itemListElement\":[{\"@type\":\"ListItem\",\"position\":1,\"name\":\"Home\",\"item\":\"https:\\\/\\\/www.medulinriviera.info\\\/de\\\/\"},{\"@type\":\"ListItem\",\"position\":2,\"name\":\"Gesundheit &#038; Gesundheitsdienstleistungen\"}]},{\"@type\":\"WebSite\",\"@id\":\"https:\\\/\\\/www.medulinriviera.info\\\/de\\\/#website\",\"url\":\"https:\\\/\\\/www.medulinriviera.info\\\/de\\\/\",\"name\":\"Medulin Riviera\",\"description\":\"The Blue Planet\",\"publisher\":{\"@id\":\"https:\\\/\\\/www.medulinriviera.info\\\/de\\\/#organization\"},\"potentialAction\":[{\"@type\":\"SearchAction\",\"target\":{\"@type\":\"EntryPoint\",\"urlTemplate\":\"https:\\\/\\\/www.medulinriviera.info\\\/de\\\/?s={search_term_string}\"},\"query-input\":{\"@type\":\"PropertyValueSpecification\",\"valueRequired\":true,\"valueName\":\"search_term_string\"}}],\"inLanguage\":\"de\"},{\"@type\":\"Organization\",\"@id\":\"https:\\\/\\\/www.medulinriviera.info\\\/de\\\/#organization\",\"name\":\"Medulin Riviera\",\"url\":\"https:\\\/\\\/www.medulinriviera.info\\\/de\\\/\",\"logo\":{\"@type\":\"ImageObject\",\"inLanguage\":\"de\",\"@id\":\"https:\\\/\\\/www.medulinriviera.info\\\/de\\\/#\\\/schema\\\/logo\\\/image\\\/\",\"url\":\"https:\\\/\\\/www.medulinriviera.info\\\/wp-content\\\/uploads\\\/2020\\\/06\\\/logo-alt.png\",\"contentUrl\":\"https:\\\/\\\/www.medulinriviera.info\\\/wp-content\\\/uploads\\\/2020\\\/06\\\/logo-alt.png\",\"width\":264,\"height\":78,\"caption\":\"Medulin Riviera\"},\"image\":{\"@id\":\"https:\\\/\\\/www.medulinriviera.info\\\/de\\\/#\\\/schema\\\/logo\\\/image\\\/\"},\"sameAs\":[\"https:\\\/\\\/www.facebook.com\\\/medulinriviera\\\/\",\"https:\\\/\\\/www.instagram.com\\\/medulinriviera\\\/\",\"https:\\\/\\\/www.youtube.com\\\/channel\\\/UCYdC8kYbK9OEmlmeZydpumQ\"]}]}<\/script>\n<!-- \/ Yoast SEO plugin. -->","yoast_head_json":{"title":"Gesundheit & Gesundheitsdienstleistungen - Medulin Riviera","robots":{"index":"index","follow":"follow","max-snippet":"max-snippet:-1","max-image-preview":"max-image-preview:large","max-video-preview":"max-video-preview:-1"},"canonical":"https:\/\/www.medulinriviera.info\/de\/gesundheit-gesundheitsdienstleistungen\/","og_locale":"de_DE","og_type":"article","og_title":"Gesundheit & Gesundheitsdienstleistungen - Medulin Riviera","og_description":"Aufgrund vertraglicher Verpflichtungen mit der kroatischen Krankenkasse erbringen Gesundheitseinrichtungen Dienstleistungen f\u00fcr inl\u00e4ndische und ausl\u00e4ndische Touristen, die sich in der Gespanschaft...","og_url":"https:\/\/www.medulinriviera.info\/de\/gesundheit-gesundheitsdienstleistungen\/","og_site_name":"Medulin Riviera","article_publisher":"https:\/\/www.facebook.com\/medulinriviera\/","article_modified_time":"2022-07-25T09:45:48+00:00","og_image":[{"width":1707,"height":2560,"url":"https:\/\/www.medulinriviera.info\/wp-content\/uploads\/2022\/03\/Healty-Slikapexels-karolina-grabowska-4386467-scaled.jpg","type":"image\/jpeg"}],"twitter_card":"summary_large_image","twitter_misc":{"Gesch\u00e4tzte Lesezeit":"3\u00a0Minuten"},"schema":{"@context":"https:\/\/schema.org","@graph":[{"@type":"WebPage","@id":"https:\/\/www.medulinriviera.info\/de\/gesundheit-gesundheitsdienstleistungen\/","url":"https:\/\/www.medulinriviera.info\/de\/gesundheit-gesundheitsdienstleistungen\/","name":"Gesundheit & Gesundheitsdienstleistungen - Medulin Riviera","isPartOf":{"@id":"https:\/\/www.medulinriviera.info\/de\/#website"},"primaryImageOfPage":{"@id":"https:\/\/www.medulinriviera.info\/de\/gesundheit-gesundheitsdienstleistungen\/#primaryimage"},"image":{"@id":"https:\/\/www.medulinriviera.info\/de\/gesundheit-gesundheitsdienstleistungen\/#primaryimage"},"thumbnailUrl":"https:\/\/www.medulinriviera.info\/wp-content\/uploads\/2022\/03\/Healty-Slikapexels-karolina-grabowska-4386467-scaled.jpg","datePublished":"2022-03-30T07:42:18+00:00","dateModified":"2022-07-25T09:45:48+00:00","breadcrumb":{"@id":"https:\/\/www.medulinriviera.info\/de\/gesundheit-gesundheitsdienstleistungen\/#breadcrumb"},"inLanguage":"de","potentialAction":[{"@type":"ReadAction","target":["https:\/\/www.medulinriviera.info\/de\/gesundheit-gesundheitsdienstleistungen\/"]}]},{"@type":"ImageObject","inLanguage":"de","@id":"https:\/\/www.medulinriviera.info\/de\/gesundheit-gesundheitsdienstleistungen\/#primaryimage","url":"https:\/\/www.medulinriviera.info\/wp-content\/uploads\/2022\/03\/Healty-Slikapexels-karolina-grabowska-4386467-scaled.jpg","contentUrl":"https:\/\/www.medulinriviera.info\/wp-content\/uploads\/2022\/03\/Healty-Slikapexels-karolina-grabowska-4386467-scaled.jpg","width":1707,"height":2560},{"@type":"BreadcrumbList","@id":"https:\/\/www.medulinriviera.info\/de\/gesundheit-gesundheitsdienstleistungen\/#breadcrumb","itemListElement":[{"@type":"ListItem","position":1,"name":"Home","item":"https:\/\/www.medulinriviera.info\/de\/"},{"@type":"ListItem","position":2,"name":"Gesundheit &#038; Gesundheitsdienstleistungen"}]},{"@type":"WebSite","@id":"https:\/\/www.medulinriviera.info\/de\/#website","url":"https:\/\/www.medulinriviera.info\/de\/","name":"Medulin Riviera","description":"The Blue Planet","publisher":{"@id":"https:\/\/www.medulinriviera.info\/de\/#organization"},"potentialAction":[{"@type":"SearchAction","target":{"@type":"EntryPoint","urlTemplate":"https:\/\/www.medulinriviera.info\/de\/?s={search_term_string}"},"query-input":{"@type":"PropertyValueSpecification","valueRequired":true,"valueName":"search_term_string"}}],"inLanguage":"de"},{"@type":"Organization","@id":"https:\/\/www.medulinriviera.info\/de\/#organization","name":"Medulin Riviera","url":"https:\/\/www.medulinriviera.info\/de\/","logo":{"@type":"ImageObject","inLanguage":"de","@id":"https:\/\/www.medulinriviera.info\/de\/#\/schema\/logo\/image\/","url":"https:\/\/www.medulinriviera.info\/wp-content\/uploads\/2020\/06\/logo-alt.png","contentUrl":"https:\/\/www.medulinriviera.info\/wp-content\/uploads\/2020\/06\/logo-alt.png","width":264,"height":78,"caption":"Medulin Riviera"},"image":{"@id":"https:\/\/www.medulinriviera.info\/de\/#\/schema\/logo\/image\/"},"sameAs":["https:\/\/www.facebook.com\/medulinriviera\/","https:\/\/www.instagram.com\/medulinriviera\/","https:\/\/www.youtube.com\/channel\/UCYdC8kYbK9OEmlmeZydpumQ"]}]}},"wpml_current_locale":"de_DE","wpml_translations":[{"locale":"hr","id":22703,"post_title":"Zdravlje & zdravstvene usluge","href":"https:\/\/www.medulinriviera.info\/hr\/zdravlje-zdravstvene-usluge\/"},{"locale":"en_US","id":22648,"post_title":"Health & Health care services","href":"https:\/\/www.medulinriviera.info\/health-and-health-care-services\/"},{"locale":"fr_FR","id":22707,"post_title":"Sant\u00e9 et services medicaux","href":"https:\/\/www.medulinriviera.info\/fr\/sante-et-services-medicaux\/"},{"locale":"it_IT","id":22709,"post_title":"Salute & Assistenza sanitaria","href":"https:\/\/www.medulinriviera.info\/it\/salute-assistenza-sanitaria\/"}],"_links":{"self":[{"href":"https:\/\/www.medulinriviera.info\/de\/wp-json\/wp\/v2\/pages\/22705","targetHints":{"allow":["GET"]}}],"collection":[{"href":"https:\/\/www.medulinriviera.info\/de\/wp-json\/wp\/v2\/pages"}],"about":[{"href":"https:\/\/www.medulinriviera.info\/de\/wp-json\/wp\/v2\/types\/page"}],"author":[{"embeddable":true,"href":"https:\/\/www.medulinriviera.info\/de\/wp-json\/wp\/v2\/users\/5"}],"replies":[{"embeddable":true,"href":"https:\/\/www.medulinriviera.info\/de\/wp-json\/wp\/v2\/comments?post=22705"}],"version-history":[{"count":0,"href":"https:\/\/www.medulinriviera.info\/de\/wp-json\/wp\/v2\/pages\/22705\/revisions"}],"wp:featuredmedia":[{"embeddable":true,"href":"https:\/\/www.medulinriviera.info\/de\/wp-json\/wp\/v2\/media\/22851"}],"wp:attachment":[{"href":"https:\/\/www.medulinriviera.info\/de\/wp-json\/wp\/v2\/media?parent=22705"}],"wp:term":[{"taxonomy":"classificator","embeddable":true,"href":"https:\/\/www.medulinriviera.info\/de\/wp-json\/wp\/v2\/classificator?post=22705"}],"curies":[{"name":"wp","href":"https:\/\/api.w.org\/{rel}","templated":true}]}}