{"id":20924,"date":"2021-11-08T12:34:33","date_gmt":"2021-11-08T11:34:33","guid":{"rendered":"https:\/\/www.medulinriviera.info\/?page_id=20924"},"modified":"2021-11-08T12:34:33","modified_gmt":"2021-11-08T11:34:33","slug":"fachfuehrung-kamenjak","status":"publish","type":"page","link":"https:\/\/www.medulinriviera.info\/de\/kamenjak\/fachfuehrung-kamenjak\/","title":{"rendered":"Fachf\u00fchrung Kamenjak"},"content":{"rendered":"\n<p><a><strong>Erkunden Sie Donji Kamenjak durch organisiertes gef\u00fchrtes Programm<\/strong><\/a><\/p>\n\n\n\n<p>F\u00fcr alle, die mehr \u00fcber das wundersch\u00f6ne Kamenjak wissen m\u00f6chten, organisiert die \u00d6ffentliche Einrichtung Kamenjak das ganze Jahr \u00fcber ein gef\u00fchrtes Programm in Donji Kamenjak f\u00fcr G\u00e4ste auf Kroatisch und Englisch.<\/p>\n\n\n\n<p>Das etwa dreist\u00fcndige Programm zeigt alle Sch\u00f6nheiten dieses Schutzgebietes, das sich \u00fcber etwa 400 Hektar erstreckt und beginnt mit einem interessanten Film im Zentrum von Premantura. Wir empfehlen Ihnen in den Morgenstunden, vorzugsweise zwischen acht und zehn Uhr, in Donji Kamenjak einen Spaziergang zu machen. Der Preis betr\u00e4gt 50 Kuna, oder etwa sieben Euro, und alle, die nach dieser faszinierenden Wanderung auf Kamenjak bleiben m\u00f6chten, k\u00f6nnen dies tun und die Sch\u00f6nheit noch ein wenig genie\u00dfen, schwimmen gehen oder in das kristallklare Meer eintauchen.<\/p>\n\n\n\n<p>Alle an dieser Fachf\u00fchrung Interessierten k\u00f6nnen sich bei uns melden und einen Termin bei der \u00d6ffentlichen Einrichtung Kamenjak auf Mobiltelefon: 00385 91 157 6461 oder E-Mail: <a href=\"mailto:edukator@kamenjak.hr\">edukator@kamenjak.hr<\/a> vereinbaren.<\/p>\n\n\n\n<p>Weitere Infos finden Sie <strong><a href=\"https:\/\/kamenjak.hr\/en\/plan-a-visit\/education\">HIER<\/a><\/strong>.<\/p>\n","protected":false},"excerpt":{"rendered":"<p>Erkunden Sie Donji Kamenjak durch organisiertes gef\u00fchrtes Programm F\u00fcr alle, die mehr \u00fcber das wundersch\u00f6ne Kamenjak wissen m\u00f6chten, organisiert die&#8230;<\/p>\n","protected":false},"author":2,"featured_media":20520,"parent":18384,"menu_order":1,"comment_status":"closed","ping_status":"closed","template":"","meta":{"_acf_changed":false,"footnotes":""},"classificator":[],"class_list":["post-20924","page","type-page","status-publish","has-post-thumbnail","hentry"],"acf":{"video":"","gallery":null},"yoast_head":"<!-- This site is optimized with the Yoast SEO plugin v27.5 - https:\/\/yoast.com\/product\/yoast-seo-wordpress\/ -->\n<title>Fachf\u00fchrung Kamenjak - Medulin Riviera<\/title>\n<meta name=\"robots\" content=\"index, follow, max-snippet:-1, max-image-preview:large, max-video-preview:-1\" \/>\n<link rel=\"canonical\" href=\"https:\/\/www.medulinriviera.info\/de\/kamenjak\/fachfuehrung-kamenjak\/\" \/>\n<meta property=\"og:locale\" content=\"de_DE\" \/>\n<meta property=\"og:type\" content=\"article\" \/>\n<meta property=\"og:title\" content=\"Fachf\u00fchrung Kamenjak - Medulin Riviera\" \/>\n<meta property=\"og:description\" content=\"Erkunden Sie Donji Kamenjak durch organisiertes gef\u00fchrtes Programm F\u00fcr alle, die mehr \u00fcber das wundersch\u00f6ne Kamenjak wissen m\u00f6chten, organisiert die...\" \/>\n<meta property=\"og:url\" content=\"https:\/\/www.medulinriviera.info\/de\/kamenjak\/fachfuehrung-kamenjak\/\" \/>\n<meta property=\"og:site_name\" content=\"Medulin Riviera\" \/>\n<meta property=\"article:publisher\" content=\"https:\/\/www.facebook.com\/medulinriviera\/\" \/>\n<meta property=\"og:image\" content=\"https:\/\/www.medulinriviera.info\/wp-content\/uploads\/2020\/05\/TZOMWEB-KamenjakStazaZaSlijepe1-Studio11-scaled.jpg\" \/>\n\t<meta property=\"og:image:width\" content=\"2560\" \/>\n\t<meta property=\"og:image:height\" content=\"1706\" \/>\n\t<meta property=\"og:image:type\" content=\"image\/jpeg\" \/>\n<meta name=\"twitter:card\" content=\"summary_large_image\" \/>\n<meta name=\"twitter:label1\" content=\"Gesch\u00e4tzte Lesezeit\" \/>\n\t<meta name=\"twitter:data1\" content=\"1\u00a0Minute\" \/>\n<script type=\"application\/ld+json\" class=\"yoast-schema-graph\">{\"@context\":\"https:\\\/\\\/schema.org\",\"@graph\":[{\"@type\":\"WebPage\",\"@id\":\"https:\\\/\\\/www.medulinriviera.info\\\/de\\\/kamenjak\\\/fachfuehrung-kamenjak\\\/\",\"url\":\"https:\\\/\\\/www.medulinriviera.info\\\/de\\\/kamenjak\\\/fachfuehrung-kamenjak\\\/\",\"name\":\"Fachf\u00fchrung Kamenjak - Medulin Riviera\",\"isPartOf\":{\"@id\":\"https:\\\/\\\/www.medulinriviera.info\\\/de\\\/#website\"},\"primaryImageOfPage\":{\"@id\":\"https:\\\/\\\/www.medulinriviera.info\\\/de\\\/kamenjak\\\/fachfuehrung-kamenjak\\\/#primaryimage\"},\"image\":{\"@id\":\"https:\\\/\\\/www.medulinriviera.info\\\/de\\\/kamenjak\\\/fachfuehrung-kamenjak\\\/#primaryimage\"},\"thumbnailUrl\":\"https:\\\/\\\/www.medulinriviera.info\\\/wp-content\\\/uploads\\\/2020\\\/05\\\/TZOMWEB-KamenjakStazaZaSlijepe1-Studio11-scaled.jpg\",\"datePublished\":\"2021-11-08T11:34:33+00:00\",\"breadcrumb\":{\"@id\":\"https:\\\/\\\/www.medulinriviera.info\\\/de\\\/kamenjak\\\/fachfuehrung-kamenjak\\\/#breadcrumb\"},\"inLanguage\":\"de\",\"potentialAction\":[{\"@type\":\"ReadAction\",\"target\":[\"https:\\\/\\\/www.medulinriviera.info\\\/de\\\/kamenjak\\\/fachfuehrung-kamenjak\\\/\"]}]},{\"@type\":\"ImageObject\",\"inLanguage\":\"de\",\"@id\":\"https:\\\/\\\/www.medulinriviera.info\\\/de\\\/kamenjak\\\/fachfuehrung-kamenjak\\\/#primaryimage\",\"url\":\"https:\\\/\\\/www.medulinriviera.info\\\/wp-content\\\/uploads\\\/2020\\\/05\\\/TZOMWEB-KamenjakStazaZaSlijepe1-Studio11-scaled.jpg\",\"contentUrl\":\"https:\\\/\\\/www.medulinriviera.info\\\/wp-content\\\/uploads\\\/2020\\\/05\\\/TZOMWEB-KamenjakStazaZaSlijepe1-Studio11-scaled.jpg\",\"width\":2560,\"height\":1706},{\"@type\":\"BreadcrumbList\",\"@id\":\"https:\\\/\\\/www.medulinriviera.info\\\/de\\\/kamenjak\\\/fachfuehrung-kamenjak\\\/#breadcrumb\",\"itemListElement\":[{\"@type\":\"ListItem\",\"position\":1,\"name\":\"Home\",\"item\":\"https:\\\/\\\/www.medulinriviera.info\\\/de\\\/\"},{\"@type\":\"ListItem\",\"position\":2,\"name\":\"Amazing Nature &#8211; Kamenjak\",\"item\":\"https:\\\/\\\/www.medulinriviera.info\\\/de\\\/kamenjak\\\/\"},{\"@type\":\"ListItem\",\"position\":3,\"name\":\"Fachf\u00fchrung Kamenjak\"}]},{\"@type\":\"WebSite\",\"@id\":\"https:\\\/\\\/www.medulinriviera.info\\\/de\\\/#website\",\"url\":\"https:\\\/\\\/www.medulinriviera.info\\\/de\\\/\",\"name\":\"Medulin Riviera\",\"description\":\"The Blue Planet\",\"publisher\":{\"@id\":\"https:\\\/\\\/www.medulinriviera.info\\\/de\\\/#organization\"},\"potentialAction\":[{\"@type\":\"SearchAction\",\"target\":{\"@type\":\"EntryPoint\",\"urlTemplate\":\"https:\\\/\\\/www.medulinriviera.info\\\/de\\\/?s={search_term_string}\"},\"query-input\":{\"@type\":\"PropertyValueSpecification\",\"valueRequired\":true,\"valueName\":\"search_term_string\"}}],\"inLanguage\":\"de\"},{\"@type\":\"Organization\",\"@id\":\"https:\\\/\\\/www.medulinriviera.info\\\/de\\\/#organization\",\"name\":\"Medulin Riviera\",\"url\":\"https:\\\/\\\/www.medulinriviera.info\\\/de\\\/\",\"logo\":{\"@type\":\"ImageObject\",\"inLanguage\":\"de\",\"@id\":\"https:\\\/\\\/www.medulinriviera.info\\\/de\\\/#\\\/schema\\\/logo\\\/image\\\/\",\"url\":\"https:\\\/\\\/www.medulinriviera.info\\\/wp-content\\\/uploads\\\/2020\\\/06\\\/logo-alt.png\",\"contentUrl\":\"https:\\\/\\\/www.medulinriviera.info\\\/wp-content\\\/uploads\\\/2020\\\/06\\\/logo-alt.png\",\"width\":264,\"height\":78,\"caption\":\"Medulin Riviera\"},\"image\":{\"@id\":\"https:\\\/\\\/www.medulinriviera.info\\\/de\\\/#\\\/schema\\\/logo\\\/image\\\/\"},\"sameAs\":[\"https:\\\/\\\/www.facebook.com\\\/medulinriviera\\\/\",\"https:\\\/\\\/www.instagram.com\\\/medulinriviera\\\/\",\"https:\\\/\\\/www.youtube.com\\\/channel\\\/UCYdC8kYbK9OEmlmeZydpumQ\"]}]}<\/script>\n<!-- \/ Yoast SEO plugin. -->","yoast_head_json":{"title":"Fachf\u00fchrung Kamenjak - Medulin Riviera","robots":{"index":"index","follow":"follow","max-snippet":"max-snippet:-1","max-image-preview":"max-image-preview:large","max-video-preview":"max-video-preview:-1"},"canonical":"https:\/\/www.medulinriviera.info\/de\/kamenjak\/fachfuehrung-kamenjak\/","og_locale":"de_DE","og_type":"article","og_title":"Fachf\u00fchrung Kamenjak - Medulin Riviera","og_description":"Erkunden Sie Donji Kamenjak durch organisiertes gef\u00fchrtes Programm F\u00fcr alle, die mehr \u00fcber das wundersch\u00f6ne Kamenjak wissen m\u00f6chten, organisiert die...","og_url":"https:\/\/www.medulinriviera.info\/de\/kamenjak\/fachfuehrung-kamenjak\/","og_site_name":"Medulin Riviera","article_publisher":"https:\/\/www.facebook.com\/medulinriviera\/","og_image":[{"width":2560,"height":1706,"url":"https:\/\/www.medulinriviera.info\/wp-content\/uploads\/2020\/05\/TZOMWEB-KamenjakStazaZaSlijepe1-Studio11-scaled.jpg","type":"image\/jpeg"}],"twitter_card":"summary_large_image","twitter_misc":{"Gesch\u00e4tzte Lesezeit":"1\u00a0Minute"},"schema":{"@context":"https:\/\/schema.org","@graph":[{"@type":"WebPage","@id":"https:\/\/www.medulinriviera.info\/de\/kamenjak\/fachfuehrung-kamenjak\/","url":"https:\/\/www.medulinriviera.info\/de\/kamenjak\/fachfuehrung-kamenjak\/","name":"Fachf\u00fchrung Kamenjak - Medulin Riviera","isPartOf":{"@id":"https:\/\/www.medulinriviera.info\/de\/#website"},"primaryImageOfPage":{"@id":"https:\/\/www.medulinriviera.info\/de\/kamenjak\/fachfuehrung-kamenjak\/#primaryimage"},"image":{"@id":"https:\/\/www.medulinriviera.info\/de\/kamenjak\/fachfuehrung-kamenjak\/#primaryimage"},"thumbnailUrl":"https:\/\/www.medulinriviera.info\/wp-content\/uploads\/2020\/05\/TZOMWEB-KamenjakStazaZaSlijepe1-Studio11-scaled.jpg","datePublished":"2021-11-08T11:34:33+00:00","breadcrumb":{"@id":"https:\/\/www.medulinriviera.info\/de\/kamenjak\/fachfuehrung-kamenjak\/#breadcrumb"},"inLanguage":"de","potentialAction":[{"@type":"ReadAction","target":["https:\/\/www.medulinriviera.info\/de\/kamenjak\/fachfuehrung-kamenjak\/"]}]},{"@type":"ImageObject","inLanguage":"de","@id":"https:\/\/www.medulinriviera.info\/de\/kamenjak\/fachfuehrung-kamenjak\/#primaryimage","url":"https:\/\/www.medulinriviera.info\/wp-content\/uploads\/2020\/05\/TZOMWEB-KamenjakStazaZaSlijepe1-Studio11-scaled.jpg","contentUrl":"https:\/\/www.medulinriviera.info\/wp-content\/uploads\/2020\/05\/TZOMWEB-KamenjakStazaZaSlijepe1-Studio11-scaled.jpg","width":2560,"height":1706},{"@type":"BreadcrumbList","@id":"https:\/\/www.medulinriviera.info\/de\/kamenjak\/fachfuehrung-kamenjak\/#breadcrumb","itemListElement":[{"@type":"ListItem","position":1,"name":"Home","item":"https:\/\/www.medulinriviera.info\/de\/"},{"@type":"ListItem","position":2,"name":"Amazing Nature &#8211; Kamenjak","item":"https:\/\/www.medulinriviera.info\/de\/kamenjak\/"},{"@type":"ListItem","position":3,"name":"Fachf\u00fchrung Kamenjak"}]},{"@type":"WebSite","@id":"https:\/\/www.medulinriviera.info\/de\/#website","url":"https:\/\/www.medulinriviera.info\/de\/","name":"Medulin Riviera","description":"The Blue Planet","publisher":{"@id":"https:\/\/www.medulinriviera.info\/de\/#organization"},"potentialAction":[{"@type":"SearchAction","target":{"@type":"EntryPoint","urlTemplate":"https:\/\/www.medulinriviera.info\/de\/?s={search_term_string}"},"query-input":{"@type":"PropertyValueSpecification","valueRequired":true,"valueName":"search_term_string"}}],"inLanguage":"de"},{"@type":"Organization","@id":"https:\/\/www.medulinriviera.info\/de\/#organization","name":"Medulin Riviera","url":"https:\/\/www.medulinriviera.info\/de\/","logo":{"@type":"ImageObject","inLanguage":"de","@id":"https:\/\/www.medulinriviera.info\/de\/#\/schema\/logo\/image\/","url":"https:\/\/www.medulinriviera.info\/wp-content\/uploads\/2020\/06\/logo-alt.png","contentUrl":"https:\/\/www.medulinriviera.info\/wp-content\/uploads\/2020\/06\/logo-alt.png","width":264,"height":78,"caption":"Medulin Riviera"},"image":{"@id":"https:\/\/www.medulinriviera.info\/de\/#\/schema\/logo\/image\/"},"sameAs":["https:\/\/www.facebook.com\/medulinriviera\/","https:\/\/www.instagram.com\/medulinriviera\/","https:\/\/www.youtube.com\/channel\/UCYdC8kYbK9OEmlmeZydpumQ"]}]}},"wpml_current_locale":"de_DE","wpml_translations":[{"locale":"hr","id":20920,"post_title":"Vo\u0111eni edukativni programi Kamenjak","href":"https:\/\/www.medulinriviera.info\/hr\/kamenjak\/vodeni-edukativni-programi-kamenjak\/"},{"locale":"en_US","id":20918,"post_title":"Educational guided tours Kamenjak","href":"https:\/\/www.medulinriviera.info\/amazing-nature-kamenjak\/educational-guided-tours-kamenjak\/"},{"locale":"fr_FR","id":20922,"post_title":"Visites guid\u00e9es p\u00e9dagogiques Kamenjak","href":"https:\/\/www.medulinriviera.info\/fr\/kamenjak\/visites-guidees-pedagogiques-kamenjak\/"},{"locale":"it_IT","id":20926,"post_title":"Passeggiata educativa con guida Kamenjak","href":"https:\/\/www.medulinriviera.info\/it\/kamenjak\/passeggiata-educativa-con-guida-kamenjak\/"}],"_links":{"self":[{"href":"https:\/\/www.medulinriviera.info\/de\/wp-json\/wp\/v2\/pages\/20924","targetHints":{"allow":["GET"]}}],"collection":[{"href":"https:\/\/www.medulinriviera.info\/de\/wp-json\/wp\/v2\/pages"}],"about":[{"href":"https:\/\/www.medulinriviera.info\/de\/wp-json\/wp\/v2\/types\/page"}],"author":[{"embeddable":true,"href":"https:\/\/www.medulinriviera.info\/de\/wp-json\/wp\/v2\/users\/2"}],"replies":[{"embeddable":true,"href":"https:\/\/www.medulinriviera.info\/de\/wp-json\/wp\/v2\/comments?post=20924"}],"version-history":[{"count":0,"href":"https:\/\/www.medulinriviera.info\/de\/wp-json\/wp\/v2\/pages\/20924\/revisions"}],"up":[{"embeddable":true,"href":"https:\/\/www.medulinriviera.info\/de\/wp-json\/wp\/v2\/pages\/18384"}],"wp:featuredmedia":[{"embeddable":true,"href":"https:\/\/www.medulinriviera.info\/de\/wp-json\/wp\/v2\/media\/20520"}],"wp:attachment":[{"href":"https:\/\/www.medulinriviera.info\/de\/wp-json\/wp\/v2\/media?parent=20924"}],"wp:term":[{"taxonomy":"classificator","embeddable":true,"href":"https:\/\/www.medulinriviera.info\/de\/wp-json\/wp\/v2\/classificator?post=20924"}],"curies":[{"name":"wp","href":"https:\/\/api.w.org\/{rel}","templated":true}]}}