{"id":20788,"date":"2021-10-22T11:27:05","date_gmt":"2021-10-22T09:27:05","guid":{"rendered":"https:\/\/www.medulinriviera.info\/?page_id=20788"},"modified":"2021-10-22T12:23:17","modified_gmt":"2021-10-22T10:23:17","slug":"herbst-und-winter-an-medulin-riviera","status":"publish","type":"page","link":"https:\/\/www.medulinriviera.info\/de\/home\/herbst-und-winter-an-medulin-riviera\/","title":{"rendered":"Herbst und Winter an Medulin Riviera"},"content":{"rendered":"\n<p>Umgeben vom Meer und der wundersch\u00f6nen Natur der Medulin Riviera und ihrer 80 Kilometer langen K\u00fcste ist dies ein idealer Ort, um sich auszuruhen, dem Stress zu entfliehen und einen etwas langweiligen und sch\u00f6nen Alltag zu erleben. Medulin Riviera bietet Ihnen die perfekte Pause, egal ob Sie sich f\u00fcr einen l\u00e4ngeren Aufenthalt, ein verl\u00e4ngertes Wochenende oder nur eine kurze Pause entscheiden. Au\u00dferhalb der Hauptsommersaison bieten wir Ihnen eine ganze Reihe von Outdoor-Aktivit\u00e4ten an der frischen, sauberen Luft direkt am Meer.<\/p>\n\n\n\n<p>Die wundersch\u00f6ne unber\u00fchrte Natur, die uns umgibt, ist eher ein Grund mehr, uns nicht nur im Sommer, sondern auch im\u00a0 Herbst und Winter zu besuchen und einen aktiven Urlaub zu genie\u00dfen, eine Art der Erholung, die jeder empfiehlt.<\/p>\n\n\n\n<p>Atmen Sie durch, atmen Sie den Duft des Mittelmeers ein. Medulin Riviera wird Sie mit seiner Vielfalt und unz\u00e4hligen authentischen Erlebnissen begeistern, egal ob Sie es alleine, mit Ihrer Familie oder Freunden erkunden m\u00f6chten.<\/p>\n\n\n\n<p>Sie k\u00f6nnen in&nbsp;<strong><a href=\"https:\/\/www.medulinriviera.info\/de\/accommodation\/hotels\/\">ausgezeichneten Hotels<\/a>,&nbsp;<a href=\"https:\/\/www.medulinriviera.info\/de\/accommodation\/camping\/\">gut ausgestatteten und attraktiven Campingpl\u00e4tzen<\/a>,&nbsp;<a href=\"https:\/\/www.medulinriviera.info\/de\/accommodation\/private-accommodation\/\">Ferienh\u00e4usern oder -wohnungen<\/a><\/strong>&nbsp;\u00fcbernachten \u2013 und Ihre Gastgeber werden diskret und unauff\u00e4llig versuchen, dass Sie einen Urlaub, von dem Sie immer getr\u00e4umt haben, verbringen und die Inhalte, die Sie an der Medulin Riviera finden, genie\u00dfen. Alle bieten einen sicheren Urlaub in \u00dcbereinstimmung mit allen Sicherheitsrichtlinien der relevanten nationalen und internationalen Gesundheitsorganisationen.<\/p>\n\n\n\n<p>Medulin Riviera ist eine echte Herausforderung f\u00fcr Radfahrer &#8211; <strong><a href=\"https:\/\/www.medulinriviera.info\/de\/activities\/cycling\/\">60 Kilometer Radwege<\/a><\/strong> laden zum Erkunden ein. Wenn Sie mit dem Fahrrad unterwegs sind, wechseln sich das Meer, die D\u00f6rfer, die W\u00e4lder und die gewundenen Pfade w\u00e4hrend Ihrer Fahrt wie auf einer Filmleinwand ab. Sie k\u00f6nnen die Forschung selbst starten oder <strong>sich an spezialisierte Zentren wenden<\/strong>. Schauen Sie sich aber unbedingt unsere Radwege auf unserer Website an, laden Sie ihre Routen auf Ihre digitalen Ger\u00e4te herunter oder besuchen Sie das Tourismusb\u00fcro\u00a0 und sehen Sie sich die gedruckte Karte an.<\/p>\n\n\n\n<p>Sie sind nicht geneigt, den Ort, an dem Sie mit dem \u00fcbernachten, mit Fahrrad zu erkunden, also gehen Sie zu Fu\u00df. Wir haben <strong><a href=\"https:\/\/www.medulinriviera.info\/de\/activities\/walking-routes\/\">eine ganze Reihe unterschiedlich schwerer Wanderwege<\/a><\/strong> f\u00fcr Sie markiert. Mit kurzen Wegen laden wir diejenigen ein, die Herausforderungen auf unseren Wanderwegen beginnen m\u00f6chten. Gehen Sie in die Natur, nehmen Sie einen Hauch Meer mit sich nach Hause. Wir empfehlen Ihnen auch einen Besuch im Arch\u00e4ologischen Park Vi\u017eula in Medulin zu machen und wandern\u00a0 entlang der 2,3 Kilometer langen Promenade, die einst von reichen R\u00f6mern genutzt wurde.\u00a0<\/p>\n\n\n\n<p><strong><a href=\"https:\/\/www.medulinriviera.info\/de\/activity\/136-dinasour-trail\/\">Der Dinosaurier-Wanderweg auf Kamenjak <\/a><\/strong>erz\u00e4hlt Ihnen die Geschichte der fernen Vergangenheit und \u00fcber die Zeit, als diese ungew\u00f6hnlichen Kreaturen &#8211; Dinosaurier das Land regierten. Die Pfadwege Gradina und Punta sind gleicherma\u00dfen herausfordernd und lehrreich. Hervorzuheben ist sicherlich, dass <strong><a href=\"https:\/\/www.medulinriviera.info\/de\/activity\/137-sensory-didactic-path-gradine\/\">die sensorisch-didaktische Promenade Gradina <\/a><\/strong>am Gornji Kamenjak f\u00fcr blinde und sehbehinderte Menschen geeignet ist.<\/p>\n\n\n\n<p>Wenn Sie bereits nach Kamenjak aufgebrochen sind, laden wir Sie ein, die Safari-Bar und Istrische Farm zu besuchen. Machen Sie eine Pause, genie\u00dfen Sie die urspr\u00fcnglichen Aromen und Geschmacksrichtungen\u00a0 mit Blick auf das offene Meer und den <strong>Leuchtturm von Porer<\/strong><\/p>\n\n\n\n<p>Ein unterhaltsamer Tag k\u00f6nnen Sie auch im \u00f6rtlichen <strong><a href=\"https:\/\/www.medulinriviera.info\/de\/attraction\/abenteuerpark\/\">Adrenalin Park<\/a><\/strong> verbringen oder unsere malerischen Orte erkunden &#8211; <strong><a href=\"https:\/\/www.medulinriviera.info\/de\/places\/\">Medulin, Premantura, Banjole, Pomer, Pje\u0161\u010dana Uvala, Vinkuran, Vintijan<\/a><\/strong><\/p>\n\n\n\n<p>Willst du etwas mehr? Vielleicht m\u00f6chten Sie die Aufregung beim Abheben und die Freiheit beim Fliegen sp\u00fcren? <strong><a href=\"https:\/\/www.medulinriviera.info\/de\/attraction\/panoramafluege\/\">Panoramafl\u00fcge<\/a><\/strong> sind die richtige Wahl f\u00fcr Sie. Unwiderstehliche Szenen, Himmel und Meeresblau, zahlreiche Inseln und Buchten wechseln sich in Ihrem Sichtfeld ab, wenn Sie \u00fcber die Medulin Riviera fliegen. Und <strong>wenn Sie in unser Blau eintauchen m\u00f6chten<\/strong>, wenden Sie sich an <strong><a href=\"https:\/\/www.medulinriviera.info\/de\/activities\/diving\/\">unsere Tauchzentren, <\/a><\/strong>den Meeresboden von Medulin Riviera ist reich an Flora und Fauna und eine ganze Reihe von versunkenen Schiffen. Sie werden sie mit Hilfe von Fachleuten entdecken. Die geben ihr Bestes, um die perfekten Momente unter dem Meer f\u00fcr Sie zu organisieren.<\/p>\n\n\n\n<p>Eine wundervolle Erfahrung wird f\u00fcr Sie und ihre Freunde vorbereitet, und bringt Sie zum Meer &#8211; um einen gro\u00dfen Fisch beim <strong><a href=\"https:\/\/www.medulinriviera.info\/de\/attraction\/big-game-fishing\/\">Big Game Fishing<\/a><\/strong> zu fangen.<\/p>\n\n\n\n<p>Sie k\u00f6nnen auch die unermesslichen Natursch\u00f6nheiten der Medulin Riviera beim <strong><a href=\"https:\/\/www.medulinriviera.info\/de\/activities\/horseback-riding\/\">Reiten <\/a><\/strong>kennenlernen. In unseren Zentren werden spezielle Routen f\u00fcr Sie vorbereitet. Und es ist ein ganz besonderes Erlebnis, neben unserem gro\u00dfen Blau zu reiten.<\/p>\n\n\n\n<p>Und wenn die Bora oder der Jugo weht, wissen <strong><a href=\"https:\/\/www.medulinriviera.info\/de\/activities\/windsurfing-kitesurfing\/\">Windsurfer und Kitesurf-Fans,<\/a><\/strong> dass es keinen besseren Ort als Medulin Riviera gibt, um diese Sportarten zu genie\u00dfen. Und viele kommen, um sie zu genie\u00dfen.<\/p>\n\n\n\n<p>Medulin Riviera bietet Ihnen unentdeckte Erlebnisse. Wir laden Sie ein, mit uns eine Pause einzulegen, sich zu entspannen und Ihren Geist f\u00fcr neue Abenteuer zu \u00f6ffnen. Dank des milden Klimas sind zahlreiche Sonnentage Medulin Riviera zu jeder Jahreszeit eine gute Wahl&#8230; Atmen Sie gesund ein, lassen Sie den Stress los und kehren Sie ausgeruht, ruhig und sorglos nach Hause zur\u00fcck.<\/p>\n\n\n\n<p>Wir warten an der Medulin Riviera auf Sie!<\/p>\n","protected":false},"excerpt":{"rendered":"<p>Umgeben vom Meer und der wundersch\u00f6nen Natur der Medulin Riviera und ihrer 80 Kilometer langen K\u00fcste ist dies ein idealer&#8230;<\/p>\n","protected":false},"author":2,"featured_media":20772,"parent":11,"menu_order":0,"comment_status":"closed","ping_status":"closed","template":"","meta":{"_acf_changed":false,"footnotes":""},"classificator":[],"class_list":["post-20788","page","type-page","status-publish","has-post-thumbnail","hentry"],"acf":{"video":"","gallery":null},"yoast_head":"<!-- This site is optimized with the Yoast SEO plugin v27.3 - https:\/\/yoast.com\/product\/yoast-seo-wordpress\/ -->\n<title>Herbst und Winter an Medulin Riviera - Medulin Riviera<\/title>\n<meta name=\"robots\" content=\"index, follow, max-snippet:-1, max-image-preview:large, max-video-preview:-1\" \/>\n<link rel=\"canonical\" href=\"https:\/\/www.medulinriviera.info\/de\/home\/herbst-und-winter-an-medulin-riviera\/\" \/>\n<meta property=\"og:locale\" content=\"de_DE\" \/>\n<meta property=\"og:type\" content=\"article\" \/>\n<meta property=\"og:title\" content=\"Herbst und Winter an Medulin Riviera - Medulin Riviera\" \/>\n<meta property=\"og:description\" content=\"Umgeben vom Meer und der wundersch\u00f6nen Natur der Medulin Riviera und ihrer 80 Kilometer langen K\u00fcste ist dies ein idealer...\" \/>\n<meta property=\"og:url\" content=\"https:\/\/www.medulinriviera.info\/de\/home\/herbst-und-winter-an-medulin-riviera\/\" \/>\n<meta property=\"og:site_name\" content=\"Medulin Riviera\" \/>\n<meta property=\"article:publisher\" content=\"https:\/\/www.facebook.com\/medulinriviera\/\" \/>\n<meta property=\"article:modified_time\" content=\"2021-10-22T10:23:17+00:00\" \/>\n<meta property=\"og:image\" content=\"https:\/\/www.medulinriviera.info\/wp-content\/uploads\/2021\/10\/TZOMWEB-KampKazelaMedulinZima-Studio11.jpg\" \/>\n\t<meta property=\"og:image:width\" content=\"2500\" \/>\n\t<meta property=\"og:image:height\" content=\"1667\" \/>\n\t<meta property=\"og:image:type\" content=\"image\/jpeg\" \/>\n<meta name=\"twitter:card\" content=\"summary_large_image\" \/>\n<meta name=\"twitter:label1\" content=\"Gesch\u00e4tzte Lesezeit\" \/>\n\t<meta name=\"twitter:data1\" content=\"4\u00a0Minuten\" \/>\n<script type=\"application\/ld+json\" class=\"yoast-schema-graph\">{\"@context\":\"https:\\\/\\\/schema.org\",\"@graph\":[{\"@type\":\"WebPage\",\"@id\":\"https:\\\/\\\/www.medulinriviera.info\\\/de\\\/home\\\/herbst-und-winter-an-medulin-riviera\\\/\",\"url\":\"https:\\\/\\\/www.medulinriviera.info\\\/de\\\/home\\\/herbst-und-winter-an-medulin-riviera\\\/\",\"name\":\"Herbst und Winter an Medulin Riviera - Medulin Riviera\",\"isPartOf\":{\"@id\":\"https:\\\/\\\/www.medulinriviera.info\\\/de\\\/#website\"},\"primaryImageOfPage\":{\"@id\":\"https:\\\/\\\/www.medulinriviera.info\\\/de\\\/home\\\/herbst-und-winter-an-medulin-riviera\\\/#primaryimage\"},\"image\":{\"@id\":\"https:\\\/\\\/www.medulinriviera.info\\\/de\\\/home\\\/herbst-und-winter-an-medulin-riviera\\\/#primaryimage\"},\"thumbnailUrl\":\"https:\\\/\\\/www.medulinriviera.info\\\/wp-content\\\/uploads\\\/2021\\\/10\\\/TZOMWEB-KampKazelaMedulinZima-Studio11.jpg\",\"datePublished\":\"2021-10-22T09:27:05+00:00\",\"dateModified\":\"2021-10-22T10:23:17+00:00\",\"breadcrumb\":{\"@id\":\"https:\\\/\\\/www.medulinriviera.info\\\/de\\\/home\\\/herbst-und-winter-an-medulin-riviera\\\/#breadcrumb\"},\"inLanguage\":\"de\",\"potentialAction\":[{\"@type\":\"ReadAction\",\"target\":[\"https:\\\/\\\/www.medulinriviera.info\\\/de\\\/home\\\/herbst-und-winter-an-medulin-riviera\\\/\"]}]},{\"@type\":\"ImageObject\",\"inLanguage\":\"de\",\"@id\":\"https:\\\/\\\/www.medulinriviera.info\\\/de\\\/home\\\/herbst-und-winter-an-medulin-riviera\\\/#primaryimage\",\"url\":\"https:\\\/\\\/www.medulinriviera.info\\\/wp-content\\\/uploads\\\/2021\\\/10\\\/TZOMWEB-KampKazelaMedulinZima-Studio11.jpg\",\"contentUrl\":\"https:\\\/\\\/www.medulinriviera.info\\\/wp-content\\\/uploads\\\/2021\\\/10\\\/TZOMWEB-KampKazelaMedulinZima-Studio11.jpg\",\"width\":2500,\"height\":1667},{\"@type\":\"BreadcrumbList\",\"@id\":\"https:\\\/\\\/www.medulinriviera.info\\\/de\\\/home\\\/herbst-und-winter-an-medulin-riviera\\\/#breadcrumb\",\"itemListElement\":[{\"@type\":\"ListItem\",\"position\":1,\"name\":\"Home\",\"item\":\"https:\\\/\\\/www.medulinriviera.info\\\/de\\\/\"},{\"@type\":\"ListItem\",\"position\":2,\"name\":\"Home\",\"item\":\"https:\\\/\\\/www.medulinriviera.info\\\/de\\\/\"},{\"@type\":\"ListItem\",\"position\":3,\"name\":\"Herbst und Winter an Medulin Riviera\"}]},{\"@type\":\"WebSite\",\"@id\":\"https:\\\/\\\/www.medulinriviera.info\\\/de\\\/#website\",\"url\":\"https:\\\/\\\/www.medulinriviera.info\\\/de\\\/\",\"name\":\"Medulin Riviera\",\"description\":\"The Blue Planet\",\"publisher\":{\"@id\":\"https:\\\/\\\/www.medulinriviera.info\\\/de\\\/#organization\"},\"potentialAction\":[{\"@type\":\"SearchAction\",\"target\":{\"@type\":\"EntryPoint\",\"urlTemplate\":\"https:\\\/\\\/www.medulinriviera.info\\\/de\\\/?s={search_term_string}\"},\"query-input\":{\"@type\":\"PropertyValueSpecification\",\"valueRequired\":true,\"valueName\":\"search_term_string\"}}],\"inLanguage\":\"de\"},{\"@type\":\"Organization\",\"@id\":\"https:\\\/\\\/www.medulinriviera.info\\\/de\\\/#organization\",\"name\":\"Medulin Riviera\",\"url\":\"https:\\\/\\\/www.medulinriviera.info\\\/de\\\/\",\"logo\":{\"@type\":\"ImageObject\",\"inLanguage\":\"de\",\"@id\":\"https:\\\/\\\/www.medulinriviera.info\\\/de\\\/#\\\/schema\\\/logo\\\/image\\\/\",\"url\":\"https:\\\/\\\/www.medulinriviera.info\\\/wp-content\\\/uploads\\\/2020\\\/06\\\/logo-alt.png\",\"contentUrl\":\"https:\\\/\\\/www.medulinriviera.info\\\/wp-content\\\/uploads\\\/2020\\\/06\\\/logo-alt.png\",\"width\":264,\"height\":78,\"caption\":\"Medulin Riviera\"},\"image\":{\"@id\":\"https:\\\/\\\/www.medulinriviera.info\\\/de\\\/#\\\/schema\\\/logo\\\/image\\\/\"},\"sameAs\":[\"https:\\\/\\\/www.facebook.com\\\/medulinriviera\\\/\",\"https:\\\/\\\/www.instagram.com\\\/medulinriviera\\\/\",\"https:\\\/\\\/www.youtube.com\\\/channel\\\/UCYdC8kYbK9OEmlmeZydpumQ\"]}]}<\/script>\n<!-- \/ Yoast SEO plugin. -->","yoast_head_json":{"title":"Herbst und Winter an Medulin Riviera - Medulin Riviera","robots":{"index":"index","follow":"follow","max-snippet":"max-snippet:-1","max-image-preview":"max-image-preview:large","max-video-preview":"max-video-preview:-1"},"canonical":"https:\/\/www.medulinriviera.info\/de\/home\/herbst-und-winter-an-medulin-riviera\/","og_locale":"de_DE","og_type":"article","og_title":"Herbst und Winter an Medulin Riviera - Medulin Riviera","og_description":"Umgeben vom Meer und der wundersch\u00f6nen Natur der Medulin Riviera und ihrer 80 Kilometer langen K\u00fcste ist dies ein idealer...","og_url":"https:\/\/www.medulinriviera.info\/de\/home\/herbst-und-winter-an-medulin-riviera\/","og_site_name":"Medulin Riviera","article_publisher":"https:\/\/www.facebook.com\/medulinriviera\/","article_modified_time":"2021-10-22T10:23:17+00:00","og_image":[{"width":2500,"height":1667,"url":"https:\/\/www.medulinriviera.info\/wp-content\/uploads\/2021\/10\/TZOMWEB-KampKazelaMedulinZima-Studio11.jpg","type":"image\/jpeg"}],"twitter_card":"summary_large_image","twitter_misc":{"Gesch\u00e4tzte Lesezeit":"4\u00a0Minuten"},"schema":{"@context":"https:\/\/schema.org","@graph":[{"@type":"WebPage","@id":"https:\/\/www.medulinriviera.info\/de\/home\/herbst-und-winter-an-medulin-riviera\/","url":"https:\/\/www.medulinriviera.info\/de\/home\/herbst-und-winter-an-medulin-riviera\/","name":"Herbst und Winter an Medulin Riviera - Medulin Riviera","isPartOf":{"@id":"https:\/\/www.medulinriviera.info\/de\/#website"},"primaryImageOfPage":{"@id":"https:\/\/www.medulinriviera.info\/de\/home\/herbst-und-winter-an-medulin-riviera\/#primaryimage"},"image":{"@id":"https:\/\/www.medulinriviera.info\/de\/home\/herbst-und-winter-an-medulin-riviera\/#primaryimage"},"thumbnailUrl":"https:\/\/www.medulinriviera.info\/wp-content\/uploads\/2021\/10\/TZOMWEB-KampKazelaMedulinZima-Studio11.jpg","datePublished":"2021-10-22T09:27:05+00:00","dateModified":"2021-10-22T10:23:17+00:00","breadcrumb":{"@id":"https:\/\/www.medulinriviera.info\/de\/home\/herbst-und-winter-an-medulin-riviera\/#breadcrumb"},"inLanguage":"de","potentialAction":[{"@type":"ReadAction","target":["https:\/\/www.medulinriviera.info\/de\/home\/herbst-und-winter-an-medulin-riviera\/"]}]},{"@type":"ImageObject","inLanguage":"de","@id":"https:\/\/www.medulinriviera.info\/de\/home\/herbst-und-winter-an-medulin-riviera\/#primaryimage","url":"https:\/\/www.medulinriviera.info\/wp-content\/uploads\/2021\/10\/TZOMWEB-KampKazelaMedulinZima-Studio11.jpg","contentUrl":"https:\/\/www.medulinriviera.info\/wp-content\/uploads\/2021\/10\/TZOMWEB-KampKazelaMedulinZima-Studio11.jpg","width":2500,"height":1667},{"@type":"BreadcrumbList","@id":"https:\/\/www.medulinriviera.info\/de\/home\/herbst-und-winter-an-medulin-riviera\/#breadcrumb","itemListElement":[{"@type":"ListItem","position":1,"name":"Home","item":"https:\/\/www.medulinriviera.info\/de\/"},{"@type":"ListItem","position":2,"name":"Home","item":"https:\/\/www.medulinriviera.info\/de\/"},{"@type":"ListItem","position":3,"name":"Herbst und Winter an Medulin Riviera"}]},{"@type":"WebSite","@id":"https:\/\/www.medulinriviera.info\/de\/#website","url":"https:\/\/www.medulinriviera.info\/de\/","name":"Medulin Riviera","description":"The Blue Planet","publisher":{"@id":"https:\/\/www.medulinriviera.info\/de\/#organization"},"potentialAction":[{"@type":"SearchAction","target":{"@type":"EntryPoint","urlTemplate":"https:\/\/www.medulinriviera.info\/de\/?s={search_term_string}"},"query-input":{"@type":"PropertyValueSpecification","valueRequired":true,"valueName":"search_term_string"}}],"inLanguage":"de"},{"@type":"Organization","@id":"https:\/\/www.medulinriviera.info\/de\/#organization","name":"Medulin Riviera","url":"https:\/\/www.medulinriviera.info\/de\/","logo":{"@type":"ImageObject","inLanguage":"de","@id":"https:\/\/www.medulinriviera.info\/de\/#\/schema\/logo\/image\/","url":"https:\/\/www.medulinriviera.info\/wp-content\/uploads\/2020\/06\/logo-alt.png","contentUrl":"https:\/\/www.medulinriviera.info\/wp-content\/uploads\/2020\/06\/logo-alt.png","width":264,"height":78,"caption":"Medulin Riviera"},"image":{"@id":"https:\/\/www.medulinriviera.info\/de\/#\/schema\/logo\/image\/"},"sameAs":["https:\/\/www.facebook.com\/medulinriviera\/","https:\/\/www.instagram.com\/medulinriviera\/","https:\/\/www.youtube.com\/channel\/UCYdC8kYbK9OEmlmeZydpumQ"]}]}},"wpml_current_locale":"de_DE","wpml_translations":[{"locale":"hr","id":20780,"post_title":"Jesen i zima na Medulin Rivieri","href":"https:\/\/www.medulinriviera.info\/hr\/home\/jesen-i-zima-na-medulin-rivieri\/"},{"locale":"en_US","id":20768,"post_title":"Autumn & Winter on Medulin Riviera","href":"https:\/\/www.medulinriviera.info\/home\/autumm-winter-on-medulin-riviera\/"},{"locale":"fr_FR","id":20784,"post_title":"Autumm & Winter on Medulin Riviera","href":"https:\/\/www.medulinriviera.info\/fr\/home\/autumm-winter-on-medulin-riviera\/"},{"locale":"it_IT","id":20791,"post_title":"Autunno e inverno sulla Riviera di Medulin","href":"https:\/\/www.medulinriviera.info\/it\/home\/autunno-e-inverno-sulla-riviera-di-medulin\/"}],"_links":{"self":[{"href":"https:\/\/www.medulinriviera.info\/de\/wp-json\/wp\/v2\/pages\/20788","targetHints":{"allow":["GET"]}}],"collection":[{"href":"https:\/\/www.medulinriviera.info\/de\/wp-json\/wp\/v2\/pages"}],"about":[{"href":"https:\/\/www.medulinriviera.info\/de\/wp-json\/wp\/v2\/types\/page"}],"author":[{"embeddable":true,"href":"https:\/\/www.medulinriviera.info\/de\/wp-json\/wp\/v2\/users\/2"}],"replies":[{"embeddable":true,"href":"https:\/\/www.medulinriviera.info\/de\/wp-json\/wp\/v2\/comments?post=20788"}],"version-history":[{"count":0,"href":"https:\/\/www.medulinriviera.info\/de\/wp-json\/wp\/v2\/pages\/20788\/revisions"}],"up":[{"embeddable":true,"href":"https:\/\/www.medulinriviera.info\/de\/wp-json\/wp\/v2\/pages\/11"}],"wp:featuredmedia":[{"embeddable":true,"href":"https:\/\/www.medulinriviera.info\/de\/wp-json\/wp\/v2\/media\/20772"}],"wp:attachment":[{"href":"https:\/\/www.medulinriviera.info\/de\/wp-json\/wp\/v2\/media?parent=20788"}],"wp:term":[{"taxonomy":"classificator","embeddable":true,"href":"https:\/\/www.medulinriviera.info\/de\/wp-json\/wp\/v2\/classificator?post=20788"}],"curies":[{"name":"wp","href":"https:\/\/api.w.org\/{rel}","templated":true}]}}