{"id":12975,"date":"2020-06-12T12:16:18","date_gmt":"2020-06-12T10:16:18","guid":{"rendered":"https:\/\/www.medulinriviera.info\/activities\/cycling\/download\/"},"modified":"2020-06-12T13:08:36","modified_gmt":"2020-06-12T11:08:36","slug":"download","status":"publish","type":"page","link":"https:\/\/www.medulinriviera.info\/de\/activities\/cycling\/download\/","title":{"rendered":"Download"},"content":{"rendered":"\n<h2 class=\"wp-block-heading\">1. Gruppe: Garmin<\/h2>\n\n\n\n<p>Die Fahrradkarte ist f\u00fcr alle GARMIN GPS Ger\u00e4te geeignet.<\/p>\n\n\n\n<div class=\"wp-block-columns is-layout-flex wp-container-core-columns-is-layout-9d6595d7 wp-block-columns-is-layout-flex\">\n<div class=\"wp-block-column is-layout-flow wp-block-column-is-layout-flow\">\n<div class=\"wp-block-buttons is-layout-flex wp-block-buttons-is-layout-flex\">\n<div class=\"wp-block-button btn-routes-download\"><a class=\"wp-block-button__link\" href=\"\/maps-download\/bike-routes\/gmapsupp-all.img\">Download GPS Karten aller Strecken<\/a><\/div>\n<\/div>\n\n\n\n<p><small>Auf ihr Ger\u00e4t werden alle Fahrradkarten und alle points of interest \u00fcbertragen. Bei der Nutzung dieser Option muss in dem Men\u00fc der gew\u00fcnschte point of interest gefunden werden und das Programm wird Sie zu dem gew\u00fcnschten Punkt \u00fcber die k\u00fcrzeste Fahrradstrecke f\u00fchren. Falls Sie aus irgendwelchem Grund vom Weg abkommen, wird das Programm automatisch einen neuen, k\u00fcrzesten Weg finden.<\/small><\/p>\n<\/div>\n\n\n\n<div class=\"wp-block-column is-layout-flow wp-block-column-is-layout-flow\">\n<div class=\"wp-block-buttons is-layout-flex wp-block-buttons-is-layout-flex\">\n<div class=\"wp-block-button btn-routes-download\"><a class=\"wp-block-button__link\" href=\"\/maps-download\/bike-routes\/gmapsupp.img\">Download GPS Karten jeder Strecke einzeln<\/a><\/div>\n<\/div>\n\n\n\n<p><small>Auf ihr Ger\u00e4t werden alle Fahrradkarten im Einzelformat \u00fcbertragen. Vor der Abfahrt m\u00fcssen Sie sich auf irgend einem Punkt in unmittelbarer N\u00e4he der Strecke befinden. Im Men\u00fc w\u00e4hlen und markieren Sie die gew\u00fcnschte Karte. Danach m\u00fcssen sie Ihre gegenw\u00e4rtige Position durch das Ger\u00e4t bestimmen und markieren lassen. Nach der Abfahrt legt das Ger\u00e4t Ihre Startposition fest, f\u00fchrt Sie in entgegen gesetztem Uhrzeigersinn durch die Strecke und nach beendeter Runde wieder zum Ausgangspunkt zur\u00fcck.<\/small><\/p>\n<\/div>\n<\/div>\n\n\n\n<hr class=\"wp-block-separator\"\/>\n\n\n\n<h2 class=\"wp-block-heading\">2. Gruppe: Navitel<\/h2>\n\n\n\n<p>Die Fahrradmappe ist f\u00fcr alle NAVITEL Ger\u00e4te geeignet, sowie andere Navigationsger\u00e4te, welche verschiedene Betriebssysteme &#8211; Windows Mobile, Andriod, iOS, Symbian und BADA unterst\u00fctzen.<\/p>\n\n\n\n<div class=\"wp-block-columns has-background has-very-light-gray-background-color is-layout-flex wp-container-core-columns-is-layout-9d6595d7 wp-block-columns-is-layout-flex\">\n<div class=\"wp-block-column is-layout-flow wp-block-column-is-layout-flow\">\n<figure class=\"wp-block-image size-large\"><img loading=\"lazy\" decoding=\"async\" width=\"204\" height=\"69\" src=\"https:\/\/www.medulinriviera.info\/wp-content\/uploads\/2020\/06\/navitel.jpg\" alt=\"\" class=\"wp-image-12869\"\/><\/figure>\n<\/div>\n\n\n\n<div class=\"wp-block-column d-flex justify-items-end align-items-center is-layout-flow wp-block-column-is-layout-flow\">\n<div class=\"wp-block-image my-0\"><figure class=\"alignright size-large\"><a href=\"https:\/\/navitel.ru\/en\/navigation\/windowsmobile\/\" target=\"_blank\" rel=\"noopener noreferrer\"><img loading=\"lazy\" decoding=\"async\" width=\"66\" height=\"61\" src=\"https:\/\/www.medulinriviera.info\/wp-content\/uploads\/2020\/06\/windows-mobile.jpg\" alt=\"\" class=\"wp-image-12899\"\/><\/a><\/figure><\/div>\n\n\n\n<div class=\"wp-block-image my-0\"><figure class=\"alignright size-large\"><a href=\"https:\/\/navitel.ru\/en\/navigation\/android\/\" target=\"_blank\" rel=\"noopener noreferrer\"><img loading=\"lazy\" decoding=\"async\" width=\"66\" height=\"61\" src=\"https:\/\/www.medulinriviera.info\/wp-content\/uploads\/2020\/06\/android.jpg\" alt=\"\" class=\"wp-image-12893\"\/><\/a><\/figure><\/div>\n\n\n\n<div class=\"wp-block-image my-0\"><figure class=\"alignright size-large\"><a href=\"https:\/\/navitel.ru\/en\/navigation\/iphoneipad\/\" target=\"_blank\" rel=\"noopener noreferrer\"><img loading=\"lazy\" decoding=\"async\" width=\"66\" height=\"61\" src=\"https:\/\/www.medulinriviera.info\/wp-content\/uploads\/2020\/06\/ios.jpg\" alt=\"\" class=\"wp-image-12887\"\/><\/a><\/figure><\/div>\n\n\n\n<div class=\"wp-block-image my-0\"><figure class=\"alignright size-large\"><a href=\"https:\/\/navitel.ru\/en\/navigation\/symbian\/\" target=\"_blank\" rel=\"noopener noreferrer\"><img loading=\"lazy\" decoding=\"async\" width=\"66\" height=\"61\" src=\"https:\/\/www.medulinriviera.info\/wp-content\/uploads\/2020\/06\/symbian.jpg\" alt=\"\" class=\"wp-image-12881\"\/><\/a><\/figure><\/div>\n\n\n\n<div class=\"wp-block-image my-0\"><figure class=\"alignright size-large\"><a href=\"https:\/\/navitel.ru\/en\/navigation\/bada\/\" target=\"_blank\" rel=\"noopener noreferrer\"><img loading=\"lazy\" decoding=\"async\" width=\"66\" height=\"61\" src=\"https:\/\/www.medulinriviera.info\/wp-content\/uploads\/2020\/06\/bada.jpg\" alt=\"\" class=\"wp-image-12875\"\/><\/a><\/figure><\/div>\n\n\n\n<p><\/p>\n<\/div>\n<\/div>\n\n\n\n<div class=\"wp-block-columns is-layout-flex wp-container-core-columns-is-layout-9d6595d7 wp-block-columns-is-layout-flex\">\n<div class=\"wp-block-column is-layout-flow wp-block-column-is-layout-flow\">\n<div class=\"wp-block-buttons is-layout-flex wp-block-buttons-is-layout-flex\">\n<div class=\"wp-block-button btn-routes-download\"><a class=\"wp-block-button__link\" href=\"\/maps-download\/bike-routes\/all_bike_roads.nm2\">Download GPS Karten aller Strecken<\/a><\/div>\n<\/div>\n\n\n\n<p><small>Auf ihr Ger\u00e4t werden alle Fahrradkarten und alle points of interest \u00fcbertragen. Bei der Nutzung dieser Option muss in dem Men\u00fc der gew\u00fcnschte point of interest gefunden werden und das Programm wird Sie auf dem k\u00fcrzesten Weg \u00fcber die Fahrradstrecke zu dem gew\u00fcnschten Punkt f\u00fchren. Falls Sie aus irgendwelchem Grund vom Weg abkommen, wird das Programm automatisch einen neuen k\u00fcrzesten Weg finden.<\/small><\/p>\n<\/div>\n\n\n\n<div class=\"wp-block-column is-layout-flow wp-block-column-is-layout-flow\">\n<div class=\"wp-block-buttons is-layout-flex wp-block-buttons-is-layout-flex\">\n<div class=\"wp-block-button btn-routes-download\"><a class=\"wp-block-button__link\" href=\"\/maps-download\/bike-routes\/single_bike_rutes.nm2\">Download GPS Karten jeder Strecke einzeln<\/a><\/div>\n<\/div>\n\n\n\n<p><small>Auf ihr Ger\u00e4t werden alle Fahrradkarten, aber in diesem Fall, im Einzelformat \u00fcbertragen. Vor der Abfahrt m\u00fcssen Sie sich auf irgend einem Punkt in unmittelbarer N\u00e4he der Strecke, befinden. Im Men\u00fc w\u00e4hlen und markieren Sie die gew\u00fcnschte Karte. Danach m\u00fcssen Sie Ihre gegenw\u00e4rtige Position durch das Ger\u00e4t bestimmen und markieren lassen. Nach der Abfahrt legt das Ger\u00e4t Ihre Startposition fest, f\u00fchrt Sie in entgegen gesetztem Uhrzeigersinn durch die Strecke und nach beendeter Runde wieder zum Ausgangspunkt zur\u00fcck.<\/small><\/p>\n<\/div>\n<\/div>\n\n\n\n<hr class=\"wp-block-separator\"\/>\n\n\n\n<h2 class=\"wp-block-heading\">3. Gruppe &#8211; sonstige GPS Ger\u00e4te<\/h2>\n\n\n\n<p>Die Fahrradmappen sind im GPX Format und f\u00fcr alle standardisierten GPS Ger\u00e4te geeignet.<\/p>\n\n\n\n<p>In Ihr Ger\u00e4t k\u00f6nnen Sie die points of interest, sowie jede Karte einzeln eingeben. Das Programm arbeitet nach dem selben Prinzip, wie die ersten beiden Ger\u00e4tegruppen, aber es gibt keine Routingm\u00f6glichkeit.<\/p>\n\n\n\n<div class=\"wp-block-group has-very-light-gray-background-color has-background p-3 mb-4\"><div class=\"wp-block-group__inner-container is-layout-flow wp-block-group-is-layout-flow\">\n<div class=\"wp-block-image\"><figure class=\"alignleft size-large\"><img loading=\"lazy\" decoding=\"async\" width=\"86\" height=\"96\" src=\"https:\/\/www.medulinriviera.info\/wp-content\/uploads\/2020\/06\/gpx.jpg\" alt=\"\" class=\"wp-image-12938\"\/><\/figure><\/div>\n\n\n\n<div class=\"wp-block-columns is-layout-flex wp-container-core-columns-is-layout-9d6595d7 wp-block-columns-is-layout-flex\">\n<div class=\"wp-block-column is-layout-flow wp-block-column-is-layout-flow\">\n<div class=\"wp-block-buttons is-layout-flex wp-block-buttons-is-layout-flex\">\n<div class=\"wp-block-button btn-routes-download-gpx\"><a class=\"wp-block-button__link\" href=\"\/maps-download\/bike-routes\/Medulin_Riviera.gpx.zip\">MEDULIN RIVIERA<\/a><\/div>\n\n\n\n<div class=\"wp-block-button btn-routes-download-gpx\"><a class=\"wp-block-button__link\" href=\"\/maps-download\/bike-routes\/Pula_Classical.gpx.zip\">PULA CLASSICAL<\/a><\/div>\n\n\n\n<div class=\"wp-block-button btn-routes-download-gpx\"><a class=\"wp-block-button__link\" href=\"\/maps-download\/bike-routes\/The_Big_Blue.gpx.zip\">THE BIG BLUE<\/a><\/div>\n<\/div>\n<\/div>\n\n\n\n<div class=\"wp-block-column is-layout-flow wp-block-column-is-layout-flow\">\n<div class=\"wp-block-buttons is-layout-flex wp-block-buttons-is-layout-flex\">\n<div class=\"wp-block-button btn-routes-download-gpx\"><a class=\"wp-block-button__link\" href=\"\/maps-download\/bike-routes\/Brijuni_Riviera.gpx.zip\">BRIJUNI RIVIERA<\/a><\/div>\n\n\n\n<div class=\"wp-block-button btn-routes-download-gpx\"><a class=\"wp-block-button__link\" href=\"\/maps-download\/bike-routes\/The_Amazing_Green.gpx.zip\">THE AMAZING GREEN<\/a><\/div>\n\n\n\n<div class=\"wp-block-button btn-routes-download-gpx\"><a class=\"wp-block-button__link\" href=\"\/maps-download\/bike-routes\/The_East_Story.gpx.zip\">THE EAST STORY<\/a><\/div>\n\n\n\n<div class=\"wp-block-button btn-routes-download-gpx\"><a class=\"wp-block-button__link\" href=\"\/maps-download\/bike-routes\/POI.gpx.zip\">POINTS OF INTEREST<\/a><\/div>\n<\/div>\n<\/div>\n<\/div>\n<\/div><\/div>\n","protected":false},"excerpt":{"rendered":"<p>1. Gruppe: Garmin Die Fahrradkarte ist f\u00fcr alle GARMIN GPS Ger\u00e4te geeignet. Auf ihr Ger\u00e4t werden alle Fahrradkarten und alle&#8230;<\/p>\n","protected":false},"author":1,"featured_media":12660,"parent":12732,"menu_order":0,"comment_status":"closed","ping_status":"closed","template":"","meta":{"_acf_changed":false,"footnotes":""},"classificator":[],"class_list":["post-12975","page","type-page","status-publish","has-post-thumbnail","hentry"],"acf":{"video":"","gallery":[]},"yoast_head":"<!-- This site is optimized with the Yoast SEO plugin v27.6 - https:\/\/yoast.com\/product\/yoast-seo-wordpress\/ -->\n<title>Download - Medulin Riviera<\/title>\n<meta name=\"robots\" content=\"index, follow, max-snippet:-1, max-image-preview:large, max-video-preview:-1\" \/>\n<link rel=\"canonical\" href=\"https:\/\/www.medulinriviera.info\/de\/activities\/cycling\/download\/\" \/>\n<meta property=\"og:locale\" content=\"de_DE\" \/>\n<meta property=\"og:type\" content=\"article\" \/>\n<meta property=\"og:title\" content=\"Download - Medulin Riviera\" \/>\n<meta property=\"og:description\" content=\"1. Gruppe: Garmin Die Fahrradkarte ist f\u00fcr alle GARMIN GPS Ger\u00e4te geeignet. Auf ihr Ger\u00e4t werden alle Fahrradkarten und alle...\" \/>\n<meta property=\"og:url\" content=\"https:\/\/www.medulinriviera.info\/de\/activities\/cycling\/download\/\" \/>\n<meta property=\"og:site_name\" content=\"Medulin Riviera\" \/>\n<meta property=\"article:publisher\" content=\"https:\/\/www.facebook.com\/medulinriviera\/\" \/>\n<meta property=\"article:modified_time\" content=\"2020-06-12T11:08:36+00:00\" \/>\n<meta property=\"og:image\" content=\"https:\/\/www.medulinriviera.info\/wp-content\/uploads\/2020\/06\/bikerute3-crop.jpg\" \/>\n\t<meta property=\"og:image:width\" content=\"966\" \/>\n\t<meta property=\"og:image:height\" content=\"487\" \/>\n\t<meta property=\"og:image:type\" content=\"image\/jpeg\" \/>\n<meta name=\"twitter:card\" content=\"summary_large_image\" \/>\n<meta name=\"twitter:label1\" content=\"Gesch\u00e4tzte Lesezeit\" \/>\n\t<meta name=\"twitter:data1\" content=\"2\u00a0Minuten\" \/>\n<script type=\"application\/ld+json\" class=\"yoast-schema-graph\">{\"@context\":\"https:\\\/\\\/schema.org\",\"@graph\":[{\"@type\":\"WebPage\",\"@id\":\"https:\\\/\\\/www.medulinriviera.info\\\/de\\\/activities\\\/cycling\\\/download\\\/\",\"url\":\"https:\\\/\\\/www.medulinriviera.info\\\/de\\\/activities\\\/cycling\\\/download\\\/\",\"name\":\"Download - Medulin Riviera\",\"isPartOf\":{\"@id\":\"https:\\\/\\\/www.medulinriviera.info\\\/de\\\/#website\"},\"primaryImageOfPage\":{\"@id\":\"https:\\\/\\\/www.medulinriviera.info\\\/de\\\/activities\\\/cycling\\\/download\\\/#primaryimage\"},\"image\":{\"@id\":\"https:\\\/\\\/www.medulinriviera.info\\\/de\\\/activities\\\/cycling\\\/download\\\/#primaryimage\"},\"thumbnailUrl\":\"https:\\\/\\\/www.medulinriviera.info\\\/wp-content\\\/uploads\\\/2020\\\/06\\\/bikerute3-crop.jpg\",\"datePublished\":\"2020-06-12T10:16:18+00:00\",\"dateModified\":\"2020-06-12T11:08:36+00:00\",\"breadcrumb\":{\"@id\":\"https:\\\/\\\/www.medulinriviera.info\\\/de\\\/activities\\\/cycling\\\/download\\\/#breadcrumb\"},\"inLanguage\":\"de\",\"potentialAction\":[{\"@type\":\"ReadAction\",\"target\":[\"https:\\\/\\\/www.medulinriviera.info\\\/de\\\/activities\\\/cycling\\\/download\\\/\"]}]},{\"@type\":\"ImageObject\",\"inLanguage\":\"de\",\"@id\":\"https:\\\/\\\/www.medulinriviera.info\\\/de\\\/activities\\\/cycling\\\/download\\\/#primaryimage\",\"url\":\"https:\\\/\\\/www.medulinriviera.info\\\/wp-content\\\/uploads\\\/2020\\\/06\\\/bikerute3-crop.jpg\",\"contentUrl\":\"https:\\\/\\\/www.medulinriviera.info\\\/wp-content\\\/uploads\\\/2020\\\/06\\\/bikerute3-crop.jpg\",\"width\":966,\"height\":487},{\"@type\":\"BreadcrumbList\",\"@id\":\"https:\\\/\\\/www.medulinriviera.info\\\/de\\\/activities\\\/cycling\\\/download\\\/#breadcrumb\",\"itemListElement\":[{\"@type\":\"ListItem\",\"position\":1,\"name\":\"Home\",\"item\":\"https:\\\/\\\/www.medulinriviera.info\\\/de\\\/\"},{\"@type\":\"ListItem\",\"position\":2,\"name\":\"Aktivit\u00e4ten\",\"item\":\"https:\\\/\\\/www.medulinriviera.info\\\/de\\\/activities\\\/\"},{\"@type\":\"ListItem\",\"position\":3,\"name\":\"Radfahren\",\"item\":\"https:\\\/\\\/www.medulinriviera.info\\\/de\\\/activities\\\/cycling\\\/\"},{\"@type\":\"ListItem\",\"position\":4,\"name\":\"Download\"}]},{\"@type\":\"WebSite\",\"@id\":\"https:\\\/\\\/www.medulinriviera.info\\\/de\\\/#website\",\"url\":\"https:\\\/\\\/www.medulinriviera.info\\\/de\\\/\",\"name\":\"Medulin Riviera\",\"description\":\"The Blue Planet\",\"publisher\":{\"@id\":\"https:\\\/\\\/www.medulinriviera.info\\\/de\\\/#organization\"},\"potentialAction\":[{\"@type\":\"SearchAction\",\"target\":{\"@type\":\"EntryPoint\",\"urlTemplate\":\"https:\\\/\\\/www.medulinriviera.info\\\/de\\\/?s={search_term_string}\"},\"query-input\":{\"@type\":\"PropertyValueSpecification\",\"valueRequired\":true,\"valueName\":\"search_term_string\"}}],\"inLanguage\":\"de\"},{\"@type\":\"Organization\",\"@id\":\"https:\\\/\\\/www.medulinriviera.info\\\/de\\\/#organization\",\"name\":\"Medulin Riviera\",\"url\":\"https:\\\/\\\/www.medulinriviera.info\\\/de\\\/\",\"logo\":{\"@type\":\"ImageObject\",\"inLanguage\":\"de\",\"@id\":\"https:\\\/\\\/www.medulinriviera.info\\\/de\\\/#\\\/schema\\\/logo\\\/image\\\/\",\"url\":\"https:\\\/\\\/www.medulinriviera.info\\\/wp-content\\\/uploads\\\/2020\\\/06\\\/logo-alt.png\",\"contentUrl\":\"https:\\\/\\\/www.medulinriviera.info\\\/wp-content\\\/uploads\\\/2020\\\/06\\\/logo-alt.png\",\"width\":264,\"height\":78,\"caption\":\"Medulin Riviera\"},\"image\":{\"@id\":\"https:\\\/\\\/www.medulinriviera.info\\\/de\\\/#\\\/schema\\\/logo\\\/image\\\/\"},\"sameAs\":[\"https:\\\/\\\/www.facebook.com\\\/medulinriviera\\\/\",\"https:\\\/\\\/www.instagram.com\\\/medulinriviera\\\/\",\"https:\\\/\\\/www.youtube.com\\\/channel\\\/UCYdC8kYbK9OEmlmeZydpumQ\"]}]}<\/script>\n<!-- \/ Yoast SEO plugin. -->","yoast_head_json":{"title":"Download - Medulin Riviera","robots":{"index":"index","follow":"follow","max-snippet":"max-snippet:-1","max-image-preview":"max-image-preview:large","max-video-preview":"max-video-preview:-1"},"canonical":"https:\/\/www.medulinriviera.info\/de\/activities\/cycling\/download\/","og_locale":"de_DE","og_type":"article","og_title":"Download - Medulin Riviera","og_description":"1. Gruppe: Garmin Die Fahrradkarte ist f\u00fcr alle GARMIN GPS Ger\u00e4te geeignet. Auf ihr Ger\u00e4t werden alle Fahrradkarten und alle...","og_url":"https:\/\/www.medulinriviera.info\/de\/activities\/cycling\/download\/","og_site_name":"Medulin Riviera","article_publisher":"https:\/\/www.facebook.com\/medulinriviera\/","article_modified_time":"2020-06-12T11:08:36+00:00","og_image":[{"width":966,"height":487,"url":"https:\/\/www.medulinriviera.info\/wp-content\/uploads\/2020\/06\/bikerute3-crop.jpg","type":"image\/jpeg"}],"twitter_card":"summary_large_image","twitter_misc":{"Gesch\u00e4tzte Lesezeit":"2\u00a0Minuten"},"schema":{"@context":"https:\/\/schema.org","@graph":[{"@type":"WebPage","@id":"https:\/\/www.medulinriviera.info\/de\/activities\/cycling\/download\/","url":"https:\/\/www.medulinriviera.info\/de\/activities\/cycling\/download\/","name":"Download - Medulin Riviera","isPartOf":{"@id":"https:\/\/www.medulinriviera.info\/de\/#website"},"primaryImageOfPage":{"@id":"https:\/\/www.medulinriviera.info\/de\/activities\/cycling\/download\/#primaryimage"},"image":{"@id":"https:\/\/www.medulinriviera.info\/de\/activities\/cycling\/download\/#primaryimage"},"thumbnailUrl":"https:\/\/www.medulinriviera.info\/wp-content\/uploads\/2020\/06\/bikerute3-crop.jpg","datePublished":"2020-06-12T10:16:18+00:00","dateModified":"2020-06-12T11:08:36+00:00","breadcrumb":{"@id":"https:\/\/www.medulinriviera.info\/de\/activities\/cycling\/download\/#breadcrumb"},"inLanguage":"de","potentialAction":[{"@type":"ReadAction","target":["https:\/\/www.medulinriviera.info\/de\/activities\/cycling\/download\/"]}]},{"@type":"ImageObject","inLanguage":"de","@id":"https:\/\/www.medulinriviera.info\/de\/activities\/cycling\/download\/#primaryimage","url":"https:\/\/www.medulinriviera.info\/wp-content\/uploads\/2020\/06\/bikerute3-crop.jpg","contentUrl":"https:\/\/www.medulinriviera.info\/wp-content\/uploads\/2020\/06\/bikerute3-crop.jpg","width":966,"height":487},{"@type":"BreadcrumbList","@id":"https:\/\/www.medulinriviera.info\/de\/activities\/cycling\/download\/#breadcrumb","itemListElement":[{"@type":"ListItem","position":1,"name":"Home","item":"https:\/\/www.medulinriviera.info\/de\/"},{"@type":"ListItem","position":2,"name":"Aktivit\u00e4ten","item":"https:\/\/www.medulinriviera.info\/de\/activities\/"},{"@type":"ListItem","position":3,"name":"Radfahren","item":"https:\/\/www.medulinriviera.info\/de\/activities\/cycling\/"},{"@type":"ListItem","position":4,"name":"Download"}]},{"@type":"WebSite","@id":"https:\/\/www.medulinriviera.info\/de\/#website","url":"https:\/\/www.medulinriviera.info\/de\/","name":"Medulin Riviera","description":"The Blue Planet","publisher":{"@id":"https:\/\/www.medulinriviera.info\/de\/#organization"},"potentialAction":[{"@type":"SearchAction","target":{"@type":"EntryPoint","urlTemplate":"https:\/\/www.medulinriviera.info\/de\/?s={search_term_string}"},"query-input":{"@type":"PropertyValueSpecification","valueRequired":true,"valueName":"search_term_string"}}],"inLanguage":"de"},{"@type":"Organization","@id":"https:\/\/www.medulinriviera.info\/de\/#organization","name":"Medulin Riviera","url":"https:\/\/www.medulinriviera.info\/de\/","logo":{"@type":"ImageObject","inLanguage":"de","@id":"https:\/\/www.medulinriviera.info\/de\/#\/schema\/logo\/image\/","url":"https:\/\/www.medulinriviera.info\/wp-content\/uploads\/2020\/06\/logo-alt.png","contentUrl":"https:\/\/www.medulinriviera.info\/wp-content\/uploads\/2020\/06\/logo-alt.png","width":264,"height":78,"caption":"Medulin Riviera"},"image":{"@id":"https:\/\/www.medulinriviera.info\/de\/#\/schema\/logo\/image\/"},"sameAs":["https:\/\/www.facebook.com\/medulinriviera\/","https:\/\/www.instagram.com\/medulinriviera\/","https:\/\/www.youtube.com\/channel\/UCYdC8kYbK9OEmlmeZydpumQ"]}]}},"wpml_current_locale":"de_DE","wpml_translations":[{"locale":"hr","id":12972,"post_title":"Download","href":"https:\/\/www.medulinriviera.info\/hr\/activities\/cycling\/download\/"},{"locale":"en_US","id":12868,"post_title":"Download","href":"https:\/\/www.medulinriviera.info\/activities\/cycling\/download\/"},{"locale":"fr_FR","id":12974,"post_title":"Download","href":"https:\/\/www.medulinriviera.info\/fr\/activities\/cycling\/download\/"},{"locale":"it_IT","id":12976,"post_title":"Download","href":"https:\/\/www.medulinriviera.info\/it\/activities\/cycling\/download\/"},{"locale":"sl_SI","id":12977,"post_title":"Download","href":"https:\/\/www.medulinriviera.info\/sl\/activities\/cycling\/download\/"}],"_links":{"self":[{"href":"https:\/\/www.medulinriviera.info\/de\/wp-json\/wp\/v2\/pages\/12975","targetHints":{"allow":["GET"]}}],"collection":[{"href":"https:\/\/www.medulinriviera.info\/de\/wp-json\/wp\/v2\/pages"}],"about":[{"href":"https:\/\/www.medulinriviera.info\/de\/wp-json\/wp\/v2\/types\/page"}],"author":[{"embeddable":true,"href":"https:\/\/www.medulinriviera.info\/de\/wp-json\/wp\/v2\/users\/1"}],"replies":[{"embeddable":true,"href":"https:\/\/www.medulinriviera.info\/de\/wp-json\/wp\/v2\/comments?post=12975"}],"version-history":[{"count":0,"href":"https:\/\/www.medulinriviera.info\/de\/wp-json\/wp\/v2\/pages\/12975\/revisions"}],"up":[{"embeddable":true,"href":"https:\/\/www.medulinriviera.info\/de\/wp-json\/wp\/v2\/pages\/12732"}],"wp:featuredmedia":[{"embeddable":true,"href":"https:\/\/www.medulinriviera.info\/de\/wp-json\/wp\/v2\/media\/12660"}],"wp:attachment":[{"href":"https:\/\/www.medulinriviera.info\/de\/wp-json\/wp\/v2\/media?parent=12975"}],"wp:term":[{"taxonomy":"classificator","embeddable":true,"href":"https:\/\/www.medulinriviera.info\/de\/wp-json\/wp\/v2\/classificator?post=12975"}],"curies":[{"name":"wp","href":"https:\/\/api.w.org\/{rel}","templated":true}]}}