{"id":12821,"date":"2020-06-11T10:50:24","date_gmt":"2020-06-11T08:50:24","guid":{"rendered":"http:\/\/www.medulinriviera.info\/activities\/other-sports-on-water\/"},"modified":"2020-06-11T10:52:26","modified_gmt":"2020-06-11T08:52:26","slug":"other-sports-on-water","status":"publish","type":"page","link":"https:\/\/www.medulinriviera.info\/de\/activities\/other-sports-on-water\/","title":{"rendered":"Andere Sportarten"},"content":{"rendered":"\n<p>In den warmen Sommertagen erobern Sie doch die Bl\u00e4ue von Medulin mit Hilfe von bester Sportausr\u00fcstung, die Sie an unseren Str\u00e4nden mieten k\u00f6nnen.<\/p>\n\n\n\n<!--more-->\n\n\n\n<p>Mieten Sie doch ein Boot und erobern Sie die unglaublich sch\u00f6nen Str\u00e4nde in der Umgebung der Meduliner Riviera, mieten Sie ein Tretboot und genie\u00dfen Sie den Blick vom Meer auf unsere wundersch\u00f6nen Str\u00e4nde. Wenn Sie ein Abenteuer mit mehr Adrenalin suchen, dann probieren Sie auf jeden Fall eine Fahrt auf einem Bananenboot oder auf einem Funtube. Freude k\u00f6nnen Sie auch mit Wasserski, Surfen oder mit einem Scooter haben. Die Bl\u00e4ue von Medulin k\u00f6nnen Sie auch mit Hilfe eines Parasailings erleben.<\/p>\n\n\n\n<p>In Medulin k\u00f6nnen Sie wirklich Ihren Urlaub auf aktive Weise verbringen und die unermesslichen Natursch\u00f6nheiten, die diese Landschaft bietet, genie\u00dfen.<\/p>\n","protected":false},"excerpt":{"rendered":"<p>In den warmen Sommertagen erobern Sie doch die Bl\u00e4ue von Medulin mit Hilfe von bester Sportausr\u00fcstung, die Sie an unseren&#8230;<\/p>\n","protected":false},"author":1,"featured_media":17496,"parent":12669,"menu_order":10,"comment_status":"closed","ping_status":"closed","template":"tpl-activities.php","meta":{"_acf_changed":false,"footnotes":""},"classificator":[],"class_list":["post-12821","page","type-page","status-publish","has-post-thumbnail","hentry"],"acf":{"video":"","gallery":null},"yoast_head":"<!-- This site is optimized with the Yoast SEO plugin v27.6 - https:\/\/yoast.com\/product\/yoast-seo-wordpress\/ -->\n<title>Andere Sportarten - Medulin Riviera<\/title>\n<meta name=\"robots\" content=\"index, follow, max-snippet:-1, max-image-preview:large, max-video-preview:-1\" \/>\n<link rel=\"canonical\" href=\"https:\/\/www.medulinriviera.info\/de\/activities\/other-sports-on-water\/\" \/>\n<meta property=\"og:locale\" content=\"de_DE\" \/>\n<meta property=\"og:type\" content=\"article\" \/>\n<meta property=\"og:title\" content=\"Andere Sportarten - Medulin Riviera\" \/>\n<meta property=\"og:description\" content=\"In den warmen Sommertagen erobern Sie doch die Bl\u00e4ue von Medulin mit Hilfe von bester Sportausr\u00fcstung, die Sie an unseren...\" \/>\n<meta property=\"og:url\" content=\"https:\/\/www.medulinriviera.info\/de\/activities\/other-sports-on-water\/\" \/>\n<meta property=\"og:site_name\" content=\"Medulin Riviera\" \/>\n<meta property=\"article:publisher\" content=\"https:\/\/www.facebook.com\/medulinriviera\/\" \/>\n<meta property=\"article:modified_time\" content=\"2020-06-11T08:52:26+00:00\" \/>\n<meta property=\"og:image\" content=\"https:\/\/www.medulinriviera.info\/wp-content\/uploads\/2021\/03\/pexels-annam-w-1074451-scaled.jpg\" \/>\n\t<meta property=\"og:image:width\" content=\"2560\" \/>\n\t<meta property=\"og:image:height\" content=\"1706\" \/>\n\t<meta property=\"og:image:type\" content=\"image\/jpeg\" \/>\n<meta name=\"twitter:card\" content=\"summary_large_image\" \/>\n<meta name=\"twitter:label1\" content=\"Gesch\u00e4tzte Lesezeit\" \/>\n\t<meta name=\"twitter:data1\" content=\"1\u00a0Minute\" \/>\n<script type=\"application\/ld+json\" class=\"yoast-schema-graph\">{\"@context\":\"https:\\\/\\\/schema.org\",\"@graph\":[{\"@type\":\"WebPage\",\"@id\":\"https:\\\/\\\/www.medulinriviera.info\\\/de\\\/activities\\\/other-sports-on-water\\\/\",\"url\":\"https:\\\/\\\/www.medulinriviera.info\\\/de\\\/activities\\\/other-sports-on-water\\\/\",\"name\":\"Andere Sportarten - Medulin Riviera\",\"isPartOf\":{\"@id\":\"https:\\\/\\\/www.medulinriviera.info\\\/de\\\/#website\"},\"primaryImageOfPage\":{\"@id\":\"https:\\\/\\\/www.medulinriviera.info\\\/de\\\/activities\\\/other-sports-on-water\\\/#primaryimage\"},\"image\":{\"@id\":\"https:\\\/\\\/www.medulinriviera.info\\\/de\\\/activities\\\/other-sports-on-water\\\/#primaryimage\"},\"thumbnailUrl\":\"https:\\\/\\\/www.medulinriviera.info\\\/wp-content\\\/uploads\\\/2021\\\/03\\\/pexels-annam-w-1074451-scaled.jpg\",\"datePublished\":\"2020-06-11T08:50:24+00:00\",\"dateModified\":\"2020-06-11T08:52:26+00:00\",\"breadcrumb\":{\"@id\":\"https:\\\/\\\/www.medulinriviera.info\\\/de\\\/activities\\\/other-sports-on-water\\\/#breadcrumb\"},\"inLanguage\":\"de\",\"potentialAction\":[{\"@type\":\"ReadAction\",\"target\":[\"https:\\\/\\\/www.medulinriviera.info\\\/de\\\/activities\\\/other-sports-on-water\\\/\"]}]},{\"@type\":\"ImageObject\",\"inLanguage\":\"de\",\"@id\":\"https:\\\/\\\/www.medulinriviera.info\\\/de\\\/activities\\\/other-sports-on-water\\\/#primaryimage\",\"url\":\"https:\\\/\\\/www.medulinriviera.info\\\/wp-content\\\/uploads\\\/2021\\\/03\\\/pexels-annam-w-1074451-scaled.jpg\",\"contentUrl\":\"https:\\\/\\\/www.medulinriviera.info\\\/wp-content\\\/uploads\\\/2021\\\/03\\\/pexels-annam-w-1074451-scaled.jpg\",\"width\":2560,\"height\":1706},{\"@type\":\"BreadcrumbList\",\"@id\":\"https:\\\/\\\/www.medulinriviera.info\\\/de\\\/activities\\\/other-sports-on-water\\\/#breadcrumb\",\"itemListElement\":[{\"@type\":\"ListItem\",\"position\":1,\"name\":\"Home\",\"item\":\"https:\\\/\\\/www.medulinriviera.info\\\/de\\\/\"},{\"@type\":\"ListItem\",\"position\":2,\"name\":\"Aktivit\u00e4ten\",\"item\":\"https:\\\/\\\/www.medulinriviera.info\\\/de\\\/activities\\\/\"},{\"@type\":\"ListItem\",\"position\":3,\"name\":\"Andere Sportarten\"}]},{\"@type\":\"WebSite\",\"@id\":\"https:\\\/\\\/www.medulinriviera.info\\\/de\\\/#website\",\"url\":\"https:\\\/\\\/www.medulinriviera.info\\\/de\\\/\",\"name\":\"Medulin Riviera\",\"description\":\"The Blue Planet\",\"publisher\":{\"@id\":\"https:\\\/\\\/www.medulinriviera.info\\\/de\\\/#organization\"},\"potentialAction\":[{\"@type\":\"SearchAction\",\"target\":{\"@type\":\"EntryPoint\",\"urlTemplate\":\"https:\\\/\\\/www.medulinriviera.info\\\/de\\\/?s={search_term_string}\"},\"query-input\":{\"@type\":\"PropertyValueSpecification\",\"valueRequired\":true,\"valueName\":\"search_term_string\"}}],\"inLanguage\":\"de\"},{\"@type\":\"Organization\",\"@id\":\"https:\\\/\\\/www.medulinriviera.info\\\/de\\\/#organization\",\"name\":\"Medulin Riviera\",\"url\":\"https:\\\/\\\/www.medulinriviera.info\\\/de\\\/\",\"logo\":{\"@type\":\"ImageObject\",\"inLanguage\":\"de\",\"@id\":\"https:\\\/\\\/www.medulinriviera.info\\\/de\\\/#\\\/schema\\\/logo\\\/image\\\/\",\"url\":\"https:\\\/\\\/www.medulinriviera.info\\\/wp-content\\\/uploads\\\/2020\\\/06\\\/logo-alt.png\",\"contentUrl\":\"https:\\\/\\\/www.medulinriviera.info\\\/wp-content\\\/uploads\\\/2020\\\/06\\\/logo-alt.png\",\"width\":264,\"height\":78,\"caption\":\"Medulin Riviera\"},\"image\":{\"@id\":\"https:\\\/\\\/www.medulinriviera.info\\\/de\\\/#\\\/schema\\\/logo\\\/image\\\/\"},\"sameAs\":[\"https:\\\/\\\/www.facebook.com\\\/medulinriviera\\\/\",\"https:\\\/\\\/www.instagram.com\\\/medulinriviera\\\/\",\"https:\\\/\\\/www.youtube.com\\\/channel\\\/UCYdC8kYbK9OEmlmeZydpumQ\"]}]}<\/script>\n<!-- \/ Yoast SEO plugin. -->","yoast_head_json":{"title":"Andere Sportarten - Medulin Riviera","robots":{"index":"index","follow":"follow","max-snippet":"max-snippet:-1","max-image-preview":"max-image-preview:large","max-video-preview":"max-video-preview:-1"},"canonical":"https:\/\/www.medulinriviera.info\/de\/activities\/other-sports-on-water\/","og_locale":"de_DE","og_type":"article","og_title":"Andere Sportarten - Medulin Riviera","og_description":"In den warmen Sommertagen erobern Sie doch die Bl\u00e4ue von Medulin mit Hilfe von bester Sportausr\u00fcstung, die Sie an unseren...","og_url":"https:\/\/www.medulinriviera.info\/de\/activities\/other-sports-on-water\/","og_site_name":"Medulin Riviera","article_publisher":"https:\/\/www.facebook.com\/medulinriviera\/","article_modified_time":"2020-06-11T08:52:26+00:00","og_image":[{"width":2560,"height":1706,"url":"https:\/\/www.medulinriviera.info\/wp-content\/uploads\/2021\/03\/pexels-annam-w-1074451-scaled.jpg","type":"image\/jpeg"}],"twitter_card":"summary_large_image","twitter_misc":{"Gesch\u00e4tzte Lesezeit":"1\u00a0Minute"},"schema":{"@context":"https:\/\/schema.org","@graph":[{"@type":"WebPage","@id":"https:\/\/www.medulinriviera.info\/de\/activities\/other-sports-on-water\/","url":"https:\/\/www.medulinriviera.info\/de\/activities\/other-sports-on-water\/","name":"Andere Sportarten - Medulin Riviera","isPartOf":{"@id":"https:\/\/www.medulinriviera.info\/de\/#website"},"primaryImageOfPage":{"@id":"https:\/\/www.medulinriviera.info\/de\/activities\/other-sports-on-water\/#primaryimage"},"image":{"@id":"https:\/\/www.medulinriviera.info\/de\/activities\/other-sports-on-water\/#primaryimage"},"thumbnailUrl":"https:\/\/www.medulinriviera.info\/wp-content\/uploads\/2021\/03\/pexels-annam-w-1074451-scaled.jpg","datePublished":"2020-06-11T08:50:24+00:00","dateModified":"2020-06-11T08:52:26+00:00","breadcrumb":{"@id":"https:\/\/www.medulinriviera.info\/de\/activities\/other-sports-on-water\/#breadcrumb"},"inLanguage":"de","potentialAction":[{"@type":"ReadAction","target":["https:\/\/www.medulinriviera.info\/de\/activities\/other-sports-on-water\/"]}]},{"@type":"ImageObject","inLanguage":"de","@id":"https:\/\/www.medulinriviera.info\/de\/activities\/other-sports-on-water\/#primaryimage","url":"https:\/\/www.medulinriviera.info\/wp-content\/uploads\/2021\/03\/pexels-annam-w-1074451-scaled.jpg","contentUrl":"https:\/\/www.medulinriviera.info\/wp-content\/uploads\/2021\/03\/pexels-annam-w-1074451-scaled.jpg","width":2560,"height":1706},{"@type":"BreadcrumbList","@id":"https:\/\/www.medulinriviera.info\/de\/activities\/other-sports-on-water\/#breadcrumb","itemListElement":[{"@type":"ListItem","position":1,"name":"Home","item":"https:\/\/www.medulinriviera.info\/de\/"},{"@type":"ListItem","position":2,"name":"Aktivit\u00e4ten","item":"https:\/\/www.medulinriviera.info\/de\/activities\/"},{"@type":"ListItem","position":3,"name":"Andere Sportarten"}]},{"@type":"WebSite","@id":"https:\/\/www.medulinriviera.info\/de\/#website","url":"https:\/\/www.medulinriviera.info\/de\/","name":"Medulin Riviera","description":"The Blue Planet","publisher":{"@id":"https:\/\/www.medulinriviera.info\/de\/#organization"},"potentialAction":[{"@type":"SearchAction","target":{"@type":"EntryPoint","urlTemplate":"https:\/\/www.medulinriviera.info\/de\/?s={search_term_string}"},"query-input":{"@type":"PropertyValueSpecification","valueRequired":true,"valueName":"search_term_string"}}],"inLanguage":"de"},{"@type":"Organization","@id":"https:\/\/www.medulinriviera.info\/de\/#organization","name":"Medulin Riviera","url":"https:\/\/www.medulinriviera.info\/de\/","logo":{"@type":"ImageObject","inLanguage":"de","@id":"https:\/\/www.medulinriviera.info\/de\/#\/schema\/logo\/image\/","url":"https:\/\/www.medulinriviera.info\/wp-content\/uploads\/2020\/06\/logo-alt.png","contentUrl":"https:\/\/www.medulinriviera.info\/wp-content\/uploads\/2020\/06\/logo-alt.png","width":264,"height":78,"caption":"Medulin Riviera"},"image":{"@id":"https:\/\/www.medulinriviera.info\/de\/#\/schema\/logo\/image\/"},"sameAs":["https:\/\/www.facebook.com\/medulinriviera\/","https:\/\/www.instagram.com\/medulinriviera\/","https:\/\/www.youtube.com\/channel\/UCYdC8kYbK9OEmlmeZydpumQ"]}]}},"wpml_current_locale":"de_DE","wpml_translations":[{"locale":"hr","id":12819,"post_title":"Ostali sportovi na moru","href":"https:\/\/www.medulinriviera.info\/hr\/activities\/other-sports-on-water\/"},{"locale":"en_US","id":12816,"post_title":"Other sports on water","href":"https:\/\/www.medulinriviera.info\/activities\/other-sports-on-water\/"},{"locale":"fr_FR","id":12820,"post_title":"Autres sports nautiques","href":"https:\/\/www.medulinriviera.info\/fr\/activities\/other-sports-on-water\/"},{"locale":"it_IT","id":12822,"post_title":"Gli altri sport","href":"https:\/\/www.medulinriviera.info\/it\/activities\/other-sports-on-water\/"},{"locale":"sl_SI","id":12823,"post_title":"Other sports on water","href":"https:\/\/www.medulinriviera.info\/sl\/activities\/other-sports-on-water\/"}],"_links":{"self":[{"href":"https:\/\/www.medulinriviera.info\/de\/wp-json\/wp\/v2\/pages\/12821","targetHints":{"allow":["GET"]}}],"collection":[{"href":"https:\/\/www.medulinriviera.info\/de\/wp-json\/wp\/v2\/pages"}],"about":[{"href":"https:\/\/www.medulinriviera.info\/de\/wp-json\/wp\/v2\/types\/page"}],"author":[{"embeddable":true,"href":"https:\/\/www.medulinriviera.info\/de\/wp-json\/wp\/v2\/users\/1"}],"replies":[{"embeddable":true,"href":"https:\/\/www.medulinriviera.info\/de\/wp-json\/wp\/v2\/comments?post=12821"}],"version-history":[{"count":0,"href":"https:\/\/www.medulinriviera.info\/de\/wp-json\/wp\/v2\/pages\/12821\/revisions"}],"up":[{"embeddable":true,"href":"https:\/\/www.medulinriviera.info\/de\/wp-json\/wp\/v2\/pages\/12669"}],"wp:featuredmedia":[{"embeddable":true,"href":"https:\/\/www.medulinriviera.info\/de\/wp-json\/wp\/v2\/media\/17496"}],"wp:attachment":[{"href":"https:\/\/www.medulinriviera.info\/de\/wp-json\/wp\/v2\/media?parent=12821"}],"wp:term":[{"taxonomy":"classificator","embeddable":true,"href":"https:\/\/www.medulinriviera.info\/de\/wp-json\/wp\/v2\/classificator?post=12821"}],"curies":[{"name":"wp","href":"https:\/\/api.w.org\/{rel}","templated":true}]}}