{"id":12718,"date":"2020-06-11T10:02:46","date_gmt":"2020-06-11T08:02:46","guid":{"rendered":"http:\/\/www.medulinriviera.info\/activities\/athletics\/"},"modified":"2020-06-29T14:44:11","modified_gmt":"2020-06-29T12:44:11","slug":"athletics","status":"publish","type":"page","link":"https:\/\/www.medulinriviera.info\/de\/activities\/athletics\/","title":{"rendered":"Leichtathletik"},"content":{"rendered":"\n<p>Medulin wird von vielen Spitzensportlern als Trainingslager f\u00fcr bevorstehende Wettk\u00e4mpfe ausgesucht. Dazu geh\u00f6ren Medaillengewinner von Olympischen und Paraolympischen Spielen sowie Europa- und Weltmeister in ihren Disziplinen, wie etwa <strong>Sandra Perkovi\u0107, Sandra Kolak, Darko Kralj und Primo\u017e Kozmus,<\/strong> aber auch Sportverb\u00e4nde aus Slowenien, Tschechien, Ungarn, Serbien, Bosnien und Herzegowina, \u00d6sterreich und Kroatien.<\/p>\n\n\n\n<!--more-->\n\n\n\n<p>In unmittelbarer N\u00e4he des <strong>Park Plaza Belvedere Hotels<\/strong> befindet sich <strong>eine Leichtathletikanlage mit vier Aschebahnen<\/strong> und <strong>vier Anlagen zum Kugelsto\u00dfen, Diskuswerfen und Speerwerfen<\/strong>. Den Athleten steht au\u00dferdem <strong>eine 14 Kilometer lange Cross-Country-Strecke<\/strong> in unmittelbarer N\u00e4he des Strandes zur Verf\u00fcgung.<\/p>\n\n\n\n<p>Neben dem Angebot im Sportzentrum Medulin bietet das Park Plaza Belvedere eine Reihe weiterer M\u00f6glichkeiten, die den Athleten optimale Trainingsbedingungen f\u00fcr die bevorstehenden Wettk\u00e4mpfe erm\u00f6glichen. So k\u00f6nnen die Athleten beispielsweise im hoteleigenen Fitnesszentrum trainieren. <strong>Das moderne Fitnessstudio ist mit Ger\u00e4ten der Marke Technogym, Plattformen zum Gewichtheben, Hanteln verschiedener Gewichtsklassen und den dazugeh\u00f6rigen olympischen Hantelstangen, PlyoBoxen, Sprossenw\u00e4nden und verschiedenen B\u00e4nken ausgestattet.<\/strong> Den Besuchern des Hotels stehen au\u00dferdem zwei beheizte Innenbecken mit Meerwasser zu Verf\u00fcgung. Das kleinere Becken ist 13 Meter lang und 8 Meter breit, w\u00e4hrend das gr\u00f6\u00dfere Becken 25 Meter lang und 13 Meter breit ist.<\/p>\n\n\n\n<h2 class=\"wp-block-heading\"><strong>Leichtathletikwettk\u00e4mpfe:<\/strong><\/h2>\n\n\n\n<p>Im Sportzentrum Medulin stehen die Bed\u00fcrfnisse der Athleten an erster Stelle. Dies k\u00f6nnen die zahlreichen Teilnehmer des Traditionsrennens <strong>Road Race Medulin Riviera 10 K <\/strong>bezeugen. Die Laufstrecke entspricht den IAAF- und AIMS- Standards und f\u00fchrt am Strand und an den sch\u00f6nsten Stellen Medulins vorbei.<\/p>\n\n\n\n<p><a href=\"http:\/\/klc.at\/\" target=\"_blank\" rel=\"noreferrer noopener\"><strong>Der KLC-Marathon<\/strong> <\/a>ist eine traditionsreiche Sportveranstaltung, die der Athletikverband aus dem \u00f6sterreichischen Klagenfurt jedes Jahr f\u00fcr seine Mitglieder organisiert.<\/p>\n","protected":false},"excerpt":{"rendered":"<p>Medulin wird von vielen Spitzensportlern als Trainingslager f\u00fcr bevorstehende Wettk\u00e4mpfe ausgesucht. Dazu geh\u00f6ren Medaillengewinner von Olympischen und Paraolympischen Spielen sowie&#8230;<\/p>\n","protected":false},"author":1,"featured_media":16985,"parent":12669,"menu_order":3,"comment_status":"closed","ping_status":"closed","template":"tpl-activities.php","meta":{"_acf_changed":false,"footnotes":""},"classificator":[],"class_list":["post-12718","page","type-page","status-publish","has-post-thumbnail","hentry"],"acf":{"video":"","gallery":null},"yoast_head":"<!-- This site is optimized with the Yoast SEO plugin v27.5 - https:\/\/yoast.com\/product\/yoast-seo-wordpress\/ -->\n<title>Leichtathletik - Medulin Riviera<\/title>\n<meta name=\"robots\" content=\"index, follow, max-snippet:-1, max-image-preview:large, max-video-preview:-1\" \/>\n<link rel=\"canonical\" href=\"https:\/\/www.medulinriviera.info\/de\/activities\/athletics\/\" \/>\n<meta property=\"og:locale\" content=\"de_DE\" \/>\n<meta property=\"og:type\" content=\"article\" \/>\n<meta property=\"og:title\" content=\"Leichtathletik - Medulin Riviera\" \/>\n<meta property=\"og:description\" content=\"Medulin wird von vielen Spitzensportlern als Trainingslager f\u00fcr bevorstehende Wettk\u00e4mpfe ausgesucht. Dazu geh\u00f6ren Medaillengewinner von Olympischen und Paraolympischen Spielen sowie...\" \/>\n<meta property=\"og:url\" content=\"https:\/\/www.medulinriviera.info\/de\/activities\/athletics\/\" \/>\n<meta property=\"og:site_name\" content=\"Medulin Riviera\" \/>\n<meta property=\"article:publisher\" content=\"https:\/\/www.facebook.com\/medulinriviera\/\" \/>\n<meta property=\"article:modified_time\" content=\"2020-06-29T12:44:11+00:00\" \/>\n<meta property=\"og:image\" content=\"https:\/\/www.medulinriviera.info\/wp-content\/uploads\/2021\/02\/Road-Race-2017-5-AHG-scaled.jpg\" \/>\n\t<meta property=\"og:image:width\" content=\"2560\" \/>\n\t<meta property=\"og:image:height\" content=\"1917\" \/>\n\t<meta property=\"og:image:type\" content=\"image\/jpeg\" \/>\n<meta name=\"twitter:card\" content=\"summary_large_image\" \/>\n<meta name=\"twitter:label1\" content=\"Gesch\u00e4tzte Lesezeit\" \/>\n\t<meta name=\"twitter:data1\" content=\"1\u00a0Minute\" \/>\n<script type=\"application\/ld+json\" class=\"yoast-schema-graph\">{\"@context\":\"https:\\\/\\\/schema.org\",\"@graph\":[{\"@type\":\"WebPage\",\"@id\":\"https:\\\/\\\/www.medulinriviera.info\\\/de\\\/activities\\\/athletics\\\/\",\"url\":\"https:\\\/\\\/www.medulinriviera.info\\\/de\\\/activities\\\/athletics\\\/\",\"name\":\"Leichtathletik - Medulin Riviera\",\"isPartOf\":{\"@id\":\"https:\\\/\\\/www.medulinriviera.info\\\/de\\\/#website\"},\"primaryImageOfPage\":{\"@id\":\"https:\\\/\\\/www.medulinriviera.info\\\/de\\\/activities\\\/athletics\\\/#primaryimage\"},\"image\":{\"@id\":\"https:\\\/\\\/www.medulinriviera.info\\\/de\\\/activities\\\/athletics\\\/#primaryimage\"},\"thumbnailUrl\":\"https:\\\/\\\/www.medulinriviera.info\\\/wp-content\\\/uploads\\\/2021\\\/02\\\/Road-Race-2017-5-AHG-scaled.jpg\",\"datePublished\":\"2020-06-11T08:02:46+00:00\",\"dateModified\":\"2020-06-29T12:44:11+00:00\",\"breadcrumb\":{\"@id\":\"https:\\\/\\\/www.medulinriviera.info\\\/de\\\/activities\\\/athletics\\\/#breadcrumb\"},\"inLanguage\":\"de\",\"potentialAction\":[{\"@type\":\"ReadAction\",\"target\":[\"https:\\\/\\\/www.medulinriviera.info\\\/de\\\/activities\\\/athletics\\\/\"]}]},{\"@type\":\"ImageObject\",\"inLanguage\":\"de\",\"@id\":\"https:\\\/\\\/www.medulinriviera.info\\\/de\\\/activities\\\/athletics\\\/#primaryimage\",\"url\":\"https:\\\/\\\/www.medulinriviera.info\\\/wp-content\\\/uploads\\\/2021\\\/02\\\/Road-Race-2017-5-AHG-scaled.jpg\",\"contentUrl\":\"https:\\\/\\\/www.medulinriviera.info\\\/wp-content\\\/uploads\\\/2021\\\/02\\\/Road-Race-2017-5-AHG-scaled.jpg\",\"width\":2560,\"height\":1917},{\"@type\":\"BreadcrumbList\",\"@id\":\"https:\\\/\\\/www.medulinriviera.info\\\/de\\\/activities\\\/athletics\\\/#breadcrumb\",\"itemListElement\":[{\"@type\":\"ListItem\",\"position\":1,\"name\":\"Home\",\"item\":\"https:\\\/\\\/www.medulinriviera.info\\\/de\\\/\"},{\"@type\":\"ListItem\",\"position\":2,\"name\":\"Aktivit\u00e4ten\",\"item\":\"https:\\\/\\\/www.medulinriviera.info\\\/de\\\/activities\\\/\"},{\"@type\":\"ListItem\",\"position\":3,\"name\":\"Leichtathletik\"}]},{\"@type\":\"WebSite\",\"@id\":\"https:\\\/\\\/www.medulinriviera.info\\\/de\\\/#website\",\"url\":\"https:\\\/\\\/www.medulinriviera.info\\\/de\\\/\",\"name\":\"Medulin Riviera\",\"description\":\"The Blue Planet\",\"publisher\":{\"@id\":\"https:\\\/\\\/www.medulinriviera.info\\\/de\\\/#organization\"},\"potentialAction\":[{\"@type\":\"SearchAction\",\"target\":{\"@type\":\"EntryPoint\",\"urlTemplate\":\"https:\\\/\\\/www.medulinriviera.info\\\/de\\\/?s={search_term_string}\"},\"query-input\":{\"@type\":\"PropertyValueSpecification\",\"valueRequired\":true,\"valueName\":\"search_term_string\"}}],\"inLanguage\":\"de\"},{\"@type\":\"Organization\",\"@id\":\"https:\\\/\\\/www.medulinriviera.info\\\/de\\\/#organization\",\"name\":\"Medulin Riviera\",\"url\":\"https:\\\/\\\/www.medulinriviera.info\\\/de\\\/\",\"logo\":{\"@type\":\"ImageObject\",\"inLanguage\":\"de\",\"@id\":\"https:\\\/\\\/www.medulinriviera.info\\\/de\\\/#\\\/schema\\\/logo\\\/image\\\/\",\"url\":\"https:\\\/\\\/www.medulinriviera.info\\\/wp-content\\\/uploads\\\/2020\\\/06\\\/logo-alt.png\",\"contentUrl\":\"https:\\\/\\\/www.medulinriviera.info\\\/wp-content\\\/uploads\\\/2020\\\/06\\\/logo-alt.png\",\"width\":264,\"height\":78,\"caption\":\"Medulin Riviera\"},\"image\":{\"@id\":\"https:\\\/\\\/www.medulinriviera.info\\\/de\\\/#\\\/schema\\\/logo\\\/image\\\/\"},\"sameAs\":[\"https:\\\/\\\/www.facebook.com\\\/medulinriviera\\\/\",\"https:\\\/\\\/www.instagram.com\\\/medulinriviera\\\/\",\"https:\\\/\\\/www.youtube.com\\\/channel\\\/UCYdC8kYbK9OEmlmeZydpumQ\"]}]}<\/script>\n<!-- \/ Yoast SEO plugin. -->","yoast_head_json":{"title":"Leichtathletik - Medulin Riviera","robots":{"index":"index","follow":"follow","max-snippet":"max-snippet:-1","max-image-preview":"max-image-preview:large","max-video-preview":"max-video-preview:-1"},"canonical":"https:\/\/www.medulinriviera.info\/de\/activities\/athletics\/","og_locale":"de_DE","og_type":"article","og_title":"Leichtathletik - Medulin Riviera","og_description":"Medulin wird von vielen Spitzensportlern als Trainingslager f\u00fcr bevorstehende Wettk\u00e4mpfe ausgesucht. Dazu geh\u00f6ren Medaillengewinner von Olympischen und Paraolympischen Spielen sowie...","og_url":"https:\/\/www.medulinriviera.info\/de\/activities\/athletics\/","og_site_name":"Medulin Riviera","article_publisher":"https:\/\/www.facebook.com\/medulinriviera\/","article_modified_time":"2020-06-29T12:44:11+00:00","og_image":[{"width":2560,"height":1917,"url":"https:\/\/www.medulinriviera.info\/wp-content\/uploads\/2021\/02\/Road-Race-2017-5-AHG-scaled.jpg","type":"image\/jpeg"}],"twitter_card":"summary_large_image","twitter_misc":{"Gesch\u00e4tzte Lesezeit":"1\u00a0Minute"},"schema":{"@context":"https:\/\/schema.org","@graph":[{"@type":"WebPage","@id":"https:\/\/www.medulinriviera.info\/de\/activities\/athletics\/","url":"https:\/\/www.medulinriviera.info\/de\/activities\/athletics\/","name":"Leichtathletik - Medulin Riviera","isPartOf":{"@id":"https:\/\/www.medulinriviera.info\/de\/#website"},"primaryImageOfPage":{"@id":"https:\/\/www.medulinriviera.info\/de\/activities\/athletics\/#primaryimage"},"image":{"@id":"https:\/\/www.medulinriviera.info\/de\/activities\/athletics\/#primaryimage"},"thumbnailUrl":"https:\/\/www.medulinriviera.info\/wp-content\/uploads\/2021\/02\/Road-Race-2017-5-AHG-scaled.jpg","datePublished":"2020-06-11T08:02:46+00:00","dateModified":"2020-06-29T12:44:11+00:00","breadcrumb":{"@id":"https:\/\/www.medulinriviera.info\/de\/activities\/athletics\/#breadcrumb"},"inLanguage":"de","potentialAction":[{"@type":"ReadAction","target":["https:\/\/www.medulinriviera.info\/de\/activities\/athletics\/"]}]},{"@type":"ImageObject","inLanguage":"de","@id":"https:\/\/www.medulinriviera.info\/de\/activities\/athletics\/#primaryimage","url":"https:\/\/www.medulinriviera.info\/wp-content\/uploads\/2021\/02\/Road-Race-2017-5-AHG-scaled.jpg","contentUrl":"https:\/\/www.medulinriviera.info\/wp-content\/uploads\/2021\/02\/Road-Race-2017-5-AHG-scaled.jpg","width":2560,"height":1917},{"@type":"BreadcrumbList","@id":"https:\/\/www.medulinriviera.info\/de\/activities\/athletics\/#breadcrumb","itemListElement":[{"@type":"ListItem","position":1,"name":"Home","item":"https:\/\/www.medulinriviera.info\/de\/"},{"@type":"ListItem","position":2,"name":"Aktivit\u00e4ten","item":"https:\/\/www.medulinriviera.info\/de\/activities\/"},{"@type":"ListItem","position":3,"name":"Leichtathletik"}]},{"@type":"WebSite","@id":"https:\/\/www.medulinriviera.info\/de\/#website","url":"https:\/\/www.medulinriviera.info\/de\/","name":"Medulin Riviera","description":"The Blue Planet","publisher":{"@id":"https:\/\/www.medulinriviera.info\/de\/#organization"},"potentialAction":[{"@type":"SearchAction","target":{"@type":"EntryPoint","urlTemplate":"https:\/\/www.medulinriviera.info\/de\/?s={search_term_string}"},"query-input":{"@type":"PropertyValueSpecification","valueRequired":true,"valueName":"search_term_string"}}],"inLanguage":"de"},{"@type":"Organization","@id":"https:\/\/www.medulinriviera.info\/de\/#organization","name":"Medulin Riviera","url":"https:\/\/www.medulinriviera.info\/de\/","logo":{"@type":"ImageObject","inLanguage":"de","@id":"https:\/\/www.medulinriviera.info\/de\/#\/schema\/logo\/image\/","url":"https:\/\/www.medulinriviera.info\/wp-content\/uploads\/2020\/06\/logo-alt.png","contentUrl":"https:\/\/www.medulinriviera.info\/wp-content\/uploads\/2020\/06\/logo-alt.png","width":264,"height":78,"caption":"Medulin Riviera"},"image":{"@id":"https:\/\/www.medulinriviera.info\/de\/#\/schema\/logo\/image\/"},"sameAs":["https:\/\/www.facebook.com\/medulinriviera\/","https:\/\/www.instagram.com\/medulinriviera\/","https:\/\/www.youtube.com\/channel\/UCYdC8kYbK9OEmlmeZydpumQ"]}]}},"wpml_current_locale":"de_DE","wpml_translations":[{"locale":"hr","id":12716,"post_title":"Atletika","href":"https:\/\/www.medulinriviera.info\/hr\/activities\/athletics\/"},{"locale":"en_US","id":12713,"post_title":"Athletics","href":"https:\/\/www.medulinriviera.info\/activities\/athletics\/"},{"locale":"fr_FR","id":12717,"post_title":"Athl\u00e9tisme","href":"https:\/\/www.medulinriviera.info\/fr\/activities\/athletics\/"},{"locale":"it_IT","id":12719,"post_title":"Atletica leggera","href":"https:\/\/www.medulinriviera.info\/it\/activities\/athletics\/"},{"locale":"sl_SI","id":12720,"post_title":"Athletics","href":"https:\/\/www.medulinriviera.info\/sl\/activities\/athletics\/"}],"_links":{"self":[{"href":"https:\/\/www.medulinriviera.info\/de\/wp-json\/wp\/v2\/pages\/12718","targetHints":{"allow":["GET"]}}],"collection":[{"href":"https:\/\/www.medulinriviera.info\/de\/wp-json\/wp\/v2\/pages"}],"about":[{"href":"https:\/\/www.medulinriviera.info\/de\/wp-json\/wp\/v2\/types\/page"}],"author":[{"embeddable":true,"href":"https:\/\/www.medulinriviera.info\/de\/wp-json\/wp\/v2\/users\/1"}],"replies":[{"embeddable":true,"href":"https:\/\/www.medulinriviera.info\/de\/wp-json\/wp\/v2\/comments?post=12718"}],"version-history":[{"count":0,"href":"https:\/\/www.medulinriviera.info\/de\/wp-json\/wp\/v2\/pages\/12718\/revisions"}],"up":[{"embeddable":true,"href":"https:\/\/www.medulinriviera.info\/de\/wp-json\/wp\/v2\/pages\/12669"}],"wp:featuredmedia":[{"embeddable":true,"href":"https:\/\/www.medulinriviera.info\/de\/wp-json\/wp\/v2\/media\/16985"}],"wp:attachment":[{"href":"https:\/\/www.medulinriviera.info\/de\/wp-json\/wp\/v2\/media?parent=12718"}],"wp:term":[{"taxonomy":"classificator","embeddable":true,"href":"https:\/\/www.medulinriviera.info\/de\/wp-json\/wp\/v2\/classificator?post=12718"}],"curies":[{"name":"wp","href":"https:\/\/api.w.org\/{rel}","templated":true}]}}