{"id":12701,"date":"2020-06-11T09:55:43","date_gmt":"2020-06-11T07:55:43","guid":{"rendered":"http:\/\/www.medulinriviera.info\/activities\/football\/"},"modified":"2024-10-30T09:42:22","modified_gmt":"2024-10-30T08:42:22","slug":"football","status":"publish","type":"page","link":"https:\/\/www.medulinriviera.info\/de\/activities\/football\/","title":{"rendered":"Fu\u00dfball"},"content":{"rendered":"\n<p><strong>Die Fu\u00dfballpl\u00e4tze in Medulin<\/strong>, die sich in unmittelbarer N\u00e4he <strong>des Hotels Park Plaza Belvedere<\/strong> befinden, werden seit 1970 von zahlreichen Fu\u00dfballvereinen f\u00fcr die Saisonvorbereitung genutzt.<\/p>\n\n\n\n<!--more-->\n\n\n\n<p>Den Fu\u00dfballern, die sich in Medulin auf die bevorstehenden Wettbewerbe vorbereiten, stehen insgesamt <strong>sechs Rasenpl\u00e4tze (Spielfeldma\u00dfe gem\u00e4\u00df FIFA- Standard)<\/strong> in unmittelbarer N\u00e4he des Hotels Park Plaza Belvedere zur Verf\u00fcgung. Dar\u00fcber hinaus verf\u00fcgt das Sportzentrum \u00fcber <strong>zwei Kunstrasenpl\u00e4tze<\/strong>, sodass sich den Fu\u00dfballern mit insgesamt acht Sportpl\u00e4tzen optimale Trainingsbedienungen bieten.<\/p>\n\n\n\n<p>Die Fu\u00dfballpl\u00e4tze sind ausschlie\u00dflich f\u00fcr Mannschaften reserviert, die sich zur Saisonvorbereitung in Medulin aufhalten. F\u00fcr optimale Bedingungen in der Saisonvorbereitung sorgt auch das Angebot des Hotels Park Plaza Belvedere. Neben <strong>zwei beheizten Innenpools mit Meerwasser<\/strong> steht den Athleten ein <strong>Wellnessbereich<\/strong> zur Verf\u00fcgung, der sich \u00fcber 1500 m2 erstreckt. Mit seinem eigenen <strong>Fitnessbereich <\/strong>und einem speziell angepassten Ern\u00e4hrungsplan schafft das Park Plaza Belvedere Hotel besonders f\u00fcr Sportler in der Trainingsphase optimale Trainingsvoraussetzungen. Das Fitnessstudio ist mit Ger\u00e4ten der Marke Technogym ausgestattet und verf\u00fcgt \u00fcber einen modernen Kraftraum mit Plattformen zum olympischen Gewichtheben, Hanteln verschiedener Gewichtsklassen und den dazugeh\u00f6rigen olympischen Hantelstangen, PlyoBoxen, Sprossenw\u00e4nden und verschiedenen B\u00e4nken.<\/p>\n\n\n\n<p>Auf Anfrage k\u00f6nnen auch Freundschaftsspiele zwischen Vereinen organisiert werden, die sich an der Riviera Medulin in der Saisonvorbereitung befinden.<\/p>\n\n\n\n<h2 class=\"wp-block-heading\">Turniere:<\/h2>\n\n\n\n<p><strong><a href=\"https:\/\/www.facebook.com\/arenasports.eu\/\" target=\"_blank\" rel=\"noreferrer noopener\">Der Arena Cup<\/a><\/strong> ist ein internationales Fu\u00dfballturnier, das Ende Januar stattfindet und an dem Mannschaften aus den obersten Ligen Europas und der Region teilnehmen. Das Turnier wird unter der Schirmherrschaft von Arenaturist und dem Tourismusverband der Gemeinde Medulin ausgetragen.<\/p>\n\n\n\n<p><strong><a href=\"https:\/\/www.medulinriviera.info\/de\/21-fussballturnier-zns-medulin-2022\/\" target=\"_blank\" rel=\"noreferrer noopener\">Football Family Picnic<\/a><\/strong> ist eine traditionsreiche internationale Veranstaltung, die seit 2004 unter der Schirmherrschaft des Fu\u00dfballverbands der Stadt Zagreb im April ausgetragen wird. In den vergangenen Jahren haben an diesem Turnier insgesamt circa zweitausend M\u00e4dchen und Jungen teilgenommen. Traditionell nehmen am Turnier auch die Jugendabteilungen der besten kroatischen Vereine, wie dem GNK Dinamo Zagreb, RNK Split, NK Istra, NK Zagreb, NK Rijeka und vielen anderen teil.<\/p>\n","protected":false},"excerpt":{"rendered":"<p>Die Fu\u00dfballpl\u00e4tze in Medulin, die sich in unmittelbarer N\u00e4he des Hotels Park Plaza Belvedere befinden, werden seit 1970 von zahlreichen&#8230;<\/p>\n","protected":false},"author":1,"featured_media":16978,"parent":12669,"menu_order":1,"comment_status":"closed","ping_status":"closed","template":"tpl-activities.php","meta":{"_acf_changed":false,"footnotes":""},"classificator":[],"class_list":["post-12701","page","type-page","status-publish","has-post-thumbnail","hentry"],"acf":{"video":"","gallery":""},"yoast_head":"<!-- This site is optimized with the Yoast SEO plugin v27.6 - https:\/\/yoast.com\/product\/yoast-seo-wordpress\/ -->\n<title>Fu\u00dfball - Medulin Riviera<\/title>\n<meta name=\"robots\" content=\"index, follow, max-snippet:-1, max-image-preview:large, max-video-preview:-1\" \/>\n<link rel=\"canonical\" href=\"https:\/\/www.medulinriviera.info\/de\/activities\/football\/\" \/>\n<meta property=\"og:locale\" content=\"de_DE\" \/>\n<meta property=\"og:type\" content=\"article\" \/>\n<meta property=\"og:title\" content=\"Fu\u00dfball - Medulin Riviera\" \/>\n<meta property=\"og:description\" content=\"Die Fu\u00dfballpl\u00e4tze in Medulin, die sich in unmittelbarer N\u00e4he des Hotels Park Plaza Belvedere befinden, werden seit 1970 von zahlreichen...\" \/>\n<meta property=\"og:url\" content=\"https:\/\/www.medulinriviera.info\/de\/activities\/football\/\" \/>\n<meta property=\"og:site_name\" content=\"Medulin Riviera\" \/>\n<meta property=\"article:publisher\" content=\"https:\/\/www.facebook.com\/medulinriviera\/\" \/>\n<meta property=\"article:modified_time\" content=\"2024-10-30T08:42:22+00:00\" \/>\n<meta property=\"og:image\" content=\"https:\/\/www.medulinriviera.info\/wp-content\/uploads\/2021\/02\/PP_Belvedere_Sport-4-scaled.jpg\" \/>\n\t<meta property=\"og:image:width\" content=\"2560\" \/>\n\t<meta property=\"og:image:height\" content=\"1917\" \/>\n\t<meta property=\"og:image:type\" content=\"image\/jpeg\" \/>\n<meta name=\"twitter:card\" content=\"summary_large_image\" \/>\n<meta name=\"twitter:label1\" content=\"Gesch\u00e4tzte Lesezeit\" \/>\n\t<meta name=\"twitter:data1\" content=\"2\u00a0Minuten\" \/>\n<script type=\"application\/ld+json\" class=\"yoast-schema-graph\">{\"@context\":\"https:\\\/\\\/schema.org\",\"@graph\":[{\"@type\":\"WebPage\",\"@id\":\"https:\\\/\\\/www.medulinriviera.info\\\/de\\\/activities\\\/football\\\/\",\"url\":\"https:\\\/\\\/www.medulinriviera.info\\\/de\\\/activities\\\/football\\\/\",\"name\":\"Fu\u00dfball - Medulin Riviera\",\"isPartOf\":{\"@id\":\"https:\\\/\\\/www.medulinriviera.info\\\/de\\\/#website\"},\"primaryImageOfPage\":{\"@id\":\"https:\\\/\\\/www.medulinriviera.info\\\/de\\\/activities\\\/football\\\/#primaryimage\"},\"image\":{\"@id\":\"https:\\\/\\\/www.medulinriviera.info\\\/de\\\/activities\\\/football\\\/#primaryimage\"},\"thumbnailUrl\":\"https:\\\/\\\/www.medulinriviera.info\\\/wp-content\\\/uploads\\\/2021\\\/02\\\/PP_Belvedere_Sport-4-scaled.jpg\",\"datePublished\":\"2020-06-11T07:55:43+00:00\",\"dateModified\":\"2024-10-30T08:42:22+00:00\",\"breadcrumb\":{\"@id\":\"https:\\\/\\\/www.medulinriviera.info\\\/de\\\/activities\\\/football\\\/#breadcrumb\"},\"inLanguage\":\"de\",\"potentialAction\":[{\"@type\":\"ReadAction\",\"target\":[\"https:\\\/\\\/www.medulinriviera.info\\\/de\\\/activities\\\/football\\\/\"]}]},{\"@type\":\"ImageObject\",\"inLanguage\":\"de\",\"@id\":\"https:\\\/\\\/www.medulinriviera.info\\\/de\\\/activities\\\/football\\\/#primaryimage\",\"url\":\"https:\\\/\\\/www.medulinriviera.info\\\/wp-content\\\/uploads\\\/2021\\\/02\\\/PP_Belvedere_Sport-4-scaled.jpg\",\"contentUrl\":\"https:\\\/\\\/www.medulinriviera.info\\\/wp-content\\\/uploads\\\/2021\\\/02\\\/PP_Belvedere_Sport-4-scaled.jpg\",\"width\":2560,\"height\":1917},{\"@type\":\"BreadcrumbList\",\"@id\":\"https:\\\/\\\/www.medulinriviera.info\\\/de\\\/activities\\\/football\\\/#breadcrumb\",\"itemListElement\":[{\"@type\":\"ListItem\",\"position\":1,\"name\":\"Home\",\"item\":\"https:\\\/\\\/www.medulinriviera.info\\\/de\\\/\"},{\"@type\":\"ListItem\",\"position\":2,\"name\":\"Aktivit\u00e4ten\",\"item\":\"https:\\\/\\\/www.medulinriviera.info\\\/de\\\/activities\\\/\"},{\"@type\":\"ListItem\",\"position\":3,\"name\":\"Fu\u00dfball\"}]},{\"@type\":\"WebSite\",\"@id\":\"https:\\\/\\\/www.medulinriviera.info\\\/de\\\/#website\",\"url\":\"https:\\\/\\\/www.medulinriviera.info\\\/de\\\/\",\"name\":\"Medulin Riviera\",\"description\":\"The Blue Planet\",\"publisher\":{\"@id\":\"https:\\\/\\\/www.medulinriviera.info\\\/de\\\/#organization\"},\"potentialAction\":[{\"@type\":\"SearchAction\",\"target\":{\"@type\":\"EntryPoint\",\"urlTemplate\":\"https:\\\/\\\/www.medulinriviera.info\\\/de\\\/?s={search_term_string}\"},\"query-input\":{\"@type\":\"PropertyValueSpecification\",\"valueRequired\":true,\"valueName\":\"search_term_string\"}}],\"inLanguage\":\"de\"},{\"@type\":\"Organization\",\"@id\":\"https:\\\/\\\/www.medulinriviera.info\\\/de\\\/#organization\",\"name\":\"Medulin Riviera\",\"url\":\"https:\\\/\\\/www.medulinriviera.info\\\/de\\\/\",\"logo\":{\"@type\":\"ImageObject\",\"inLanguage\":\"de\",\"@id\":\"https:\\\/\\\/www.medulinriviera.info\\\/de\\\/#\\\/schema\\\/logo\\\/image\\\/\",\"url\":\"https:\\\/\\\/www.medulinriviera.info\\\/wp-content\\\/uploads\\\/2020\\\/06\\\/logo-alt.png\",\"contentUrl\":\"https:\\\/\\\/www.medulinriviera.info\\\/wp-content\\\/uploads\\\/2020\\\/06\\\/logo-alt.png\",\"width\":264,\"height\":78,\"caption\":\"Medulin Riviera\"},\"image\":{\"@id\":\"https:\\\/\\\/www.medulinriviera.info\\\/de\\\/#\\\/schema\\\/logo\\\/image\\\/\"},\"sameAs\":[\"https:\\\/\\\/www.facebook.com\\\/medulinriviera\\\/\",\"https:\\\/\\\/www.instagram.com\\\/medulinriviera\\\/\",\"https:\\\/\\\/www.youtube.com\\\/channel\\\/UCYdC8kYbK9OEmlmeZydpumQ\"]}]}<\/script>\n<!-- \/ Yoast SEO plugin. -->","yoast_head_json":{"title":"Fu\u00dfball - Medulin Riviera","robots":{"index":"index","follow":"follow","max-snippet":"max-snippet:-1","max-image-preview":"max-image-preview:large","max-video-preview":"max-video-preview:-1"},"canonical":"https:\/\/www.medulinriviera.info\/de\/activities\/football\/","og_locale":"de_DE","og_type":"article","og_title":"Fu\u00dfball - Medulin Riviera","og_description":"Die Fu\u00dfballpl\u00e4tze in Medulin, die sich in unmittelbarer N\u00e4he des Hotels Park Plaza Belvedere befinden, werden seit 1970 von zahlreichen...","og_url":"https:\/\/www.medulinriviera.info\/de\/activities\/football\/","og_site_name":"Medulin Riviera","article_publisher":"https:\/\/www.facebook.com\/medulinriviera\/","article_modified_time":"2024-10-30T08:42:22+00:00","og_image":[{"width":2560,"height":1917,"url":"https:\/\/www.medulinriviera.info\/wp-content\/uploads\/2021\/02\/PP_Belvedere_Sport-4-scaled.jpg","type":"image\/jpeg"}],"twitter_card":"summary_large_image","twitter_misc":{"Gesch\u00e4tzte Lesezeit":"2\u00a0Minuten"},"schema":{"@context":"https:\/\/schema.org","@graph":[{"@type":"WebPage","@id":"https:\/\/www.medulinriviera.info\/de\/activities\/football\/","url":"https:\/\/www.medulinriviera.info\/de\/activities\/football\/","name":"Fu\u00dfball - Medulin Riviera","isPartOf":{"@id":"https:\/\/www.medulinriviera.info\/de\/#website"},"primaryImageOfPage":{"@id":"https:\/\/www.medulinriviera.info\/de\/activities\/football\/#primaryimage"},"image":{"@id":"https:\/\/www.medulinriviera.info\/de\/activities\/football\/#primaryimage"},"thumbnailUrl":"https:\/\/www.medulinriviera.info\/wp-content\/uploads\/2021\/02\/PP_Belvedere_Sport-4-scaled.jpg","datePublished":"2020-06-11T07:55:43+00:00","dateModified":"2024-10-30T08:42:22+00:00","breadcrumb":{"@id":"https:\/\/www.medulinriviera.info\/de\/activities\/football\/#breadcrumb"},"inLanguage":"de","potentialAction":[{"@type":"ReadAction","target":["https:\/\/www.medulinriviera.info\/de\/activities\/football\/"]}]},{"@type":"ImageObject","inLanguage":"de","@id":"https:\/\/www.medulinriviera.info\/de\/activities\/football\/#primaryimage","url":"https:\/\/www.medulinriviera.info\/wp-content\/uploads\/2021\/02\/PP_Belvedere_Sport-4-scaled.jpg","contentUrl":"https:\/\/www.medulinriviera.info\/wp-content\/uploads\/2021\/02\/PP_Belvedere_Sport-4-scaled.jpg","width":2560,"height":1917},{"@type":"BreadcrumbList","@id":"https:\/\/www.medulinriviera.info\/de\/activities\/football\/#breadcrumb","itemListElement":[{"@type":"ListItem","position":1,"name":"Home","item":"https:\/\/www.medulinriviera.info\/de\/"},{"@type":"ListItem","position":2,"name":"Aktivit\u00e4ten","item":"https:\/\/www.medulinriviera.info\/de\/activities\/"},{"@type":"ListItem","position":3,"name":"Fu\u00dfball"}]},{"@type":"WebSite","@id":"https:\/\/www.medulinriviera.info\/de\/#website","url":"https:\/\/www.medulinriviera.info\/de\/","name":"Medulin Riviera","description":"The Blue Planet","publisher":{"@id":"https:\/\/www.medulinriviera.info\/de\/#organization"},"potentialAction":[{"@type":"SearchAction","target":{"@type":"EntryPoint","urlTemplate":"https:\/\/www.medulinriviera.info\/de\/?s={search_term_string}"},"query-input":{"@type":"PropertyValueSpecification","valueRequired":true,"valueName":"search_term_string"}}],"inLanguage":"de"},{"@type":"Organization","@id":"https:\/\/www.medulinriviera.info\/de\/#organization","name":"Medulin Riviera","url":"https:\/\/www.medulinriviera.info\/de\/","logo":{"@type":"ImageObject","inLanguage":"de","@id":"https:\/\/www.medulinriviera.info\/de\/#\/schema\/logo\/image\/","url":"https:\/\/www.medulinriviera.info\/wp-content\/uploads\/2020\/06\/logo-alt.png","contentUrl":"https:\/\/www.medulinriviera.info\/wp-content\/uploads\/2020\/06\/logo-alt.png","width":264,"height":78,"caption":"Medulin Riviera"},"image":{"@id":"https:\/\/www.medulinriviera.info\/de\/#\/schema\/logo\/image\/"},"sameAs":["https:\/\/www.facebook.com\/medulinriviera\/","https:\/\/www.instagram.com\/medulinriviera\/","https:\/\/www.youtube.com\/channel\/UCYdC8kYbK9OEmlmeZydpumQ"]}]}},"wpml_current_locale":"de_DE","wpml_translations":[{"locale":"hr","id":12699,"post_title":"Nogomet","href":"https:\/\/www.medulinriviera.info\/hr\/activities\/football\/"},{"locale":"en_US","id":12695,"post_title":"Football","href":"https:\/\/www.medulinriviera.info\/activities\/football\/"},{"locale":"fr_FR","id":12700,"post_title":"Football","href":"https:\/\/www.medulinriviera.info\/fr\/activities\/football\/"},{"locale":"it_IT","id":12702,"post_title":"Calcio","href":"https:\/\/www.medulinriviera.info\/it\/activities\/football\/"},{"locale":"sl_SI","id":12703,"post_title":"Football","href":"https:\/\/www.medulinriviera.info\/sl\/activities\/football\/"}],"_links":{"self":[{"href":"https:\/\/www.medulinriviera.info\/de\/wp-json\/wp\/v2\/pages\/12701","targetHints":{"allow":["GET"]}}],"collection":[{"href":"https:\/\/www.medulinriviera.info\/de\/wp-json\/wp\/v2\/pages"}],"about":[{"href":"https:\/\/www.medulinriviera.info\/de\/wp-json\/wp\/v2\/types\/page"}],"author":[{"embeddable":true,"href":"https:\/\/www.medulinriviera.info\/de\/wp-json\/wp\/v2\/users\/1"}],"replies":[{"embeddable":true,"href":"https:\/\/www.medulinriviera.info\/de\/wp-json\/wp\/v2\/comments?post=12701"}],"version-history":[{"count":1,"href":"https:\/\/www.medulinriviera.info\/de\/wp-json\/wp\/v2\/pages\/12701\/revisions"}],"predecessor-version":[{"id":34300,"href":"https:\/\/www.medulinriviera.info\/de\/wp-json\/wp\/v2\/pages\/12701\/revisions\/34300"}],"up":[{"embeddable":true,"href":"https:\/\/www.medulinriviera.info\/de\/wp-json\/wp\/v2\/pages\/12669"}],"wp:featuredmedia":[{"embeddable":true,"href":"https:\/\/www.medulinriviera.info\/de\/wp-json\/wp\/v2\/media\/16978"}],"wp:attachment":[{"href":"https:\/\/www.medulinriviera.info\/de\/wp-json\/wp\/v2\/media?parent=12701"}],"wp:term":[{"taxonomy":"classificator","embeddable":true,"href":"https:\/\/www.medulinriviera.info\/de\/wp-json\/wp\/v2\/classificator?post=12701"}],"curies":[{"name":"wp","href":"https:\/\/api.w.org\/{rel}","templated":true}]}}