{"id":12685,"date":"2020-06-11T09:47:29","date_gmt":"2020-06-11T07:47:29","guid":{"rendered":"http:\/\/www.medulinriviera.info\/activities\/diving\/"},"modified":"2020-06-29T14:41:53","modified_gmt":"2020-06-29T12:41:53","slug":"diving","status":"publish","type":"page","link":"https:\/\/www.medulinriviera.info\/de\/activities\/diving\/","title":{"rendered":"Tauchen"},"content":{"rendered":"\n<p>Es gibt viele Orte auf der Welt, wo man in die Tiefe tauchen und die Realit\u00e4t vergessen kann. Es gibt jedoch wenige Orte, wo sich die <strong>nat\u00fcrlichen Sch\u00f6nheiten<\/strong> und das <strong>historische Erbe<\/strong> so ideal verbinden. <strong>Die Riviera von Medulin<\/strong> verbirgt neben der au\u00dfergew\u00f6hnlichen Flora und Fauna auch eine gro\u00dfe Anzahl gesunkener Schiffe. Diese <strong>Schiffswracks<\/strong> stellen eine wahre Kostbarkeit f\u00fcr Liebhaber dieses Sports dar. W\u00e4hlen Sie eines der <strong>Tauchzentren<\/strong>, das Sie in dieses neue Abenteuer f\u00fchren oder das Sie, falls Sie! Anf\u00e4nger sind, in dieser Sportart unterrichten wird.<\/p>\n\n\n\n<!--more-->\n\n\n\n<p>Anmerkung<\/p>\n\n\n\n<p>Personen, die Unterwasseraktivit\u00e4ten betreiben wollen, sind verpflichtet sich eine Taucherlaubnis bei den unten angef\u00fchrten Clubs zu besorgen.<\/p>\n\n\n\n<p><\/p>\n\n\n\n<p>BEI TAUCHUNF\u00c4LLEN<\/p>\n\n\n\n<p>Ein verungl\u00fcckter Taucher muss sofort in die Notaufnahme des Krankenhauses<br>Op\u0107a bolnica Pula, Negrijeva 6, im Marinekrankenhaus in Pula gebracht werden.<br>\u00d6ffnungszeiten der Klinik f\u00fcr Baromedizin: von 7.30 &#8211; 15.30 Uhr, Tel.\/Fax 217<br>877, 215 663, 098 219 225, 098 255 945. Au\u00dferhalb der angegeben Zeiten wenden<br>Sie sich in Notf\u00e4llen bitte an die Auskunft, kommen Sie im OB Pula oder KBC<br>Rijeka, Tel. 051 407 435.<\/p>\n\n\n\n<p><\/p>\n\n\n\n<p><\/p>\n\n\n\n<p>Bei den angef\u00fchrten Tauchzentren k\u00f6nnen Sie CMAS, DAN, SSI, IANTD, PADI, UDI &#8211; Tauchkurse besuchen, Flaschen abf\u00fcllen, Tauchausr\u00fcstung ausborgen, wie auch Tauchausfl\u00fcge unternehmen:<\/p>\n\n\n\n<p><\/p>\n","protected":false},"excerpt":{"rendered":"<p>Es gibt viele Orte auf der Welt, wo man in die Tiefe tauchen und die Realit\u00e4t vergessen kann. Es gibt&#8230;<\/p>\n","protected":false},"author":1,"featured_media":3417,"parent":12669,"menu_order":0,"comment_status":"closed","ping_status":"closed","template":"tpl-activities.php","meta":{"_acf_changed":false,"footnotes":""},"classificator":[],"class_list":["post-12685","page","type-page","status-publish","has-post-thumbnail","hentry"],"acf":{"video":"","gallery":null},"yoast_head":"<!-- This site is optimized with the Yoast SEO plugin v27.6 - https:\/\/yoast.com\/product\/yoast-seo-wordpress\/ -->\n<title>Tauchen - Medulin Riviera<\/title>\n<meta name=\"robots\" content=\"index, follow, max-snippet:-1, max-image-preview:large, max-video-preview:-1\" \/>\n<link rel=\"canonical\" href=\"https:\/\/www.medulinriviera.info\/de\/activities\/diving\/\" \/>\n<meta property=\"og:locale\" content=\"de_DE\" \/>\n<meta property=\"og:type\" content=\"article\" \/>\n<meta property=\"og:title\" content=\"Tauchen - Medulin Riviera\" \/>\n<meta property=\"og:description\" content=\"Es gibt viele Orte auf der Welt, wo man in die Tiefe tauchen und die Realit\u00e4t vergessen kann. Es gibt...\" \/>\n<meta property=\"og:url\" content=\"https:\/\/www.medulinriviera.info\/de\/activities\/diving\/\" \/>\n<meta property=\"og:site_name\" content=\"Medulin Riviera\" \/>\n<meta property=\"article:publisher\" content=\"https:\/\/www.facebook.com\/medulinriviera\/\" \/>\n<meta property=\"article:modified_time\" content=\"2020-06-29T12:41:53+00:00\" \/>\n<meta property=\"og:image\" content=\"https:\/\/www.medulinriviera.info\/wp-content\/uploads\/2020\/05\/activities-1.jpg\" \/>\n\t<meta property=\"og:image:width\" content=\"1689\" \/>\n\t<meta property=\"og:image:height\" content=\"1267\" \/>\n\t<meta property=\"og:image:type\" content=\"image\/jpeg\" \/>\n<meta name=\"twitter:card\" content=\"summary_large_image\" \/>\n<meta name=\"twitter:label1\" content=\"Gesch\u00e4tzte Lesezeit\" \/>\n\t<meta name=\"twitter:data1\" content=\"1\u00a0Minute\" \/>\n<script type=\"application\/ld+json\" class=\"yoast-schema-graph\">{\"@context\":\"https:\\\/\\\/schema.org\",\"@graph\":[{\"@type\":\"WebPage\",\"@id\":\"https:\\\/\\\/www.medulinriviera.info\\\/de\\\/activities\\\/diving\\\/\",\"url\":\"https:\\\/\\\/www.medulinriviera.info\\\/de\\\/activities\\\/diving\\\/\",\"name\":\"Tauchen - Medulin Riviera\",\"isPartOf\":{\"@id\":\"https:\\\/\\\/www.medulinriviera.info\\\/de\\\/#website\"},\"primaryImageOfPage\":{\"@id\":\"https:\\\/\\\/www.medulinriviera.info\\\/de\\\/activities\\\/diving\\\/#primaryimage\"},\"image\":{\"@id\":\"https:\\\/\\\/www.medulinriviera.info\\\/de\\\/activities\\\/diving\\\/#primaryimage\"},\"thumbnailUrl\":\"https:\\\/\\\/www.medulinriviera.info\\\/wp-content\\\/uploads\\\/2020\\\/05\\\/activities-1.jpg\",\"datePublished\":\"2020-06-11T07:47:29+00:00\",\"dateModified\":\"2020-06-29T12:41:53+00:00\",\"breadcrumb\":{\"@id\":\"https:\\\/\\\/www.medulinriviera.info\\\/de\\\/activities\\\/diving\\\/#breadcrumb\"},\"inLanguage\":\"de\",\"potentialAction\":[{\"@type\":\"ReadAction\",\"target\":[\"https:\\\/\\\/www.medulinriviera.info\\\/de\\\/activities\\\/diving\\\/\"]}]},{\"@type\":\"ImageObject\",\"inLanguage\":\"de\",\"@id\":\"https:\\\/\\\/www.medulinriviera.info\\\/de\\\/activities\\\/diving\\\/#primaryimage\",\"url\":\"https:\\\/\\\/www.medulinriviera.info\\\/wp-content\\\/uploads\\\/2020\\\/05\\\/activities-1.jpg\",\"contentUrl\":\"https:\\\/\\\/www.medulinriviera.info\\\/wp-content\\\/uploads\\\/2020\\\/05\\\/activities-1.jpg\",\"width\":1689,\"height\":1267},{\"@type\":\"BreadcrumbList\",\"@id\":\"https:\\\/\\\/www.medulinriviera.info\\\/de\\\/activities\\\/diving\\\/#breadcrumb\",\"itemListElement\":[{\"@type\":\"ListItem\",\"position\":1,\"name\":\"Home\",\"item\":\"https:\\\/\\\/www.medulinriviera.info\\\/de\\\/\"},{\"@type\":\"ListItem\",\"position\":2,\"name\":\"Aktivit\u00e4ten\",\"item\":\"https:\\\/\\\/www.medulinriviera.info\\\/de\\\/activities\\\/\"},{\"@type\":\"ListItem\",\"position\":3,\"name\":\"Tauchen\"}]},{\"@type\":\"WebSite\",\"@id\":\"https:\\\/\\\/www.medulinriviera.info\\\/de\\\/#website\",\"url\":\"https:\\\/\\\/www.medulinriviera.info\\\/de\\\/\",\"name\":\"Medulin Riviera\",\"description\":\"The Blue Planet\",\"publisher\":{\"@id\":\"https:\\\/\\\/www.medulinriviera.info\\\/de\\\/#organization\"},\"potentialAction\":[{\"@type\":\"SearchAction\",\"target\":{\"@type\":\"EntryPoint\",\"urlTemplate\":\"https:\\\/\\\/www.medulinriviera.info\\\/de\\\/?s={search_term_string}\"},\"query-input\":{\"@type\":\"PropertyValueSpecification\",\"valueRequired\":true,\"valueName\":\"search_term_string\"}}],\"inLanguage\":\"de\"},{\"@type\":\"Organization\",\"@id\":\"https:\\\/\\\/www.medulinriviera.info\\\/de\\\/#organization\",\"name\":\"Medulin Riviera\",\"url\":\"https:\\\/\\\/www.medulinriviera.info\\\/de\\\/\",\"logo\":{\"@type\":\"ImageObject\",\"inLanguage\":\"de\",\"@id\":\"https:\\\/\\\/www.medulinriviera.info\\\/de\\\/#\\\/schema\\\/logo\\\/image\\\/\",\"url\":\"https:\\\/\\\/www.medulinriviera.info\\\/wp-content\\\/uploads\\\/2020\\\/06\\\/logo-alt.png\",\"contentUrl\":\"https:\\\/\\\/www.medulinriviera.info\\\/wp-content\\\/uploads\\\/2020\\\/06\\\/logo-alt.png\",\"width\":264,\"height\":78,\"caption\":\"Medulin Riviera\"},\"image\":{\"@id\":\"https:\\\/\\\/www.medulinriviera.info\\\/de\\\/#\\\/schema\\\/logo\\\/image\\\/\"},\"sameAs\":[\"https:\\\/\\\/www.facebook.com\\\/medulinriviera\\\/\",\"https:\\\/\\\/www.instagram.com\\\/medulinriviera\\\/\",\"https:\\\/\\\/www.youtube.com\\\/channel\\\/UCYdC8kYbK9OEmlmeZydpumQ\"]}]}<\/script>\n<!-- \/ Yoast SEO plugin. -->","yoast_head_json":{"title":"Tauchen - Medulin Riviera","robots":{"index":"index","follow":"follow","max-snippet":"max-snippet:-1","max-image-preview":"max-image-preview:large","max-video-preview":"max-video-preview:-1"},"canonical":"https:\/\/www.medulinriviera.info\/de\/activities\/diving\/","og_locale":"de_DE","og_type":"article","og_title":"Tauchen - Medulin Riviera","og_description":"Es gibt viele Orte auf der Welt, wo man in die Tiefe tauchen und die Realit\u00e4t vergessen kann. Es gibt...","og_url":"https:\/\/www.medulinriviera.info\/de\/activities\/diving\/","og_site_name":"Medulin Riviera","article_publisher":"https:\/\/www.facebook.com\/medulinriviera\/","article_modified_time":"2020-06-29T12:41:53+00:00","og_image":[{"width":1689,"height":1267,"url":"https:\/\/www.medulinriviera.info\/wp-content\/uploads\/2020\/05\/activities-1.jpg","type":"image\/jpeg"}],"twitter_card":"summary_large_image","twitter_misc":{"Gesch\u00e4tzte Lesezeit":"1\u00a0Minute"},"schema":{"@context":"https:\/\/schema.org","@graph":[{"@type":"WebPage","@id":"https:\/\/www.medulinriviera.info\/de\/activities\/diving\/","url":"https:\/\/www.medulinriviera.info\/de\/activities\/diving\/","name":"Tauchen - Medulin Riviera","isPartOf":{"@id":"https:\/\/www.medulinriviera.info\/de\/#website"},"primaryImageOfPage":{"@id":"https:\/\/www.medulinriviera.info\/de\/activities\/diving\/#primaryimage"},"image":{"@id":"https:\/\/www.medulinriviera.info\/de\/activities\/diving\/#primaryimage"},"thumbnailUrl":"https:\/\/www.medulinriviera.info\/wp-content\/uploads\/2020\/05\/activities-1.jpg","datePublished":"2020-06-11T07:47:29+00:00","dateModified":"2020-06-29T12:41:53+00:00","breadcrumb":{"@id":"https:\/\/www.medulinriviera.info\/de\/activities\/diving\/#breadcrumb"},"inLanguage":"de","potentialAction":[{"@type":"ReadAction","target":["https:\/\/www.medulinriviera.info\/de\/activities\/diving\/"]}]},{"@type":"ImageObject","inLanguage":"de","@id":"https:\/\/www.medulinriviera.info\/de\/activities\/diving\/#primaryimage","url":"https:\/\/www.medulinriviera.info\/wp-content\/uploads\/2020\/05\/activities-1.jpg","contentUrl":"https:\/\/www.medulinriviera.info\/wp-content\/uploads\/2020\/05\/activities-1.jpg","width":1689,"height":1267},{"@type":"BreadcrumbList","@id":"https:\/\/www.medulinriviera.info\/de\/activities\/diving\/#breadcrumb","itemListElement":[{"@type":"ListItem","position":1,"name":"Home","item":"https:\/\/www.medulinriviera.info\/de\/"},{"@type":"ListItem","position":2,"name":"Aktivit\u00e4ten","item":"https:\/\/www.medulinriviera.info\/de\/activities\/"},{"@type":"ListItem","position":3,"name":"Tauchen"}]},{"@type":"WebSite","@id":"https:\/\/www.medulinriviera.info\/de\/#website","url":"https:\/\/www.medulinriviera.info\/de\/","name":"Medulin Riviera","description":"The Blue Planet","publisher":{"@id":"https:\/\/www.medulinriviera.info\/de\/#organization"},"potentialAction":[{"@type":"SearchAction","target":{"@type":"EntryPoint","urlTemplate":"https:\/\/www.medulinriviera.info\/de\/?s={search_term_string}"},"query-input":{"@type":"PropertyValueSpecification","valueRequired":true,"valueName":"search_term_string"}}],"inLanguage":"de"},{"@type":"Organization","@id":"https:\/\/www.medulinriviera.info\/de\/#organization","name":"Medulin Riviera","url":"https:\/\/www.medulinriviera.info\/de\/","logo":{"@type":"ImageObject","inLanguage":"de","@id":"https:\/\/www.medulinriviera.info\/de\/#\/schema\/logo\/image\/","url":"https:\/\/www.medulinriviera.info\/wp-content\/uploads\/2020\/06\/logo-alt.png","contentUrl":"https:\/\/www.medulinriviera.info\/wp-content\/uploads\/2020\/06\/logo-alt.png","width":264,"height":78,"caption":"Medulin Riviera"},"image":{"@id":"https:\/\/www.medulinriviera.info\/de\/#\/schema\/logo\/image\/"},"sameAs":["https:\/\/www.facebook.com\/medulinriviera\/","https:\/\/www.instagram.com\/medulinriviera\/","https:\/\/www.youtube.com\/channel\/UCYdC8kYbK9OEmlmeZydpumQ"]}]}},"wpml_current_locale":"de_DE","wpml_translations":[{"locale":"hr","id":12683,"post_title":"Ronjenje","href":"https:\/\/www.medulinriviera.info\/hr\/activities\/diving\/"},{"locale":"en_US","id":12677,"post_title":"Diving","href":"https:\/\/www.medulinriviera.info\/activities\/diving\/"},{"locale":"fr_FR","id":12684,"post_title":"Plong\u00e9e sous-marine","href":"https:\/\/www.medulinriviera.info\/fr\/activities\/diving\/"},{"locale":"it_IT","id":12686,"post_title":"Attivita' subacquee","href":"https:\/\/www.medulinriviera.info\/it\/activities\/diving\/"},{"locale":"sl_SI","id":12687,"post_title":"Diving","href":"https:\/\/www.medulinriviera.info\/sl\/activities\/diving\/"}],"_links":{"self":[{"href":"https:\/\/www.medulinriviera.info\/de\/wp-json\/wp\/v2\/pages\/12685","targetHints":{"allow":["GET"]}}],"collection":[{"href":"https:\/\/www.medulinriviera.info\/de\/wp-json\/wp\/v2\/pages"}],"about":[{"href":"https:\/\/www.medulinriviera.info\/de\/wp-json\/wp\/v2\/types\/page"}],"author":[{"embeddable":true,"href":"https:\/\/www.medulinriviera.info\/de\/wp-json\/wp\/v2\/users\/1"}],"replies":[{"embeddable":true,"href":"https:\/\/www.medulinriviera.info\/de\/wp-json\/wp\/v2\/comments?post=12685"}],"version-history":[{"count":0,"href":"https:\/\/www.medulinriviera.info\/de\/wp-json\/wp\/v2\/pages\/12685\/revisions"}],"up":[{"embeddable":true,"href":"https:\/\/www.medulinriviera.info\/de\/wp-json\/wp\/v2\/pages\/12669"}],"wp:featuredmedia":[{"embeddable":true,"href":"https:\/\/www.medulinriviera.info\/de\/wp-json\/wp\/v2\/media\/3417"}],"wp:attachment":[{"href":"https:\/\/www.medulinriviera.info\/de\/wp-json\/wp\/v2\/media?parent=12685"}],"wp:term":[{"taxonomy":"classificator","embeddable":true,"href":"https:\/\/www.medulinriviera.info\/de\/wp-json\/wp\/v2\/classificator?post=12685"}],"curies":[{"name":"wp","href":"https:\/\/api.w.org\/{rel}","templated":true}]}}