{"id":11619,"date":"2020-06-05T16:37:39","date_gmt":"2020-06-05T14:37:39","guid":{"rendered":"http:\/\/www.medulinriviera.info\/navigation-maps\/"},"modified":"2020-06-05T17:08:21","modified_gmt":"2020-06-05T15:08:21","slug":"navigation-maps","status":"publish","type":"page","link":"https:\/\/www.medulinriviera.info\/de\/navigation-maps\/","title":{"rendered":"Touristische GPS Navigationskarte"},"content":{"rendered":"\n<p>Sehr geehrte G\u00e4ste<br>Diese Navigationskarte wurde f\u00fcr Ihre Bed\u00fcrfnisse erstellt und hat zwei Grundaufgaben:<\/p>\n\n\n\n<p><strong>Eine einfachere Anreise zu Ihrer gebuchten Unterkunft zu erm\u00f6glichen.<\/strong><\/p>\n\n\n\n<p>Nachdem Sie die Karte \u0171bernommen und in Ihr Ger\u00e4t kopiert haben, und nach Eintreffen auf das Gebiet der Republik Kroatien, gen\u00fcgt es die Adresse der gesuchten Unterkunft (Hotel, Kamp, Privatunterkunft) einzugeben. Die Software f\u00fchrt sie auf den Hauptstra\u00dfen der Kroatien zum Bestimmungsort. Nach Eintreffen auf das Gebiet des s\u00fcdlichen Istriens werden auch alle Nebenstra\u00dfen aktiviert. Au\u00dfer durch Eingabe der Adresse, k\u00f6nnen Sie die gew\u00fcnschte Unterkunft \u00fcber die Option \u201ePoint of interest\u201c suchen.<\/p>\n\n\n\n<p><strong>Bei einfacherer Begehung der Destination und beim Besuch lokaler Attraktionen zu helfen.<\/strong><\/p>\n\n\n\n<p>Einmal wenn Sie an der Medulin Riviera angekommen sind und sich einquartiert haben, wird Ihnen diese Software helfen sich einfacher im Raum zu orientieren und alle interessanten Orte im s\u00fcdlichen Istrien zu finden: Str\u00e4nde, Nationalparks, Restaurants, Unterhaltungs- und Sportinhalte, Kulturdenkm\u00e4ler, Museen\u2026 Aber auch Einkaufsl\u00e4den, Geldautomaten, Post\u00e4mter, Krankenhaus und alle andere Inhalte. Es gen\u00fcgt im Men\u00fc die gew\u00fcnschte Kategorie und den Inhalt zu finden, danach f\u00fchrt Sie die Software auf dem k\u00fcrzesten Weg zum gew\u00fcnschten Bestimmungsort. Die Karten sind, au\u00dfer f\u00fcr Autofahrer, auch f\u00fcr Radfahrer und Fu\u00dfg\u00e4nger geeignet. Bestimmte Inhalte k\u00f6nnen Sie auch durch einfaches bewegen der Karte auf dem Bildschirm Ihres Ger\u00e4tes finden.<\/p>\n\n\n\n<p class=\"has-background has-very-light-gray-background-color\">DIE KARTEN SIND KOSTENFREI F\u00dcR ALLE NUTZER UND WERDEN REGELM\u00c4\u00dfIG AUFGEFRISCHT.<\/p>\n\n\n\n<h2 class=\"wp-block-heading\">Download der Karte<\/h2>\n\n\n\n<p class=\"has-background has-very-light-gray-background-color\">ZUM DOWNLOAD DER KARTE BRAUCHEN SIE NUR EIN GARMIN ODER EIN ANDERES NAVIGATIONSGER\u00c4T, SMATPHONE ODER TABLET.<\/p>\n\n\n\n<div class=\"wp-block-group\"><div class=\"wp-block-group__inner-container is-layout-flow wp-block-group-is-layout-flow\">\n<div class=\"wp-block-image\"><figure class=\"alignright size-large\"><img loading=\"lazy\" decoding=\"async\" width=\"133\" height=\"36\" src=\"http:\/\/www.medulinriviera.info\/wp-content\/uploads\/2020\/06\/logo-garmin.jpg\" alt=\"\" class=\"wp-image-11569\"\/><\/figure><\/div>\n\n\n\n<h2 class=\"wp-block-heading\">Gruppe Garmin<\/h2>\n\n\n\n<p>\u00dcbernehmen Sie die Karte und kopieren sie auf Ihr Ger\u00e4t.<\/p>\n\n\n\n<div class=\"wp-block-buttons is-layout-flex wp-block-buttons-is-layout-flex\">\n<div class=\"wp-block-button\"><a class=\"wp-block-button__link\" href=\"\/maps-download\/gmapsupp.img\">Download<\/a><\/div>\n<\/div>\n<\/div><\/div>\n\n\n\n<hr class=\"wp-block-separator\"\/>\n\n\n\n<div class=\"wp-block-group\"><div class=\"wp-block-group__inner-container is-layout-flow wp-block-group-is-layout-flow\">\n<div class=\"wp-block-image\"><figure class=\"alignright size-large\"><img loading=\"lazy\" decoding=\"async\" width=\"60\" height=\"60\" src=\"http:\/\/www.medulinriviera.info\/wp-content\/uploads\/2020\/06\/logo-gpx.jpg\" alt=\"\" class=\"wp-image-11581\"\/><\/figure><\/div>\n\n\n\n<h2 class=\"wp-block-heading\">Sonstige GPS Ger\u00e4te die GPX Dateien unterst\u00fctzen<\/h2>\n\n\n\n<p>\u00dcbernehmen Sie die Karte und kopieren sie auf Ihr Ger\u00e4t.<\/p>\n\n\n\n<div class=\"wp-block-buttons is-layout-flex wp-block-buttons-is-layout-flex\">\n<div class=\"wp-block-button\"><a class=\"wp-block-button__link\" href=\"\/maps-download\/gpxmap.zip\">Download<\/a><\/div>\n<\/div>\n<\/div><\/div>\n\n\n\n<hr class=\"wp-block-separator\"\/>\n\n\n\n<div class=\"wp-block-group\"><div class=\"wp-block-group__inner-container is-layout-flow wp-block-group-is-layout-flow\">\n<div class=\"wp-block-image\"><figure class=\"alignright size-large is-resized\"><img decoding=\"async\" src=\"http:\/\/www.medulinriviera.info\/wp-content\/uploads\/2020\/06\/geonet.png\" alt=\"\" class=\"wp-image-11588\" width=\"64\" srcset=\"https:\/\/www.medulinriviera.info\/wp-content\/uploads\/2020\/06\/geonet.png 300w, https:\/\/www.medulinriviera.info\/wp-content\/uploads\/2020\/06\/geonet-150x150.png 150w\" sizes=\"(max-width: 300px) 100vw, 300px\" \/><\/figure><\/div>\n\n\n\n<h2 class=\"wp-block-heading\">Smartphones und tablets<\/h2>\n\n\n\n<p>Jetzt bei AppStore oder GooglePlay (Karte und Anwendung)<\/p>\n\n\n\n<p class=\"has-background has-very-light-gray-background-color\">nach der Installation folgen sie bitte die beigef\u00fcgte <a href=\"http:\/\/www.medulinriviera.info\/wp-content\/uploads\/2020\/06\/upute_smartphone_de.pdf\">Einleitung zur Aktivierung der gew\u00fcnschte Karte.<\/a><\/p>\n\n\n\n<p><strong>Direktdownload<\/strong><br>Falls Sie mit Ihrem Smartphone oder Tablet bereits auf dieser Seite sind, <a href=\"https:\/\/probki.net\/news.aspx\" target=\"_blank\" rel=\"noreferrer noopener\">klicken Sie einfach hier, um GeoNet Anwendung herunterladen.<\/a><\/p>\n\n\n\n<p><strong>QR Code<\/strong><br>Falls Sie diese Seite auf Ihrem PC besuchen verwenden Sie den hier beigef\u00fcgten QR Code, durch den Ihr mobiles Ger\u00e4t direkt auf die Downloadseite zugreifen kann.<\/p>\n\n\n\n<div class=\"wp-block-image\"><figure class=\"aligncenter size-large\"><img loading=\"lazy\" decoding=\"async\" width=\"287\" height=\"395\" src=\"http:\/\/www.medulinriviera.info\/wp-content\/uploads\/2020\/06\/Nalepka_GeoNet_small.jpg\" alt=\"\" class=\"wp-image-11594\" srcset=\"https:\/\/www.medulinriviera.info\/wp-content\/uploads\/2020\/06\/Nalepka_GeoNet_small.jpg 287w, https:\/\/www.medulinriviera.info\/wp-content\/uploads\/2020\/06\/Nalepka_GeoNet_small-218x300.jpg 218w\" sizes=\"auto, (max-width: 287px) 100vw, 287px\" \/><\/figure><\/div>\n<\/div><\/div>\n\n\n\n<p><\/p>\n","protected":false},"excerpt":{"rendered":"<p>Sehr geehrte G\u00e4steDiese Navigationskarte wurde f\u00fcr Ihre Bed\u00fcrfnisse erstellt und hat zwei Grundaufgaben: Eine einfachere Anreise zu Ihrer gebuchten Unterkunft&#8230;<\/p>\n","protected":false},"author":1,"featured_media":11604,"parent":0,"menu_order":0,"comment_status":"closed","ping_status":"closed","template":"","meta":{"_acf_changed":false,"footnotes":""},"classificator":[],"class_list":["post-11619","page","type-page","status-publish","has-post-thumbnail","hentry"],"acf":{"video":"","gallery":null},"yoast_head":"<!-- This site is optimized with the Yoast SEO plugin v27.6 - https:\/\/yoast.com\/product\/yoast-seo-wordpress\/ -->\n<title>Touristische GPS Navigationskarte - Medulin Riviera<\/title>\n<meta name=\"robots\" content=\"index, follow, max-snippet:-1, max-image-preview:large, max-video-preview:-1\" \/>\n<link rel=\"canonical\" href=\"https:\/\/www.medulinriviera.info\/de\/navigation-maps\/\" \/>\n<meta property=\"og:locale\" content=\"de_DE\" \/>\n<meta property=\"og:type\" content=\"article\" \/>\n<meta property=\"og:title\" content=\"Touristische GPS Navigationskarte - Medulin Riviera\" \/>\n<meta property=\"og:description\" content=\"Sehr geehrte G\u00e4steDiese Navigationskarte wurde f\u00fcr Ihre Bed\u00fcrfnisse erstellt und hat zwei Grundaufgaben: Eine einfachere Anreise zu Ihrer gebuchten Unterkunft...\" \/>\n<meta property=\"og:url\" content=\"https:\/\/www.medulinriviera.info\/de\/navigation-maps\/\" \/>\n<meta property=\"og:site_name\" content=\"Medulin Riviera\" \/>\n<meta property=\"article:publisher\" content=\"https:\/\/www.facebook.com\/medulinriviera\/\" \/>\n<meta property=\"article:modified_time\" content=\"2020-06-05T15:08:21+00:00\" \/>\n<meta property=\"og:image\" content=\"https:\/\/www.medulinriviera.info\/wp-content\/uploads\/2020\/06\/gps-navigation.jpg\" \/>\n\t<meta property=\"og:image:width\" content=\"1500\" \/>\n\t<meta property=\"og:image:height\" content=\"998\" \/>\n\t<meta property=\"og:image:type\" content=\"image\/jpeg\" \/>\n<meta name=\"twitter:card\" content=\"summary_large_image\" \/>\n<meta name=\"twitter:label1\" content=\"Gesch\u00e4tzte Lesezeit\" \/>\n\t<meta name=\"twitter:data1\" content=\"2\u00a0Minuten\" \/>\n<script type=\"application\/ld+json\" class=\"yoast-schema-graph\">{\"@context\":\"https:\\\/\\\/schema.org\",\"@graph\":[{\"@type\":\"WebPage\",\"@id\":\"https:\\\/\\\/www.medulinriviera.info\\\/de\\\/navigation-maps\\\/\",\"url\":\"https:\\\/\\\/www.medulinriviera.info\\\/de\\\/navigation-maps\\\/\",\"name\":\"Touristische GPS Navigationskarte - Medulin Riviera\",\"isPartOf\":{\"@id\":\"https:\\\/\\\/www.medulinriviera.info\\\/de\\\/#website\"},\"primaryImageOfPage\":{\"@id\":\"https:\\\/\\\/www.medulinriviera.info\\\/de\\\/navigation-maps\\\/#primaryimage\"},\"image\":{\"@id\":\"https:\\\/\\\/www.medulinriviera.info\\\/de\\\/navigation-maps\\\/#primaryimage\"},\"thumbnailUrl\":\"https:\\\/\\\/www.medulinriviera.info\\\/wp-content\\\/uploads\\\/2020\\\/06\\\/gps-navigation.jpg\",\"datePublished\":\"2020-06-05T14:37:39+00:00\",\"dateModified\":\"2020-06-05T15:08:21+00:00\",\"breadcrumb\":{\"@id\":\"https:\\\/\\\/www.medulinriviera.info\\\/de\\\/navigation-maps\\\/#breadcrumb\"},\"inLanguage\":\"de\",\"potentialAction\":[{\"@type\":\"ReadAction\",\"target\":[\"https:\\\/\\\/www.medulinriviera.info\\\/de\\\/navigation-maps\\\/\"]}]},{\"@type\":\"ImageObject\",\"inLanguage\":\"de\",\"@id\":\"https:\\\/\\\/www.medulinriviera.info\\\/de\\\/navigation-maps\\\/#primaryimage\",\"url\":\"https:\\\/\\\/www.medulinriviera.info\\\/wp-content\\\/uploads\\\/2020\\\/06\\\/gps-navigation.jpg\",\"contentUrl\":\"https:\\\/\\\/www.medulinriviera.info\\\/wp-content\\\/uploads\\\/2020\\\/06\\\/gps-navigation.jpg\",\"width\":1500,\"height\":998},{\"@type\":\"BreadcrumbList\",\"@id\":\"https:\\\/\\\/www.medulinriviera.info\\\/de\\\/navigation-maps\\\/#breadcrumb\",\"itemListElement\":[{\"@type\":\"ListItem\",\"position\":1,\"name\":\"Home\",\"item\":\"https:\\\/\\\/www.medulinriviera.info\\\/de\\\/\"},{\"@type\":\"ListItem\",\"position\":2,\"name\":\"Touristische GPS Navigationskarte\"}]},{\"@type\":\"WebSite\",\"@id\":\"https:\\\/\\\/www.medulinriviera.info\\\/de\\\/#website\",\"url\":\"https:\\\/\\\/www.medulinriviera.info\\\/de\\\/\",\"name\":\"Medulin Riviera\",\"description\":\"The Blue Planet\",\"publisher\":{\"@id\":\"https:\\\/\\\/www.medulinriviera.info\\\/de\\\/#organization\"},\"potentialAction\":[{\"@type\":\"SearchAction\",\"target\":{\"@type\":\"EntryPoint\",\"urlTemplate\":\"https:\\\/\\\/www.medulinriviera.info\\\/de\\\/?s={search_term_string}\"},\"query-input\":{\"@type\":\"PropertyValueSpecification\",\"valueRequired\":true,\"valueName\":\"search_term_string\"}}],\"inLanguage\":\"de\"},{\"@type\":\"Organization\",\"@id\":\"https:\\\/\\\/www.medulinriviera.info\\\/de\\\/#organization\",\"name\":\"Medulin Riviera\",\"url\":\"https:\\\/\\\/www.medulinriviera.info\\\/de\\\/\",\"logo\":{\"@type\":\"ImageObject\",\"inLanguage\":\"de\",\"@id\":\"https:\\\/\\\/www.medulinriviera.info\\\/de\\\/#\\\/schema\\\/logo\\\/image\\\/\",\"url\":\"https:\\\/\\\/www.medulinriviera.info\\\/wp-content\\\/uploads\\\/2020\\\/06\\\/logo-alt.png\",\"contentUrl\":\"https:\\\/\\\/www.medulinriviera.info\\\/wp-content\\\/uploads\\\/2020\\\/06\\\/logo-alt.png\",\"width\":264,\"height\":78,\"caption\":\"Medulin Riviera\"},\"image\":{\"@id\":\"https:\\\/\\\/www.medulinriviera.info\\\/de\\\/#\\\/schema\\\/logo\\\/image\\\/\"},\"sameAs\":[\"https:\\\/\\\/www.facebook.com\\\/medulinriviera\\\/\",\"https:\\\/\\\/www.instagram.com\\\/medulinriviera\\\/\",\"https:\\\/\\\/www.youtube.com\\\/channel\\\/UCYdC8kYbK9OEmlmeZydpumQ\"]}]}<\/script>\n<!-- \/ Yoast SEO plugin. -->","yoast_head_json":{"title":"Touristische GPS Navigationskarte - Medulin Riviera","robots":{"index":"index","follow":"follow","max-snippet":"max-snippet:-1","max-image-preview":"max-image-preview:large","max-video-preview":"max-video-preview:-1"},"canonical":"https:\/\/www.medulinriviera.info\/de\/navigation-maps\/","og_locale":"de_DE","og_type":"article","og_title":"Touristische GPS Navigationskarte - Medulin Riviera","og_description":"Sehr geehrte G\u00e4steDiese Navigationskarte wurde f\u00fcr Ihre Bed\u00fcrfnisse erstellt und hat zwei Grundaufgaben: Eine einfachere Anreise zu Ihrer gebuchten Unterkunft...","og_url":"https:\/\/www.medulinriviera.info\/de\/navigation-maps\/","og_site_name":"Medulin Riviera","article_publisher":"https:\/\/www.facebook.com\/medulinriviera\/","article_modified_time":"2020-06-05T15:08:21+00:00","og_image":[{"width":1500,"height":998,"url":"https:\/\/www.medulinriviera.info\/wp-content\/uploads\/2020\/06\/gps-navigation.jpg","type":"image\/jpeg"}],"twitter_card":"summary_large_image","twitter_misc":{"Gesch\u00e4tzte Lesezeit":"2\u00a0Minuten"},"schema":{"@context":"https:\/\/schema.org","@graph":[{"@type":"WebPage","@id":"https:\/\/www.medulinriviera.info\/de\/navigation-maps\/","url":"https:\/\/www.medulinriviera.info\/de\/navigation-maps\/","name":"Touristische GPS Navigationskarte - Medulin Riviera","isPartOf":{"@id":"https:\/\/www.medulinriviera.info\/de\/#website"},"primaryImageOfPage":{"@id":"https:\/\/www.medulinriviera.info\/de\/navigation-maps\/#primaryimage"},"image":{"@id":"https:\/\/www.medulinriviera.info\/de\/navigation-maps\/#primaryimage"},"thumbnailUrl":"https:\/\/www.medulinriviera.info\/wp-content\/uploads\/2020\/06\/gps-navigation.jpg","datePublished":"2020-06-05T14:37:39+00:00","dateModified":"2020-06-05T15:08:21+00:00","breadcrumb":{"@id":"https:\/\/www.medulinriviera.info\/de\/navigation-maps\/#breadcrumb"},"inLanguage":"de","potentialAction":[{"@type":"ReadAction","target":["https:\/\/www.medulinriviera.info\/de\/navigation-maps\/"]}]},{"@type":"ImageObject","inLanguage":"de","@id":"https:\/\/www.medulinriviera.info\/de\/navigation-maps\/#primaryimage","url":"https:\/\/www.medulinriviera.info\/wp-content\/uploads\/2020\/06\/gps-navigation.jpg","contentUrl":"https:\/\/www.medulinriviera.info\/wp-content\/uploads\/2020\/06\/gps-navigation.jpg","width":1500,"height":998},{"@type":"BreadcrumbList","@id":"https:\/\/www.medulinriviera.info\/de\/navigation-maps\/#breadcrumb","itemListElement":[{"@type":"ListItem","position":1,"name":"Home","item":"https:\/\/www.medulinriviera.info\/de\/"},{"@type":"ListItem","position":2,"name":"Touristische GPS Navigationskarte"}]},{"@type":"WebSite","@id":"https:\/\/www.medulinriviera.info\/de\/#website","url":"https:\/\/www.medulinriviera.info\/de\/","name":"Medulin Riviera","description":"The Blue Planet","publisher":{"@id":"https:\/\/www.medulinriviera.info\/de\/#organization"},"potentialAction":[{"@type":"SearchAction","target":{"@type":"EntryPoint","urlTemplate":"https:\/\/www.medulinriviera.info\/de\/?s={search_term_string}"},"query-input":{"@type":"PropertyValueSpecification","valueRequired":true,"valueName":"search_term_string"}}],"inLanguage":"de"},{"@type":"Organization","@id":"https:\/\/www.medulinriviera.info\/de\/#organization","name":"Medulin Riviera","url":"https:\/\/www.medulinriviera.info\/de\/","logo":{"@type":"ImageObject","inLanguage":"de","@id":"https:\/\/www.medulinriviera.info\/de\/#\/schema\/logo\/image\/","url":"https:\/\/www.medulinriviera.info\/wp-content\/uploads\/2020\/06\/logo-alt.png","contentUrl":"https:\/\/www.medulinriviera.info\/wp-content\/uploads\/2020\/06\/logo-alt.png","width":264,"height":78,"caption":"Medulin Riviera"},"image":{"@id":"https:\/\/www.medulinriviera.info\/de\/#\/schema\/logo\/image\/"},"sameAs":["https:\/\/www.facebook.com\/medulinriviera\/","https:\/\/www.instagram.com\/medulinriviera\/","https:\/\/www.youtube.com\/channel\/UCYdC8kYbK9OEmlmeZydpumQ"]}]}},"wpml_current_locale":"de_DE","wpml_translations":[{"locale":"hr","id":11617,"post_title":"Turisti\u010dka GPS navigacijska karta","href":"https:\/\/www.medulinriviera.info\/hr\/navigation-maps\/"},{"locale":"en_US","id":11567,"post_title":"Navigation maps","href":"https:\/\/www.medulinriviera.info\/navigation-maps\/"},{"locale":"fr_FR","id":11618,"post_title":"Carte de navigation GPS touristique","href":"https:\/\/www.medulinriviera.info\/fr\/navigation-maps\/"},{"locale":"it_IT","id":11620,"post_title":"Navigazione GPS con guida turistica","href":"https:\/\/www.medulinriviera.info\/it\/navigation-maps\/"},{"locale":"sl_SI","id":11621,"post_title":"Navigation maps","href":"https:\/\/www.medulinriviera.info\/sl\/navigation-maps\/"}],"_links":{"self":[{"href":"https:\/\/www.medulinriviera.info\/de\/wp-json\/wp\/v2\/pages\/11619","targetHints":{"allow":["GET"]}}],"collection":[{"href":"https:\/\/www.medulinriviera.info\/de\/wp-json\/wp\/v2\/pages"}],"about":[{"href":"https:\/\/www.medulinriviera.info\/de\/wp-json\/wp\/v2\/types\/page"}],"author":[{"embeddable":true,"href":"https:\/\/www.medulinriviera.info\/de\/wp-json\/wp\/v2\/users\/1"}],"replies":[{"embeddable":true,"href":"https:\/\/www.medulinriviera.info\/de\/wp-json\/wp\/v2\/comments?post=11619"}],"version-history":[{"count":0,"href":"https:\/\/www.medulinriviera.info\/de\/wp-json\/wp\/v2\/pages\/11619\/revisions"}],"wp:featuredmedia":[{"embeddable":true,"href":"https:\/\/www.medulinriviera.info\/de\/wp-json\/wp\/v2\/media\/11604"}],"wp:attachment":[{"href":"https:\/\/www.medulinriviera.info\/de\/wp-json\/wp\/v2\/media?parent=11619"}],"wp:term":[{"taxonomy":"classificator","embeddable":true,"href":"https:\/\/www.medulinriviera.info\/de\/wp-json\/wp\/v2\/classificator?post=11619"}],"curies":[{"name":"wp","href":"https:\/\/api.w.org\/{rel}","templated":true}]}}