{"id":11501,"date":"2020-06-05T15:43:29","date_gmt":"2020-06-05T13:43:29","guid":{"rendered":"http:\/\/www.medulinriviera.info\/gastronomy\/"},"modified":"2020-06-05T15:52:25","modified_gmt":"2020-06-05T13:52:25","slug":"gastronomy","status":"publish","type":"page","link":"https:\/\/www.medulinriviera.info\/de\/gastronomy\/","title":{"rendered":"Gastronomie"},"content":{"rendered":"\n<p>Die multikulturelle Zusammensetzung in Istrien sp\u00fcrt man vor allem in der Gastronomie, die unter dem Einfluss der italienischen, germanischen und slawischen Kultur steht, ohne dabei das Mediterrane zu vernachl\u00e4ssigen.<\/p>\n\n\n\n<p>Die multikulturelle Zusammensetzung in <strong>Istrien<\/strong> sp\u00fcrt man vor allem in der Gastronomie, die unter dem Einfluss der italienischen, germanischen und slawischen Kultur steht, ohne dabei das Mediterrane zu vernachl\u00e4ssigen.<\/p>\n\n\n\n<p>Den italienischen Einfluss versp\u00fcrt man am meisten in den Speisen mit <strong>Fisch<\/strong>, <strong>Muscheln<\/strong>, <strong>Krebsen<\/strong>, <strong>Scampi<\/strong> und anderen <strong>Meeresfr\u00fcchten<\/strong>, vor allem in der Kombination mit Nudeln, w\u00e4hrend andere Einfl\u00fcsse meist in der l\u00e4ndlichen K\u00fcche zu bemerken sind.<\/p>\n\n\n\n<p>Die besondere Bedeutung unserer K\u00fcche besteht in der Verwendung von Nahungsmitteln h\u00f6chster Qualit\u00e4t bei der Zubereitung von Speisen wie: <strong>istrischer<\/strong> <strong>Prosciutto<\/strong>, <strong>Tr\u00fcffeln<\/strong>, das ber\u00fchmte <strong>istrische<\/strong> <strong>Oliven\u00f6l<\/strong>, das zu den besten der Welt z\u00e4hlt.<\/p>\n\n\n\n<p><strong><strong>ISTRISCHES OLIVEN\u00d6L<\/strong><\/strong><\/p>\n\n\n\n<p><em>Entdecken Sie in dem exklusiven istrischen Oliven\u00f6l intensive Geschm\u00e4cker und D\u00fcfte! Finden Sie heraus, warum drei\u00dfig istrische Oliven\u00f6le ihren Platz in prestigehaftesten F\u00fchrern der Welt Slow food und L \u0301extravergine gefunden haben.<\/em><\/p>\n\n\n\n<p><em>Sie werden in dem besonderen \u00d6l den Duft des frisch gem\u00e4hten Grases, der Gew\u00fcrze, der Artischocken, der gr\u00fcnen Tomaten, der \u00c4pfel und der Mandeln sp\u00fcren, aber auch das edle Bittere, alles das, was das wahre jungfr\u00e4uliche \u00d6l bestimmt.<\/em><\/p>\n\n\n\n<p><em>vERKOSTUNG: FAMILIE TANGER, &#8211; Munida 4a, Medulin \u00d6ffnungszeiten: 17-20 h, tel. 576 445, 091 205 13 81, silvano.tanger@ gmail.com FAMILIE CRNOBORI &#8211; Ka\u0161tanje\u017e 2, Banjole \u00d6ffnungszeiten: 9-12 h, 18-21 h, tel. 573 067, 098 900 44 46, mariobanjolac@gmail.com NATURA CATTUNAR &#8211; Fucane 9, Medulin, tel. 577 475, 091 5722 435, vesna.cattunar@ gmail.com &nbsp;OBITELJ JUKOPILA &#8211; Brajdine 3, Medulin, radno vrijeme: 10-13 h, 17-19 h, tel. 576 001, 091 251 87 73, emil.jukopila@gmail.com &nbsp; TERRANEO &#8211; Funtana 1, Medulin, radno vrijeme: 9-22 h, tel. 095 555 2795, tomislav@terraneo.com &nbsp;<\/em><\/p>\n\n\n\n<p>In letzter Zeit bekommt es die h\u00f6chsten Auszeichnungen bei Oliven\u00f6lmessen. Der istrische <strong>Wein<\/strong> ist als Bestandteil einer guten Gastronomie eine besondere Geschichte, die man nicht in einem Satz zusammenfassen kann. Es gen\u00fcgt zu sagen, dass die istrischen Weine die schm\u00fcckenden Beiw\u00f6rter als beste im Land haben, wie auch einige <strong>Restaurants<\/strong> mit perfektioniertem Gastronomie- und Weinangebot.<\/p>\n\n\n\n<h2 class=\"wp-block-heading\">WAS SOLLTE MAN KOSTEN?<\/h2>\n\n\n\n<div class=\"wp-block-image\"><figure class=\"alignright size-large is-resized\"><img loading=\"lazy\" decoding=\"async\" src=\"http:\/\/www.medulinriviera.info\/wp-content\/uploads\/2020\/06\/MEDULIN_H_4221.jpg\" alt=\"\" class=\"wp-image-11476\" width=\"400\" height=\"266\" srcset=\"https:\/\/www.medulinriviera.info\/wp-content\/uploads\/2020\/06\/MEDULIN_H_4221.jpg 800w, https:\/\/www.medulinriviera.info\/wp-content\/uploads\/2020\/06\/MEDULIN_H_4221-300x199.jpg 300w, https:\/\/www.medulinriviera.info\/wp-content\/uploads\/2020\/06\/MEDULIN_H_4221-768x510.jpg 768w\" sizes=\"auto, (max-width: 400px) 100vw, 400px\" \/><\/figure><\/div>\n\n\n\n<p><strong>ISTRISCHE MINESTRA<\/strong> &#8211; eine der traditionellen Speisen der istrischen K\u00fcche. Es handelt sich im Prinzip um eine dicke Suppe, deren Hauptbestandteile Kartoffel und Bohnen sind. Doch die geschickten K\u00f6che werden durch Kombination mit anderen Bestandteilen jeder ihrer Minestras eine Besonderheit ihres K\u00fcchenzaubers vermitteln. Vom Hauptbestandteil h\u00e4ngt auch der Name jeder der Minestras ab. Doch meist wird in den Topf junger Mais, Kichererbsen, Gerstel, Sauerkraut, R\u00fcbe oder Fenchel hinzugef\u00fcgt. Falls noch ein Teil des Knochens des istrischen Prosciuttos mitgekocht wurde, verst\u00e4rkt sich der Geschmack.<\/p>\n\n\n\n<p><strong>KREbSSALAT<\/strong> \u2013 Meeresdelikatesse, die schon die Alten genossen, ist eine Gaumenfreude, die auch heute noch die Aufmerksamkeit der Freunde guter Speisen auf sich zieht. Dieser gro\u00dfe Krebs, der aber ein zartes und s\u00fc\u00dflichen Fleisch hat, wird auf verschiedene Arten zubereitet. Besonders geeignet ist er gekocht und als Salat zubereitet, wie auch in besonderen Saucen f\u00fcr Risotto oder zu Nudeln.<\/p>\n\n\n\n<p><strong>SARDELLEN AM GRILL<\/strong> \u2013 der Blaue Fisch, der durch Jahrhunderte viele Fischerfamilien ern\u00e4hrte, ist ein weiterer interessanter Geschmack des Meeres aus Istrien, den Sie w\u00e4hrend Ihres Aufenthaltes an der Meduliner Riviera kennen lernen sollten. Sie werden meist auf einfache Art zubereitet \u2013 aus dem Fischernetz direkt auf den Grill. Und falls Sie die Gelegenheit erhalten, vers\u00e4umen Sie es nicht Sardellen in Savoir zu kosten. Sie schmecken nicht nur gut, sie sind auch wegen ihrer zahlreichen N\u00e4hrstoffe und wertvoller Bestandteile einer der ges\u00fcndesten adriatischen Happen.<\/p>\n\n\n\n<div class=\"wp-block-image\"><figure class=\"alignright size-large\"><img loading=\"lazy\" decoding=\"async\" width=\"266\" height=\"400\" src=\"http:\/\/www.medulinriviera.info\/wp-content\/uploads\/2020\/06\/FOOD_2007_0860.jpg\" alt=\"\" class=\"wp-image-11483\" srcset=\"https:\/\/www.medulinriviera.info\/wp-content\/uploads\/2020\/06\/FOOD_2007_0860.jpg 266w, https:\/\/www.medulinriviera.info\/wp-content\/uploads\/2020\/06\/FOOD_2007_0860-200x300.jpg 200w\" sizes=\"auto, (max-width: 266px) 100vw, 266px\" \/><\/figure><\/div>\n\n\n\n<p><strong>SCHWARZES SEPIARISOTTO<\/strong> \u2013 der seichte Steinboden des warmen Meeres an unserer K\u00fcste erm\u00f6glichte den Fischern seit langen Zeiten einen reichen Sepiafang, der Meereskopff\u00fc\u00dfler, die einen besonderen Platz in der traditionellen istrischen K\u00fcche besetzen. Es gibt eine Vielzahl von Rezepten, bei denen Sepia die Hauptrolle spielen. Wir empfehlen Ihnen Schwarzes Risotto von unwiderstehlichem Geschmack, in das sich alle Liebhaber der guten Meeresk\u00fcche verlieben werden.<\/p>\n\n\n\n<p><strong>FISCHBRODETTO<\/strong> \u2013 noch eine typische Fischerspeise, die einst ein Teil der volkst\u00fcmlichen K\u00fcche war und sich heute regelm\u00e4\u00dfig im Angebot der exklusiven Restaurants an der Adriak\u00fcste findet. Es wird mit verschiedenen Kombination des frisch gefangenen Fisches zubereitet. Nicht selten findet man darin einen Krebs oder verschiedene Meeresfr\u00fcchte. Fast jeder Gastwirt hat seine Art der Zubereitung seines Brodetto, die er eifers\u00fcchtig h\u00fctet. Brodetto wird gew\u00f6hnlich mit Maispolenta serviert, mit der er einen unwiderstehlichen adriatischen Geschmack bietet.<\/p>\n\n\n\n<div class=\"wp-block-image\"><figure class=\"alignleft size-large\"><img loading=\"lazy\" decoding=\"async\" width=\"266\" height=\"400\" src=\"http:\/\/www.medulinriviera.info\/wp-content\/uploads\/2020\/06\/FOOD_2007_0814.jpg\" alt=\"\" class=\"wp-image-11489\" srcset=\"https:\/\/www.medulinriviera.info\/wp-content\/uploads\/2020\/06\/FOOD_2007_0814.jpg 266w, https:\/\/www.medulinriviera.info\/wp-content\/uploads\/2020\/06\/FOOD_2007_0814-200x300.jpg 200w\" sizes=\"auto, (max-width: 266px) 100vw, 266px\" \/><\/figure><\/div>\n\n\n\n<p><strong>HAUSGEMACHTE NUDELN MIT SAUCE<\/strong> \u2013 im Gastroangebot Istriens sp\u00fcrt man einen starken Einfluss der italienischen K\u00fcche. Diesen erleben Sie am besten durch eine Reihe von ausgezeichnet hausgemachten Nudeln, die man an unserer Riviera anbietet. Die bekanntesten sind Fu\u017ei, Fleckerl und Tagliatelle, die aus glattem Teig zubereitet werden, wie auch die traditionellen Kartoffelteigschlupfnudeln, die unter dem Namen Gnocchi bekannt sind. Dazu passen am besten verschiedene Arten hausgemachter Saucen, unter denen die Tomatensauce mit Zwiebeln, Gew\u00fcrzen und H\u00fchnerfleisch die traditionellste ist.<\/p>\n","protected":false},"excerpt":{"rendered":"<p>Die multikulturelle Zusammensetzung in Istrien sp\u00fcrt man vor allem in der Gastronomie, die unter dem Einfluss der italienischen, germanischen und&#8230;<\/p>\n","protected":false},"author":1,"featured_media":11473,"parent":0,"menu_order":0,"comment_status":"closed","ping_status":"closed","template":"","meta":{"_acf_changed":false,"footnotes":""},"classificator":[],"class_list":["post-11501","page","type-page","status-publish","has-post-thumbnail","hentry"],"acf":{"video":"","gallery":[11548,11542,11512,11536,11530,11524,11518]},"yoast_head":"<!-- This site is optimized with the Yoast SEO plugin v27.6 - https:\/\/yoast.com\/product\/yoast-seo-wordpress\/ -->\n<title>Gastronomie - Medulin Riviera<\/title>\n<meta name=\"robots\" content=\"index, follow, max-snippet:-1, max-image-preview:large, max-video-preview:-1\" \/>\n<link rel=\"canonical\" href=\"https:\/\/www.medulinriviera.info\/de\/gastronomy\/\" \/>\n<meta property=\"og:locale\" content=\"de_DE\" \/>\n<meta property=\"og:type\" content=\"article\" \/>\n<meta property=\"og:title\" content=\"Gastronomie - Medulin Riviera\" \/>\n<meta property=\"og:description\" content=\"Die multikulturelle Zusammensetzung in Istrien sp\u00fcrt man vor allem in der Gastronomie, die unter dem Einfluss der italienischen, germanischen und...\" \/>\n<meta property=\"og:url\" content=\"https:\/\/www.medulinriviera.info\/de\/gastronomy\/\" \/>\n<meta property=\"og:site_name\" content=\"Medulin Riviera\" \/>\n<meta property=\"article:publisher\" content=\"https:\/\/www.facebook.com\/medulinriviera\/\" \/>\n<meta property=\"article:modified_time\" content=\"2020-06-05T13:52:25+00:00\" \/>\n<meta property=\"og:image\" content=\"https:\/\/www.medulinriviera.info\/wp-content\/uploads\/2020\/06\/gastro-3.jpg\" \/>\n\t<meta property=\"og:image:width\" content=\"1500\" \/>\n\t<meta property=\"og:image:height\" content=\"998\" \/>\n\t<meta property=\"og:image:type\" content=\"image\/jpeg\" \/>\n<meta name=\"twitter:card\" content=\"summary_large_image\" \/>\n<meta name=\"twitter:label1\" content=\"Gesch\u00e4tzte Lesezeit\" \/>\n\t<meta name=\"twitter:data1\" content=\"4\u00a0Minuten\" \/>\n<script type=\"application\/ld+json\" class=\"yoast-schema-graph\">{\"@context\":\"https:\\\/\\\/schema.org\",\"@graph\":[{\"@type\":\"WebPage\",\"@id\":\"https:\\\/\\\/www.medulinriviera.info\\\/de\\\/gastronomy\\\/\",\"url\":\"https:\\\/\\\/www.medulinriviera.info\\\/de\\\/gastronomy\\\/\",\"name\":\"Gastronomie - Medulin Riviera\",\"isPartOf\":{\"@id\":\"https:\\\/\\\/www.medulinriviera.info\\\/de\\\/#website\"},\"primaryImageOfPage\":{\"@id\":\"https:\\\/\\\/www.medulinriviera.info\\\/de\\\/gastronomy\\\/#primaryimage\"},\"image\":{\"@id\":\"https:\\\/\\\/www.medulinriviera.info\\\/de\\\/gastronomy\\\/#primaryimage\"},\"thumbnailUrl\":\"https:\\\/\\\/www.medulinriviera.info\\\/wp-content\\\/uploads\\\/2020\\\/06\\\/gastro-3.jpg\",\"datePublished\":\"2020-06-05T13:43:29+00:00\",\"dateModified\":\"2020-06-05T13:52:25+00:00\",\"breadcrumb\":{\"@id\":\"https:\\\/\\\/www.medulinriviera.info\\\/de\\\/gastronomy\\\/#breadcrumb\"},\"inLanguage\":\"de\",\"potentialAction\":[{\"@type\":\"ReadAction\",\"target\":[\"https:\\\/\\\/www.medulinriviera.info\\\/de\\\/gastronomy\\\/\"]}]},{\"@type\":\"ImageObject\",\"inLanguage\":\"de\",\"@id\":\"https:\\\/\\\/www.medulinriviera.info\\\/de\\\/gastronomy\\\/#primaryimage\",\"url\":\"https:\\\/\\\/www.medulinriviera.info\\\/wp-content\\\/uploads\\\/2020\\\/06\\\/gastro-3.jpg\",\"contentUrl\":\"https:\\\/\\\/www.medulinriviera.info\\\/wp-content\\\/uploads\\\/2020\\\/06\\\/gastro-3.jpg\",\"width\":1500,\"height\":998},{\"@type\":\"BreadcrumbList\",\"@id\":\"https:\\\/\\\/www.medulinriviera.info\\\/de\\\/gastronomy\\\/#breadcrumb\",\"itemListElement\":[{\"@type\":\"ListItem\",\"position\":1,\"name\":\"Home\",\"item\":\"https:\\\/\\\/www.medulinriviera.info\\\/de\\\/\"},{\"@type\":\"ListItem\",\"position\":2,\"name\":\"Gastronomie\"}]},{\"@type\":\"WebSite\",\"@id\":\"https:\\\/\\\/www.medulinriviera.info\\\/de\\\/#website\",\"url\":\"https:\\\/\\\/www.medulinriviera.info\\\/de\\\/\",\"name\":\"Medulin Riviera\",\"description\":\"The Blue Planet\",\"publisher\":{\"@id\":\"https:\\\/\\\/www.medulinriviera.info\\\/de\\\/#organization\"},\"potentialAction\":[{\"@type\":\"SearchAction\",\"target\":{\"@type\":\"EntryPoint\",\"urlTemplate\":\"https:\\\/\\\/www.medulinriviera.info\\\/de\\\/?s={search_term_string}\"},\"query-input\":{\"@type\":\"PropertyValueSpecification\",\"valueRequired\":true,\"valueName\":\"search_term_string\"}}],\"inLanguage\":\"de\"},{\"@type\":\"Organization\",\"@id\":\"https:\\\/\\\/www.medulinriviera.info\\\/de\\\/#organization\",\"name\":\"Medulin Riviera\",\"url\":\"https:\\\/\\\/www.medulinriviera.info\\\/de\\\/\",\"logo\":{\"@type\":\"ImageObject\",\"inLanguage\":\"de\",\"@id\":\"https:\\\/\\\/www.medulinriviera.info\\\/de\\\/#\\\/schema\\\/logo\\\/image\\\/\",\"url\":\"https:\\\/\\\/www.medulinriviera.info\\\/wp-content\\\/uploads\\\/2020\\\/06\\\/logo-alt.png\",\"contentUrl\":\"https:\\\/\\\/www.medulinriviera.info\\\/wp-content\\\/uploads\\\/2020\\\/06\\\/logo-alt.png\",\"width\":264,\"height\":78,\"caption\":\"Medulin Riviera\"},\"image\":{\"@id\":\"https:\\\/\\\/www.medulinriviera.info\\\/de\\\/#\\\/schema\\\/logo\\\/image\\\/\"},\"sameAs\":[\"https:\\\/\\\/www.facebook.com\\\/medulinriviera\\\/\",\"https:\\\/\\\/www.instagram.com\\\/medulinriviera\\\/\",\"https:\\\/\\\/www.youtube.com\\\/channel\\\/UCYdC8kYbK9OEmlmeZydpumQ\"]}]}<\/script>\n<!-- \/ Yoast SEO plugin. -->","yoast_head_json":{"title":"Gastronomie - Medulin Riviera","robots":{"index":"index","follow":"follow","max-snippet":"max-snippet:-1","max-image-preview":"max-image-preview:large","max-video-preview":"max-video-preview:-1"},"canonical":"https:\/\/www.medulinriviera.info\/de\/gastronomy\/","og_locale":"de_DE","og_type":"article","og_title":"Gastronomie - Medulin Riviera","og_description":"Die multikulturelle Zusammensetzung in Istrien sp\u00fcrt man vor allem in der Gastronomie, die unter dem Einfluss der italienischen, germanischen und...","og_url":"https:\/\/www.medulinriviera.info\/de\/gastronomy\/","og_site_name":"Medulin Riviera","article_publisher":"https:\/\/www.facebook.com\/medulinriviera\/","article_modified_time":"2020-06-05T13:52:25+00:00","og_image":[{"width":1500,"height":998,"url":"https:\/\/www.medulinriviera.info\/wp-content\/uploads\/2020\/06\/gastro-3.jpg","type":"image\/jpeg"}],"twitter_card":"summary_large_image","twitter_misc":{"Gesch\u00e4tzte Lesezeit":"4\u00a0Minuten"},"schema":{"@context":"https:\/\/schema.org","@graph":[{"@type":"WebPage","@id":"https:\/\/www.medulinriviera.info\/de\/gastronomy\/","url":"https:\/\/www.medulinriviera.info\/de\/gastronomy\/","name":"Gastronomie - Medulin Riviera","isPartOf":{"@id":"https:\/\/www.medulinriviera.info\/de\/#website"},"primaryImageOfPage":{"@id":"https:\/\/www.medulinriviera.info\/de\/gastronomy\/#primaryimage"},"image":{"@id":"https:\/\/www.medulinriviera.info\/de\/gastronomy\/#primaryimage"},"thumbnailUrl":"https:\/\/www.medulinriviera.info\/wp-content\/uploads\/2020\/06\/gastro-3.jpg","datePublished":"2020-06-05T13:43:29+00:00","dateModified":"2020-06-05T13:52:25+00:00","breadcrumb":{"@id":"https:\/\/www.medulinriviera.info\/de\/gastronomy\/#breadcrumb"},"inLanguage":"de","potentialAction":[{"@type":"ReadAction","target":["https:\/\/www.medulinriviera.info\/de\/gastronomy\/"]}]},{"@type":"ImageObject","inLanguage":"de","@id":"https:\/\/www.medulinriviera.info\/de\/gastronomy\/#primaryimage","url":"https:\/\/www.medulinriviera.info\/wp-content\/uploads\/2020\/06\/gastro-3.jpg","contentUrl":"https:\/\/www.medulinriviera.info\/wp-content\/uploads\/2020\/06\/gastro-3.jpg","width":1500,"height":998},{"@type":"BreadcrumbList","@id":"https:\/\/www.medulinriviera.info\/de\/gastronomy\/#breadcrumb","itemListElement":[{"@type":"ListItem","position":1,"name":"Home","item":"https:\/\/www.medulinriviera.info\/de\/"},{"@type":"ListItem","position":2,"name":"Gastronomie"}]},{"@type":"WebSite","@id":"https:\/\/www.medulinriviera.info\/de\/#website","url":"https:\/\/www.medulinriviera.info\/de\/","name":"Medulin Riviera","description":"The Blue Planet","publisher":{"@id":"https:\/\/www.medulinriviera.info\/de\/#organization"},"potentialAction":[{"@type":"SearchAction","target":{"@type":"EntryPoint","urlTemplate":"https:\/\/www.medulinriviera.info\/de\/?s={search_term_string}"},"query-input":{"@type":"PropertyValueSpecification","valueRequired":true,"valueName":"search_term_string"}}],"inLanguage":"de"},{"@type":"Organization","@id":"https:\/\/www.medulinriviera.info\/de\/#organization","name":"Medulin Riviera","url":"https:\/\/www.medulinriviera.info\/de\/","logo":{"@type":"ImageObject","inLanguage":"de","@id":"https:\/\/www.medulinriviera.info\/de\/#\/schema\/logo\/image\/","url":"https:\/\/www.medulinriviera.info\/wp-content\/uploads\/2020\/06\/logo-alt.png","contentUrl":"https:\/\/www.medulinriviera.info\/wp-content\/uploads\/2020\/06\/logo-alt.png","width":264,"height":78,"caption":"Medulin Riviera"},"image":{"@id":"https:\/\/www.medulinriviera.info\/de\/#\/schema\/logo\/image\/"},"sameAs":["https:\/\/www.facebook.com\/medulinriviera\/","https:\/\/www.instagram.com\/medulinriviera\/","https:\/\/www.youtube.com\/channel\/UCYdC8kYbK9OEmlmeZydpumQ"]}]}},"wpml_current_locale":"de_DE","wpml_translations":[{"locale":"hr","id":11499,"post_title":"Gastronomija","href":"https:\/\/www.medulinriviera.info\/hr\/gastronomy\/"},{"locale":"en_US","id":11468,"post_title":"Gastronomy","href":"https:\/\/www.medulinriviera.info\/gastronomy\/"},{"locale":"fr_FR","id":11500,"post_title":"Gastronomie","href":"https:\/\/www.medulinriviera.info\/fr\/gastronomy\/"},{"locale":"it_IT","id":11502,"post_title":"Gastronomia","href":"https:\/\/www.medulinriviera.info\/it\/gastronomy\/"},{"locale":"sl_SI","id":11503,"post_title":"Gastronomija","href":"https:\/\/www.medulinriviera.info\/sl\/gastronomy\/"}],"_links":{"self":[{"href":"https:\/\/www.medulinriviera.info\/de\/wp-json\/wp\/v2\/pages\/11501","targetHints":{"allow":["GET"]}}],"collection":[{"href":"https:\/\/www.medulinriviera.info\/de\/wp-json\/wp\/v2\/pages"}],"about":[{"href":"https:\/\/www.medulinriviera.info\/de\/wp-json\/wp\/v2\/types\/page"}],"author":[{"embeddable":true,"href":"https:\/\/www.medulinriviera.info\/de\/wp-json\/wp\/v2\/users\/1"}],"replies":[{"embeddable":true,"href":"https:\/\/www.medulinriviera.info\/de\/wp-json\/wp\/v2\/comments?post=11501"}],"version-history":[{"count":0,"href":"https:\/\/www.medulinriviera.info\/de\/wp-json\/wp\/v2\/pages\/11501\/revisions"}],"acf:attachment":[{"embeddable":true,"href":"https:\/\/www.medulinriviera.info\/de\/wp-json\/wp\/v2\/media\/11518"},{"embeddable":true,"href":"https:\/\/www.medulinriviera.info\/de\/wp-json\/wp\/v2\/media\/11524"},{"embeddable":true,"href":"https:\/\/www.medulinriviera.info\/de\/wp-json\/wp\/v2\/media\/11530"},{"embeddable":true,"href":"https:\/\/www.medulinriviera.info\/de\/wp-json\/wp\/v2\/media\/11536"},{"embeddable":true,"href":"https:\/\/www.medulinriviera.info\/de\/wp-json\/wp\/v2\/media\/11512"},{"embeddable":true,"href":"https:\/\/www.medulinriviera.info\/de\/wp-json\/wp\/v2\/media\/11542"},{"embeddable":true,"href":"https:\/\/www.medulinriviera.info\/de\/wp-json\/wp\/v2\/media\/11548"}],"wp:featuredmedia":[{"embeddable":true,"href":"https:\/\/www.medulinriviera.info\/de\/wp-json\/wp\/v2\/media\/11473"}],"wp:attachment":[{"href":"https:\/\/www.medulinriviera.info\/de\/wp-json\/wp\/v2\/media?parent=11501"}],"wp:term":[{"taxonomy":"classificator","embeddable":true,"href":"https:\/\/www.medulinriviera.info\/de\/wp-json\/wp\/v2\/classificator?post=11501"}],"curies":[{"name":"wp","href":"https:\/\/api.w.org\/{rel}","templated":true}]}}