{"id":11176,"date":"2020-06-04T09:50:17","date_gmt":"2020-06-04T07:50:17","guid":{"rendered":"http:\/\/www.medulinriviera.info\/archeological-park-vizula\/virtual-reality\/"},"modified":"2025-07-10T15:35:23","modified_gmt":"2025-07-10T13:35:23","slug":"virtual-reality","status":"publish","type":"page","link":"https:\/\/www.medulinriviera.info\/de\/archeological-park-vizula\/virtual-reality\/","title":{"rendered":"Virtuelle Realit\u00e4t"},"content":{"rendered":"<div class=\"wp-block-image\">\n<figure class=\"alignleft size-large is-resized\"><img loading=\"lazy\" decoding=\"async\" width=\"800\" height=\"533\" src=\"http:\/\/www.medulinriviera.info\/wp-content\/uploads\/2020\/06\/virtual-1.jpg\" alt=\"\" class=\"wp-image-11004\" style=\"width:600px;height:400px\" srcset=\"https:\/\/www.medulinriviera.info\/wp-content\/uploads\/2020\/06\/virtual-1.jpg 800w, https:\/\/www.medulinriviera.info\/wp-content\/uploads\/2020\/06\/virtual-1-300x200.jpg 300w, https:\/\/www.medulinriviera.info\/wp-content\/uploads\/2020\/06\/virtual-1-768x512.jpg 768w\" sizes=\"auto, (max-width: 800px) 100vw, 800px\" \/><\/figure>\n<\/div>\n\n\n<p>Die Geb\u00e4ude, in denen die reichen R\u00f6mer auf Vi\u017eula ein pr\u00e4chtiges Leben f\u00fchrten und in den erlesenen Genuss zeitgen\u00f6ssischer Kultur, Kunst, Wissenschaft und Kulinarik kamen, wurden von den Arch\u00e4ologen zum Gro\u00dfteil gesch\u00fctzt und befinden sich nun wieder unter dem Boden und im Meer. Besucher k\u00f6nnen jedoch mithilfe von Tablet-Computer in diese Welt eintauchen und die Baureste dieser maritimen Anlage aus der kaiserlichen und sp\u00e4tantiken Zeit bewundern, die heute zu einem Gro\u00dfteil unter der Meeresoberfl\u00e4che liegen und sich 40 m in Meeresrichtung \u00fcber den westlichen und s\u00fcdwestlichen Teil der Halbinsel erstrecken. Die Gr\u00f6\u00dfe des ehemals kaiserlichen Geb\u00e4udes ist an der Mauer erkennbar, die heute noch auf der Sandbank sichtbar ist und zur 720 m langen Vorderseite geh\u00f6rte, die sich von der Sandbank bis zu einer antiken Mole ungef\u00e4hr auf H\u00f6he der Bucht Runke erstreckte. Beim multimedialen Spaziergang durch den arch\u00e4ologischen Park werden sich vor Ihnen das Peristyl dieser pr\u00e4chtigen Villa und ihre herrlichen Mosaike auftun ebenso wie der Kai und Lagerh\u00e4user f\u00fcr Getreide, \u00d6l und Wein, die entweder vor Ort produziert oder importiert und mit dem Schiff in Amphoren nach Vi\u017eula transportiert wurden.<\/p>\n\n\n\n<p><\/p>\n","protected":false},"excerpt":{"rendered":"<p>Die Geb\u00e4ude, in denen die reichen R\u00f6mer auf Vi\u017eula ein pr\u00e4chtiges Leben f\u00fchrten und in den erlesenen Genuss zeitgen\u00f6ssischer Kultur,&#8230;<\/p>\n","protected":false},"author":1,"featured_media":11007,"parent":10860,"menu_order":13,"comment_status":"closed","ping_status":"closed","template":"tpl-vizula.php","meta":{"_acf_changed":false,"footnotes":""},"classificator":[],"class_list":["post-11176","page","type-page","status-publish","has-post-thumbnail","hentry"],"acf":{"video":"","gallery":""},"yoast_head":"<!-- This site is optimized with the Yoast SEO plugin v27.3 - https:\/\/yoast.com\/product\/yoast-seo-wordpress\/ -->\n<title>Virtuelle Realit\u00e4t - Medulin Riviera<\/title>\n<meta name=\"robots\" content=\"index, follow, max-snippet:-1, max-image-preview:large, max-video-preview:-1\" \/>\n<link rel=\"canonical\" href=\"https:\/\/www.medulinriviera.info\/de\/archeological-park-vizula\/virtual-reality\/\" \/>\n<meta property=\"og:locale\" content=\"de_DE\" \/>\n<meta property=\"og:type\" content=\"article\" \/>\n<meta property=\"og:title\" content=\"Virtuelle Realit\u00e4t - Medulin Riviera\" \/>\n<meta property=\"og:description\" content=\"Die Geb\u00e4ude, in denen die reichen R\u00f6mer auf Vi\u017eula ein pr\u00e4chtiges Leben f\u00fchrten und in den erlesenen Genuss zeitgen\u00f6ssischer Kultur,...\" \/>\n<meta property=\"og:url\" content=\"https:\/\/www.medulinriviera.info\/de\/archeological-park-vizula\/virtual-reality\/\" \/>\n<meta property=\"og:site_name\" content=\"Medulin Riviera\" \/>\n<meta property=\"article:publisher\" content=\"https:\/\/www.facebook.com\/medulinriviera\/\" \/>\n<meta property=\"article:modified_time\" content=\"2025-07-10T13:35:23+00:00\" \/>\n<meta property=\"og:image\" content=\"https:\/\/www.medulinriviera.info\/wp-content\/uploads\/2020\/06\/virtual-1.jpg\" \/>\n\t<meta property=\"og:image:width\" content=\"800\" \/>\n\t<meta property=\"og:image:height\" content=\"533\" \/>\n\t<meta property=\"og:image:type\" content=\"image\/jpeg\" \/>\n<meta name=\"twitter:card\" content=\"summary_large_image\" \/>\n<meta name=\"twitter:label1\" content=\"Gesch\u00e4tzte Lesezeit\" \/>\n\t<meta name=\"twitter:data1\" content=\"2\u00a0Minuten\" \/>\n<script type=\"application\/ld+json\" class=\"yoast-schema-graph\">{\"@context\":\"https:\\\/\\\/schema.org\",\"@graph\":[{\"@type\":\"WebPage\",\"@id\":\"https:\\\/\\\/www.medulinriviera.info\\\/de\\\/archeological-park-vizula\\\/virtual-reality\\\/\",\"url\":\"https:\\\/\\\/www.medulinriviera.info\\\/de\\\/archeological-park-vizula\\\/virtual-reality\\\/\",\"name\":\"Virtuelle Realit\u00e4t - Medulin Riviera\",\"isPartOf\":{\"@id\":\"https:\\\/\\\/www.medulinriviera.info\\\/de\\\/#website\"},\"primaryImageOfPage\":{\"@id\":\"https:\\\/\\\/www.medulinriviera.info\\\/de\\\/archeological-park-vizula\\\/virtual-reality\\\/#primaryimage\"},\"image\":{\"@id\":\"https:\\\/\\\/www.medulinriviera.info\\\/de\\\/archeological-park-vizula\\\/virtual-reality\\\/#primaryimage\"},\"thumbnailUrl\":\"https:\\\/\\\/www.medulinriviera.info\\\/wp-content\\\/uploads\\\/2020\\\/06\\\/virtual-1.jpg\",\"datePublished\":\"2020-06-04T07:50:17+00:00\",\"dateModified\":\"2025-07-10T13:35:23+00:00\",\"breadcrumb\":{\"@id\":\"https:\\\/\\\/www.medulinriviera.info\\\/de\\\/archeological-park-vizula\\\/virtual-reality\\\/#breadcrumb\"},\"inLanguage\":\"de\",\"potentialAction\":[{\"@type\":\"ReadAction\",\"target\":[\"https:\\\/\\\/www.medulinriviera.info\\\/de\\\/archeological-park-vizula\\\/virtual-reality\\\/\"]}]},{\"@type\":\"ImageObject\",\"inLanguage\":\"de\",\"@id\":\"https:\\\/\\\/www.medulinriviera.info\\\/de\\\/archeological-park-vizula\\\/virtual-reality\\\/#primaryimage\",\"url\":\"https:\\\/\\\/www.medulinriviera.info\\\/wp-content\\\/uploads\\\/2020\\\/06\\\/virtual-1.jpg\",\"contentUrl\":\"https:\\\/\\\/www.medulinriviera.info\\\/wp-content\\\/uploads\\\/2020\\\/06\\\/virtual-1.jpg\",\"width\":800,\"height\":533},{\"@type\":\"BreadcrumbList\",\"@id\":\"https:\\\/\\\/www.medulinriviera.info\\\/de\\\/archeological-park-vizula\\\/virtual-reality\\\/#breadcrumb\",\"itemListElement\":[{\"@type\":\"ListItem\",\"position\":1,\"name\":\"Home\",\"item\":\"https:\\\/\\\/www.medulinriviera.info\\\/de\\\/\"},{\"@type\":\"ListItem\",\"position\":2,\"name\":\"Arch\u00e4ologischer Park Vi\u017eula\",\"item\":\"https:\\\/\\\/www.medulinriviera.info\\\/de\\\/archeological-park-vizula\\\/\"},{\"@type\":\"ListItem\",\"position\":3,\"name\":\"Virtuelle Realit\u00e4t\"}]},{\"@type\":\"WebSite\",\"@id\":\"https:\\\/\\\/www.medulinriviera.info\\\/de\\\/#website\",\"url\":\"https:\\\/\\\/www.medulinriviera.info\\\/de\\\/\",\"name\":\"Medulin Riviera\",\"description\":\"The Blue Planet\",\"publisher\":{\"@id\":\"https:\\\/\\\/www.medulinriviera.info\\\/de\\\/#organization\"},\"potentialAction\":[{\"@type\":\"SearchAction\",\"target\":{\"@type\":\"EntryPoint\",\"urlTemplate\":\"https:\\\/\\\/www.medulinriviera.info\\\/de\\\/?s={search_term_string}\"},\"query-input\":{\"@type\":\"PropertyValueSpecification\",\"valueRequired\":true,\"valueName\":\"search_term_string\"}}],\"inLanguage\":\"de\"},{\"@type\":\"Organization\",\"@id\":\"https:\\\/\\\/www.medulinriviera.info\\\/de\\\/#organization\",\"name\":\"Medulin Riviera\",\"url\":\"https:\\\/\\\/www.medulinriviera.info\\\/de\\\/\",\"logo\":{\"@type\":\"ImageObject\",\"inLanguage\":\"de\",\"@id\":\"https:\\\/\\\/www.medulinriviera.info\\\/de\\\/#\\\/schema\\\/logo\\\/image\\\/\",\"url\":\"https:\\\/\\\/www.medulinriviera.info\\\/wp-content\\\/uploads\\\/2020\\\/06\\\/logo-alt.png\",\"contentUrl\":\"https:\\\/\\\/www.medulinriviera.info\\\/wp-content\\\/uploads\\\/2020\\\/06\\\/logo-alt.png\",\"width\":264,\"height\":78,\"caption\":\"Medulin Riviera\"},\"image\":{\"@id\":\"https:\\\/\\\/www.medulinriviera.info\\\/de\\\/#\\\/schema\\\/logo\\\/image\\\/\"},\"sameAs\":[\"https:\\\/\\\/www.facebook.com\\\/medulinriviera\\\/\",\"https:\\\/\\\/www.instagram.com\\\/medulinriviera\\\/\",\"https:\\\/\\\/www.youtube.com\\\/channel\\\/UCYdC8kYbK9OEmlmeZydpumQ\"]}]}<\/script>\n<!-- \/ Yoast SEO plugin. -->","yoast_head_json":{"title":"Virtuelle Realit\u00e4t - Medulin Riviera","robots":{"index":"index","follow":"follow","max-snippet":"max-snippet:-1","max-image-preview":"max-image-preview:large","max-video-preview":"max-video-preview:-1"},"canonical":"https:\/\/www.medulinriviera.info\/de\/archeological-park-vizula\/virtual-reality\/","og_locale":"de_DE","og_type":"article","og_title":"Virtuelle Realit\u00e4t - Medulin Riviera","og_description":"Die Geb\u00e4ude, in denen die reichen R\u00f6mer auf Vi\u017eula ein pr\u00e4chtiges Leben f\u00fchrten und in den erlesenen Genuss zeitgen\u00f6ssischer Kultur,...","og_url":"https:\/\/www.medulinriviera.info\/de\/archeological-park-vizula\/virtual-reality\/","og_site_name":"Medulin Riviera","article_publisher":"https:\/\/www.facebook.com\/medulinriviera\/","article_modified_time":"2025-07-10T13:35:23+00:00","og_image":[{"width":800,"height":533,"url":"https:\/\/www.medulinriviera.info\/wp-content\/uploads\/2020\/06\/virtual-1.jpg","type":"image\/jpeg"}],"twitter_card":"summary_large_image","twitter_misc":{"Gesch\u00e4tzte Lesezeit":"2\u00a0Minuten"},"schema":{"@context":"https:\/\/schema.org","@graph":[{"@type":"WebPage","@id":"https:\/\/www.medulinriviera.info\/de\/archeological-park-vizula\/virtual-reality\/","url":"https:\/\/www.medulinriviera.info\/de\/archeological-park-vizula\/virtual-reality\/","name":"Virtuelle Realit\u00e4t - Medulin Riviera","isPartOf":{"@id":"https:\/\/www.medulinriviera.info\/de\/#website"},"primaryImageOfPage":{"@id":"https:\/\/www.medulinriviera.info\/de\/archeological-park-vizula\/virtual-reality\/#primaryimage"},"image":{"@id":"https:\/\/www.medulinriviera.info\/de\/archeological-park-vizula\/virtual-reality\/#primaryimage"},"thumbnailUrl":"https:\/\/www.medulinriviera.info\/wp-content\/uploads\/2020\/06\/virtual-1.jpg","datePublished":"2020-06-04T07:50:17+00:00","dateModified":"2025-07-10T13:35:23+00:00","breadcrumb":{"@id":"https:\/\/www.medulinriviera.info\/de\/archeological-park-vizula\/virtual-reality\/#breadcrumb"},"inLanguage":"de","potentialAction":[{"@type":"ReadAction","target":["https:\/\/www.medulinriviera.info\/de\/archeological-park-vizula\/virtual-reality\/"]}]},{"@type":"ImageObject","inLanguage":"de","@id":"https:\/\/www.medulinriviera.info\/de\/archeological-park-vizula\/virtual-reality\/#primaryimage","url":"https:\/\/www.medulinriviera.info\/wp-content\/uploads\/2020\/06\/virtual-1.jpg","contentUrl":"https:\/\/www.medulinriviera.info\/wp-content\/uploads\/2020\/06\/virtual-1.jpg","width":800,"height":533},{"@type":"BreadcrumbList","@id":"https:\/\/www.medulinriviera.info\/de\/archeological-park-vizula\/virtual-reality\/#breadcrumb","itemListElement":[{"@type":"ListItem","position":1,"name":"Home","item":"https:\/\/www.medulinriviera.info\/de\/"},{"@type":"ListItem","position":2,"name":"Arch\u00e4ologischer Park Vi\u017eula","item":"https:\/\/www.medulinriviera.info\/de\/archeological-park-vizula\/"},{"@type":"ListItem","position":3,"name":"Virtuelle Realit\u00e4t"}]},{"@type":"WebSite","@id":"https:\/\/www.medulinriviera.info\/de\/#website","url":"https:\/\/www.medulinriviera.info\/de\/","name":"Medulin Riviera","description":"The Blue Planet","publisher":{"@id":"https:\/\/www.medulinriviera.info\/de\/#organization"},"potentialAction":[{"@type":"SearchAction","target":{"@type":"EntryPoint","urlTemplate":"https:\/\/www.medulinriviera.info\/de\/?s={search_term_string}"},"query-input":{"@type":"PropertyValueSpecification","valueRequired":true,"valueName":"search_term_string"}}],"inLanguage":"de"},{"@type":"Organization","@id":"https:\/\/www.medulinriviera.info\/de\/#organization","name":"Medulin Riviera","url":"https:\/\/www.medulinriviera.info\/de\/","logo":{"@type":"ImageObject","inLanguage":"de","@id":"https:\/\/www.medulinriviera.info\/de\/#\/schema\/logo\/image\/","url":"https:\/\/www.medulinriviera.info\/wp-content\/uploads\/2020\/06\/logo-alt.png","contentUrl":"https:\/\/www.medulinriviera.info\/wp-content\/uploads\/2020\/06\/logo-alt.png","width":264,"height":78,"caption":"Medulin Riviera"},"image":{"@id":"https:\/\/www.medulinriviera.info\/de\/#\/schema\/logo\/image\/"},"sameAs":["https:\/\/www.facebook.com\/medulinriviera\/","https:\/\/www.instagram.com\/medulinriviera\/","https:\/\/www.youtube.com\/channel\/UCYdC8kYbK9OEmlmeZydpumQ"]}]}},"wpml_current_locale":"de_DE","wpml_translations":[{"locale":"hr","id":11174,"post_title":"Virtualna stvarnost","href":"https:\/\/www.medulinriviera.info\/hr\/archeological-park-vizula\/virtual-reality\/"},{"locale":"en_US","id":10306,"post_title":"Virtual reality","href":"https:\/\/www.medulinriviera.info\/archeological-park-vizula\/virtual-reality\/"},{"locale":"fr_FR","id":11175,"post_title":"R\u00e9alit\u00e9 virtuelle","href":"https:\/\/www.medulinriviera.info\/fr\/archeological-park-vizula\/virtual-reality\/"},{"locale":"it_IT","id":11177,"post_title":"Realt\u00e0 virtuale","href":"https:\/\/www.medulinriviera.info\/it\/archeological-park-vizula\/virtual-reality\/"},{"locale":"sl_SI","id":11178,"post_title":"Virtual reality","href":"https:\/\/www.medulinriviera.info\/sl\/archeological-park-vizula\/virtual-reality\/"}],"_links":{"self":[{"href":"https:\/\/www.medulinriviera.info\/de\/wp-json\/wp\/v2\/pages\/11176","targetHints":{"allow":["GET"]}}],"collection":[{"href":"https:\/\/www.medulinriviera.info\/de\/wp-json\/wp\/v2\/pages"}],"about":[{"href":"https:\/\/www.medulinriviera.info\/de\/wp-json\/wp\/v2\/types\/page"}],"author":[{"embeddable":true,"href":"https:\/\/www.medulinriviera.info\/de\/wp-json\/wp\/v2\/users\/1"}],"replies":[{"embeddable":true,"href":"https:\/\/www.medulinriviera.info\/de\/wp-json\/wp\/v2\/comments?post=11176"}],"version-history":[{"count":1,"href":"https:\/\/www.medulinriviera.info\/de\/wp-json\/wp\/v2\/pages\/11176\/revisions"}],"predecessor-version":[{"id":36509,"href":"https:\/\/www.medulinriviera.info\/de\/wp-json\/wp\/v2\/pages\/11176\/revisions\/36509"}],"up":[{"embeddable":true,"href":"https:\/\/www.medulinriviera.info\/de\/wp-json\/wp\/v2\/pages\/10860"}],"wp:featuredmedia":[{"embeddable":true,"href":"https:\/\/www.medulinriviera.info\/de\/wp-json\/wp\/v2\/media\/11007"}],"wp:attachment":[{"href":"https:\/\/www.medulinriviera.info\/de\/wp-json\/wp\/v2\/media?parent=11176"}],"wp:term":[{"taxonomy":"classificator","embeddable":true,"href":"https:\/\/www.medulinriviera.info\/de\/wp-json\/wp\/v2\/classificator?post=11176"}],"curies":[{"name":"wp","href":"https:\/\/api.w.org\/{rel}","templated":true}]}}