{"id":10860,"date":"2020-06-03T13:39:27","date_gmt":"2020-06-03T11:39:27","guid":{"rendered":"http:\/\/www.medulinriviera.info\/archeological-park-vizula\/"},"modified":"2025-09-10T12:57:25","modified_gmt":"2025-09-10T10:57:25","slug":"archeological-park-vizula","status":"publish","type":"page","link":"https:\/\/www.medulinriviera.info\/de\/archeological-park-vizula\/","title":{"rendered":"Arch\u00e4ologischer Park Vi\u017eula"},"content":{"rendered":"\n<h3 class=\"wp-block-heading\">WILLKOMMEN IN VI\u017dULA, EINEM GEBIET MIT EINER GLANZVOLLEN ANTIKEN GESCHICHTE<\/h3>\n\n\n\n<p>Das einstige Fischerdorf Medulin ist heute mit fast einer halben Million Besucher pro Jahr einer der f\u00fchrenden Fremdenverkehrsorte Kroatiens. Im Herzen von Medulin liegt ganz in der N\u00e4he des touristischen Geschehens die Halbinsel Vi\u017eula, ein Ort der Ruhe und einer jahrtausendealten Geschichte.<\/p>\n\n\n\n<figure class=\"wp-block-image size-large is-resized\"><img loading=\"lazy\" decoding=\"async\" width=\"800\" height=\"533\" src=\"http:\/\/www.medulinriviera.info\/wp-content\/uploads\/2020\/06\/tzom_vizula1.jpg\" alt=\"\" class=\"wp-image-10864\" style=\"width:800px;height:533px\" srcset=\"https:\/\/www.medulinriviera.info\/wp-content\/uploads\/2020\/06\/tzom_vizula1.jpg 800w, https:\/\/www.medulinriviera.info\/wp-content\/uploads\/2020\/06\/tzom_vizula1-300x200.jpg 300w, https:\/\/www.medulinriviera.info\/wp-content\/uploads\/2020\/06\/tzom_vizula1-768x512.jpg 768w\" sizes=\"auto, (max-width: 800px) 100vw, 800px\" \/><\/figure>\n\n\n\n<div class=\"wp-block-columns is-layout-flex wp-container-core-columns-is-layout-9d6595d7 wp-block-columns-is-layout-flex\">\n<div class=\"wp-block-column is-layout-flow wp-block-column-is-layout-flow\" style=\"flex-basis:66.66%\">\n<p>Hier wurde im Rahmen des Projektes \u201eArch\u00e4ologischer Park Vi\u017eula\u201c ein neuer multimedialer arch\u00e4ologischer Park er\u00f6ffnet. F\u00fcr dieses Projekt ersuchte die Gemeinde Medulin 2016 den Europ\u00e4ischen Fonds f\u00fcr regionale Entwicklung um Mitfinanzierung im Rahmen des Programms \u201eVorbereitung und Umsetzung integrierter Entwicklungsprogramme, die auf Erneuerung des Kulturerbes basieren\u201c.<\/p>\n\n\n\n<figure class=\"wp-block-image size-large is-resized\"><img loading=\"lazy\" decoding=\"async\" width=\"800\" height=\"533\" src=\"http:\/\/www.medulinriviera.info\/wp-content\/uploads\/2020\/06\/7_sebo.jpg\" alt=\"\" class=\"wp-image-10870\" style=\"width:800px;height:533px\" srcset=\"https:\/\/www.medulinriviera.info\/wp-content\/uploads\/2020\/06\/7_sebo.jpg 800w, https:\/\/www.medulinriviera.info\/wp-content\/uploads\/2020\/06\/7_sebo-300x200.jpg 300w, https:\/\/www.medulinriviera.info\/wp-content\/uploads\/2020\/06\/7_sebo-768x512.jpg 768w\" sizes=\"auto, (max-width: 800px) 100vw, 800px\" \/><\/figure>\n\n\n\n<p>Die arch\u00e4ologischen Spuren f\u00fchren hier auf einer Fl\u00e4che von 26 Hektar zur\u00fcck ins Neolithikum, die Sp\u00e4tantike und das Fr\u00fchmittelalter. Am bekanntesten ist Vi\u017eula allerdings f\u00fcr die Entdeckung einer antiken Villa, die mit ihren beeindruckenden Abmessungen, ihrer monumentalen Architektur, \u00fcppiger Ornamentik, wundersch\u00f6nen Mosaiken und feinstem Marmor an der \u00f6stlichen Adria zu den sch\u00f6nsten, gr\u00f6\u00dften und luxuri\u00f6sesten maritimen Wohnresidenzen aus der r\u00f6mischen Kaiserzeit geh\u00f6rt.<\/p>\n\n\n\n<figure class=\"wp-block-image size-large is-resized\"><img loading=\"lazy\" decoding=\"async\" width=\"800\" height=\"533\" src=\"http:\/\/www.medulinriviera.info\/wp-content\/uploads\/2020\/06\/22_sebo.jpg\" alt=\"\" class=\"wp-image-10876\" style=\"width:800px;height:533px\" srcset=\"https:\/\/www.medulinriviera.info\/wp-content\/uploads\/2020\/06\/22_sebo.jpg 800w, https:\/\/www.medulinriviera.info\/wp-content\/uploads\/2020\/06\/22_sebo-300x200.jpg 300w, https:\/\/www.medulinriviera.info\/wp-content\/uploads\/2020\/06\/22_sebo-768x512.jpg 768w\" sizes=\"auto, (max-width: 800px) 100vw, 800px\" \/><\/figure>\n\n\n\n<p>Die Ausstattung des Parks spricht sowohl Erwachsene als auch Kinder an und umfasst zwei Bars, Kinderspielpl\u00e4tze, einen Abenteuerpark, eine Veranstaltungsb\u00fchne im ehemaligen Steinbruch, eine Arch\u00e4ologieschule und einen antiken Garten. Alle Informationen sind direkt am Eingang an der Info-Stelle erh\u00e4ltlich, wo in den Sommermonaten auch Tablet-Computer gemietet werden k\u00f6nnen. Mit diesen kann man Visualisierungen der wiederbelebten prachtvollen r\u00f6mischen Villa und ihrer einzelnen Bereiche genie\u00dfen. Im Park befinden sich dar\u00fcber hinaus intelligente Sitzb\u00e4nke, ein E-Tree, ein Hotspot, zahlreiche Schautafeln inklusive Texten in Brailleschrift f\u00fcr Blinde und Sehbehinderte sowie eine kreisf\u00f6rmige taktile Karte. Die ganze Halbinsel ist video\u00fcberwacht.<\/p>\n\n\n\n<p><strong>Arbeitszeit von Info Punkt am Eingang:<\/strong><br>Vom 1. Juli bis 30. September 2025:<br>Mo.\u2013Fr. 8\u201321 Uhr<br>Sa. und So. 8\u201315 Uhr<\/p>\n\n\n\n<p><\/p>\n\n\n\n<h3 class=\"wp-block-heading\">Willkommen in Vi\u017eula!<\/h3>\n\n\n\n<p>Machen Sie einen Spaziergang durch dieses Gebiet mit seiner pr\u00e4chtigen antiken Vergangenheit, sp\u00fcren Sie die mediterrane Atmosph\u00e4re des kaiserlichen Rom, entspannen Sie sich und bewundern Sie die lebendigen Bilder seiner jahrtausendealten arch\u00e4ologischen Geschichte. Ein Besuch in Vi\u017eula ist immer ein bereicherndes und erf\u00fcllendes Erlebnis.<\/p>\n<\/div>\n\n\n\n<div class=\"wp-block-column is-layout-flow wp-block-column-is-layout-flow\" style=\"flex-basis:33.33%\">\n<div class=\"wp-block-group\"><div class=\"wp-block-group__inner-container is-layout-flow wp-block-group-is-layout-flow\">\n<div class=\"wp-block-group p-3 has-very-light-gray-background-color has-background\"><div class=\"wp-block-group__inner-container is-layout-flow wp-block-group-is-layout-flow\">\n<p>Projekttr\u00e4ger ist die Gemeinde Medulin und Projektpartner sind der Tourismusverband Medulin, das Institut f\u00fcr Sozialwissenschaften Ivo Pilar, die Fakult\u00e4t f\u00fcr Wirtschaft und Tourismus \u201eDr. Mijo Mirkovi\u0107\u201c der Juraj-Dobrila-Universit\u00e4t in Pula, das Kroatische Restaurierungsinstitut und die \u00d6ffentliche Einrichtung Kamenjak.<\/p>\n\n\n\n<p>Ziel des Projektes ist es, den Besuchern durch thematisch miteinander verbundene Einheiten ein urspr\u00fcngliches Erlebnis der wiederbelebten Antike in einer ruhigen, naturbelassenen Umgebung zu bieten und durch die Pr\u00e4sentation und Revitalisierung des \u00f6rtlichen Kulturerbes zur nachhaltigen wirtschaftlich-sozialen Entwicklung von Medulin als anerkanntem Reiseziel f\u00fcr Kultur- und Geschichtstourismus beizutragen.<\/p>\n\n\n\n<p>Im Rahmen des Projektes, das offiziell am 1. September 2017 startete und am 1. September 2019 endet, soll diese arch\u00e4ologische Fundst\u00e4tte durch angemessene Restaurierung, Pr\u00e4sentation und Promotion weiterentwickelt und um attraktive Kultur-, Tourismus- und Bildungsangebote erweitert werden. Ziel ist es, so die Besucherzahl zu erh\u00f6hen und die touristische Saison zu verl\u00e4ngern. Zus\u00e4tzlich soll durch die Einf\u00fchrung eines Managementsystems und Investition in Infrastruktur und begleitende Serviceangebote die Er\u00f6ffnung neuer Arbeitspl\u00e4tze angeregt und kleine und mittelst\u00e4ndische Unternehmen angezogen werden.<\/p>\n\n\n\n<p>Der Gesamtwert des Projektes, f\u00fcr das am 27. April 2017 ein Vertrag \u00fcber die Zuweisung nicht r\u00fcckzahlbarer Zusch\u00fcsse unterschrieben wurde, betr\u00e4gt 19.645.579,23 kn, davon wurden 16,040,624.19 kn vom Europ\u00e4ischen Fonds f\u00fcr regionale Entwicklung finanziert. Das Projekt sieht Investitionen in den Schutz und die Erneuerung, Revitalisierung und Darlegung arch\u00e4ologischer Funde an Land und im Meer, das Anlegen und die Ausstattung eines Wanderwegs und die Entwicklung neuer Kultur- und Tourismusangebote f\u00fcr die Besucher vor, die auf dem Kulturerbe basieren. Zum Projekt geh\u00f6ren auch Schulungen zum Thema nachhaltiges Management und Pr\u00e4sentation des Kulturerbes sowie Branding-, Marketing- und Werbeaktivit\u00e4ten f\u00fcr den Arch\u00e4ologischen Park Vi\u017eula und die ganze Destination.<\/p>\n<\/div><\/div>\n<\/div><\/div>\n\n\n\n<p><\/p>\n<\/div>\n<\/div>\n","protected":false},"excerpt":{"rendered":"<p>WILLKOMMEN IN VI\u017dULA, EINEM GEBIET MIT EINER GLANZVOLLEN ANTIKEN GESCHICHTE Das einstige Fischerdorf Medulin ist heute mit fast einer halben&#8230;<\/p>\n","protected":false},"author":1,"featured_media":9867,"parent":0,"menu_order":0,"comment_status":"closed","ping_status":"closed","template":"tpl-vizula.php","meta":{"_acf_changed":false,"footnotes":""},"classificator":[],"class_list":["post-10860","page","type-page","status-publish","has-post-thumbnail","hentry"],"acf":{"video":"","gallery":[11159,11153,11147,11141,11135,11129,11123,10937,11007,10996,10989,10970,10964,10956,10943,10930,10921,10878,10872,10866]},"yoast_head":"<!-- This site is optimized with the Yoast SEO plugin v27.3 - https:\/\/yoast.com\/product\/yoast-seo-wordpress\/ -->\n<title>Arch\u00e4ologischer Park Vi\u017eula - Medulin Riviera<\/title>\n<meta name=\"robots\" content=\"index, follow, max-snippet:-1, max-image-preview:large, max-video-preview:-1\" \/>\n<link rel=\"canonical\" href=\"https:\/\/www.medulinriviera.info\/de\/archeological-park-vizula\/\" \/>\n<meta property=\"og:locale\" content=\"de_DE\" \/>\n<meta property=\"og:type\" content=\"article\" \/>\n<meta property=\"og:title\" content=\"Arch\u00e4ologischer Park Vi\u017eula - Medulin Riviera\" \/>\n<meta property=\"og:description\" content=\"WILLKOMMEN IN VI\u017dULA, EINEM GEBIET MIT EINER GLANZVOLLEN ANTIKEN GESCHICHTE Das einstige Fischerdorf Medulin ist heute mit fast einer halben...\" \/>\n<meta property=\"og:url\" content=\"https:\/\/www.medulinriviera.info\/de\/archeological-park-vizula\/\" \/>\n<meta property=\"og:site_name\" content=\"Medulin Riviera\" \/>\n<meta property=\"article:publisher\" content=\"https:\/\/www.facebook.com\/medulinriviera\/\" \/>\n<meta property=\"article:modified_time\" content=\"2025-09-10T10:57:25+00:00\" \/>\n<meta property=\"og:image\" content=\"https:\/\/www.medulinriviera.info\/wp-content\/uploads\/2020\/06\/villa-vizula.jpg\" \/>\n\t<meta property=\"og:image:width\" content=\"1500\" \/>\n\t<meta property=\"og:image:height\" content=\"900\" \/>\n\t<meta property=\"og:image:type\" content=\"image\/jpeg\" \/>\n<meta name=\"twitter:card\" content=\"summary_large_image\" \/>\n<meta name=\"twitter:label1\" content=\"Gesch\u00e4tzte Lesezeit\" \/>\n\t<meta name=\"twitter:data1\" content=\"5\u00a0Minuten\" \/>\n<script type=\"application\/ld+json\" class=\"yoast-schema-graph\">{\"@context\":\"https:\\\/\\\/schema.org\",\"@graph\":[{\"@type\":\"WebPage\",\"@id\":\"https:\\\/\\\/www.medulinriviera.info\\\/de\\\/archeological-park-vizula\\\/\",\"url\":\"https:\\\/\\\/www.medulinriviera.info\\\/de\\\/archeological-park-vizula\\\/\",\"name\":\"Arch\u00e4ologischer Park Vi\u017eula - Medulin Riviera\",\"isPartOf\":{\"@id\":\"https:\\\/\\\/www.medulinriviera.info\\\/de\\\/#website\"},\"primaryImageOfPage\":{\"@id\":\"https:\\\/\\\/www.medulinriviera.info\\\/de\\\/archeological-park-vizula\\\/#primaryimage\"},\"image\":{\"@id\":\"https:\\\/\\\/www.medulinriviera.info\\\/de\\\/archeological-park-vizula\\\/#primaryimage\"},\"thumbnailUrl\":\"https:\\\/\\\/www.medulinriviera.info\\\/wp-content\\\/uploads\\\/2020\\\/06\\\/villa-vizula.jpg\",\"datePublished\":\"2020-06-03T11:39:27+00:00\",\"dateModified\":\"2025-09-10T10:57:25+00:00\",\"breadcrumb\":{\"@id\":\"https:\\\/\\\/www.medulinriviera.info\\\/de\\\/archeological-park-vizula\\\/#breadcrumb\"},\"inLanguage\":\"de\",\"potentialAction\":[{\"@type\":\"ReadAction\",\"target\":[\"https:\\\/\\\/www.medulinriviera.info\\\/de\\\/archeological-park-vizula\\\/\"]}]},{\"@type\":\"ImageObject\",\"inLanguage\":\"de\",\"@id\":\"https:\\\/\\\/www.medulinriviera.info\\\/de\\\/archeological-park-vizula\\\/#primaryimage\",\"url\":\"https:\\\/\\\/www.medulinriviera.info\\\/wp-content\\\/uploads\\\/2020\\\/06\\\/villa-vizula.jpg\",\"contentUrl\":\"https:\\\/\\\/www.medulinriviera.info\\\/wp-content\\\/uploads\\\/2020\\\/06\\\/villa-vizula.jpg\",\"width\":1500,\"height\":900},{\"@type\":\"BreadcrumbList\",\"@id\":\"https:\\\/\\\/www.medulinriviera.info\\\/de\\\/archeological-park-vizula\\\/#breadcrumb\",\"itemListElement\":[{\"@type\":\"ListItem\",\"position\":1,\"name\":\"Home\",\"item\":\"https:\\\/\\\/www.medulinriviera.info\\\/de\\\/\"},{\"@type\":\"ListItem\",\"position\":2,\"name\":\"Arch\u00e4ologischer Park Vi\u017eula\"}]},{\"@type\":\"WebSite\",\"@id\":\"https:\\\/\\\/www.medulinriviera.info\\\/de\\\/#website\",\"url\":\"https:\\\/\\\/www.medulinriviera.info\\\/de\\\/\",\"name\":\"Medulin Riviera\",\"description\":\"The Blue Planet\",\"publisher\":{\"@id\":\"https:\\\/\\\/www.medulinriviera.info\\\/de\\\/#organization\"},\"potentialAction\":[{\"@type\":\"SearchAction\",\"target\":{\"@type\":\"EntryPoint\",\"urlTemplate\":\"https:\\\/\\\/www.medulinriviera.info\\\/de\\\/?s={search_term_string}\"},\"query-input\":{\"@type\":\"PropertyValueSpecification\",\"valueRequired\":true,\"valueName\":\"search_term_string\"}}],\"inLanguage\":\"de\"},{\"@type\":\"Organization\",\"@id\":\"https:\\\/\\\/www.medulinriviera.info\\\/de\\\/#organization\",\"name\":\"Medulin Riviera\",\"url\":\"https:\\\/\\\/www.medulinriviera.info\\\/de\\\/\",\"logo\":{\"@type\":\"ImageObject\",\"inLanguage\":\"de\",\"@id\":\"https:\\\/\\\/www.medulinriviera.info\\\/de\\\/#\\\/schema\\\/logo\\\/image\\\/\",\"url\":\"https:\\\/\\\/www.medulinriviera.info\\\/wp-content\\\/uploads\\\/2020\\\/06\\\/logo-alt.png\",\"contentUrl\":\"https:\\\/\\\/www.medulinriviera.info\\\/wp-content\\\/uploads\\\/2020\\\/06\\\/logo-alt.png\",\"width\":264,\"height\":78,\"caption\":\"Medulin Riviera\"},\"image\":{\"@id\":\"https:\\\/\\\/www.medulinriviera.info\\\/de\\\/#\\\/schema\\\/logo\\\/image\\\/\"},\"sameAs\":[\"https:\\\/\\\/www.facebook.com\\\/medulinriviera\\\/\",\"https:\\\/\\\/www.instagram.com\\\/medulinriviera\\\/\",\"https:\\\/\\\/www.youtube.com\\\/channel\\\/UCYdC8kYbK9OEmlmeZydpumQ\"]}]}<\/script>\n<!-- \/ Yoast SEO plugin. -->","yoast_head_json":{"title":"Arch\u00e4ologischer Park Vi\u017eula - Medulin Riviera","robots":{"index":"index","follow":"follow","max-snippet":"max-snippet:-1","max-image-preview":"max-image-preview:large","max-video-preview":"max-video-preview:-1"},"canonical":"https:\/\/www.medulinriviera.info\/de\/archeological-park-vizula\/","og_locale":"de_DE","og_type":"article","og_title":"Arch\u00e4ologischer Park Vi\u017eula - Medulin Riviera","og_description":"WILLKOMMEN IN VI\u017dULA, EINEM GEBIET MIT EINER GLANZVOLLEN ANTIKEN GESCHICHTE Das einstige Fischerdorf Medulin ist heute mit fast einer halben...","og_url":"https:\/\/www.medulinriviera.info\/de\/archeological-park-vizula\/","og_site_name":"Medulin Riviera","article_publisher":"https:\/\/www.facebook.com\/medulinriviera\/","article_modified_time":"2025-09-10T10:57:25+00:00","og_image":[{"width":1500,"height":900,"url":"https:\/\/www.medulinriviera.info\/wp-content\/uploads\/2020\/06\/villa-vizula.jpg","type":"image\/jpeg"}],"twitter_card":"summary_large_image","twitter_misc":{"Gesch\u00e4tzte Lesezeit":"5\u00a0Minuten"},"schema":{"@context":"https:\/\/schema.org","@graph":[{"@type":"WebPage","@id":"https:\/\/www.medulinriviera.info\/de\/archeological-park-vizula\/","url":"https:\/\/www.medulinriviera.info\/de\/archeological-park-vizula\/","name":"Arch\u00e4ologischer Park Vi\u017eula - Medulin Riviera","isPartOf":{"@id":"https:\/\/www.medulinriviera.info\/de\/#website"},"primaryImageOfPage":{"@id":"https:\/\/www.medulinriviera.info\/de\/archeological-park-vizula\/#primaryimage"},"image":{"@id":"https:\/\/www.medulinriviera.info\/de\/archeological-park-vizula\/#primaryimage"},"thumbnailUrl":"https:\/\/www.medulinriviera.info\/wp-content\/uploads\/2020\/06\/villa-vizula.jpg","datePublished":"2020-06-03T11:39:27+00:00","dateModified":"2025-09-10T10:57:25+00:00","breadcrumb":{"@id":"https:\/\/www.medulinriviera.info\/de\/archeological-park-vizula\/#breadcrumb"},"inLanguage":"de","potentialAction":[{"@type":"ReadAction","target":["https:\/\/www.medulinriviera.info\/de\/archeological-park-vizula\/"]}]},{"@type":"ImageObject","inLanguage":"de","@id":"https:\/\/www.medulinriviera.info\/de\/archeological-park-vizula\/#primaryimage","url":"https:\/\/www.medulinriviera.info\/wp-content\/uploads\/2020\/06\/villa-vizula.jpg","contentUrl":"https:\/\/www.medulinriviera.info\/wp-content\/uploads\/2020\/06\/villa-vizula.jpg","width":1500,"height":900},{"@type":"BreadcrumbList","@id":"https:\/\/www.medulinriviera.info\/de\/archeological-park-vizula\/#breadcrumb","itemListElement":[{"@type":"ListItem","position":1,"name":"Home","item":"https:\/\/www.medulinriviera.info\/de\/"},{"@type":"ListItem","position":2,"name":"Arch\u00e4ologischer Park Vi\u017eula"}]},{"@type":"WebSite","@id":"https:\/\/www.medulinriviera.info\/de\/#website","url":"https:\/\/www.medulinriviera.info\/de\/","name":"Medulin Riviera","description":"The Blue Planet","publisher":{"@id":"https:\/\/www.medulinriviera.info\/de\/#organization"},"potentialAction":[{"@type":"SearchAction","target":{"@type":"EntryPoint","urlTemplate":"https:\/\/www.medulinriviera.info\/de\/?s={search_term_string}"},"query-input":{"@type":"PropertyValueSpecification","valueRequired":true,"valueName":"search_term_string"}}],"inLanguage":"de"},{"@type":"Organization","@id":"https:\/\/www.medulinriviera.info\/de\/#organization","name":"Medulin Riviera","url":"https:\/\/www.medulinriviera.info\/de\/","logo":{"@type":"ImageObject","inLanguage":"de","@id":"https:\/\/www.medulinriviera.info\/de\/#\/schema\/logo\/image\/","url":"https:\/\/www.medulinriviera.info\/wp-content\/uploads\/2020\/06\/logo-alt.png","contentUrl":"https:\/\/www.medulinriviera.info\/wp-content\/uploads\/2020\/06\/logo-alt.png","width":264,"height":78,"caption":"Medulin Riviera"},"image":{"@id":"https:\/\/www.medulinriviera.info\/de\/#\/schema\/logo\/image\/"},"sameAs":["https:\/\/www.facebook.com\/medulinriviera\/","https:\/\/www.instagram.com\/medulinriviera\/","https:\/\/www.youtube.com\/channel\/UCYdC8kYbK9OEmlmeZydpumQ"]}]}},"wpml_current_locale":"de_DE","wpml_translations":[{"locale":"hr","id":10858,"post_title":"Arheolo\u0161ki park Vi\u017eula","href":"https:\/\/www.medulinriviera.info\/hr\/archeological-park-vizula\/"},{"locale":"en_US","id":9811,"post_title":"Archeological Park Vi\u017eula","href":"https:\/\/www.medulinriviera.info\/archeological-park-vizula\/"},{"locale":"fr_FR","id":10859,"post_title":"Parc arch\u00e9ologique Vi\u017eula","href":"https:\/\/www.medulinriviera.info\/fr\/archeological-park-vizula\/"},{"locale":"it_IT","id":10861,"post_title":"Parco archeologico Vi\u017eula","href":"https:\/\/www.medulinriviera.info\/it\/archeological-park-vizula\/"},{"locale":"sl_SI","id":10862,"post_title":"Archeological Park Vi\u017eula","href":"https:\/\/www.medulinriviera.info\/sl\/archeological-park-vizula\/"}],"_links":{"self":[{"href":"https:\/\/www.medulinriviera.info\/de\/wp-json\/wp\/v2\/pages\/10860","targetHints":{"allow":["GET"]}}],"collection":[{"href":"https:\/\/www.medulinriviera.info\/de\/wp-json\/wp\/v2\/pages"}],"about":[{"href":"https:\/\/www.medulinriviera.info\/de\/wp-json\/wp\/v2\/types\/page"}],"author":[{"embeddable":true,"href":"https:\/\/www.medulinriviera.info\/de\/wp-json\/wp\/v2\/users\/1"}],"replies":[{"embeddable":true,"href":"https:\/\/www.medulinriviera.info\/de\/wp-json\/wp\/v2\/comments?post=10860"}],"version-history":[{"count":7,"href":"https:\/\/www.medulinriviera.info\/de\/wp-json\/wp\/v2\/pages\/10860\/revisions"}],"predecessor-version":[{"id":37290,"href":"https:\/\/www.medulinriviera.info\/de\/wp-json\/wp\/v2\/pages\/10860\/revisions\/37290"}],"acf:attachment":[{"embeddable":true,"href":"https:\/\/www.medulinriviera.info\/de\/wp-json\/wp\/v2\/media\/10866"},{"embeddable":true,"href":"https:\/\/www.medulinriviera.info\/de\/wp-json\/wp\/v2\/media\/10872"},{"embeddable":true,"href":"https:\/\/www.medulinriviera.info\/de\/wp-json\/wp\/v2\/media\/10878"},{"embeddable":true,"href":"https:\/\/www.medulinriviera.info\/de\/wp-json\/wp\/v2\/media\/10921"},{"embeddable":true,"href":"https:\/\/www.medulinriviera.info\/de\/wp-json\/wp\/v2\/media\/10930"},{"embeddable":true,"href":"https:\/\/www.medulinriviera.info\/de\/wp-json\/wp\/v2\/media\/10943"},{"embeddable":true,"href":"https:\/\/www.medulinriviera.info\/de\/wp-json\/wp\/v2\/media\/10956"},{"embeddable":true,"href":"https:\/\/www.medulinriviera.info\/de\/wp-json\/wp\/v2\/media\/10964"},{"embeddable":true,"href":"https:\/\/www.medulinriviera.info\/de\/wp-json\/wp\/v2\/media\/10970"},{"embeddable":true,"href":"https:\/\/www.medulinriviera.info\/de\/wp-json\/wp\/v2\/media\/10989"},{"embeddable":true,"href":"https:\/\/www.medulinriviera.info\/de\/wp-json\/wp\/v2\/media\/10996"},{"embeddable":true,"href":"https:\/\/www.medulinriviera.info\/de\/wp-json\/wp\/v2\/media\/11007"},{"embeddable":true,"href":"https:\/\/www.medulinriviera.info\/de\/wp-json\/wp\/v2\/media\/10937"},{"embeddable":true,"href":"https:\/\/www.medulinriviera.info\/de\/wp-json\/wp\/v2\/media\/11123"},{"embeddable":true,"href":"https:\/\/www.medulinriviera.info\/de\/wp-json\/wp\/v2\/media\/11129"},{"embeddable":true,"href":"https:\/\/www.medulinriviera.info\/de\/wp-json\/wp\/v2\/media\/11135"},{"embeddable":true,"href":"https:\/\/www.medulinriviera.info\/de\/wp-json\/wp\/v2\/media\/11141"},{"embeddable":true,"href":"https:\/\/www.medulinriviera.info\/de\/wp-json\/wp\/v2\/media\/11147"},{"embeddable":true,"href":"https:\/\/www.medulinriviera.info\/de\/wp-json\/wp\/v2\/media\/11153"},{"embeddable":true,"href":"https:\/\/www.medulinriviera.info\/de\/wp-json\/wp\/v2\/media\/11159"}],"wp:featuredmedia":[{"embeddable":true,"href":"https:\/\/www.medulinriviera.info\/de\/wp-json\/wp\/v2\/media\/9867"}],"wp:attachment":[{"href":"https:\/\/www.medulinriviera.info\/de\/wp-json\/wp\/v2\/media?parent=10860"}],"wp:term":[{"taxonomy":"classificator","embeddable":true,"href":"https:\/\/www.medulinriviera.info\/de\/wp-json\/wp\/v2\/classificator?post=10860"}],"curies":[{"name":"wp","href":"https:\/\/api.w.org\/{rel}","templated":true}]}}