{"id":10740,"date":"2020-06-04T10:31:53","date_gmt":"2020-06-04T08:31:53","guid":{"rendered":"http:\/\/www.medulinriviera.info\/the-magic-of-music\/the-amazing-sound-of-cave-romane\/"},"modified":"2025-06-16T13:10:30","modified_gmt":"2025-06-16T11:10:30","slug":"the-amazing-sound-of-cave-romane","status":"publish","type":"page","link":"https:\/\/www.medulinriviera.info\/de\/the-magic-of-music\/the-amazing-sound-of-cave-romane\/","title":{"rendered":"Rocks&amp;Stars@CaveRomane\u00a0 Festival"},"content":{"rendered":"\n<figure class=\"wp-block-gallery has-nested-images columns-default is-cropped wp-block-gallery-1 is-layout-flex wp-block-gallery-is-layout-flex\">\n<figure class=\"wp-block-image size-large\"><img loading=\"lazy\" decoding=\"async\" width=\"1600\" height=\"1067\" data-id=\"31865\" src=\"https:\/\/www.medulinriviera.info\/wp-content\/uploads\/2024\/04\/pkazaliste_cave24-270723-1600x1067.jpg\" alt=\"\" class=\"wp-image-31865\" srcset=\"https:\/\/www.medulinriviera.info\/wp-content\/uploads\/2024\/04\/pkazaliste_cave24-270723-1600x1067.jpg 1600w, https:\/\/www.medulinriviera.info\/wp-content\/uploads\/2024\/04\/pkazaliste_cave24-270723-300x200.jpg 300w, https:\/\/www.medulinriviera.info\/wp-content\/uploads\/2024\/04\/pkazaliste_cave24-270723-768x512.jpg 768w, https:\/\/www.medulinriviera.info\/wp-content\/uploads\/2024\/04\/pkazaliste_cave24-270723-1536x1025.jpg 1536w, https:\/\/www.medulinriviera.info\/wp-content\/uploads\/2024\/04\/pkazaliste_cave24-270723.jpg 2000w\" sizes=\"auto, (max-width: 1600px) 100vw, 1600px\" \/><\/figure>\n<\/figure>\n\n\n\n<h3 class=\"wp-block-heading has-text-align-center\">Cave Romane, ein alter r\u00f6mischer Steinbruch in Vinkuran, aus dem im 1. Jahrhundert Steine f\u00fcr den Bau der Pula Arena ausgegraben wurden, ist eine einzigartige B\u00fchne f\u00fcr Musikkonzerte. Dieser fantastische Raum hat eine hervorragende Akustik. Es gibt ungef\u00e4hr tausend Sitzpl\u00e4tze in perfekter Harmonie mit der Natur, die ein wunderbares Musikerlebnis bieten.<br>Der Steinbruch ist f\u00fcr Besucher ge\u00f6ffnet, und wir empfehlen unbedingt, vor dem Konzert durch sein Labyrinth aus Steinbl\u00f6cken am Eingang zu spazieren.<\/h3>\n\n\n\n<div class=\"wp-block-cover is-light\"><span aria-hidden=\"true\" class=\"wp-block-cover__background has-background-dim\"><\/span><div class=\"wp-block-cover__inner-container is-layout-flow wp-block-cover-is-layout-flow\">\n<div class=\"wp-block-group\"><div class=\"wp-block-group__inner-container is-layout-flow wp-block-group-is-layout-flow\">\n<figure class=\"wp-block-gallery has-nested-images columns-default is-cropped wp-block-gallery-2 is-layout-flex wp-block-gallery-is-layout-flex\">\n<figure class=\"wp-block-image size-large\"><img loading=\"lazy\" decoding=\"async\" width=\"940\" height=\"627\" data-id=\"10671\" src=\"https:\/\/www.medulinriviera.info\/wp-content\/uploads\/2020\/06\/0c4fb2202141f1cda212.jpeg\" alt=\"\" class=\"wp-image-10671\" srcset=\"https:\/\/www.medulinriviera.info\/wp-content\/uploads\/2020\/06\/0c4fb2202141f1cda212.jpeg 940w, https:\/\/www.medulinriviera.info\/wp-content\/uploads\/2020\/06\/0c4fb2202141f1cda212-300x200.jpeg 300w, https:\/\/www.medulinriviera.info\/wp-content\/uploads\/2020\/06\/0c4fb2202141f1cda212-768x512.jpeg 768w\" sizes=\"auto, (max-width: 940px) 100vw, 940px\" \/><\/figure>\n\n\n\n<figure class=\"wp-block-image size-large\"><img loading=\"lazy\" decoding=\"async\" width=\"2560\" height=\"1707\" data-id=\"26670\" src=\"https:\/\/www.medulinriviera.info\/wp-content\/uploads\/2022\/10\/TZOM-RockStars-Festival2019-7-MedulinskaRivijera-scaled.jpg\" alt=\"\" class=\"wp-image-26670\" srcset=\"https:\/\/www.medulinriviera.info\/wp-content\/uploads\/2022\/10\/TZOM-RockStars-Festival2019-7-MedulinskaRivijera-scaled.jpg 2560w, https:\/\/www.medulinriviera.info\/wp-content\/uploads\/2022\/10\/TZOM-RockStars-Festival2019-7-MedulinskaRivijera-300x200.jpg 300w, https:\/\/www.medulinriviera.info\/wp-content\/uploads\/2022\/10\/TZOM-RockStars-Festival2019-7-MedulinskaRivijera-1600x1067.jpg 1600w, https:\/\/www.medulinriviera.info\/wp-content\/uploads\/2022\/10\/TZOM-RockStars-Festival2019-7-MedulinskaRivijera-768x512.jpg 768w, https:\/\/www.medulinriviera.info\/wp-content\/uploads\/2022\/10\/TZOM-RockStars-Festival2019-7-MedulinskaRivijera-1536x1024.jpg 1536w, https:\/\/www.medulinriviera.info\/wp-content\/uploads\/2022\/10\/TZOM-RockStars-Festival2019-7-MedulinskaRivijera-2048x1366.jpg 2048w\" sizes=\"auto, (max-width: 2560px) 100vw, 2560px\" \/><\/figure>\n\n\n\n<figure class=\"wp-block-image size-large\"><img loading=\"lazy\" decoding=\"async\" width=\"2560\" height=\"1707\" data-id=\"26694\" src=\"https:\/\/www.medulinriviera.info\/wp-content\/uploads\/2022\/10\/TZOM-RockStarsFestival2019-Tozzi20-MedulinskaRivjera-scaled.jpg\" alt=\"\" class=\"wp-image-26694\" srcset=\"https:\/\/www.medulinriviera.info\/wp-content\/uploads\/2022\/10\/TZOM-RockStarsFestival2019-Tozzi20-MedulinskaRivjera-scaled.jpg 2560w, https:\/\/www.medulinriviera.info\/wp-content\/uploads\/2022\/10\/TZOM-RockStarsFestival2019-Tozzi20-MedulinskaRivjera-300x200.jpg 300w, https:\/\/www.medulinriviera.info\/wp-content\/uploads\/2022\/10\/TZOM-RockStarsFestival2019-Tozzi20-MedulinskaRivjera-1600x1067.jpg 1600w, https:\/\/www.medulinriviera.info\/wp-content\/uploads\/2022\/10\/TZOM-RockStarsFestival2019-Tozzi20-MedulinskaRivjera-768x512.jpg 768w, https:\/\/www.medulinriviera.info\/wp-content\/uploads\/2022\/10\/TZOM-RockStarsFestival2019-Tozzi20-MedulinskaRivjera-1536x1024.jpg 1536w, https:\/\/www.medulinriviera.info\/wp-content\/uploads\/2022\/10\/TZOM-RockStarsFestival2019-Tozzi20-MedulinskaRivjera-2048x1366.jpg 2048w\" sizes=\"auto, (max-width: 2560px) 100vw, 2560px\" \/><\/figure>\n\n\n\n<figure class=\"wp-block-image size-large\"><img loading=\"lazy\" decoding=\"async\" width=\"1024\" height=\"683\" data-id=\"10665\" src=\"https:\/\/www.medulinriviera.info\/wp-content\/uploads\/2020\/06\/4_tenora29_290619.jpg\" alt=\"\" class=\"wp-image-10665\" srcset=\"https:\/\/www.medulinriviera.info\/wp-content\/uploads\/2020\/06\/4_tenora29_290619.jpg 1024w, https:\/\/www.medulinriviera.info\/wp-content\/uploads\/2020\/06\/4_tenora29_290619-300x200.jpg 300w, https:\/\/www.medulinriviera.info\/wp-content\/uploads\/2020\/06\/4_tenora29_290619-768x512.jpg 768w\" sizes=\"auto, (max-width: 1024px) 100vw, 1024px\" \/><\/figure>\n\n\n\n<figure class=\"wp-block-image size-large\"><img loading=\"lazy\" decoding=\"async\" width=\"2560\" height=\"1707\" data-id=\"26658\" src=\"https:\/\/www.medulinriviera.info\/wp-content\/uploads\/2022\/10\/TZOM-RockStarsFestival2019-Predstava5-MedulinskaRivjera-scaled.jpg\" alt=\"\" class=\"wp-image-26658\" srcset=\"https:\/\/www.medulinriviera.info\/wp-content\/uploads\/2022\/10\/TZOM-RockStarsFestival2019-Predstava5-MedulinskaRivjera-scaled.jpg 2560w, https:\/\/www.medulinriviera.info\/wp-content\/uploads\/2022\/10\/TZOM-RockStarsFestival2019-Predstava5-MedulinskaRivjera-300x200.jpg 300w, https:\/\/www.medulinriviera.info\/wp-content\/uploads\/2022\/10\/TZOM-RockStarsFestival2019-Predstava5-MedulinskaRivjera-1600x1067.jpg 1600w, https:\/\/www.medulinriviera.info\/wp-content\/uploads\/2022\/10\/TZOM-RockStarsFestival2019-Predstava5-MedulinskaRivjera-768x512.jpg 768w, https:\/\/www.medulinriviera.info\/wp-content\/uploads\/2022\/10\/TZOM-RockStarsFestival2019-Predstava5-MedulinskaRivjera-1536x1024.jpg 1536w, https:\/\/www.medulinriviera.info\/wp-content\/uploads\/2022\/10\/TZOM-RockStarsFestival2019-Predstava5-MedulinskaRivjera-2048x1366.jpg 2048w\" sizes=\"auto, (max-width: 2560px) 100vw, 2560px\" \/><\/figure>\n\n\n\n<figure class=\"wp-block-image size-large\"><img loading=\"lazy\" decoding=\"async\" width=\"2560\" height=\"1707\" data-id=\"26664\" src=\"https:\/\/www.medulinriviera.info\/wp-content\/uploads\/2022\/10\/TZOM-RockStarsFestival2019-Predstava14-MedulinskaRivjera-scaled.jpg\" alt=\"\" class=\"wp-image-26664\" srcset=\"https:\/\/www.medulinriviera.info\/wp-content\/uploads\/2022\/10\/TZOM-RockStarsFestival2019-Predstava14-MedulinskaRivjera-scaled.jpg 2560w, https:\/\/www.medulinriviera.info\/wp-content\/uploads\/2022\/10\/TZOM-RockStarsFestival2019-Predstava14-MedulinskaRivjera-300x200.jpg 300w, https:\/\/www.medulinriviera.info\/wp-content\/uploads\/2022\/10\/TZOM-RockStarsFestival2019-Predstava14-MedulinskaRivjera-1600x1067.jpg 1600w, https:\/\/www.medulinriviera.info\/wp-content\/uploads\/2022\/10\/TZOM-RockStarsFestival2019-Predstava14-MedulinskaRivjera-768x512.jpg 768w, https:\/\/www.medulinriviera.info\/wp-content\/uploads\/2022\/10\/TZOM-RockStarsFestival2019-Predstava14-MedulinskaRivjera-1536x1024.jpg 1536w, https:\/\/www.medulinriviera.info\/wp-content\/uploads\/2022\/10\/TZOM-RockStarsFestival2019-Predstava14-MedulinskaRivjera-2048x1366.jpg 2048w\" sizes=\"auto, (max-width: 2560px) 100vw, 2560px\" \/><\/figure>\n\n\n\n<figure class=\"wp-block-image size-large\"><img loading=\"lazy\" decoding=\"async\" width=\"2560\" height=\"1707\" data-id=\"26688\" src=\"https:\/\/www.medulinriviera.info\/wp-content\/uploads\/2022\/10\/TZOM-RockStarsFestival2019-Tozzi19-MedulinskaRivjera-scaled.jpg\" alt=\"\" class=\"wp-image-26688\" srcset=\"https:\/\/www.medulinriviera.info\/wp-content\/uploads\/2022\/10\/TZOM-RockStarsFestival2019-Tozzi19-MedulinskaRivjera-scaled.jpg 2560w, https:\/\/www.medulinriviera.info\/wp-content\/uploads\/2022\/10\/TZOM-RockStarsFestival2019-Tozzi19-MedulinskaRivjera-300x200.jpg 300w, https:\/\/www.medulinriviera.info\/wp-content\/uploads\/2022\/10\/TZOM-RockStarsFestival2019-Tozzi19-MedulinskaRivjera-1600x1067.jpg 1600w, https:\/\/www.medulinriviera.info\/wp-content\/uploads\/2022\/10\/TZOM-RockStarsFestival2019-Tozzi19-MedulinskaRivjera-768x512.jpg 768w, https:\/\/www.medulinriviera.info\/wp-content\/uploads\/2022\/10\/TZOM-RockStarsFestival2019-Tozzi19-MedulinskaRivjera-1536x1024.jpg 1536w, https:\/\/www.medulinriviera.info\/wp-content\/uploads\/2022\/10\/TZOM-RockStarsFestival2019-Tozzi19-MedulinskaRivjera-2048x1366.jpg 2048w\" sizes=\"auto, (max-width: 2560px) 100vw, 2560px\" \/><\/figure>\n\n\n\n<figure class=\"wp-block-image size-large\"><img loading=\"lazy\" decoding=\"async\" width=\"860\" height=\"430\" data-id=\"10683\" src=\"https:\/\/www.medulinriviera.info\/wp-content\/uploads\/2020\/06\/rock_stars_cave_romane_festival_b65712a3ed913214a07e33b8edb573e2_view_article_new.jpg\" alt=\"\" class=\"wp-image-10683\" srcset=\"https:\/\/www.medulinriviera.info\/wp-content\/uploads\/2020\/06\/rock_stars_cave_romane_festival_b65712a3ed913214a07e33b8edb573e2_view_article_new.jpg 860w, https:\/\/www.medulinriviera.info\/wp-content\/uploads\/2020\/06\/rock_stars_cave_romane_festival_b65712a3ed913214a07e33b8edb573e2_view_article_new-300x150.jpg 300w, https:\/\/www.medulinriviera.info\/wp-content\/uploads\/2020\/06\/rock_stars_cave_romane_festival_b65712a3ed913214a07e33b8edb573e2_view_article_new-768x384.jpg 768w\" sizes=\"auto, (max-width: 860px) 100vw, 860px\" \/><\/figure>\n<\/figure>\n<\/div><\/div>\n<\/div><\/div>\n\n\n\n<h1 class=\"wp-block-heading has-text-align-center\">Programm 2025<\/h1>\n\n\n\n<h2 class=\"wp-block-heading has-text-align-center\">25.06.2025 Jala Brat &amp; Buba Corelli\u00a0 <br>26.06.2025 Jelena Rozga (kroatische ber\u00fchmte Pops\u00e4ngerin)<br>28.06.2025 Halid Be\u0161li\u0107 (bosnischer ber\u00fchmter Folks\u00e4nger)<br>29.06.2025 Sergej \u0106etkovi\u0107 (montenegrinischer Pops\u00e4nger)<\/h2>\n\n\n\n<p class=\"has-text-align-center\"><\/p>\n\n\n\n<p><\/p>\n\n\n\n<h2 class=\"wp-block-heading has-text-align-center\"><br><a href=\"https:\/\/www.caveromane.com\" target=\"_blank\" rel=\"noopener noreferrer\">www.caveromane.com<\/a><br>tickets: www.entrio.hr<\/h2>\n\n\n\n<h2 class=\"wp-block-heading\"><\/h2>\n","protected":false},"excerpt":{"rendered":"<p>Cave Romane, ein alter r\u00f6mischer Steinbruch in Vinkuran, aus dem im 1. Jahrhundert Steine f\u00fcr den Bau der Pula Arena&#8230;<\/p>\n","protected":false},"author":1,"featured_media":26718,"parent":10335,"menu_order":4,"comment_status":"closed","ping_status":"closed","template":"","meta":{"_acf_changed":false,"footnotes":""},"classificator":[],"class_list":["post-10740","page","type-page","status-publish","has-post-thumbnail","hentry"],"acf":{"video":"https:\/\/www.youtube.com\/embed\/68_0_mR-G1U","gallery":""},"yoast_head":"<!-- This site is optimized with the Yoast SEO plugin v27.5 - https:\/\/yoast.com\/product\/yoast-seo-wordpress\/ -->\n<title>Rocks&amp;Stars@CaveRomane\u00a0 Festival - Medulin Riviera<\/title>\n<meta name=\"robots\" content=\"index, follow, max-snippet:-1, max-image-preview:large, max-video-preview:-1\" \/>\n<link rel=\"canonical\" href=\"https:\/\/www.medulinriviera.info\/de\/the-magic-of-music\/the-amazing-sound-of-cave-romane\/\" \/>\n<meta property=\"og:locale\" content=\"de_DE\" \/>\n<meta property=\"og:type\" content=\"article\" \/>\n<meta property=\"og:title\" content=\"Rocks&amp;Stars@CaveRomane\u00a0 Festival - Medulin Riviera\" \/>\n<meta property=\"og:description\" content=\"Cave Romane, ein alter r\u00f6mischer Steinbruch in Vinkuran, aus dem im 1. Jahrhundert Steine f\u00fcr den Bau der Pula Arena...\" \/>\n<meta property=\"og:url\" content=\"https:\/\/www.medulinriviera.info\/de\/the-magic-of-music\/the-amazing-sound-of-cave-romane\/\" \/>\n<meta property=\"og:site_name\" content=\"Medulin Riviera\" \/>\n<meta property=\"article:publisher\" content=\"https:\/\/www.facebook.com\/medulinriviera\/\" \/>\n<meta property=\"article:modified_time\" content=\"2025-06-16T11:10:30+00:00\" \/>\n<meta property=\"og:image\" content=\"https:\/\/www.medulinriviera.info\/wp-content\/uploads\/2022\/10\/Header2-TZOM-RockStars-Festival2019-3-MedulinskaRivijera-scaled.jpg\" \/>\n\t<meta property=\"og:image:width\" content=\"2560\" \/>\n\t<meta property=\"og:image:height\" content=\"902\" \/>\n\t<meta property=\"og:image:type\" content=\"image\/jpeg\" \/>\n<meta name=\"twitter:card\" content=\"summary_large_image\" \/>\n<meta name=\"twitter:label1\" content=\"Gesch\u00e4tzte Lesezeit\" \/>\n\t<meta name=\"twitter:data1\" content=\"3\u00a0Minuten\" \/>\n<script type=\"application\/ld+json\" class=\"yoast-schema-graph\">{\"@context\":\"https:\\\/\\\/schema.org\",\"@graph\":[{\"@type\":\"WebPage\",\"@id\":\"https:\\\/\\\/www.medulinriviera.info\\\/de\\\/the-magic-of-music\\\/the-amazing-sound-of-cave-romane\\\/\",\"url\":\"https:\\\/\\\/www.medulinriviera.info\\\/de\\\/the-magic-of-music\\\/the-amazing-sound-of-cave-romane\\\/\",\"name\":\"Rocks&amp;Stars@CaveRomane\u00a0 Festival - Medulin Riviera\",\"isPartOf\":{\"@id\":\"https:\\\/\\\/www.medulinriviera.info\\\/de\\\/#website\"},\"primaryImageOfPage\":{\"@id\":\"https:\\\/\\\/www.medulinriviera.info\\\/de\\\/the-magic-of-music\\\/the-amazing-sound-of-cave-romane\\\/#primaryimage\"},\"image\":{\"@id\":\"https:\\\/\\\/www.medulinriviera.info\\\/de\\\/the-magic-of-music\\\/the-amazing-sound-of-cave-romane\\\/#primaryimage\"},\"thumbnailUrl\":\"https:\\\/\\\/www.medulinriviera.info\\\/wp-content\\\/uploads\\\/2022\\\/10\\\/Header2-TZOM-RockStars-Festival2019-3-MedulinskaRivijera-scaled.jpg\",\"datePublished\":\"2020-06-04T08:31:53+00:00\",\"dateModified\":\"2025-06-16T11:10:30+00:00\",\"breadcrumb\":{\"@id\":\"https:\\\/\\\/www.medulinriviera.info\\\/de\\\/the-magic-of-music\\\/the-amazing-sound-of-cave-romane\\\/#breadcrumb\"},\"inLanguage\":\"de\",\"potentialAction\":[{\"@type\":\"ReadAction\",\"target\":[\"https:\\\/\\\/www.medulinriviera.info\\\/de\\\/the-magic-of-music\\\/the-amazing-sound-of-cave-romane\\\/\"]}]},{\"@type\":\"ImageObject\",\"inLanguage\":\"de\",\"@id\":\"https:\\\/\\\/www.medulinriviera.info\\\/de\\\/the-magic-of-music\\\/the-amazing-sound-of-cave-romane\\\/#primaryimage\",\"url\":\"https:\\\/\\\/www.medulinriviera.info\\\/wp-content\\\/uploads\\\/2022\\\/10\\\/Header2-TZOM-RockStars-Festival2019-3-MedulinskaRivijera-scaled.jpg\",\"contentUrl\":\"https:\\\/\\\/www.medulinriviera.info\\\/wp-content\\\/uploads\\\/2022\\\/10\\\/Header2-TZOM-RockStars-Festival2019-3-MedulinskaRivijera-scaled.jpg\",\"width\":2560,\"height\":902},{\"@type\":\"BreadcrumbList\",\"@id\":\"https:\\\/\\\/www.medulinriviera.info\\\/de\\\/the-magic-of-music\\\/the-amazing-sound-of-cave-romane\\\/#breadcrumb\",\"itemListElement\":[{\"@type\":\"ListItem\",\"position\":1,\"name\":\"Home\",\"item\":\"https:\\\/\\\/www.medulinriviera.info\\\/de\\\/\"},{\"@type\":\"ListItem\",\"position\":2,\"name\":\"The Magic of Music\",\"item\":\"https:\\\/\\\/www.medulinriviera.info\\\/de\\\/the-magic-of-music\\\/\"},{\"@type\":\"ListItem\",\"position\":3,\"name\":\"Rocks&amp;Stars@CaveRomane\u00a0 Festival\"}]},{\"@type\":\"WebSite\",\"@id\":\"https:\\\/\\\/www.medulinriviera.info\\\/de\\\/#website\",\"url\":\"https:\\\/\\\/www.medulinriviera.info\\\/de\\\/\",\"name\":\"Medulin Riviera\",\"description\":\"The Blue Planet\",\"publisher\":{\"@id\":\"https:\\\/\\\/www.medulinriviera.info\\\/de\\\/#organization\"},\"potentialAction\":[{\"@type\":\"SearchAction\",\"target\":{\"@type\":\"EntryPoint\",\"urlTemplate\":\"https:\\\/\\\/www.medulinriviera.info\\\/de\\\/?s={search_term_string}\"},\"query-input\":{\"@type\":\"PropertyValueSpecification\",\"valueRequired\":true,\"valueName\":\"search_term_string\"}}],\"inLanguage\":\"de\"},{\"@type\":\"Organization\",\"@id\":\"https:\\\/\\\/www.medulinriviera.info\\\/de\\\/#organization\",\"name\":\"Medulin Riviera\",\"url\":\"https:\\\/\\\/www.medulinriviera.info\\\/de\\\/\",\"logo\":{\"@type\":\"ImageObject\",\"inLanguage\":\"de\",\"@id\":\"https:\\\/\\\/www.medulinriviera.info\\\/de\\\/#\\\/schema\\\/logo\\\/image\\\/\",\"url\":\"https:\\\/\\\/www.medulinriviera.info\\\/wp-content\\\/uploads\\\/2020\\\/06\\\/logo-alt.png\",\"contentUrl\":\"https:\\\/\\\/www.medulinriviera.info\\\/wp-content\\\/uploads\\\/2020\\\/06\\\/logo-alt.png\",\"width\":264,\"height\":78,\"caption\":\"Medulin Riviera\"},\"image\":{\"@id\":\"https:\\\/\\\/www.medulinriviera.info\\\/de\\\/#\\\/schema\\\/logo\\\/image\\\/\"},\"sameAs\":[\"https:\\\/\\\/www.facebook.com\\\/medulinriviera\\\/\",\"https:\\\/\\\/www.instagram.com\\\/medulinriviera\\\/\",\"https:\\\/\\\/www.youtube.com\\\/channel\\\/UCYdC8kYbK9OEmlmeZydpumQ\"]}]}<\/script>\n<!-- \/ Yoast SEO plugin. -->","yoast_head_json":{"title":"Rocks&amp;Stars@CaveRomane\u00a0 Festival - Medulin Riviera","robots":{"index":"index","follow":"follow","max-snippet":"max-snippet:-1","max-image-preview":"max-image-preview:large","max-video-preview":"max-video-preview:-1"},"canonical":"https:\/\/www.medulinriviera.info\/de\/the-magic-of-music\/the-amazing-sound-of-cave-romane\/","og_locale":"de_DE","og_type":"article","og_title":"Rocks&amp;Stars@CaveRomane\u00a0 Festival - Medulin Riviera","og_description":"Cave Romane, ein alter r\u00f6mischer Steinbruch in Vinkuran, aus dem im 1. Jahrhundert Steine f\u00fcr den Bau der Pula Arena...","og_url":"https:\/\/www.medulinriviera.info\/de\/the-magic-of-music\/the-amazing-sound-of-cave-romane\/","og_site_name":"Medulin Riviera","article_publisher":"https:\/\/www.facebook.com\/medulinriviera\/","article_modified_time":"2025-06-16T11:10:30+00:00","og_image":[{"width":2560,"height":902,"url":"https:\/\/www.medulinriviera.info\/wp-content\/uploads\/2022\/10\/Header2-TZOM-RockStars-Festival2019-3-MedulinskaRivijera-scaled.jpg","type":"image\/jpeg"}],"twitter_card":"summary_large_image","twitter_misc":{"Gesch\u00e4tzte Lesezeit":"3\u00a0Minuten"},"schema":{"@context":"https:\/\/schema.org","@graph":[{"@type":"WebPage","@id":"https:\/\/www.medulinriviera.info\/de\/the-magic-of-music\/the-amazing-sound-of-cave-romane\/","url":"https:\/\/www.medulinriviera.info\/de\/the-magic-of-music\/the-amazing-sound-of-cave-romane\/","name":"Rocks&amp;Stars@CaveRomane\u00a0 Festival - Medulin Riviera","isPartOf":{"@id":"https:\/\/www.medulinriviera.info\/de\/#website"},"primaryImageOfPage":{"@id":"https:\/\/www.medulinriviera.info\/de\/the-magic-of-music\/the-amazing-sound-of-cave-romane\/#primaryimage"},"image":{"@id":"https:\/\/www.medulinriviera.info\/de\/the-magic-of-music\/the-amazing-sound-of-cave-romane\/#primaryimage"},"thumbnailUrl":"https:\/\/www.medulinriviera.info\/wp-content\/uploads\/2022\/10\/Header2-TZOM-RockStars-Festival2019-3-MedulinskaRivijera-scaled.jpg","datePublished":"2020-06-04T08:31:53+00:00","dateModified":"2025-06-16T11:10:30+00:00","breadcrumb":{"@id":"https:\/\/www.medulinriviera.info\/de\/the-magic-of-music\/the-amazing-sound-of-cave-romane\/#breadcrumb"},"inLanguage":"de","potentialAction":[{"@type":"ReadAction","target":["https:\/\/www.medulinriviera.info\/de\/the-magic-of-music\/the-amazing-sound-of-cave-romane\/"]}]},{"@type":"ImageObject","inLanguage":"de","@id":"https:\/\/www.medulinriviera.info\/de\/the-magic-of-music\/the-amazing-sound-of-cave-romane\/#primaryimage","url":"https:\/\/www.medulinriviera.info\/wp-content\/uploads\/2022\/10\/Header2-TZOM-RockStars-Festival2019-3-MedulinskaRivijera-scaled.jpg","contentUrl":"https:\/\/www.medulinriviera.info\/wp-content\/uploads\/2022\/10\/Header2-TZOM-RockStars-Festival2019-3-MedulinskaRivijera-scaled.jpg","width":2560,"height":902},{"@type":"BreadcrumbList","@id":"https:\/\/www.medulinriviera.info\/de\/the-magic-of-music\/the-amazing-sound-of-cave-romane\/#breadcrumb","itemListElement":[{"@type":"ListItem","position":1,"name":"Home","item":"https:\/\/www.medulinriviera.info\/de\/"},{"@type":"ListItem","position":2,"name":"The Magic of Music","item":"https:\/\/www.medulinriviera.info\/de\/the-magic-of-music\/"},{"@type":"ListItem","position":3,"name":"Rocks&amp;Stars@CaveRomane\u00a0 Festival"}]},{"@type":"WebSite","@id":"https:\/\/www.medulinriviera.info\/de\/#website","url":"https:\/\/www.medulinriviera.info\/de\/","name":"Medulin Riviera","description":"The Blue Planet","publisher":{"@id":"https:\/\/www.medulinriviera.info\/de\/#organization"},"potentialAction":[{"@type":"SearchAction","target":{"@type":"EntryPoint","urlTemplate":"https:\/\/www.medulinriviera.info\/de\/?s={search_term_string}"},"query-input":{"@type":"PropertyValueSpecification","valueRequired":true,"valueName":"search_term_string"}}],"inLanguage":"de"},{"@type":"Organization","@id":"https:\/\/www.medulinriviera.info\/de\/#organization","name":"Medulin Riviera","url":"https:\/\/www.medulinriviera.info\/de\/","logo":{"@type":"ImageObject","inLanguage":"de","@id":"https:\/\/www.medulinriviera.info\/de\/#\/schema\/logo\/image\/","url":"https:\/\/www.medulinriviera.info\/wp-content\/uploads\/2020\/06\/logo-alt.png","contentUrl":"https:\/\/www.medulinriviera.info\/wp-content\/uploads\/2020\/06\/logo-alt.png","width":264,"height":78,"caption":"Medulin Riviera"},"image":{"@id":"https:\/\/www.medulinriviera.info\/de\/#\/schema\/logo\/image\/"},"sameAs":["https:\/\/www.facebook.com\/medulinriviera\/","https:\/\/www.instagram.com\/medulinriviera\/","https:\/\/www.youtube.com\/channel\/UCYdC8kYbK9OEmlmeZydpumQ"]}]}},"wpml_current_locale":"de_DE","wpml_translations":[{"locale":"hr","id":10734,"post_title":"Rocks&amp;Stars@CaveRomane\u00a0 Festival","href":"https:\/\/www.medulinriviera.info\/hr\/the-magic-of-music\/amazing-sound-of-cave-romanae\/"},{"locale":"en_US","id":10661,"post_title":"Rocks&amp;Stars@CaveRomane\u00a0 Festival","href":"https:\/\/www.medulinriviera.info\/the-magic-of-music\/the-amazing-sound-of-cave-romane\/"},{"locale":"fr_FR","id":10752,"post_title":"Rocks&amp;Stars@CaveRomane\u00a0 Festival","href":"https:\/\/www.medulinriviera.info\/fr\/the-magic-of-music\/the-amazing-sound-of-cave-romane\/"},{"locale":"it_IT","id":10746,"post_title":"Rocks&amp;Stars@CaveRomane\u00a0 Festival","href":"https:\/\/www.medulinriviera.info\/it\/the-magic-of-music\/the-amazing-sound-of-cave-romane\/"}],"_links":{"self":[{"href":"https:\/\/www.medulinriviera.info\/de\/wp-json\/wp\/v2\/pages\/10740","targetHints":{"allow":["GET"]}}],"collection":[{"href":"https:\/\/www.medulinriviera.info\/de\/wp-json\/wp\/v2\/pages"}],"about":[{"href":"https:\/\/www.medulinriviera.info\/de\/wp-json\/wp\/v2\/types\/page"}],"author":[{"embeddable":true,"href":"https:\/\/www.medulinriviera.info\/de\/wp-json\/wp\/v2\/users\/1"}],"replies":[{"embeddable":true,"href":"https:\/\/www.medulinriviera.info\/de\/wp-json\/wp\/v2\/comments?post=10740"}],"version-history":[{"count":7,"href":"https:\/\/www.medulinriviera.info\/de\/wp-json\/wp\/v2\/pages\/10740\/revisions"}],"predecessor-version":[{"id":35951,"href":"https:\/\/www.medulinriviera.info\/de\/wp-json\/wp\/v2\/pages\/10740\/revisions\/35951"}],"up":[{"embeddable":true,"href":"https:\/\/www.medulinriviera.info\/de\/wp-json\/wp\/v2\/pages\/10335"}],"wp:featuredmedia":[{"embeddable":true,"href":"https:\/\/www.medulinriviera.info\/de\/wp-json\/wp\/v2\/media\/26718"}],"wp:attachment":[{"href":"https:\/\/www.medulinriviera.info\/de\/wp-json\/wp\/v2\/media?parent=10740"}],"wp:term":[{"taxonomy":"classificator","embeddable":true,"href":"https:\/\/www.medulinriviera.info\/de\/wp-json\/wp\/v2\/classificator?post=10740"}],"curies":[{"name":"wp","href":"https:\/\/api.w.org\/{rel}","templated":true}]}}